{"id":8651,"date":"2024-11-28T14:59:36","date_gmt":"2024-11-28T18:59:36","guid":{"rendered":"https:\/\/www.odq.wp.vortexdev.com\/?page_id=8651"},"modified":"2025-01-16T10:40:01","modified_gmt":"2025-01-16T14:40:01","slug":"appel-de-candidatures-conseil-dadministration-region-de-mauricie-centre-du-quebec-estrie","status":"publish","type":"page","link":"https:\/\/www.odq.wp.vortexdev.com\/en\/lordre\/lorganisation\/gouvernance\/comites\/appel-de-candidatures-conseil-dadministration-region-de-mauricie-centre-du-quebec-estrie\/","title":{"rendered":"Appel de candidatures &#8211; Conseil d&#8217;administration \/ R\u00e9gion de Mauricie, Centre-du-Qu\u00e9bec, Estrie"},"content":{"rendered":"\n<p class=\"has-large-font-size\">L\u2019Ordre des dentistes du Qu\u00e9bec invite les dentistes int\u00e9ress\u00e9s \u00e0 si\u00e9ger \u00e0 son conseil d\u2019administration \u00e0 transmettre leur candidature afin de pouvoir \u00e0 la vacance d\u2019un poste au conseil d&#8217;administration.<\/p>\n\n\n\n<p class=\"has-large-font-size\">Le mandat de l\u2019administrateur ainsi nomm\u00e9 se terminera \u00e0 l\u2019\u00e9ch\u00e9ance du mandat en cours, soit en novembre 2026.<\/p>\n\n\n\n<h4 class=\"wp-block-heading\">R\u00f4le du CA<\/h4>\n\n\n\n<p>Le CA est charg\u00e9 de la surveillance g\u00e9n\u00e9rale de l\u2019Ordre ainsi que de l\u2019encadrement et de la supervision de la conduite de ses affaires. Il est responsable de l\u2019application des d\u00e9cisions de l\u2019Ordre et de celles de ses membres r\u00e9unis en assembl\u00e9e, et il en assure le suivi.<\/p>\n\n\n\n<p>Le CA est \u00e9galement charg\u00e9 de veiller \u00e0 l\u2019application des dispositions du Code des professions, de la Loi sur les dentistes et des r\u00e8glements applicables, dont le Code de d\u00e9ontologie des dentistes. Il exerce tous les droits, pouvoirs et pr\u00e9rogatives de l\u2019Ordre, sauf ceux qui sont du ressort des membres de l\u2019Ordre r\u00e9unis en assembl\u00e9e g\u00e9n\u00e9rale.<br><br>Le CA :<\/p>\n\n\n\n<ol class=\"wp-block-list\">\n<li>veille \u00e0 la poursuite de la mission de l\u2019Ordre, qui est de prot\u00e9ger le public en assurant la qualit\u00e9 des services en m\u00e9decine dentaire par le respect de normes \u00e9lev\u00e9es de pratique et d\u2019\u00e9thique et en faisant la promotion de la sant\u00e9 buccodentaire aupr\u00e8s de la population;<\/li>\n\n\n\n<li>fournit des orientations strat\u00e9giques \u00e0 l\u2019Ordre;<\/li>\n\n\n\n<li>statue sur les choix strat\u00e9giques de l\u2019Ordre;<\/li>\n\n\n\n<li>adopte le budget de l\u2019Ordre;<\/li>\n\n\n\n<li>se dote de politiques et de pratiques de gouvernance efficaces, efficientes et transparentes;<\/li>\n\n\n\n<li>voit \u00e0 l\u2019int\u00e9grit\u00e9 des r\u00e8gles de contr\u00f4le interne, dont celles li\u00e9es \u00e0 la gestion des risques, et assure la viabilit\u00e9 et la p\u00e9rennit\u00e9 de l\u2019Ordre.<\/li>\n<\/ol>\n\n\n\n<h4 class=\"wp-block-heading\">Devoirs et obligations d&#8217;un administrateur<\/h4>\n\n\n\n<p>L\u2019administrateur doit \u00eatre pr\u00e9sent aux r\u00e9unions du CA, qui se tiennent minimalement huit fois par ann\u00e9e, et s\u2019y \u00eatre pr\u00e9par\u00e9. Il doit \u00eatre pr\u00e9sent aux r\u00e9unions extraordinaires tenues virtuellement.<\/p>\n\n\n\n<p>Il doit \u00eatre pr\u00e9sent \u00e0 l\u2019assembl\u00e9e g\u00e9n\u00e9rale des membres et s\u2019impliquer activement dans les activit\u00e9s d\u2019au moins un comit\u00e9 de l\u2019Ordre.<\/p>\n\n\n\n<p>L\u2019administrateur doit respecter les devoirs fondamentaux de respect, d\u2019int\u00e9grit\u00e9, de diligence et de confiance. Il doit adopter un comportement guid\u00e9 par le respect des int\u00e9r\u00eats sup\u00e9rieurs de l\u2019Ordre, c\u2019est-\u00e0-dire la protection du public, et de la loi.<\/p>\n\n\n\n<p>Il doit s\u2019engager \u00e0 respecter le <a href=\"https:\/\/www.odq.wp.vortexdev.com\/wp-content\/uploads\/2022\/08\/ODQ-Ethique-Deontologie-Administrateur-3.0.pdf\" target=\"_blank\" rel=\"noreferrer noopener\">Code d\u2019\u00e9thique et de d\u00e9ontologie des administrateurs de l\u2019Ordre des dentistes du Qu\u00e9bec<\/a>.<\/p>\n\n\n\n<h4 class=\"wp-block-heading\">Crit\u00e8res d&#8217;\u00e9ligibilit\u00e9<\/h4>\n\n\n\n<p>Seuls les dentistes ayant leur domicile professionnel dans la r\u00e9gion (3) Mauricie, Centre-du-Qu\u00e9bec, Estrie peuvent pr\u00e9senter leur candidature pour \u00eatre administrateurs de cette r\u00e9gion.<\/p>\n\n\n\n<p>Pour \u00eatre \u00e9ligible \u00e0 la fonction d\u2019administrateur, un membre de l\u2019Ordre doit de plus :<\/p>\n\n\n\n<ol class=\"wp-block-list\">\n<li>ne pas avoir occup\u00e9 un emploi \u00e0 l\u2019Ordre au cours des deux ann\u00e9es pr\u00e9c\u00e9dant la date de sa nomination;<\/li>\n\n\n\n<li>ne pas avoir \u00e9t\u00e9 membre du CA ou dirigeant d\u2019une personne morale ou de tout autre groupement de personnes ayant pour objet principal la promotion des droits ou la d\u00e9fense des int\u00e9r\u00eats des membres de l\u2019Ordre ou d\u2019autres professionnels en g\u00e9n\u00e9ral, et ce, au cours des deux ann\u00e9es pr\u00e9c\u00e9dant la date de sa nomination;<\/li>\n\n\n\n<li>ne pas avoir fait l\u2019objet d\u2019une sanction en derni\u00e8re instance dans le cadre d\u2019une plainte disciplinaire au cours des cinq ann\u00e9es pr\u00e9c\u00e9dant la date de sa nomination;<\/li>\n\n\n\n<li>ne pas, au cours des cinq ann\u00e9es pr\u00e9c\u00e9dant la date de sa nomination, avoir fait l\u2019objet :\n<ul class=\"wp-block-list\">\n<li><span style=\"color: initial;\">d\u2019une d\u00e9cision d\u2019un tribunal canadien le d\u00e9clarant coupable d\u2019une infraction criminelle impliquant un acte de collusion, de corruption, de malversation, d\u2019abus de confiance, de fraude, de trafic d\u2019influence ou des gestes ou des propos abusifs \u00e0 caract\u00e8re sexuel;<\/span><\/li>\n\n\n\n<li><span style=\"color: initial;\">d\u2019une d\u00e9cision d\u2019un tribunal canadien le d\u00e9clarant coupable d\u2019avoir contrevenu, au Canada ou \u00e0 l\u2019\u00e9tranger, aux lois ou r\u00e8glements relatifs \u00e0 une substance vis\u00e9e \u00e0 l\u2019une des annexes de la Loi r\u00e9glementant certaines drogues et autres substances (L.C. 1996, c. 19);<\/span><\/li>\n\n\n\n<li>d\u2019une d\u00e9cision le d\u00e9clarant coupable d\u2019une infraction p\u00e9nale vis\u00e9e \u00e0 l\u2019article 188 du Code des professions;<\/li>\n<\/ul>\n<\/li>\n\n\n\n<li>ne pas \u00eatre administrateur de la Fondation de l\u2019Ordre des dentistes du Qu\u00e9bec;<\/li>\n\n\n\n<li>ne pas avoir fait l\u2019objet d\u2019une r\u00e9vocation de mandat d\u2019administrateur de l\u2019Ordre ou de mandat de membre de comit\u00e9 de l\u2019Ordre au cours des cinq derni\u00e8res ann\u00e9es pr\u00e9c\u00e9dant la date de sa nomination.<\/li>\n<\/ol>\n\n\n\n<p>Un administrateur \u00e9lu ne peut exercer plus de deux mandats cons\u00e9cutifs. Notez que le mandat qu\u2019occupera l\u2019administrateur nomm\u00e9 \u00e0 l\u2019issue du pr\u00e9sent appel de candidatures comptera pour un premier mandat.<\/p>\n\n\n\n<h4 class=\"wp-block-heading\">Qualit\u00e9s recherch\u00e9es<\/h4>\n\n\n\n<p>Dans un esprit de saine gouvernance, le CA de l\u2019Ordre a par ailleurs d\u00e9fini les qualit\u00e9s et les comp\u00e9tences que devrait r\u00e9unir un administrateur de l\u2019Ordre. Ces qualit\u00e9s et comp\u00e9tences, entre autres et de mani\u00e8re plus particuli\u00e8re, sont les suivantes :<\/p>\n\n\n\n<ul class=\"wp-block-list\">\n<li>faire preuve d\u2019ouverture;<\/li>\n\n\n\n<li>conna\u00eetre le syst\u00e8me professionnel et le mandat de l\u2019Ordre;<\/li>\n\n\n\n<li>avoir la capacit\u00e9 de comprendre les enjeux, les d\u00e9fis, les r\u00e9alit\u00e9s et les probl\u00e8mes d\u2019un ordre professionnel;<\/li>\n\n\n\n<li>avoir un grand sens des responsabilit\u00e9s sociales;<\/li>\n\n\n\n<li>avoir une grande capacit\u00e9 d\u2019\u00e9coute, de compr\u00e9hension et de respect des autres et \u00eatre capable de se rallier;<\/li>\n\n\n\n<li>avoir le courage d\u2019agir;<\/li>\n\n\n\n<li>\u00eatre capable d\u2019exercer un jugement ind\u00e9pendant de ses int\u00e9r\u00eats personnels;<\/li>\n\n\n\n<li>\u00eatre int\u00e8gre;<\/li>\n\n\n\n<li>avoir une connaissance ad\u00e9quate des enjeux en mati\u00e8re de sant\u00e9 dentaire au Qu\u00e9bec ou avoir la capacit\u00e9 d\u2019acqu\u00e9rir rapidement cette connaissance.<\/li>\n<\/ul>\n\n\n\n<h4 class=\"wp-block-heading\">R\u00e9mun\u00e9ration<\/h4>\n\n\n\n<p>Un jeton de pr\u00e9sence est octroy\u00e9 aux administrateurs pour leur participation aux r\u00e9unions du CA. Les frais de repas, d\u2019h\u00e9bergement, de d\u00e9placement et de temps de d\u00e9placement sont rembours\u00e9s, le cas \u00e9ch\u00e9ant, aux taux octroy\u00e9s par la <a href=\"https:\/\/www.odq.wp.vortexdev.com\/wp-content\/uploads\/2024\/10\/ODQ-Politique-remuneration-president.pdf\">politique en vigueur<\/a>.<\/p>\n\n\n\n<h4 class=\"wp-block-heading\">Diversit\u00e9 et inclusion<\/h4>\n\n\n\n<p>L\u2019Ordre reconna\u00eet la force de l\u2019inclusion dans la profession et la richesse des points de vue diversifi\u00e9s. Il encourage tous ses membres \u00e0 soumettre leur candidature, afin que le conseil d\u2019administration tende \u00e0 une repr\u00e9sentativit\u00e9 de genre et d\u2019identit\u00e9 et qu\u2019il refl\u00e8te la diversit\u00e9 culturelle et d\u00e9mographique de la soci\u00e9t\u00e9 qu\u00e9b\u00e9coise.<\/p>\n\n\n\n<hr class=\"wp-block-separator has-alpha-channel-opacity\"\/>\n\n\n<section class=\"message theme-block theme-block--innerblock aligndefault notice--information\">\n<span class=\"theme-block__label\">Message<\/span>\n  <div class=\"message__content\">\n\n  \n    \n\n<p class=\"has-large-font-size\">Les dentistes int\u00e9ress\u00e9s sont pri\u00e9s de faire parvenir leur curriculum vitae et une lettre d\u2019int\u00e9r\u00eat avant le <strong>24 janvier 2025 <\/strong>\u00e0 l&#8217;attention de Me Caroline Daoust \u00e0 l&#8217;adresse <a href=\"mailto:dirgen@odq.qc.ca\">dirgen@odq.qc.ca.<\/a><\/p>\n\n\n\n<p class=\"has-large-font-size\">L\u2019Ordre des dentistes du Qu\u00e9bec remercie les dentistes qui soumettront leur candidature. Les candidats \u00e9ligibles seront convoqu\u00e9s \u00e0 une entrevue par visioconf\u00e9rence avec les membres du conseil d&#8217;administration.<\/p>\n\n\n  <\/div>\n\n<\/section>\n\n\n\n<h2 class=\"wp-block-heading is-style-small has-primary-color has-text-color\"><strong>Des questions?<\/strong><\/h2>\n\n\n\n<ul class=\"wp-block-list\">\n<li><a href=\"mailto:dirgen@odq.qc.ca\" data-type=\"mailto\" data-id=\"mailto:rh@odq.qc.ca\">dirgen@odq.qc.ca<\/a><\/li>\n<\/ul>\n\n\n<section id=\"block_2aaf54a06858c3c6fbe3501790bcfaa6\" class=\"spacer theme-block aligndefault spacer--small\">\n \n<\/section>\n\n\n<div class=\" block-background theme-block theme-block--innerblock alignfull\"  \n style=&quot;background-color:#e5e5e5;&quot; >\n    <span class=\"theme-block__label\">Section with background<\/span>\n  \n    \n<script type=\"text\/javascript\">var gform;gform||(document.addEventListener(\"gform_main_scripts_loaded\",function(){gform.scriptsLoaded=!0}),window.addEventListener(\"DOMContentLoaded\",function(){gform.domLoaded=!0}),gform={domLoaded:!1,scriptsLoaded:!1,initializeOnLoaded:function(o){gform.domLoaded&&gform.scriptsLoaded?o():!gform.domLoaded&&gform.scriptsLoaded?window.addEventListener(\"DOMContentLoaded\",o):document.addEventListener(\"gform_main_scripts_loaded\",o)},hooks:{action:{},filter:{}},addAction:function(o,n,r,t){gform.addHook(\"action\",o,n,r,t)},addFilter:function(o,n,r,t){gform.addHook(\"filter\",o,n,r,t)},doAction:function(o){gform.doHook(\"action\",o,arguments)},applyFilters:function(o){return gform.doHook(\"filter\",o,arguments)},removeAction:function(o,n){gform.removeHook(\"action\",o,n)},removeFilter:function(o,n,r){gform.removeHook(\"filter\",o,n,r)},addHook:function(o,n,r,t,i){null==gform.hooks[o][n]&&(gform.hooks[o][n]=[]);var e=gform.hooks[o][n];null==i&&(i=n+\"_\"+e.length),gform.hooks[o][n].push({tag:i,callable:r,priority:t=null==t?10:t})},doHook:function(n,o,r){var t;if(r=Array.prototype.slice.call(r,1),null!=gform.hooks[n][o]&&((o=gform.hooks[n][o]).sort(function(o,n){return o.priority-n.priority}),o.forEach(function(o){\"function\"!=typeof(t=o.callable)&&(t=window[t]),\"action\"==n?t.apply(null,r):r[0]=t.apply(null,r)})),\"filter\"==n)return r[0]},removeHook:function(o,n,t,i){var r;null!=gform.hooks[o][n]&&(r=(r=gform.hooks[o][n]).filter(function(o,n,r){return!!(null!=i&&i!=o.tag||null!=t&&t!=o.priority)}),gform.hooks[o][n]=r)}});<\/script>\n                <div class='gf_browser_gecko gform_wrapper gravity-theme' id='gform_wrapper_3' style='display:none'><div id='gf_3' class='gform_anchor' tabindex='-1'><\/div>\n                        <div class='gform_heading'>\n                            <h2 class=\"gform_title\">Envoyer ma candidature<\/h2>\n                            <span class='gform_description'>Pour postuler, veuillez remplir le formulaire ci-dessous et nous faire parvenir votre curriculum vitae accompagn\u00e9 d\u2019une lettre de pr\u00e9sentation.<br><br>\r\n\r\nPrenez note que seules les personnes retenues pour une entrevue seront contact\u00e9es.<\/span>\n\t\t\t\t\t\t\t<p class='gform_required_legend'>&quot;<span class=\"gfield_required gfield_required_asterisk\">*<\/span>&quot; indicates required fields<\/p>\n                        <\/div><form method='post' enctype='multipart\/form-data'  id='gform_3'  action='\/en\/wp-json\/wp\/v2\/pages\/8651#gf_3' novalidate>\n                        <div class='gform_body gform-body'><div id='gform_fields_3' class='gform_fields top_label form_sublabel_below description_below'><div id=\"field_3_7\"  class=\"gfield gfield--width-full field_sublabel_below field_description_below hidden_label gfield_visibility_hidden gfield--text\"  data-field-class=\"gfield--text\" data-js-reload=\"field_3_7\"><div class='admin-hidden-markup'><i class='gform-icon gform-icon--hidden'><\/i><span>Hidden<\/span><\/div><label class='gfield_label' for='input_3_7' >Nom du poste<\/label><div class='ginput_container ginput_container_text'><input name='input_7' id='input_3_7' type='text' value='' class='large'      aria-invalid=\"false\"   \/> <\/div><\/div><div id=\"field_3_1\"  class=\"gfield gfield--width-half gfield_contains_required field_sublabel_below field_description_below gfield_visibility_visible gfield--text\"  data-field-class=\"gfield--text\" data-js-reload=\"field_3_1\"><label class='gfield_label' for='input_3_1' >Pr\u00e9nom<span class=\"gfield_required\"><span class=\"gfield_required gfield_required_asterisk\">*<\/span><\/span><\/label><div class='ginput_container ginput_container_text'><input name='input_1' id='input_3_1' type='text' value='' class='large'     aria-required=\"true\" aria-invalid=\"false\"   \/> <\/div><\/div><div id=\"field_3_3\"  class=\"gfield gfield--width-half gfield_contains_required field_sublabel_below field_description_below gfield_visibility_visible gfield--text\"  data-field-class=\"gfield--text\" data-js-reload=\"field_3_3\"><label class='gfield_label' for='input_3_3' >Nom<span class=\"gfield_required\"><span class=\"gfield_required gfield_required_asterisk\">*<\/span><\/span><\/label><div class='ginput_container ginput_container_text'><input name='input_3' id='input_3_3' type='text' value='' class='large'     aria-required=\"true\" aria-invalid=\"false\"   \/> <\/div><\/div><div id=\"field_3_4\"  class=\"gfield gfield--width-half gfield_contains_required field_sublabel_below field_description_below gfield_visibility_visible gfield--email\"  data-field-class=\"gfield--email\" data-js-reload=\"field_3_4\"><label class='gfield_label' for='input_3_4' >Adresse courriel<span class=\"gfield_required\"><span class=\"gfield_required gfield_required_asterisk\">*<\/span><\/span><\/label><div class='ginput_container ginput_container_email'>\n                            <input name='input_4' id='input_3_4' type='email' value='' class='large'    aria-required=\"true\" aria-invalid=\"false\"  \/>\n                        <\/div><\/div><div id=\"field_3_5\"  class=\"gfield gfield--width-half gfield_contains_required field_sublabel_below field_description_below gfield_visibility_visible gfield--phone\"  data-field-class=\"gfield--phone\" data-js-reload=\"field_3_5\"><label class='gfield_label' for='input_3_5' >T\u00e9l\u00e9phone<span class=\"gfield_required\"><span class=\"gfield_required gfield_required_asterisk\">*<\/span><\/span><\/label><div class='ginput_container ginput_container_phone'><input name='input_5' id='input_3_5' type='tel' value='' class='large'   aria-required=\"true\" aria-invalid=\"false\"   \/><\/div><\/div><fieldset id=\"field_3_9\"  class=\"gfield gfield--width-half gfield_inline-boxes field_sublabel_below field_description_below gfield_visibility_visible gfield--radio\"  data-field-class=\"gfield--radio\" data-js-reload=\"field_3_9\"><legend class='gfield_label'  >Avez-vous d\u00e9j\u00e0 postul\u00e9 \u00e0 l&#039;ODQ?<\/legend><div class='ginput_container ginput_container_radio'><div class='gfield_radio' id='input_3_9'>\n\t\t\t<div class='gchoice gchoice_3_9_0'>\n\t\t\t\t\t<input class='gfield-choice-input' name='input_9' type='radio' value='Oui'  id='choice_3_9_0' onchange='gformToggleRadioOther( this )'    \/>\n\t\t\t\t\t<label for='choice_3_9_0' id='label_3_9_0'>Oui<\/label>\n\t\t\t<\/div>\n\t\t\t<div class='gchoice gchoice_3_9_1'>\n\t\t\t\t\t<input class='gfield-choice-input' name='input_9' type='radio' value='Non'  id='choice_3_9_1' onchange='gformToggleRadioOther( this )'    \/>\n\t\t\t\t\t<label for='choice_3_9_1' id='label_3_9_1'>Non<\/label>\n\t\t\t<\/div><\/div><\/div><\/fieldset><div id=\"field_3_12\"  class=\"gfield gfield--width-half gfield_contains_required field_sublabel_below field_description_below gfield_visibility_visible gfield--text\"  data-field-class=\"gfield--text\" data-js-reload=\"field_3_12\"><label class='gfield_label' for='input_3_12' >Veuillez pr\u00e9ciser le titre du poste<span class=\"gfield_required\"><span class=\"gfield_required gfield_required_asterisk\">*<\/span><\/span><\/label><div class='ginput_container ginput_container_text'><input name='input_12' id='input_3_12' type='text' value='' class='large'     aria-required=\"true\" aria-invalid=\"false\"   \/> <\/div><\/div><div id=\"field_3_10\"  class=\"gfield field_sublabel_below field_description_below gfield_visibility_visible gfield--textarea\"  data-field-class=\"gfield--textarea\" data-js-reload=\"field_3_10\"><label class='gfield_label' for='input_3_10' >Message<\/label><div class='ginput_container ginput_container_textarea'><textarea name='input_10' id='input_3_10' class='textarea large'      aria-invalid=\"false\"   rows='10' cols='50'><\/textarea><\/div><\/div><div id=\"field_3_11\"  class=\"gfield gfield_contains_required field_sublabel_below field_description_below gfield_visibility_visible gfield--fileupload\"  data-field-class=\"gfield--fileupload\" data-js-reload=\"field_3_11\"><label class='gfield_label' for='gform_browse_button_3_11' >Curriculum vitae et lettre de motivation<span class=\"gfield_required\"><span class=\"gfield_required gfield_required_asterisk\">*<\/span><\/span><\/label><div class='ginput_container ginput_container_fileupload'><div id='gform_multifile_upload_3_11' data-settings='{&quot;runtimes&quot;:&quot;html5,flash,html4&quot;,&quot;browse_button&quot;:&quot;gform_browse_button_3_11&quot;,&quot;container&quot;:&quot;gform_multifile_upload_3_11&quot;,&quot;drop_element&quot;:&quot;gform_drag_drop_area_3_11&quot;,&quot;filelist&quot;:&quot;gform_preview_3_11&quot;,&quot;unique_names&quot;:true,&quot;file_data_name&quot;:&quot;file&quot;,&quot;url&quot;:&quot;https:\\\/\\\/www.odq.wp.vortexdev.com\\\/?gf_page=761728d9fd6347a&quot;,&quot;flash_swf_url&quot;:&quot;https:\\\/\\\/www.odq.wp.vortexdev.com\\\/wp-includes\\\/js\\\/plupload\\\/plupload.flash.swf&quot;,&quot;silverlight_xap_url&quot;:&quot;https:\\\/\\\/www.odq.wp.vortexdev.com\\\/wp-includes\\\/js\\\/plupload\\\/plupload.silverlight.xap&quot;,&quot;filters&quot;:{&quot;mime_types&quot;:[{&quot;title&quot;:&quot;Allowed Files&quot;,&quot;extensions&quot;:&quot;*&quot;}],&quot;max_file_size&quot;:&quot;33554432b&quot;},&quot;multipart&quot;:true,&quot;urlstream_upload&quot;:false,&quot;multipart_params&quot;:{&quot;form_id&quot;:3,&quot;field_id&quot;:11},&quot;gf_vars&quot;:{&quot;max_files&quot;:0,&quot;message_id&quot;:&quot;gform_multifile_messages_3_11&quot;,&quot;disallowed_extensions&quot;:[&quot;php&quot;,&quot;asp&quot;,&quot;aspx&quot;,&quot;cmd&quot;,&quot;csh&quot;,&quot;bat&quot;,&quot;html&quot;,&quot;htm&quot;,&quot;hta&quot;,&quot;jar&quot;,&quot;exe&quot;,&quot;com&quot;,&quot;js&quot;,&quot;lnk&quot;,&quot;htaccess&quot;,&quot;phtml&quot;,&quot;ps1&quot;,&quot;ps2&quot;,&quot;php3&quot;,&quot;php4&quot;,&quot;php5&quot;,&quot;php6&quot;,&quot;py&quot;,&quot;rb&quot;,&quot;tmp&quot;]}}' class='gform_fileupload_multifile'>\n\t\t\t\t\t\t\t\t\t\t<div id='gform_drag_drop_area_3_11' class='gform_drop_area'>\n\t\t\t\t\t\t\t\t\t\t\t<span class='gform_drop_instructions'>Drop files here or <\/span>\n\t\t\t\t\t\t\t\t\t\t\t<button type='button' id='gform_browse_button_3_11' class='button gform_button_select_files' aria-describedby=\"gfield_upload_rules_3_11\"  >Select files<\/button>\n\t\t\t\t\t\t\t\t\t\t<\/div>\n\t\t\t\t\t\t\t\t\t<\/div><span class='gform_fileupload_rules' id='gfield_upload_rules_3_11'>Max. file size: 32 MB.<\/span><ul class='validation_message validation_message--hidden-on-empty gfield_validation_message gform-ul-reset' id='gform_multifile_messages_3_11'><\/ul> <!-- Leave <ul> empty to support CSS :empty selector. --><\/div><div id='gform_preview_3_11'><\/div><\/div><div id=\"field_3_13\"  class=\"gfield field_sublabel_below field_description_below gfield_visibility_visible gfield--captcha\"  data-field-class=\"gfield--captcha\" data-js-reload=\"field_3_13\"><label class='gfield_label' for='input_3_13' >Validation captcha<\/label><div id='input_3_13' class='ginput_container ginput_recaptcha' data-sitekey='6LcwKrsUAAAAAFgVKSdwrIgWlevt1kY87dgH8mBr'  data-theme='light' data-tabindex='0'  data-badge=''><\/div><\/div><\/div><\/div>\n        <div class='gform_footer top_label'> <button type='submit' id='gform_submit_button_3' class='btn gform_button button' value='Soumettre'  onclick='if(window[\"gf_submitting_3\"]){return false;}  if( !jQuery(\"#gform_3\")[0].checkValidity || jQuery(\"#gform_3\")[0].checkValidity()){window[\"gf_submitting_3\"]=true;}  ' onkeypress='if( event.keyCode == 13 ){ if(window[\"gf_submitting_3\"]){return false;} if( !jQuery(\"#gform_3\")[0].checkValidity || jQuery(\"#gform_3\")[0].checkValidity()){window[\"gf_submitting_3\"]=true;}  jQuery(\"#gform_3\").trigger(\"submit\",[true]); }' ><span>Soumettre<\/span><\/button> \n            <input type='hidden' class='gform_hidden' name='is_submit_3' value='1' \/>\n            <input type='hidden' class='gform_hidden' name='gform_submit' value='3' \/>\n            \n            <input type='hidden' class='gform_hidden' name='gform_unique_id' value='' \/>\n            <input type='hidden' class='gform_hidden' name='state_3' value='WyJ7XCI5XCI6W1wiNzNjMmE4YTUyZGZhNTNjYTBlMzA2MTA5ZGZkMjc2ZDFcIixcIjExOTM4NmI3YTcwOGFhNjZlZjQxY2NiNDA3ODYzNWUxXCJdfSIsIjA3ODhhZTVlOGU0YjQ4MGI2NDU3ZGJkMjM3OWM3OTNhIl0=' \/>\n            <input type='hidden' class='gform_hidden' name='gform_target_page_number_3' id='gform_target_page_number_3' value='0' \/>\n            <input type='hidden' class='gform_hidden' name='gform_source_page_number_3' id='gform_source_page_number_3' value='1' \/>\n            <input type='hidden' name='gform_field_values' value='' \/>\n            <input type='hidden' name='gform_uploaded_files' id='gform_uploaded_files_3' value='' \/>\n        <\/div>\n                        <p style=\"display: none !important;\" class=\"akismet-fields-container\" data-prefix=\"ak_\"><label>&#916;<textarea name=\"ak_hp_textarea\" cols=\"45\" rows=\"8\" maxlength=\"100\"><\/textarea><\/label><input type=\"hidden\" id=\"ak_js_1\" name=\"ak_js\" value=\"184\"\/><script>document.getElementById( \"ak_js_1\" ).setAttribute( \"value\", ( new Date() ).getTime() );<\/script><\/p><\/form>\n                        <\/div>\n\n\n<\/div>\n\n                    \n","protected":false},"excerpt":{"rendered":"<p>L\u2019Ordre des dentistes du Qu\u00e9bec invite les dentistes int\u00e9ress\u00e9s \u00e0 si\u00e9ger \u00e0 son conseil d\u2019administration \u00e0 transmettre leur candidature afin de pouvoir \u00e0 la vacance d\u2019un poste au conseil d&#8217;administration. Le mandat de l\u2019administrateur ainsi nomm\u00e9 se terminera \u00e0 l\u2019\u00e9ch\u00e9ance du mandat en cours, soit en novembre 2026. R\u00f4le du CA Le CA est charg\u00e9&hellip;<\/p>\n","protected":false},"author":4,"featured_media":0,"parent":347,"menu_order":0,"comment_status":"closed","ping_status":"closed","template":"","meta":{"_acf_changed":false,"_relevanssi_hide_post":"","_relevanssi_hide_content":"","_relevanssi_pin_for_all":"","_relevanssi_pin_keywords":"","_relevanssi_unpin_keywords":"","_relevanssi_related_keywords":"","_relevanssi_related_include_ids":"","_relevanssi_related_exclude_ids":"","_relevanssi_related_no_append":"","_relevanssi_related_not_related":"","_relevanssi_related_posts":"347,244,390,242,240,372","_relevanssi_noindex_reason":"","wpo365_audiences":[],"wpo365_private":false,"footnotes":""},"class_list":["post-8651","page","type-page","status-publish","hentry"],"acf":[],"_links":{"self":[{"href":"https:\/\/www.odq.wp.vortexdev.com\/en\/wp-json\/wp\/v2\/pages\/8651","targetHints":{"allow":["GET"]}}],"collection":[{"href":"https:\/\/www.odq.wp.vortexdev.com\/en\/wp-json\/wp\/v2\/pages"}],"about":[{"href":"https:\/\/www.odq.wp.vortexdev.com\/en\/wp-json\/wp\/v2\/types\/page"}],"author":[{"embeddable":true,"href":"https:\/\/www.odq.wp.vortexdev.com\/en\/wp-json\/wp\/v2\/users\/4"}],"replies":[{"embeddable":true,"href":"https:\/\/www.odq.wp.vortexdev.com\/en\/wp-json\/wp\/v2\/comments?post=8651"}],"version-history":[{"count":4,"href":"https:\/\/www.odq.wp.vortexdev.com\/en\/wp-json\/wp\/v2\/pages\/8651\/revisions"}],"predecessor-version":[{"id":8805,"href":"https:\/\/www.odq.wp.vortexdev.com\/en\/wp-json\/wp\/v2\/pages\/8651\/revisions\/8805"}],"up":[{"embeddable":true,"href":"https:\/\/www.odq.wp.vortexdev.com\/en\/wp-json\/wp\/v2\/pages\/347"}],"wp:attachment":[{"href":"https:\/\/www.odq.wp.vortexdev.com\/en\/wp-json\/wp\/v2\/media?parent=8651"}],"curies":[{"name":"wp","href":"https:\/\/api.w.org\/{rel}","templated":true}]}}