{"id":8220,"date":"2022-08-02T15:12:56","date_gmt":"2022-08-02T19:12:56","guid":{"rendered":"https:\/\/www.odq.wp.vortexdev.com\/?page_id=8220"},"modified":"2025-09-22T10:27:39","modified_gmt":"2025-09-22T14:27:39","slug":"roll-of-hearings-and-decisions","status":"publish","type":"page","link":"https:\/\/www.odq.wp.vortexdev.com\/en\/public\/the-odq-and-your-protection\/roll-of-hearings-and-decisions\/","title":{"rendered":"Roll of hearings and decisions"},"content":{"rendered":"\n<p>The mandate of the Disciplinary Council is to hear any complaints made by the Syndic, the Assistant Syndic or by any other individual concerning a dentist following a breach of the <em>Professional Code<\/em>, the <em>Dental Act<\/em>, the <em>Code of ethics of dentists<\/em> or regulations adopted pursuant to these laws.<\/p>\n\n\n\n<p>The Disciplinary Council is composed of the chair, a lawyer appointed by the government, and 23 dentists appointed by the Ordre des dentistes du Qu\u00e9bec\u2019s Board of Directors. The Council sits by division composed of three members, i.e., the chair and two dentists.<\/p>\n\n\n\n<p>The roll of hearings is posted at the Ordre des dentistes du Qu\u00e9bec\u2019s head office at least 10 days before the date set for the hearing. All hearings are public unless the Disciplinary Council orders a closed session. The roll of disciplinary hearings indicates the identity of the dentist, the nature of the complaint, the date, time and location of the hearings. This page also provides the online roll of hearings schedule. Before attending, however, we recommend that you check to see if there have been any changes, by consulting the roll of hearings schedule.<\/p>\n\n\n\n<p>Unless otherwise ordered, it is possible to have access to the documents contained in the disciplinary file, including the complaint, as of the first day of the hearing.<\/p>\n\n\n\n<p>The decisions rendered by the Disciplinary Council since June 2001 are now accessible on the SOQUIJ site at&nbsp;<a href=\"http:\/\/citoyens.soquij.qc.ca\/\" target=\"_blank\" rel=\"noreferrer noopener\">http:\/\/citoyens.soquij.qc.ca<\/a>&nbsp;or on the Canadian Legal Information Institute\u2019s CanLII site at&nbsp;<a href=\"http:\/\/www.canlii.org\/en\" target=\"_blank\" rel=\"noreferrer noopener\">http:\/\/www.canlii.org\/en<\/a>.<\/p>\n\n\n\n<p>Please note that the Disciplinary Council\u2019s decisions may be appealed at the Professions Tribunal or judicially reviewed and may not, therefore, be final.<\/p>\n\n\n\n<p>To check whether an ODQ member has been the subject of a disciplinary complaint or for any other information, please contact the Secretary of the Disciplinary Council at 514&nbsp;875-8511 or 1&nbsp;800&nbsp;361-4887 (toll-free).<\/p>\n\n\n<section class=\"message theme-block theme-block--innerblock aligndefault notice--warning\">\n<span class=\"theme-block__label\">Message<\/span>\n  <div class=\"message__content\">\n\n  \n    \n\n<p><strong>REMOTE HEARINGS<\/strong><\/p>\n\n\n\n<p>Videoconference hearings via the TEAMS platform remain public. Anyone wishing to attend a remote hearing may do so by contacting the Secretary of the Disciplinary Council, M<sup>e<\/sup>&nbsp;France Gauthier, by email at&nbsp;<a href=\"mailto:discipline@odq.qc.ca\">discipline@odq.qc.ca<\/a>, at least 24 hours before the hearing begins, indicating their name and email address. The invitation (TEAMS link) to the virtual hearing will then be sent by email.<\/p>\n\n\n  <\/div>\n\n<\/section>\n\n\n\n<h3 class=\"wp-block-heading\">Roll of hearings<\/h3>\n\n\n\n<div class=\"block-accordions-group theme-block theme-block--innerblock aligndefault\">\n    <span class=\"theme-block__label\">Accordions<\/span>\n  \n    \n<div class=\"block-accordion  theme-block theme-block--innerblock aligndefault\">\n    <span class=\"theme-block__label\">Accordion<\/span>\n    <h3 class=\"block-accordion__title\">Dr Martin Brochu, en sa qualit\u00e9 de syndic adjoint c. Dre Marie-\u00c8ve Gr\u00e9goire #25006, intim\u00e9e<\/h3>\n    \n\n<h4 class=\"wp-block-heading is-style-small\"><strong>Plainte no : 14-24-01350<\/strong><\/h4>\n\n\n\n<p><strong>Dates de l&#8217;audience :<\/strong> 20, 21, 22, 23, 27 et 28 octobre 2025, et les 12 et 13 novembre 2025<\/p>\n\n\n\n<p><strong>Lieu :<\/strong> ODQ-800 boul. Ren\u00e9-L\u00e9vesque Ouest, bureau 1640 \u00e0 Montr\u00e9al, en la salle Mont-Royal<\/p>\n\n\n\n<p><strong>Heures : <\/strong>9h30<\/p>\n\n\n\n<p><strong>Procureur du plaignant : <\/strong>M<sup>e<\/sup> Gilles Ouimet<\/p>\n\n\n\n<p><strong>Procureur de l&#8217;intim\u00e9e :<\/strong> M<sup>e<\/sup> Jean-Claude Dub\u00e9<\/p>\n\n\n\n<p><strong>\u00c9tape : <\/strong>Audition sur culpabilit\u00e9<\/p>\n\n\n\n<p><strong>Nature de la plainte :<\/strong> Entre le ou vers le 28 juin 2023 et novembre 2023, exer\u00e7ant sa profession \u00e0 St-Jean-sur-Richelieu, a recommand\u00e9 un traitement sans avoir une connaissance suffisante des faits qui le justifiait et a proc\u00e9d\u00e9 au traitement, le tout en contravention aux normes scientifiques g\u00e9n\u00e9ralement reconnues en m\u00e9decine dentaire, a omis \u00e0 son devoir d\u2019information, a omis de consigner au dossier dentaire les informations requises, a permis ou tol\u00e9r\u00e9 qu\u2019une personne non-membre de l\u2019Ordre des dentistes, proc\u00e8de \u00e0 des actes de m\u00e9decine dentaire r\u00e9serv\u00e9s aux dentistes et a vers\u00e9 une partie de ses honoraires \u00e0 une personne non membre de l\u2019Ordre des dentistes du Qu\u00e9bec, contrevenant aux articles 3.01.03, 3.02.03, 3.02.04, 3.02.05, 3.05.02, 3.05.05 (2e), 3.05.07 et 4.02.01 g) et u)du Code de d\u00e9ontologie des dentistes, \u00e0 l\u2019article 16 du R\u00e8glement sur la tenue des cabinets et des dossiers et la cessation d\u2019exercice des membres de l\u2019Ordre des dentistes du Qu\u00e9bec et \u00e0 l\u2019article 59.2 du Code des professions.<\/p>\n\n\n\n<p><br><strong>Conseil :<\/strong><br>M<sup>e<\/sup> Maurice Cloutier, pr\u00e9sident<br>Dre Jos\u00e9e-Anne Dulude, membre<br>Dre Isabelle Picard, membre<\/p>\n\n\n<\/div>\n\n                    \n\n\n<div class=\"block-accordion  theme-block theme-block--innerblock aligndefault\">\n    <span class=\"theme-block__label\">Accordion<\/span>\n    <h3 class=\"block-accordion__title\">Dre Helen Mpantis, en sa qualit\u00e9 de syndique adjointe c. Dr Philippe Villeneuve #17102, intim\u00e9<\/h3>\n    \n\n<h4 class=\"wp-block-heading is-style-small\"><strong>Plainte no&nbsp;: <\/strong>14-22-01323<\/h4>\n\n\n\n<p><strong>Date de l&#8217;audience :<\/strong> 3 et 4 novembre 2025<\/p>\n\n\n\n<p><strong>Lieu :<\/strong> 800 boul. Ren\u00e9-L\u00e9vesque Ouest \u00e0 Montr\u00e9al, 16e \u00e9tage, Salle Mont-Royal<\/p>\n\n\n\n<p><strong>Heure : <\/strong>9h30<\/p>\n\n\n\n<p><strong>Procureure du plaignant : <\/strong> M<sup>e<\/sup> V\u00e9ronique Brouillette<\/p>\n\n\n\n<p><strong>Procureur de l&#8217;intim\u00e9 :<\/strong> M<sup>e <\/sup>Robert Brunet<\/p>\n\n\n\n<p><strong>\u00c9tape : <\/strong>Audition sur sanction<\/p>\n\n\n\n<p><strong>Nature de la plainte :<\/strong> Entre le ou vers le 20 septembre 2018 et le ou vers le 11 d\u00e9cembre 2019, l\u2019intim\u00e9 exer\u00e7ant sa profession \u00e0 Sainte-Anne-des-Plaines, a proc\u00e9d\u00e9 \u00e0 des examens, diagnostics et traitements de fa\u00e7on non conforme aux normes g\u00e9n\u00e9ralement reconnues en m\u00e9decine dentaire, a pos\u00e9 des actes non requis, inappropri\u00e9s ou disproportionn\u00e9s aux besoins de sa patiente, a r\u00e9clam\u00e9 des honoraires pour des services professionnels non dispens\u00e9s ou faussement d\u00e9crits et a omis de consigner dans le dossier dentaire les informations pr\u00e9vues par r\u00e8glement, contrevenant ainsi aux dispositions des articles 3.01.03, 3.01.04, 3.01.05, 3.02.05, et 4.02.01 e) du Code de d\u00e9ontologie des dentistes et l\u2019article 16 du R\u00e8glement sur la tenue des cabinets et des dossiers et la cessation d\u2019exercice des membres de l\u2019Ordre des dentistes du Qu\u00e9bec.<\/p>\n\n\n\n<p><strong>Conseil :<\/strong><\/p>\n\n\n\n<p>M<sup>e<\/sup> Lydia Milazzo, pr\u00e9sidente<br>Dre Micheline Daoust, membre<br>Dre H\u00e9l\u00e8ne Lamonde, membre<\/p>\n\n\n<\/div>\n\n                    \n\n\n<div class=\"block-accordion  theme-block theme-block--innerblock aligndefault\">\n    <span class=\"theme-block__label\">Accordion<\/span>\n    <h3 class=\"block-accordion__title\">Dre Martine Masson, en sa qualit\u00e9 de syndique adjointe c. Dre Julie Lessard #20209, intim\u00e9e<\/h3>\n    \n\n<h4 class=\"wp-block-heading is-style-small\"><strong>Plainte no :<\/strong> 14-21-01317<\/h4>\n\n\n\n<p><strong>Dates de l\u2019audience :<\/strong> 2 et 3 d\u00e9cembre 2025<\/p>\n\n\n\n<p><strong>Lieu :<\/strong> 800 boul. Ren\u00e9-L\u00e9vesque Ouest \u00e0 Montr\u00e9al, 16e \u00e9tage, Salle Mont-Royal<\/p>\n\n\n\n<p><strong>Heure : <\/strong>9h30<\/p>\n\n\n\n<p><strong>Procureurs de la plaignante : <\/strong>M<sup>e<\/sup> Marie-Claude Sarrazin et M<sup>e <\/sup>Samy Si Chaib<\/p>\n\n\n\n<p><strong>Procureur de l&#8217;intim\u00e9e :<\/strong> M<sup>e<\/sup> Robert Brunet<\/p>\n\n\n\n<p><strong>\u00c9tape : <\/strong>Audition sur sanction<\/p>\n\n\n\n<p><strong>Nature de la plainte :<\/strong> \u00c0 Qu\u00e9bec, entre-le ou vers le 29 novembre 2010 et le ou vers le 25 janvier 2015, a propos\u00e9 et ex\u00e9cut\u00e9 un traitement prosthodontique, sans connaissance suffisante des faits qui le justifient et n\u2019a pas fourni un suivi rigoureux et ad\u00e9quat, a omis de respecter son devoir d\u2019information, a omis de consigner les informations requises dans le dossier dentaire, a commis un acte d\u00e9rogatoire \u00e0 l\u2019honneur et \u00e0 la dignit\u00e9 de la profession et a r\u00e9clam\u00e9 des honoraires pour la vente de produits d\u2019hygi\u00e8ne dentaire, contrevenant ainsi aux articles 3.01.03, 3.02.04, 3.02.05,&nbsp; 3.03.01, 4.01.01&nbsp;et 4.02.01, e)&nbsp;du&nbsp;Code de d\u00e9ontologie des dentistes, des articles 16 et 17 du R\u00e8glement sur la tenue des cabinets et des dossiers et la cessation d\u2019exercice des membres de l\u2019Ordre des dentistes du Qu\u00e9bec ainsi que les articles 114 et&nbsp;59.2 du&nbsp;Code des professions.<\/p>\n\n\n\n<p><strong>Conseil:<\/strong><\/p>\n\n\n\n<p>M<sup>e<\/sup> Georges Ledoux, pr\u00e9sident<br>D<sup>r<\/sup> Daniel Lacombe, membre<\/p>\n\n\n<\/div>\n\n                    \n\n\n<\/div>\n\n\n\n<p class=\"has-medium-font-size\">Updated September 22, 2025<\/p>\n","protected":false},"excerpt":{"rendered":"<p>The mandate of the Disciplinary Council is to hear any complaints made by the Syndic, the Assistant Syndic or by any other individual concerning a dentist following a breach of the Professional Code, the Dental Act, the Code of ethics of dentists or regulations adopted pursuant to these laws. The Disciplinary Council is composed of&hellip;<\/p>\n","protected":false},"author":4,"featured_media":0,"parent":8190,"menu_order":5,"comment_status":"closed","ping_status":"closed","template":"template-page-with-sidebar.php","meta":{"_acf_changed":false,"_relevanssi_hide_post":"","_relevanssi_hide_content":"","_relevanssi_pin_for_all":"","_relevanssi_pin_keywords":"","_relevanssi_unpin_keywords":"","_relevanssi_related_keywords":"","_relevanssi_related_include_ids":"","_relevanssi_related_exclude_ids":"","_relevanssi_related_no_append":"","_relevanssi_related_not_related":"","_relevanssi_related_posts":"244,242,347,320,56,8172","_relevanssi_noindex_reason":"","wpo365_audiences":[],"wpo365_private":false,"footnotes":""},"class_list":["post-8220","page","type-page","status-publish","hentry"],"acf":[],"_links":{"self":[{"href":"https:\/\/www.odq.wp.vortexdev.com\/en\/wp-json\/wp\/v2\/pages\/8220","targetHints":{"allow":["GET"]}}],"collection":[{"href":"https:\/\/www.odq.wp.vortexdev.com\/en\/wp-json\/wp\/v2\/pages"}],"about":[{"href":"https:\/\/www.odq.wp.vortexdev.com\/en\/wp-json\/wp\/v2\/types\/page"}],"author":[{"embeddable":true,"href":"https:\/\/www.odq.wp.vortexdev.com\/en\/wp-json\/wp\/v2\/users\/4"}],"replies":[{"embeddable":true,"href":"https:\/\/www.odq.wp.vortexdev.com\/en\/wp-json\/wp\/v2\/comments?post=8220"}],"version-history":[{"count":8,"href":"https:\/\/www.odq.wp.vortexdev.com\/en\/wp-json\/wp\/v2\/pages\/8220\/revisions"}],"predecessor-version":[{"id":11407,"href":"https:\/\/www.odq.wp.vortexdev.com\/en\/wp-json\/wp\/v2\/pages\/8220\/revisions\/11407"}],"up":[{"embeddable":true,"href":"https:\/\/www.odq.wp.vortexdev.com\/en\/wp-json\/wp\/v2\/pages\/8190"}],"wp:attachment":[{"href":"https:\/\/www.odq.wp.vortexdev.com\/en\/wp-json\/wp\/v2\/media?parent=8220"}],"curies":[{"name":"wp","href":"https:\/\/api.w.org\/{rel}","templated":true}]}}