{"id":7201,"date":"2024-09-24T09:46:12","date_gmt":"2024-09-24T13:46:12","guid":{"rendered":"https:\/\/www.odq.wp.vortexdev.com\/?page_id=7201"},"modified":"2024-09-25T13:37:50","modified_gmt":"2024-09-25T17:37:50","slug":"hommage-au-dr-daniel-kandelman","status":"publish","type":"page","link":"https:\/\/www.odq.wp.vortexdev.com\/en\/accueil\/hommage-au-dr-daniel-kandelman\/","title":{"rendered":"Hommage au Dr Daniel Kandelman"},"content":{"rendered":"\n<figure class=\"wp-block-image aligncenter size-full is-resized is-style-default\"><img decoding=\"async\" width=\"512\" height=\"512\" src=\"https:\/\/www.odq.wp.vortexdev.com\/wp-content\/uploads\/2024\/09\/ribbon.png\" alt=\"\" class=\"wp-image-7709\" style=\"width:80px;height:auto\" srcset=\"https:\/\/www.odq.wp.vortexdev.com\/wp-content\/uploads\/2024\/09\/ribbon.png 512w, https:\/\/www.odq.wp.vortexdev.com\/wp-content\/uploads\/2024\/09\/ribbon-300x300.png 300w, https:\/\/www.odq.wp.vortexdev.com\/wp-content\/uploads\/2024\/09\/ribbon-150x150.png 150w\" sizes=\"(max-width: 512px) 100vw, 512px\" \/><\/figure>\n\n\n\n<p class=\"has-large-font-size\"><strong>T\u00e9moignage du Dr Denys Ruel,  B.Sc., D.M.D., D.E.S.S.<\/strong><\/p>\n\n\n\n<p>J\u2019ai connu Docteur Kandelman en 1979 et rest\u00e9 en contact avec lui jusqu\u2019\u00e0 son d\u00e9c\u00e8s. D\u00e8s son arriv\u00e9 en poste \u00e0 Montr\u00e9al quelque ann\u00e9es auparavant, il s\u2019\u00e9tait fix\u00e9 certains objectifs, dont l\u2019am\u00e9lioration de l\u2019enseignement et de la recherche, l\u2019am\u00e9lioration de l\u2019efficacit\u00e9 des apprentissages et des techniques en hygi\u00e8ne dentaire et le renforcement du travail en \u00e9quipe avec les hygi\u00e9nistes en m\u00e9decine dentaire \u00e0 l\u2019Universit\u00e9 de Montr\u00e9al et au sein de la profession au Qu\u00e9bec et au Canada.\u00a0 Nous pouvons affirmer\u00a0: mission accomplie.<\/p>\n\n\n\n<p>Pendant son s\u00e9jour \u00e0 l\u2019Universit\u00e9 de Montr\u00e9al, sa contribution aux connaissances en pr\u00e9vention et \u00e0 son enseignement ont connu une progression fulgurante, surtout en ce qui concerne les bienfaits du fluor et du xylitol. L\u2019abondance de ses publications en t\u00e9moignent. Il a donc su influencer la soci\u00e9t\u00e9 qu\u00e9b\u00e9coise et canadienne afin d\u2019am\u00e9liorer la qualit\u00e9 de vie de nos populations, et ce, m\u00eame \u00e0 l\u2019ext\u00e9rieur de nos fronti\u00e8res. Mentionnons Ha\u00efti, la Polyn\u00e9sie fran\u00e7aise et l\u2019Asie du sud-est.<\/p>\n\n\n\n<p>Soulignons presque cinquante ans de loyaux services et d\u2019innovations envers la Facult\u00e9 de m\u00e9decine dentaire de l\u2019Universit\u00e9 de Montr\u00e9al, tant au niveau scientifique qu\u2019humanitaire, notamment, les nombreux stages, la Clinique dentaire des jeunes de la rue et son implication \u00e0 l\u2019Institut de g\u00e9riatrie de Montr\u00e9al.<\/p>\n\n\n\n<p>Docteur Kandelman voulait relever de nombreux d\u00e9fis, comme postuler comme doyen \u00e0 la Facult\u00e9 de m\u00e9decine dentaire de l\u2019Universit\u00e9 de Montr\u00e9al et devenir s\u00e9nateur \u00e0 Ottawa.<\/p>\n\n\n\n<p>Je tiens \u00e0 exprimer chaleureusement ma gratitude envers ce g\u00e9n\u00e9reux ami et coll\u00e8gue exceptionnel. C\u2019\u00e9tait \u00eatre humain remarquable. Il m\u2019a entre autres permis d\u2019avoir une carri\u00e8re universitaire et professionnelle enrichissante. Il m\u2019a permis de devenir charg\u00e9 de cours et de clinique, de devenir conf\u00e9rencier dans plusieurs congr\u00e8s et de d\u00e9velopper des habilet\u00e9s en sant\u00e9 communautaire ainsi qu\u2019en bureau priv\u00e9.<\/p>\n\n\n\n<p>Il a de su de plus, insuffler un nouvel \u00e9lan en pr\u00e9vention aupr\u00e8s de plusieurs g\u00e9n\u00e9rations de gradu\u00e9s, pendant au moins une trentaine d\u2019ann\u00e9es, surtout au profit des populations les plus d\u00e9munis et des personnes \u00e2g\u00e9es.<\/p>\n\n\n\n<p>On n\u2019enterre pas les gens, on les enracine.&nbsp; Merci Docteur Kandelman. Plusieurs parmi nous gardent un excellent souvenir de votre pr\u00e9sence et de votre contribution \u00e0 la profession.<\/p>\n\n\n\n<p>Denys Ruel, B.Sc., D.M.D., D.E.S.S.<\/p>\n\n\n\n<p>\u00c0 Montr\u00e9al, le 24 juin 2024.<\/p>\n","protected":false},"excerpt":{"rendered":"<p>T\u00e9moignage du Dr Denys Ruel, B.Sc., D.M.D., D.E.S.S. J\u2019ai connu Docteur Kandelman en 1979 et rest\u00e9 en contact avec lui jusqu\u2019\u00e0 son d\u00e9c\u00e8s. D\u00e8s son arriv\u00e9 en poste \u00e0 Montr\u00e9al quelque ann\u00e9es auparavant, il s\u2019\u00e9tait fix\u00e9 certains objectifs, dont l\u2019am\u00e9lioration de l\u2019enseignement et de la recherche, l\u2019am\u00e9lioration de l\u2019efficacit\u00e9 des apprentissages et des techniques en&hellip;<\/p>\n","protected":false},"author":4,"featured_media":0,"parent":6,"menu_order":2,"comment_status":"closed","ping_status":"closed","template":"","meta":{"_acf_changed":false,"_relevanssi_hide_post":"","_relevanssi_hide_content":"","_relevanssi_pin_for_all":"","_relevanssi_pin_keywords":"","_relevanssi_unpin_keywords":"","_relevanssi_related_keywords":"","_relevanssi_related_include_ids":"","_relevanssi_related_exclude_ids":"","_relevanssi_related_no_append":"","_relevanssi_related_not_related":"","_relevanssi_related_posts":"37,1","_relevanssi_noindex_reason":"","wpo365_audiences":[],"wpo365_private":false,"footnotes":""},"class_list":["post-7201","page","type-page","status-publish","hentry"],"acf":[],"_links":{"self":[{"href":"https:\/\/www.odq.wp.vortexdev.com\/en\/wp-json\/wp\/v2\/pages\/7201","targetHints":{"allow":["GET"]}}],"collection":[{"href":"https:\/\/www.odq.wp.vortexdev.com\/en\/wp-json\/wp\/v2\/pages"}],"about":[{"href":"https:\/\/www.odq.wp.vortexdev.com\/en\/wp-json\/wp\/v2\/types\/page"}],"author":[{"embeddable":true,"href":"https:\/\/www.odq.wp.vortexdev.com\/en\/wp-json\/wp\/v2\/users\/4"}],"replies":[{"embeddable":true,"href":"https:\/\/www.odq.wp.vortexdev.com\/en\/wp-json\/wp\/v2\/comments?post=7201"}],"version-history":[{"count":7,"href":"https:\/\/www.odq.wp.vortexdev.com\/en\/wp-json\/wp\/v2\/pages\/7201\/revisions"}],"predecessor-version":[{"id":7724,"href":"https:\/\/www.odq.wp.vortexdev.com\/en\/wp-json\/wp\/v2\/pages\/7201\/revisions\/7724"}],"up":[{"embeddable":true,"href":"https:\/\/www.odq.wp.vortexdev.com\/en\/wp-json\/wp\/v2\/pages\/6"}],"wp:attachment":[{"href":"https:\/\/www.odq.wp.vortexdev.com\/en\/wp-json\/wp\/v2\/media?parent=7201"}],"curies":[{"name":"wp","href":"https:\/\/api.w.org\/{rel}","templated":true}]}}