{"id":6842,"date":"2024-06-17T11:51:41","date_gmt":"2024-06-17T15:51:41","guid":{"rendered":"https:\/\/www.odq.wp.vortexdev.com\/?page_id=6842"},"modified":"2024-06-19T10:42:35","modified_gmt":"2024-06-19T14:42:35","slug":"endodontie-rappel-des-standards-de-pratique","status":"publish","type":"page","link":"https:\/\/www.odq.wp.vortexdev.com\/en\/endodontie-rappel-des-standards-de-pratique\/","title":{"rendered":"Endodontie : rappel des standards de pratique"},"content":{"rendered":"\n<p class=\"has-large-font-size\">Durant les visites d\u2019inspection g\u00e9n\u00e9rale, l\u2019\u00e9quipe des services professionnels note souvent les m\u00eames points d\u2019am\u00e9lioration pouvant facilement \u00eatre rectifi\u00e9s.<br><br>Rappelons que le respect des normes en vigueur en endodontie contribue \u00e0 accro\u00eetre la protection du public et \u00e0 assurer une pratique exemplaire de la m\u00e9decine dentaire!<\/p>\n\n\n\n<div class=\"wp-block-group is-nowrap is-layout-flex wp-container-core-group-is-layout-6c531013 wp-block-group-is-layout-flex\">\n<figure class=\"wp-block-image size-full is-resized\"><img decoding=\"async\" width=\"72\" height=\"72\" src=\"https:\/\/www.odq.wp.vortexdev.com\/wp-content\/uploads\/2024\/03\/lightbulb2-e1711047596648.png\" alt=\"\" class=\"wp-image-6365\" style=\"object-fit:contain;width:50px;height:50px\"\/><\/figure>\n\n\n\n<h2 class=\"wp-block-heading is-style-small\"><strong>Saviez-vous que?<\/strong><\/h2>\n<\/div>\n\n\n\n<ul class=\"wp-block-list\">\n<li>Plusieurs dentistes n\u2019effectuent pas les tests diagnostiques pertinents pr\u00e9alablement \u00e0 la pose du diagnostic endodontique ou lorsque ceux-ci sont r\u00e9alis\u00e9s, ils ne sont pas consign\u00e9s au dossier;<\/li>\n\n\n\n<li>Plus de 35% des membres visit\u00e9s ne posent et ne consignent pas au dossier le diagnostic pulpaire et p\u00e9riapical;<\/li>\n\n\n\n<li>Certains membres retirent la digue lors de la prise de radiographies perop\u00e9ratoires;<\/li>\n\n\n\n<li>Dans plusieurs cas, la radiographie finale ne d\u00e9montre pas un d\u00e9gagement suffisant permettant de bien visualiser tous les canaux trait\u00e9s;<\/li>\n\n\n\n<li>Des antibiotiques sont prescrits sans justification ou sans examen pr\u00e9alable.<\/li>\n<\/ul>\n\n\n<section class=\"message theme-block theme-block--innerblock aligndefault notice--information\">\n<span class=\"theme-block__label\">Message<\/span>\n  <div class=\"message__content\">\n\n  \n    \n\n<p class=\"has-medium-font-size\">Nous encourageons les membres pratiquant l\u2019endodontie \u00e0 consulter le site de l\u2019<a href=\"https:\/\/www.aae.org\/specialty\/clinical-resources\/guidelines-position-statements\/\" target=\"_blank\" rel=\"noopener\"><em>American Association of Endodontists<\/em><\/a> qui s\u2019av\u00e8re une excellente source d\u2019information qui touche \u00e0 plusieurs aspects de la pratique endodontique et fait \u00e9tat des plus r\u00e9centes normes en la mati\u00e8re.<\/p>\n\n\n  <\/div>\n\n<\/section>\n\n\n\n<hr class=\"wp-block-separator has-alpha-channel-opacity\"\/>\n","protected":false},"excerpt":{"rendered":"<p>Durant les visites d\u2019inspection g\u00e9n\u00e9rale, l\u2019\u00e9quipe des services professionnels note souvent les m\u00eames points d\u2019am\u00e9lioration pouvant facilement \u00eatre rectifi\u00e9s. Rappelons que le respect des normes en vigueur en endodontie contribue \u00e0 accro\u00eetre la protection du public et \u00e0 assurer une pratique exemplaire de la m\u00e9decine dentaire! Saviez-vous que?<\/p>\n","protected":false},"author":4,"featured_media":0,"parent":0,"menu_order":0,"comment_status":"closed","ping_status":"closed","template":"","meta":{"_acf_changed":false,"_relevanssi_hide_post":"","_relevanssi_hide_content":"","_relevanssi_pin_for_all":"","_relevanssi_pin_keywords":"","_relevanssi_unpin_keywords":"","_relevanssi_related_keywords":"","_relevanssi_related_include_ids":"","_relevanssi_related_exclude_ids":"","_relevanssi_related_no_append":"","_relevanssi_related_not_related":"","_relevanssi_related_posts":"398,347,5340,244,381,372","_relevanssi_noindex_reason":"","wpo365_audiences":[],"wpo365_private":false,"footnotes":""},"class_list":["post-6842","page","type-page","status-publish","hentry"],"acf":[],"_links":{"self":[{"href":"https:\/\/www.odq.wp.vortexdev.com\/en\/wp-json\/wp\/v2\/pages\/6842","targetHints":{"allow":["GET"]}}],"collection":[{"href":"https:\/\/www.odq.wp.vortexdev.com\/en\/wp-json\/wp\/v2\/pages"}],"about":[{"href":"https:\/\/www.odq.wp.vortexdev.com\/en\/wp-json\/wp\/v2\/types\/page"}],"author":[{"embeddable":true,"href":"https:\/\/www.odq.wp.vortexdev.com\/en\/wp-json\/wp\/v2\/users\/4"}],"replies":[{"embeddable":true,"href":"https:\/\/www.odq.wp.vortexdev.com\/en\/wp-json\/wp\/v2\/comments?post=6842"}],"version-history":[{"count":5,"href":"https:\/\/www.odq.wp.vortexdev.com\/en\/wp-json\/wp\/v2\/pages\/6842\/revisions"}],"predecessor-version":[{"id":6855,"href":"https:\/\/www.odq.wp.vortexdev.com\/en\/wp-json\/wp\/v2\/pages\/6842\/revisions\/6855"}],"wp:attachment":[{"href":"https:\/\/www.odq.wp.vortexdev.com\/en\/wp-json\/wp\/v2\/media?parent=6842"}],"curies":[{"name":"wp","href":"https:\/\/api.w.org\/{rel}","templated":true}]}}