{"id":6717,"date":"2024-05-23T10:39:47","date_gmt":"2024-05-23T14:39:47","guid":{"rendered":"https:\/\/www.odq.wp.vortexdev.com\/?page_id=6717"},"modified":"2024-05-24T14:38:55","modified_gmt":"2024-05-24T18:38:55","slug":"jdiq-2024-sondages","status":"publish","type":"page","link":"https:\/\/www.odq.wp.vortexdev.com\/en\/jdiq-2024-sondages\/","title":{"rendered":"JDIQ 2024 : Sondages"},"content":{"rendered":"\n<h2 class=\"wp-block-heading is-style-small\"><strong>Sondage sur les conf\u00e9rences et conf\u00e9renciers<\/strong><\/h2>\n\n\n\n<figure class=\"wp-block-image size-large is-resized\"><img decoding=\"async\" width=\"804\" height=\"1024\" src=\"https:\/\/www.odq.wp.vortexdev.com\/wp-content\/uploads\/2024\/05\/Sondage-strom-804x1024.png\" alt=\"\" class=\"wp-image-6730\" style=\"aspect-ratio:0.7859375;width:408px;height:auto\" title=\"Visuel-sondage-concours-StromSpa-2023-FR\" srcset=\"https:\/\/www.odq.wp.vortexdev.com\/wp-content\/uploads\/2024\/05\/Sondage-strom-804x1024.png 804w, https:\/\/www.odq.wp.vortexdev.com\/wp-content\/uploads\/2024\/05\/Sondage-strom-236x300.png 236w, https:\/\/www.odq.wp.vortexdev.com\/wp-content\/uploads\/2024\/05\/Sondage-strom-768x978.png 768w, https:\/\/www.odq.wp.vortexdev.com\/wp-content\/uploads\/2024\/05\/Sondage-strom.png 1137w\" sizes=\"(max-width: 804px) 100vw, 804px\" \/><\/figure>\n\n\n\n<p>Courez la chance de&nbsp;<strong>gagner un rabais de 500$ applicable sur l\u2019achat d\u2019une conf\u00e9rence en pr\u00e9congr\u00e8s JDIQ 2025<\/strong> ou l\u2019une des&nbsp;<strong>deux cartes-cadeaux de 250$&nbsp;<\/strong>chez&nbsp;<strong>Str\u00f8m Spa Nordique<\/strong> en r\u00e9pondant \u00e0 un&nbsp;<strong>sondage.<\/strong><\/p>\n\n\n\n<p>N\u2019h\u00e9sitez pas \u00e0 remplir le sondage&nbsp;<strong>pour chaque conf\u00e9rence<\/strong>&nbsp;ou&nbsp;<strong>formation&nbsp;<\/strong>\u00e0 laquelle vous avez assist\u00e9 afin&nbsp;<strong>d\u2019augmenter vos chances de gagner !<\/strong><\/p>\n\n\n\n<div class=\"wp-block-buttons is-layout-flex wp-block-buttons-is-layout-flex\">\n<div class=\"wp-block-button\"><a class=\"wp-block-button__link wp-element-button\" href=\"https:\/\/fr.surveymonkey.com\/r\/SHGC2MD\" target=\"_blank\" rel=\"noreferrer noopener\">Sondage conf\u00e9rences et ateliers<\/a><\/div>\n<\/div>\n\n\n\n<h2 class=\"wp-block-heading is-style-small\"><strong>Sondage sur le congr\u00e8s en g\u00e9n\u00e9ral<\/strong><\/h2>\n\n\n\n<p>Nous vous invitons \u00e9galement \u00e0 r\u00e9pondre au court sondage g\u00e9n\u00e9ral sur le congr\u00e8s.<\/p>\n\n\n\n<p>Vos r\u00e9ponses nous aideront \u00e0 avoir de la r\u00e9troaction et \u00e0 pouvoir ajuster le tir pour les prochaines \u00e9ditions des JDIQ !<\/p>\n\n\n\n<p><strong>En participant \u00e0 ce sondage, vous aurez une chance suppl\u00e9mentaire au tirage du Str\u00f8m spa nordique.<\/strong><\/p>\n\n\n\n<div class=\"wp-block-buttons is-layout-flex wp-block-buttons-is-layout-flex\">\n<div class=\"wp-block-button\"><a class=\"wp-block-button__link wp-element-button\" href=\"https:\/\/fr.surveymonkey.com\/r\/WZSLRD2\" target=\"_blank\" rel=\"noreferrer noopener\">Sondage sur le congr\u00e8s en g\u00e9n\u00e9ral<\/a><\/div>\n<\/div>\n\n\n\n<hr class=\"wp-block-separator has-alpha-channel-opacity\"\/>\n\n\n\n<h2 class=\"wp-block-heading is-style-small\"><strong>Speakers and lecturers surveys<\/strong><\/h2>\n\n\n\n<p>You could win a 500$ discount on a&nbsp;<strong>JDIQ 2025 pre-convention course<\/strong>&nbsp;or one of two&nbsp;<strong>$250 gift cards&nbsp;<\/strong>from&nbsp;<strong>Str\u00f8m Spa Nordique<\/strong>&nbsp;by filling out a&nbsp;<strong>survey!<\/strong><\/p>\n\n\n\n<p>Feel free to&nbsp;<strong>complete<\/strong>&nbsp;the survey for each&nbsp;<strong>conference&nbsp;<\/strong>or&nbsp;<strong>training&nbsp;<\/strong>you&nbsp;attended&nbsp;and&nbsp;<strong>increase&nbsp;<\/strong>your&nbsp;<strong>chances of winning!<\/strong><\/p>\n\n\n\n<div class=\"wp-block-buttons is-layout-flex wp-block-buttons-is-layout-flex\">\n<div class=\"wp-block-button\"><a class=\"wp-block-button__link wp-element-button\" href=\"https:\/\/fr.surveymonkey.com\/r\/SHGC2MD?lang=en_001\" target=\"_blank\" rel=\"noreferrer noopener\">Lectures evaluation survey<\/a><\/div>\n<\/div>\n\n\n\n<h2 class=\"wp-block-heading is-style-small\"><strong>Congress evaluation form<\/strong><\/h2>\n\n\n\n<p>We also invite you to take the short general survey about the conference.<\/p>\n\n\n\n<p>Your answers will help us get feedback and make adjustments for future editions of the JDIQ!<\/p>\n\n\n\n<p><strong>By participating in this survey, you\u2019ll have an extra chance to win the Str\u00f8m nordic spa sweeptake.<\/strong><\/p>\n\n\n\n<div class=\"wp-block-buttons is-layout-flex wp-block-buttons-is-layout-flex\">\n<div class=\"wp-block-button\"><a class=\"wp-block-button__link wp-element-button\" href=\"https:\/\/fr.surveymonkey.com\/r\/WZSLRD2?lang=en_001\" target=\"_blank\" rel=\"noreferrer noopener\">Congress evaluation form<\/a><\/div>\n<\/div>\n","protected":false},"excerpt":{"rendered":"<p>Sondage sur les conf\u00e9rences et conf\u00e9renciers Courez la chance de&nbsp;gagner un rabais de 500$ applicable sur l\u2019achat d\u2019une conf\u00e9rence en pr\u00e9congr\u00e8s JDIQ 2025 ou l\u2019une des&nbsp;deux cartes-cadeaux de 250$&nbsp;chez&nbsp;Str\u00f8m Spa Nordique en r\u00e9pondant \u00e0 un&nbsp;sondage. N\u2019h\u00e9sitez pas \u00e0 remplir le sondage&nbsp;pour chaque conf\u00e9rence&nbsp;ou&nbsp;formation&nbsp;\u00e0 laquelle vous avez assist\u00e9 afin&nbsp;d\u2019augmenter vos chances de gagner ! Sondage sur&hellip;<\/p>\n","protected":false},"author":4,"featured_media":0,"parent":0,"menu_order":0,"comment_status":"closed","ping_status":"closed","template":"","meta":{"_acf_changed":false,"_relevanssi_hide_post":"","_relevanssi_hide_content":"","_relevanssi_pin_for_all":"","_relevanssi_pin_keywords":"","_relevanssi_unpin_keywords":"","_relevanssi_related_keywords":"","_relevanssi_related_include_ids":"","_relevanssi_related_exclude_ids":"","_relevanssi_related_no_append":"","_relevanssi_related_not_related":"","_relevanssi_related_posts":"390,244,6692,6,388,5340","_relevanssi_noindex_reason":"","wpo365_audiences":[],"wpo365_private":false,"footnotes":""},"class_list":["post-6717","page","type-page","status-publish","hentry"],"acf":[],"_links":{"self":[{"href":"https:\/\/www.odq.wp.vortexdev.com\/en\/wp-json\/wp\/v2\/pages\/6717","targetHints":{"allow":["GET"]}}],"collection":[{"href":"https:\/\/www.odq.wp.vortexdev.com\/en\/wp-json\/wp\/v2\/pages"}],"about":[{"href":"https:\/\/www.odq.wp.vortexdev.com\/en\/wp-json\/wp\/v2\/types\/page"}],"author":[{"embeddable":true,"href":"https:\/\/www.odq.wp.vortexdev.com\/en\/wp-json\/wp\/v2\/users\/4"}],"replies":[{"embeddable":true,"href":"https:\/\/www.odq.wp.vortexdev.com\/en\/wp-json\/wp\/v2\/comments?post=6717"}],"version-history":[{"count":5,"href":"https:\/\/www.odq.wp.vortexdev.com\/en\/wp-json\/wp\/v2\/pages\/6717\/revisions"}],"predecessor-version":[{"id":6733,"href":"https:\/\/www.odq.wp.vortexdev.com\/en\/wp-json\/wp\/v2\/pages\/6717\/revisions\/6733"}],"wp:attachment":[{"href":"https:\/\/www.odq.wp.vortexdev.com\/en\/wp-json\/wp\/v2\/media?parent=6717"}],"curies":[{"name":"wp","href":"https:\/\/api.w.org\/{rel}","templated":true}]}}