{"id":6692,"date":"2024-05-21T15:33:14","date_gmt":"2024-05-21T19:33:14","guid":{"rendered":"https:\/\/www.odq.wp.vortexdev.com\/?page_id=6692"},"modified":"2024-05-21T16:25:48","modified_gmt":"2024-05-21T20:25:48","slug":"jdiq-2024-inscription","status":"publish","type":"page","link":"https:\/\/www.odq.wp.vortexdev.com\/en\/jdiq-2024-inscription\/","title":{"rendered":"JDIQ 2024 : Inscription"},"content":{"rendered":"\n<h2 class=\"wp-block-heading is-style-small\"><strong>Inscription<\/strong><\/h2>\n\n\n\n<p><strong>Date officielle de l\u2019ouverture de l\u2019inscription : 26 janvier 2024, \u00e0 8h30<\/strong><\/p>\n\n\n\n<p>Vous pouvez consulter la programmation en ligne et dresser votre liste de conf\u00e9rences favorites.<\/p>\n\n\n\n<figure class=\"wp-block-image\"><img decoding=\"async\" src=\"https:\/\/jdiq.ca\/wp-content\/uploads\/2022\/01\/cam-icon.png\" alt=\"\" class=\"wp-image-37368\" title=\"cam-icon\"\/><\/figure>\n\n\n\n<div class=\"wp-block-buttons is-layout-flex wp-block-buttons-is-layout-flex\">\n<div class=\"wp-block-button\"><a class=\"wp-block-button__link wp-element-button\" href=\"https:\/\/dentoform.ca\/\" target=\"_blank\" rel=\"noreferrer noopener\">Achetez des enregistrements<\/a><\/div>\n<\/div>\n\n\n\n<p>Les enregistrements des JDIQ 2023 sont disponibles \u00e0 l\u2019achat sur la plateforme Dentoform.<\/p>\n\n\n\n<h2 class=\"wp-block-heading is-style-small\"><strong>Frais d&#8217;inscription 2024<\/strong><\/h2>\n\n\n\n<figure class=\"wp-block-image\"><img decoding=\"async\" src=\"https:\/\/jdiq.ca\/wp-content\/uploads\/2024\/03\/Capture-decran-le-2024-03-27-a-16.05.14.png\" alt=\"\" class=\"wp-image-56761\" title=\"\"\/><\/figure>\n\n\n\n<p>* Veuillez \u00e9crire \u00e0&nbsp;<a href=\"mailto:inscription@odq.qc.ca\" target=\"_blank\" rel=\"noreferrer noopener\">inscription@odq.qc.ca<\/a><\/p>\n\n\n\n<p>En tout temps, pour les cours en pr\u00e9congr\u00e8s, il n\u2019est pas permis de substituer le nom d\u2019un(e) participant(e) pour le nom d\u2019une autre personne.<\/p>\n\n\n\n<p><strong>POLITIQUE DE REMBOURSEMENT<\/strong><\/p>\n\n\n\n<p><strong>Jusqu\u2019au 31 mars 2024&nbsp;<\/strong>: 90% des frais seront rembours\u00e9s<br><strong>Du 1er avril au 21 avril 2024&nbsp;<\/strong>: 80% des frais seront rembours\u00e9s<br><strong>Apr\u00e8s le 21 avril 2024&nbsp;<\/strong>: aucun remboursement<\/p>\n\n\n\n<p><strong>Sous toutes r\u00e9serves&nbsp;<\/strong>\u2013 Toute demande, avec pi\u00e8ce justificative, devra \u00eatre achemin\u00e9e par \u00e9crit \u00e0&nbsp;<strong><a href=\"mailto:inscription@odq.qc.ca\" target=\"_blank\" rel=\"noreferrer noopener\">inscription@odq.qc.ca<\/a><\/strong>&nbsp;dans les dix jours suivant la tenue du congr\u00e8s.<\/p>\n\n\n\n<hr class=\"wp-block-separator has-alpha-channel-opacity\"\/>\n\n\n\n<h2 class=\"wp-block-heading is-style-small\"><strong>Registration<\/strong><\/h2>\n\n\n\n<p><strong>The official opening date for registration is: January 26, 2024 at 8:30 a.m.<\/strong><\/p>\n\n\n\n<p>You can browse the online program and draw up your list of favorite speakers.<\/p>\n\n\n\n<figure class=\"wp-block-image\"><img decoding=\"async\" src=\"https:\/\/jdiq.ca\/wp-content\/uploads\/2022\/01\/cam-icon.png\" alt=\"\" class=\"wp-image-37368\" title=\"cam-icon\"\/><\/figure>\n\n\n\n<div class=\"wp-block-buttons is-layout-flex wp-block-buttons-is-layout-flex\">\n<div class=\"wp-block-button\"><a class=\"wp-block-button__link wp-element-button\" href=\"https:\/\/dentoform.ca\/\" target=\"_blank\" rel=\"noopener\">Buy the recordings<\/a><\/div>\n<\/div>\n\n\n\n<p>The JDIQ 2023 recordings are available for purchase on Dentoform.<\/p>\n\n\n\n<h2 class=\"wp-block-heading is-style-small\"><strong>2024 registration fees<\/strong><\/h2>\n\n\n\n<figure class=\"wp-block-image\"><img decoding=\"async\" src=\"https:\/\/jdiq.ca\/wp-content\/uploads\/2024\/03\/Capture-decran-le-2024-03-27-a-16.06.16.png\" alt=\"\" class=\"wp-image-56762\" title=\"\"\/><\/figure>\n\n\n\n<p>*Please write to&nbsp;<a href=\"mailto:inscription@odq.qc.ca\" target=\"_blank\" rel=\"noreferrer noopener\">inscription@odq.qc.ca<\/a><\/p>\n\n\n\n<p>At all times, for pre-congress courses, it is not permitted to substitute one participant\u2019s name for another person\u2019s name.<\/p>\n\n\n\n<p><strong>REFUND POLICY<\/strong><\/p>\n\n\n\n<p><strong>Until March 31, 2024:&nbsp;<\/strong>90% of fees will be refunded<strong><br><\/strong><strong>From April 1 to 21, 2024:&nbsp;<\/strong>80% of fees will be refunded<strong><br><\/strong><strong>After April 21, 2024<\/strong>: No refund<\/p>\n\n\n\n<p><strong>Without prejudice<\/strong>&nbsp;\u2013 All requests, with supporting documentation, must be sent in writing to&nbsp;<strong><a href=\"mailto:inscription@odq.qc.ca\" target=\"_blank\" rel=\"noreferrer noopener\">inscription@odq.qc.ca<\/a><\/strong>&nbsp;within ten days of the conference.<\/p>\n","protected":false},"excerpt":{"rendered":"<p>Inscription Date officielle de l\u2019ouverture de l\u2019inscription : 26 janvier 2024, \u00e0 8h30 Vous pouvez consulter la programmation en ligne et dresser votre liste de conf\u00e9rences favorites. Les enregistrements des JDIQ 2023 sont disponibles \u00e0 l\u2019achat sur la plateforme Dentoform. Frais d&#8217;inscription 2024 * Veuillez \u00e9crire \u00e0&nbsp;inscription@odq.qc.ca En tout temps, pour les cours en pr\u00e9congr\u00e8s,&hellip;<\/p>\n","protected":false},"author":4,"featured_media":0,"parent":0,"menu_order":0,"comment_status":"closed","ping_status":"closed","template":"","meta":{"_acf_changed":false,"_relevanssi_hide_post":"","_relevanssi_hide_content":"","_relevanssi_pin_for_all":"","_relevanssi_pin_keywords":"","_relevanssi_unpin_keywords":"","_relevanssi_related_keywords":"","_relevanssi_related_include_ids":"","_relevanssi_related_exclude_ids":"","_relevanssi_related_no_append":"","_relevanssi_related_not_related":"","_relevanssi_related_posts":"","_relevanssi_noindex_reason":"","wpo365_audiences":[],"wpo365_private":false,"footnotes":""},"class_list":["post-6692","page","type-page","status-publish","hentry"],"acf":[],"_links":{"self":[{"href":"https:\/\/www.odq.wp.vortexdev.com\/en\/wp-json\/wp\/v2\/pages\/6692","targetHints":{"allow":["GET"]}}],"collection":[{"href":"https:\/\/www.odq.wp.vortexdev.com\/en\/wp-json\/wp\/v2\/pages"}],"about":[{"href":"https:\/\/www.odq.wp.vortexdev.com\/en\/wp-json\/wp\/v2\/types\/page"}],"author":[{"embeddable":true,"href":"https:\/\/www.odq.wp.vortexdev.com\/en\/wp-json\/wp\/v2\/users\/4"}],"replies":[{"embeddable":true,"href":"https:\/\/www.odq.wp.vortexdev.com\/en\/wp-json\/wp\/v2\/comments?post=6692"}],"version-history":[{"count":6,"href":"https:\/\/www.odq.wp.vortexdev.com\/en\/wp-json\/wp\/v2\/pages\/6692\/revisions"}],"predecessor-version":[{"id":6712,"href":"https:\/\/www.odq.wp.vortexdev.com\/en\/wp-json\/wp\/v2\/pages\/6692\/revisions\/6712"}],"wp:attachment":[{"href":"https:\/\/www.odq.wp.vortexdev.com\/en\/wp-json\/wp\/v2\/media?parent=6692"}],"curies":[{"name":"wp","href":"https:\/\/api.w.org\/{rel}","templated":true}]}}