{"id":6522,"date":"2024-04-22T13:13:10","date_gmt":"2024-04-22T17:13:10","guid":{"rendered":"https:\/\/www.odq.wp.vortexdev.com\/?page_id=6522"},"modified":"2024-05-08T09:47:06","modified_gmt":"2024-05-08T13:47:06","slug":"trousse-durgence-rappel-des-standards-de-pratique","status":"publish","type":"page","link":"https:\/\/www.odq.wp.vortexdev.com\/en\/trousse-durgence-rappel-des-standards-de-pratique\/","title":{"rendered":"Trousse d&#8217;urgence : rappel des standards de pratique"},"content":{"rendered":"\n<p class=\"has-large-font-size\">Durant les visites d\u2019inspection g\u00e9n\u00e9rale, l\u2019\u00e9quipe des services professionnels note souvent les m\u00eames points d\u2019am\u00e9lioration pouvant facilement \u00eatre rectifi\u00e9s.<br><br>Rappelons que le respect des normes en vigueur en lien avec la trousse d\u2019urgence dans votre cabinet contribue \u00e0 accro\u00eetre la protection du public et \u00e0 assurer une pratique exemplaire de la m\u00e9decine dentaire!<\/p>\n\n\n\n<div class=\"wp-block-group is-nowrap is-layout-flex wp-container-core-group-is-layout-6c531013 wp-block-group-is-layout-flex\">\n<figure class=\"wp-block-image size-full is-resized\"><img decoding=\"async\" width=\"72\" height=\"72\" src=\"https:\/\/www.odq.wp.vortexdev.com\/wp-content\/uploads\/2024\/03\/lightbulb2-e1711047596648.png\" alt=\"\" class=\"wp-image-6365\" style=\"object-fit:contain;width:50px;height:50px\"\/><\/figure>\n\n\n\n<h2 class=\"wp-block-heading is-style-small\"><strong>Saviez-vous que?<\/strong><\/h2>\n<\/div>\n\n\n\n<ul class=\"wp-block-list\">\n<li class=\"has-medium-font-size\">Pr\u00e8s de <strong>40%<\/strong> des membres visit\u00e9s ne conservent pas la trousse d\u2019urgence dans un endroit facile d\u2019acc\u00e8s et ne s\u2019assurent pas qu\u2019elle est facilement transportable avec tous les \u00e9l\u00e9ments qu\u2019elle comprend, \u00e0 l\u2019exception du d\u00e9fibrillateur externe automatis\u00e9 (DEA) et du cylindre d\u2019oxyg\u00e8ne.<\/li>\n<\/ul>\n\n\n\n<ul class=\"wp-block-list\">\n<li>Plus de <strong>30%<\/strong> de nos inspections r\u00e9v\u00e8lent que le dentiste et le personnel du cabinet dentaire ne connaissent pas les \u00e9l\u00e9ments constituant la trousse d\u2019urgence. De plus, ils ne sont pas familiers avec leur mode d\u2019utilisation et ne s\u2019assurent pas r\u00e9guli\u00e8rement de leur bon fonctionnement.<\/li>\n<\/ul>\n\n\n\n<p>Par ailleurs, plusieurs cabinets ne poss\u00e8dent pas l\u2019ensemble des m\u00e9dicaments et \u00e9quipements requis conform\u00e9ment au guide de 2018. Pour en apprendre davantage sur votre trousse d\u2019urgence, ainsi que les protocoles \u00e0 suivre en situation d\u2019urgence, nous vous invitons \u00e0 visiter ces pages&nbsp;:<\/p>\n\n\n<section id=block_489880057736779f714947ac31243cf6 class=\"useful-links theme-block aligndefault\">\n      <h5 class=\"useful-links__title\">Liens utiles<\/h5>\n    <div class=\"useful-links__container\">\n          <a href='https:\/\/www.odq.wp.vortexdev.com\/wp-content\/uploads\/2023\/01\/ODQ_Trousse-urgence-cabinet-dentaire.pdf' target='_blank' class=\"useful-link arrow-link\" rel=\"noopener noreferrer\">Trousse d&#8217;urgence de base en cabinet dentaire<\/a>          <a href='https:\/\/www.odq.wp.vortexdev.com\/wp-content\/uploads\/2023\/01\/ODQ-Standard-pratique_Protocoles-situations-urgence.pdf' target='_blank' class=\"useful-link arrow-link\" rel=\"noopener noreferrer\">Protocoles situations d&#8217;urgence<\/a>          <a href='https:\/\/www.odq.wp.vortexdev.com\/wp-content\/uploads\/2023\/01\/ODQ-Standard-pratique_Guide-exercice-trousse-protocoles-urgence.pdf' target='_blank' class=\"useful-link arrow-link\" rel=\"noopener noreferrer\">Guide d&#8217;exercice &#8211; Trousse et protocoles en cas d&#8217;urgence<\/a>      <\/div>\n<\/section>\n\n\n\n<hr class=\"wp-block-separator has-alpha-channel-opacity\"\/>\n","protected":false},"excerpt":{"rendered":"<p>Durant les visites d\u2019inspection g\u00e9n\u00e9rale, l\u2019\u00e9quipe des services professionnels note souvent les m\u00eames points d\u2019am\u00e9lioration pouvant facilement \u00eatre rectifi\u00e9s. Rappelons que le respect des normes en vigueur en lien avec la trousse d\u2019urgence dans votre cabinet contribue \u00e0 accro\u00eetre la protection du public et \u00e0 assurer une pratique exemplaire de la m\u00e9decine dentaire! Saviez-vous que?&hellip;<\/p>\n","protected":false},"author":4,"featured_media":0,"parent":0,"menu_order":0,"comment_status":"closed","ping_status":"closed","template":"","meta":{"_acf_changed":false,"_relevanssi_hide_post":"","_relevanssi_hide_content":"","_relevanssi_pin_for_all":"","_relevanssi_pin_keywords":"","_relevanssi_unpin_keywords":"","_relevanssi_related_keywords":"","_relevanssi_related_include_ids":"","_relevanssi_related_exclude_ids":"","_relevanssi_related_no_append":"","_relevanssi_related_not_related":"","_relevanssi_related_posts":"398,347,5340,244,381,372","_relevanssi_noindex_reason":"","wpo365_audiences":[],"wpo365_private":false,"footnotes":""},"class_list":["post-6522","page","type-page","status-publish","hentry"],"acf":[],"_links":{"self":[{"href":"https:\/\/www.odq.wp.vortexdev.com\/en\/wp-json\/wp\/v2\/pages\/6522","targetHints":{"allow":["GET"]}}],"collection":[{"href":"https:\/\/www.odq.wp.vortexdev.com\/en\/wp-json\/wp\/v2\/pages"}],"about":[{"href":"https:\/\/www.odq.wp.vortexdev.com\/en\/wp-json\/wp\/v2\/types\/page"}],"author":[{"embeddable":true,"href":"https:\/\/www.odq.wp.vortexdev.com\/en\/wp-json\/wp\/v2\/users\/4"}],"replies":[{"embeddable":true,"href":"https:\/\/www.odq.wp.vortexdev.com\/en\/wp-json\/wp\/v2\/comments?post=6522"}],"version-history":[{"count":6,"href":"https:\/\/www.odq.wp.vortexdev.com\/en\/wp-json\/wp\/v2\/pages\/6522\/revisions"}],"predecessor-version":[{"id":6672,"href":"https:\/\/www.odq.wp.vortexdev.com\/en\/wp-json\/wp\/v2\/pages\/6522\/revisions\/6672"}],"wp:attachment":[{"href":"https:\/\/www.odq.wp.vortexdev.com\/en\/wp-json\/wp\/v2\/media?parent=6522"}],"curies":[{"name":"wp","href":"https:\/\/api.w.org\/{rel}","templated":true}]}}