{"id":6334,"date":"2024-03-21T14:08:28","date_gmt":"2024-03-21T18:08:28","guid":{"rendered":"https:\/\/www.odq.wp.vortexdev.com\/?page_id=6334"},"modified":"2024-04-02T11:16:13","modified_gmt":"2024-04-02T15:16:13","slug":"dentisterie-operatoire-rappel-des-standards-de-pratique","status":"publish","type":"page","link":"https:\/\/www.odq.wp.vortexdev.com\/en\/dentisterie-operatoire-rappel-des-standards-de-pratique\/","title":{"rendered":"Dentisterie op\u00e9ratoire : rappel des standards de pratique"},"content":{"rendered":"\n<p class=\"has-large-font-size\">Durant les visites d\u2019inspection g\u00e9n\u00e9rale, l\u2019\u00e9quipe des services professionnels note souvent les m\u00eames points d\u2019am\u00e9lioration pouvant facilement \u00eatre rectifi\u00e9s.<br><br>Rappelons que le respect des normes en vigueur en mati\u00e8re de dentisterie op\u00e9ratoire contribue \u00e0 accro\u00eetre la protection du public et \u00e0 assurer une pratique exemplaire de la m\u00e9decine dentaire!<\/p>\n\n\n\n<div class=\"wp-block-group is-nowrap is-layout-flex wp-container-core-group-is-layout-6c531013 wp-block-group-is-layout-flex\">\n<figure class=\"wp-block-image size-full is-resized\"><img decoding=\"async\" width=\"72\" height=\"72\" src=\"https:\/\/www.odq.wp.vortexdev.com\/wp-content\/uploads\/2024\/03\/lightbulb2-e1711047596648.png\" alt=\"\" class=\"wp-image-6365\" style=\"object-fit:contain;width:50px;height:50px\"\/><\/figure>\n\n\n\n<h2 class=\"wp-block-heading is-style-small\"><strong>Saviez-vous que?<\/strong><\/h2>\n<\/div>\n\n\n\n<ul class=\"wp-block-list\">\n<li class=\"has-medium-font-size\"><strong>65 % <\/strong>des membres visit\u00e9s oublient :\n<ul class=\"wp-block-list\">\n<li>D\u2019inscrire les facteurs du risque carieux lors de chaque examen (p. ex. l\u2019alimentation, les habitudes d\u2019hygi\u00e8ne, la fr\u00e9quence des visites, la m\u00e9dication, le tabagisme, la quantit\u00e9 de plaque et de saignement, etc.);<\/li>\n\n\n\n<li>De consigner au dossier les adjuvants prescrits aux fins de remin\u00e9ralisation;<\/li>\n\n\n\n<li>De pr\u00e9ciser, lors de la pose d\u2019un diagnostic de l\u00e9sion carieuse, la s\u00e9v\u00e9rit\u00e9 et l\u2019activit\u00e9 carieuse.<\/li>\n<\/ul>\n<\/li>\n<\/ul>\n\n\n\n<ul class=\"wp-block-list\">\n<li>Plus de <strong>40 %<\/strong> des membres inspect\u00e9s ne consid\u00e8rent pas la remin\u00e9ralisation des l\u00e9sions carieuses d\u00e9butantes lors du choix de plan de traitement. Il est important de souligner que seules les l\u00e9sions actives et cavitaires requi\u00e8rent une approche chirurgicale.&nbsp;<\/li>\n<\/ul>\n\n\n\n<ul class=\"wp-block-list\">\n<li>Pr\u00e8s de <strong>30 %<\/strong> ne mettent en application aucun des principes de gestion contemporaine du risque carieux.&nbsp;<\/li>\n<\/ul>\n\n\n<section class=\"message theme-block theme-block--innerblock aligndefault notice--information\">\n<span class=\"theme-block__label\">Message<\/span>\n  <div class=\"message__content\">\n\n  \n    \n\n<p class=\"has-medium-font-size\">Il est vivement recommand\u00e9 aux dentistes de suivre la formation du D<sup>r<\/sup> Eduard Epure sur Dentoform, <a href=\"https:\/\/dentoform.ca\/Web\/MyCatalog\/ViewP?pid=9tmgrGZzfp8dSpE0tz3tgQ%3d%3d&amp;id=979w2y%2fL4%2fzdyEbFezAyAw%3d%3d\" target=\"_blank\" rel=\"noreferrer noopener\">Nouvelle classification et gestion de la carie dentaire<\/a>. Les principes abord\u00e9s constituent d\u00e9sormais les normes attendues en mati\u00e8re de gestion des l\u00e9sions carieuses.<\/p>\n\n\n  <\/div>\n\n<\/section>\n\n\n\n<hr class=\"wp-block-separator has-alpha-channel-opacity\"\/>\n","protected":false},"excerpt":{"rendered":"<p>Durant les visites d\u2019inspection g\u00e9n\u00e9rale, l\u2019\u00e9quipe des services professionnels note souvent les m\u00eames points d\u2019am\u00e9lioration pouvant facilement \u00eatre rectifi\u00e9s. Rappelons que le respect des normes en vigueur en mati\u00e8re de dentisterie op\u00e9ratoire contribue \u00e0 accro\u00eetre la protection du public et \u00e0 assurer une pratique exemplaire de la m\u00e9decine dentaire! Saviez-vous que?<\/p>\n","protected":false},"author":4,"featured_media":0,"parent":0,"menu_order":0,"comment_status":"closed","ping_status":"closed","template":"","meta":{"_acf_changed":false,"_relevanssi_hide_post":"","_relevanssi_hide_content":"","_relevanssi_pin_for_all":"","_relevanssi_pin_keywords":"","_relevanssi_unpin_keywords":"","_relevanssi_related_keywords":"","_relevanssi_related_include_ids":"","_relevanssi_related_exclude_ids":"","_relevanssi_related_no_append":"","_relevanssi_related_not_related":"","_relevanssi_related_posts":"398,347,5340,244,381,372","_relevanssi_noindex_reason":"","wpo365_audiences":[],"wpo365_private":false,"footnotes":""},"class_list":["post-6334","page","type-page","status-publish","hentry"],"acf":[],"_links":{"self":[{"href":"https:\/\/www.odq.wp.vortexdev.com\/en\/wp-json\/wp\/v2\/pages\/6334","targetHints":{"allow":["GET"]}}],"collection":[{"href":"https:\/\/www.odq.wp.vortexdev.com\/en\/wp-json\/wp\/v2\/pages"}],"about":[{"href":"https:\/\/www.odq.wp.vortexdev.com\/en\/wp-json\/wp\/v2\/types\/page"}],"author":[{"embeddable":true,"href":"https:\/\/www.odq.wp.vortexdev.com\/en\/wp-json\/wp\/v2\/users\/4"}],"replies":[{"embeddable":true,"href":"https:\/\/www.odq.wp.vortexdev.com\/en\/wp-json\/wp\/v2\/comments?post=6334"}],"version-history":[{"count":8,"href":"https:\/\/www.odq.wp.vortexdev.com\/en\/wp-json\/wp\/v2\/pages\/6334\/revisions"}],"predecessor-version":[{"id":6415,"href":"https:\/\/www.odq.wp.vortexdev.com\/en\/wp-json\/wp\/v2\/pages\/6334\/revisions\/6415"}],"wp:attachment":[{"href":"https:\/\/www.odq.wp.vortexdev.com\/en\/wp-json\/wp\/v2\/media?parent=6334"}],"curies":[{"name":"wp","href":"https:\/\/api.w.org\/{rel}","templated":true}]}}