{"id":6014,"date":"2024-01-25T15:11:09","date_gmt":"2024-01-25T19:11:09","guid":{"rendered":"https:\/\/www.odq.wp.vortexdev.com\/?page_id=6014"},"modified":"2024-09-30T13:26:44","modified_gmt":"2024-09-30T17:26:44","slug":"lignes-directrices-sur-la-prevention-et-controle-des-infections-et-le-retraitement-des-dispositifs-medicaux","status":"publish","type":"page","link":"https:\/\/www.odq.wp.vortexdev.com\/en\/accueil\/lignes-directrices-sur-la-prevention-et-controle-des-infections-et-le-retraitement-des-dispositifs-medicaux\/","title":{"rendered":"Pr\u00e9vention et contr\u00f4le des infections et retraitement des dispositifs m\u00e9dicaux"},"content":{"rendered":"\n<h4 class=\"wp-block-heading\"><strong>Foire aux questions<\/strong><br>Lignes directrices sur la pr\u00e9vention et le contr\u00f4le des infections et le retraitement des dispositifs m\u00e9dicaux<\/h4>\n","protected":false},"excerpt":{"rendered":"<p>Foire aux questionsLignes directrices sur la pr\u00e9vention et le contr\u00f4le des infections et le retraitement des dispositifs m\u00e9dicaux<\/p>\n","protected":false},"author":4,"featured_media":0,"parent":6,"menu_order":0,"comment_status":"closed","ping_status":"closed","template":"template-faq.php","meta":{"_acf_changed":false,"_relevanssi_hide_post":"","_relevanssi_hide_content":"","_relevanssi_pin_for_all":"","_relevanssi_pin_keywords":"","_relevanssi_unpin_keywords":"","_relevanssi_related_keywords":"","_relevanssi_related_include_ids":"","_relevanssi_related_exclude_ids":"","_relevanssi_related_no_append":"","_relevanssi_related_not_related":"","_relevanssi_related_posts":"398,287,293,244,347,381","_relevanssi_noindex_reason":"","wpo365_audiences":[],"wpo365_private":false,"footnotes":""},"class_list":["post-6014","page","type-page","status-publish","hentry"],"acf":[],"_links":{"self":[{"href":"https:\/\/www.odq.wp.vortexdev.com\/en\/wp-json\/wp\/v2\/pages\/6014","targetHints":{"allow":["GET"]}}],"collection":[{"href":"https:\/\/www.odq.wp.vortexdev.com\/en\/wp-json\/wp\/v2\/pages"}],"about":[{"href":"https:\/\/www.odq.wp.vortexdev.com\/en\/wp-json\/wp\/v2\/types\/page"}],"author":[{"embeddable":true,"href":"https:\/\/www.odq.wp.vortexdev.com\/en\/wp-json\/wp\/v2\/users\/4"}],"replies":[{"embeddable":true,"href":"https:\/\/www.odq.wp.vortexdev.com\/en\/wp-json\/wp\/v2\/comments?post=6014"}],"version-history":[{"count":7,"href":"https:\/\/www.odq.wp.vortexdev.com\/en\/wp-json\/wp\/v2\/pages\/6014\/revisions"}],"predecessor-version":[{"id":7868,"href":"https:\/\/www.odq.wp.vortexdev.com\/en\/wp-json\/wp\/v2\/pages\/6014\/revisions\/7868"}],"up":[{"embeddable":true,"href":"https:\/\/www.odq.wp.vortexdev.com\/en\/wp-json\/wp\/v2\/pages\/6"}],"wp:attachment":[{"href":"https:\/\/www.odq.wp.vortexdev.com\/en\/wp-json\/wp\/v2\/media?parent=6014"}],"curies":[{"name":"wp","href":"https:\/\/api.w.org\/{rel}","templated":true}]}}