{"id":5921,"date":"2024-01-12T11:09:30","date_gmt":"2024-01-12T15:09:30","guid":{"rendered":"https:\/\/www.odq.wp.vortexdev.com\/?page_id=5921"},"modified":"2024-07-11T11:45:53","modified_gmt":"2024-07-11T15:45:53","slug":"competences-professionnelles","status":"publish","type":"page","link":"https:\/\/www.odq.wp.vortexdev.com\/en\/dentiste\/pratique-professionnelle\/lignes-directrices-et-guides\/competences-professionnelles\/","title":{"rendered":"Comp\u00e9tences professionnelles"},"content":{"rendered":"<div class=\" block-background theme-block theme-block--innerblock alignfull wave wave--grey\"  \n  >\n    <span class=\"theme-block__label\">Section with background<\/span>\n  \n    \n\n<div class=\"cards-group theme-block alignfull cards-group--3-col\">\n    <span class=\"theme-block__label\">Cards<\/span>\n   \n      <span class=\"cards-group__instructions\">Leave empty for default content. Single cards can be manage directly in the pages it refers to<\/span>\n\n    \n  <div class=\" card-item theme-block card-item--icon-centered\">\n\n \n  \n  <div class=\"card-item__inner\">   \n      <div class=\"card-item__icon\"><img decoding=\"async\" width=\"150\" height=\"150\" src=\"https:\/\/www.odq.wp.vortexdev.com\/wp-content\/uploads\/2024\/01\/profil-150x150.png\" class=\"attachment-thumbnail size-thumbnail\" alt=\"\" \/><\/div>\n        <div class=\"card-item__content-wrapper\">\n              <h3 class=\"card-item__title\">Comp\u00e9tences g\u00e9n\u00e9rales<i aria-hidden=\"true\" class=\"icon icon-arrow\"><\/i><\/h3>\n      \n            <\/div>\n     \n    \n  <\/div>\n  <\/a>\n<\/div>\n\n\n  <div class=\" card-item theme-block card-item--icon-centered\">\n\n \n  \n  <div class=\"card-item__inner\">   \n      <div class=\"card-item__icon\"><img decoding=\"async\" width=\"150\" height=\"150\" src=\"https:\/\/www.odq.wp.vortexdev.com\/wp-content\/uploads\/2024\/01\/competences-1-150x150.png\" class=\"attachment-thumbnail size-thumbnail\" alt=\"\" \/><\/div>\n        <div class=\"card-item__content-wrapper\">\n              <h3 class=\"card-item__title\">Comp\u00e9tences cliniques sp\u00e9cifiques<i aria-hidden=\"true\" class=\"icon icon-arrow\"><\/i><\/h3>\n      \n            <\/div>\n     \n    \n  <\/div>\n  <\/a>\n<\/div>\n\n\n<\/div>\n\n\n\n<\/div>\n\n                    \n","protected":false},"excerpt":{"rendered":"","protected":false},"author":4,"featured_media":0,"parent":285,"menu_order":1,"comment_status":"closed","ping_status":"closed","template":"","meta":{"_acf_changed":false,"_relevanssi_hide_post":"","_relevanssi_hide_content":"","_relevanssi_pin_for_all":"","_relevanssi_pin_keywords":"","_relevanssi_unpin_keywords":"","_relevanssi_related_keywords":"","_relevanssi_related_include_ids":"","_relevanssi_related_exclude_ids":"","_relevanssi_related_no_append":"","_relevanssi_related_not_related":"","_relevanssi_related_posts":"1,37","_relevanssi_noindex_reason":"","wpo365_audiences":[],"wpo365_private":false,"footnotes":""},"class_list":["post-5921","page","type-page","status-publish","hentry"],"acf":[],"_links":{"self":[{"href":"https:\/\/www.odq.wp.vortexdev.com\/en\/wp-json\/wp\/v2\/pages\/5921","targetHints":{"allow":["GET"]}}],"collection":[{"href":"https:\/\/www.odq.wp.vortexdev.com\/en\/wp-json\/wp\/v2\/pages"}],"about":[{"href":"https:\/\/www.odq.wp.vortexdev.com\/en\/wp-json\/wp\/v2\/types\/page"}],"author":[{"embeddable":true,"href":"https:\/\/www.odq.wp.vortexdev.com\/en\/wp-json\/wp\/v2\/users\/4"}],"replies":[{"embeddable":true,"href":"https:\/\/www.odq.wp.vortexdev.com\/en\/wp-json\/wp\/v2\/comments?post=5921"}],"version-history":[{"count":7,"href":"https:\/\/www.odq.wp.vortexdev.com\/en\/wp-json\/wp\/v2\/pages\/5921\/revisions"}],"predecessor-version":[{"id":6928,"href":"https:\/\/www.odq.wp.vortexdev.com\/en\/wp-json\/wp\/v2\/pages\/5921\/revisions\/6928"}],"up":[{"embeddable":true,"href":"https:\/\/www.odq.wp.vortexdev.com\/en\/wp-json\/wp\/v2\/pages\/285"}],"wp:attachment":[{"href":"https:\/\/www.odq.wp.vortexdev.com\/en\/wp-json\/wp\/v2\/media?parent=5921"}],"curies":[{"name":"wp","href":"https:\/\/api.w.org\/{rel}","templated":true}]}}