{"id":5813,"date":"2023-12-14T11:25:41","date_gmt":"2023-12-14T15:25:41","guid":{"rendered":"https:\/\/www.odq.wp.vortexdev.com\/?page_id=5813"},"modified":"2025-06-05T09:40:53","modified_gmt":"2025-06-05T13:40:53","slug":"detention-des-sommes","status":"publish","type":"page","link":"https:\/\/www.odq.wp.vortexdev.com\/en\/dentiste\/pratique-professionnelle\/lignes-directrices-et-guides\/detention-des-sommes\/","title":{"rendered":"D\u00e9tention des sommes"},"content":{"rendered":"\n<p class=\"has-large-font-size\">Le 28 septembre 2023, deux r\u00e8glements sont entr\u00e9s en vigueur : Le <em><strong>R\u00e8glement sur la d\u00e9tention des sommes par les dentistes<\/strong><\/em> et le <em><strong>R\u00e8glement sur le Fonds d\u2019indemnisation de l\u2019Ordre des dentistes du Qu\u00e9bec<\/strong><\/em>.<\/p>\n\n\n\n<h4 class=\"wp-block-heading\">Ressources<\/h4>\n\n\n\n\n  <section id=block_6fe4903731ca389eea89317e1c6164bf class=\"documents-block theme-block aligndefault\">\n          <a href=\"https:\/\/www.odq.wp.vortexdev.com\/wp-content\/uploads\/2023\/12\/Reglement-detention-sommes.pdf\" target=\"_blank\" aria-label=\"Consult the document R\u00e8glement sur la d\u00e9tention des sommes par les dentistes. The document will open in a new tab\" class=\"document-item\">\n        <div class=\"document-item__infos\">\n          <p class=\"document-item__title\">\n                          R\u00e8glement sur la d\u00e9tention des sommes par les dentistes                      <\/p>\n                 \n        <\/div>  \n        <span class=\"document-item__date\">\n                  <\/span>\n    \n                  <div class=\"document-item__button btn btn--outline\"><span><i class=\"icon icon-download\" aria-hidden=\"true\"><\/i>Consult<\/span><\/div>\n               \n      <\/a>\n          <a href=\"https:\/\/www.odq.wp.vortexdev.com\/wp-content\/uploads\/2023\/12\/Reglement-Fonds-indemnisation.pdf\" target=\"_blank\" aria-label=\"Consult the document R\u00e8glement sur le Fonds d\u2019indemnisation de l\u2019Ordre des dentistes du Qu\u00e9bec. The document will open in a new tab\" class=\"document-item\">\n        <div class=\"document-item__infos\">\n          <p class=\"document-item__title\">\n                          R\u00e8glement sur le Fonds d\u2019indemnisation de l\u2019Ordre des dentistes du Qu\u00e9bec                      <\/p>\n                 \n        <\/div>  \n        <span class=\"document-item__date\">\n                  <\/span>\n    \n                  <div class=\"document-item__button btn btn--outline\"><span><i class=\"icon icon-download\" aria-hidden=\"true\"><\/i>Consult<\/span><\/div>\n               \n      <\/a>\n          <a href=\"http:\/\/www.odq.qc.ca\/grand-public\/reglement-sur-la-detention-des-sommes-par-les-dentistes\/\" target=\"_blank\" aria-label=\"Consult the document Foire aux questions. The document will open in a new tab\" class=\"document-item\" rel=\"noopener\">\n        <div class=\"document-item__infos\">\n          <p class=\"document-item__title\">\n                          Foire aux questions                      <\/p>\n                 \n        <\/div>  \n        <span class=\"document-item__date\">\n                  <\/span>\n    \n                  <div class=\"document-item__button btn btn--outline\"><span><i class=\"icon icon-download\" aria-hidden=\"true\"><\/i>Consult<\/span><\/div>\n               \n      <\/a>\n          <a href=\"https:\/\/www.odq.wp.vortexdev.com\/wp-content\/uploads\/2023\/12\/ODQ_Modele-registre-sommes-detenues.pdf\" target=\"_blank\" aria-label=\"Consult the document Mod\u00e8le de registre des sommes d\u00e9tenues \u00e0 titre d\u2019avances d\u2019honoraires. The document will open in a new tab\" class=\"document-item\">\n        <div class=\"document-item__infos\">\n          <p class=\"document-item__title\">\n                          Mod\u00e8le de registre des sommes d\u00e9tenues \u00e0 titre d\u2019avances d\u2019honoraires                      <\/p>\n                 \n        <\/div>  \n        <span class=\"document-item__date\">\n                  <\/span>\n    \n                  <div class=\"document-item__button btn btn--outline\"><span><i class=\"icon icon-download\" aria-hidden=\"true\"><\/i>Consult<\/span><\/div>\n               \n      <\/a>\n      <\/section>\n\n\n\n<h4 class=\"wp-block-heading\">Formation<\/h4>\n\n\n<section class=\"message theme-block theme-block--innerblock aligndefault notice--information\">\n<span class=\"theme-block__label\">Message<\/span>\n  <div class=\"message__content\">\n\n  \n    \n\n<p><strong>Une formation portant sur le sujet est \u00e9galement disponible sur Dentoform. <\/strong>Elle vise \u00e0 d\u00e9mystifier ce r\u00e8glement et \u00e0 comprendre comment l\u2019appliquer dans la gestion quotidienne d\u2019une clinique dentaire.<\/p>\n\n\n  <\/div>\n\n<\/section>\n\n\n\n<div class=\"wp-block-buttons is-layout-flex wp-block-buttons-is-layout-flex\">\n<div class=\"wp-block-button\"><a class=\"wp-block-button__link wp-element-button\" href=\"https:\/\/dentoform.ca\/Web\/MyCatalog\/ViewP?pid=9tmgrGZzfp8dSpE0tz3tgQ%3d%3d&amp;id=%2bhm1lN3Ena9Y4nrY0Gl4Ww%3d%3d\" target=\"_blank\" rel=\"noreferrer noopener\">En savoir plus sur la formation<\/a><\/div>\n<\/div>\n\n\n\n<h2 class=\"wp-block-heading is-style-small has-primary-color has-text-color\"><strong>Des questions?<\/strong><\/h2>\n\n\n\n<ul class=\"wp-block-list\">\n<li><a href=\"mailto:info_syndic@odq.qc.ca\">info_syndic@odq.qc.ca<\/a><\/li>\n\n\n\n<li><strong>514 875-8511, poste 2270<\/strong><\/li>\n<\/ul>\n","protected":false},"excerpt":{"rendered":"<p>Le 28 septembre 2023, deux r\u00e8glements sont entr\u00e9s en vigueur : Le R\u00e8glement sur la d\u00e9tention des sommes par les dentistes et le R\u00e8glement sur le Fonds d\u2019indemnisation de l\u2019Ordre des dentistes du Qu\u00e9bec. Ressources Formation Des questions?<\/p>\n","protected":false},"author":4,"featured_media":0,"parent":285,"menu_order":3,"comment_status":"closed","ping_status":"closed","template":"template-page-with-sidebar.php","meta":{"_acf_changed":false,"_relevanssi_hide_post":"","_relevanssi_hide_content":"","_relevanssi_pin_for_all":"","_relevanssi_pin_keywords":"","_relevanssi_unpin_keywords":"","_relevanssi_related_keywords":"","_relevanssi_related_include_ids":"","_relevanssi_related_exclude_ids":"","_relevanssi_related_no_append":"","_relevanssi_related_not_related":"","_relevanssi_related_posts":"37,1","_relevanssi_noindex_reason":"","wpo365_audiences":[],"wpo365_private":false,"footnotes":""},"class_list":["post-5813","page","type-page","status-publish","hentry"],"acf":[],"_links":{"self":[{"href":"https:\/\/www.odq.wp.vortexdev.com\/en\/wp-json\/wp\/v2\/pages\/5813","targetHints":{"allow":["GET"]}}],"collection":[{"href":"https:\/\/www.odq.wp.vortexdev.com\/en\/wp-json\/wp\/v2\/pages"}],"about":[{"href":"https:\/\/www.odq.wp.vortexdev.com\/en\/wp-json\/wp\/v2\/types\/page"}],"author":[{"embeddable":true,"href":"https:\/\/www.odq.wp.vortexdev.com\/en\/wp-json\/wp\/v2\/users\/4"}],"replies":[{"embeddable":true,"href":"https:\/\/www.odq.wp.vortexdev.com\/en\/wp-json\/wp\/v2\/comments?post=5813"}],"version-history":[{"count":8,"href":"https:\/\/www.odq.wp.vortexdev.com\/en\/wp-json\/wp\/v2\/pages\/5813\/revisions"}],"predecessor-version":[{"id":10419,"href":"https:\/\/www.odq.wp.vortexdev.com\/en\/wp-json\/wp\/v2\/pages\/5813\/revisions\/10419"}],"up":[{"embeddable":true,"href":"https:\/\/www.odq.wp.vortexdev.com\/en\/wp-json\/wp\/v2\/pages\/285"}],"wp:attachment":[{"href":"https:\/\/www.odq.wp.vortexdev.com\/en\/wp-json\/wp\/v2\/media?parent=5813"}],"curies":[{"name":"wp","href":"https:\/\/api.w.org\/{rel}","templated":true}]}}