{"id":5723,"date":"2023-11-29T15:30:10","date_gmt":"2023-11-29T19:30:10","guid":{"rendered":"https:\/\/www.odq.wp.vortexdev.com\/?page_id=5723"},"modified":"2024-02-21T14:37:31","modified_gmt":"2024-02-21T18:37:31","slug":"reglement-sur-la-detention-des-sommes-par-les-dentistes","status":"publish","type":"page","link":"https:\/\/www.odq.wp.vortexdev.com\/en\/dentiste\/pratique-professionnelle\/lignes-directrices-et-guides\/detention-des-sommes\/reglement-sur-la-detention-des-sommes-par-les-dentistes\/","title":{"rendered":"R\u00e8glement sur la d\u00e9tention des sommes par les dentistes"},"content":{"rendered":"\n<p>Le nouveau R\u00e8glement sur la d\u00e9tention des sommes par les dentistes est entr\u00e9 en vigueur le 28&nbsp;septembre dernier. Ce r\u00e8glement permet dor\u00e9navant aux dentistes de d\u00e9tenir des sommes pour le compte d\u2019un client, sous forme d\u2019avances, afin de couvrir des honoraires et des frais pour des services professionnels non encore effectu\u00e9s.<\/p>\n\n\n\n<p>En compl\u00e9ment \u00e0 ce r\u00e8glement est \u00e9galement entr\u00e9 en vigueur, le 28&nbsp;septembre 2023, le R\u00e8glement sur le fonds d\u2019indemnisation de l\u2019Ordre des dentistes du Qu\u00e9bec.<\/p>\n\n\n\n<p>Ces r\u00e8glements ont \u00e9t\u00e9 r\u00e9dig\u00e9s en tenant compte des exigences pr\u00e9vues aux articles&nbsp;89 et 89.1 du Code des professions. Par ailleurs, afin de favoriser la souplesse quant \u00e0 la gestion des avances, les conditions fix\u00e9es par le R\u00e8glement sur la d\u00e9tention des sommes par les dentistes permettent de d\u00e9tenir des sommes dans un <strong>compte sp\u00e9cifiquement ouvert \u00e0 cette fin<\/strong>,sans \u00eatre tenu aux r\u00e8gles plus contraignantes qui s\u2019appliquent aux comptes en fid\u00e9icommis, comme c\u2019est le cas pour d\u2019autres professionnels. Il s\u2019agit donc d\u2019un compte distinct de celui utilis\u00e9 pour les transactions personnelles ou professionnelles des dentistes ou pour les activit\u00e9s courantes d\u2019une clinique.<\/p>\n","protected":false},"excerpt":{"rendered":"<p>Le nouveau R\u00e8glement sur la d\u00e9tention des sommes par les dentistes est entr\u00e9 en vigueur le 28&nbsp;septembre dernier. Ce r\u00e8glement permet dor\u00e9navant aux dentistes de d\u00e9tenir des sommes pour le compte d\u2019un client, sous forme d\u2019avances, afin de couvrir des honoraires et des frais pour des services professionnels non encore effectu\u00e9s. En compl\u00e9ment \u00e0 ce&hellip;<\/p>\n","protected":false},"author":4,"featured_media":0,"parent":5813,"menu_order":1,"comment_status":"closed","ping_status":"closed","template":"template-faq.php","meta":{"_acf_changed":false,"_relevanssi_hide_post":"","_relevanssi_hide_content":"","_relevanssi_pin_for_all":"","_relevanssi_pin_keywords":"","_relevanssi_unpin_keywords":"","_relevanssi_related_keywords":"","_relevanssi_related_include_ids":"","_relevanssi_related_exclude_ids":"","_relevanssi_related_no_append":"","_relevanssi_related_not_related":"","_relevanssi_related_posts":"37,1","_relevanssi_noindex_reason":"","wpo365_audiences":[],"wpo365_private":false,"footnotes":""},"class_list":["post-5723","page","type-page","status-publish","hentry"],"acf":[],"_links":{"self":[{"href":"https:\/\/www.odq.wp.vortexdev.com\/en\/wp-json\/wp\/v2\/pages\/5723","targetHints":{"allow":["GET"]}}],"collection":[{"href":"https:\/\/www.odq.wp.vortexdev.com\/en\/wp-json\/wp\/v2\/pages"}],"about":[{"href":"https:\/\/www.odq.wp.vortexdev.com\/en\/wp-json\/wp\/v2\/types\/page"}],"author":[{"embeddable":true,"href":"https:\/\/www.odq.wp.vortexdev.com\/en\/wp-json\/wp\/v2\/users\/4"}],"replies":[{"embeddable":true,"href":"https:\/\/www.odq.wp.vortexdev.com\/en\/wp-json\/wp\/v2\/comments?post=5723"}],"version-history":[{"count":5,"href":"https:\/\/www.odq.wp.vortexdev.com\/en\/wp-json\/wp\/v2\/pages\/5723\/revisions"}],"predecessor-version":[{"id":5747,"href":"https:\/\/www.odq.wp.vortexdev.com\/en\/wp-json\/wp\/v2\/pages\/5723\/revisions\/5747"}],"up":[{"embeddable":true,"href":"https:\/\/www.odq.wp.vortexdev.com\/en\/wp-json\/wp\/v2\/pages\/5813"}],"wp:attachment":[{"href":"https:\/\/www.odq.wp.vortexdev.com\/en\/wp-json\/wp\/v2\/media?parent=5723"}],"curies":[{"name":"wp","href":"https:\/\/api.w.org\/{rel}","templated":true}]}}