{"id":5640,"date":"2023-11-14T12:45:16","date_gmt":"2023-11-14T16:45:16","guid":{"rendered":"https:\/\/www.odq.wp.vortexdev.com\/?page_id=5640"},"modified":"2025-08-25T16:30:30","modified_gmt":"2025-08-25T20:30:30","slug":"prix-robert-salois","status":"publish","type":"page","link":"https:\/\/www.odq.wp.vortexdev.com\/en\/lordre\/prix-et-distinctions\/prix-robert-salois\/","title":{"rendered":"Prix Robert-Salois"},"content":{"rendered":"\n<div class=\"wp-block-columns is-layout-flex wp-container-core-columns-is-layout-28f84493 wp-block-columns-is-layout-flex\">\n<div class=\"wp-block-column is-layout-flow wp-block-column-is-layout-flow\" style=\"flex-basis:100%\">\n<div class=\"wp-block-media-text alignwide has-media-on-the-right is-stacked-on-mobile is-vertically-aligned-top\" style=\"grid-template-columns:auto 33%\"><div class=\"wp-block-media-text__content\">\n<p class=\"has-text-align-left has-large-font-size\">Ce prix vise \u00e0 honorer un employ\u00e9, un membre d\u2019un comit\u00e9 ou un b\u00e9n\u00e9vole, dentiste ou non, qui a \u0153uvr\u00e9 au sein de l\u2019Ordre des dentistes et soutenu sa mission par sa contribution exceptionnelle. Son nom, le prix Robert-Salois, a \u00e9t\u00e9 choisi en l\u2019honneur de celui qui a notamment \u00e9t\u00e9 pr\u00e9sident de l\u2019Ordre des dentistes de 1994 \u00e0 2006, pr\u00e9sident de la Fondation de l\u2019Ordre des dentistes du Qu\u00e9bec et membre fondateur de la F\u00e9d\u00e9ration canadienne des organismes de r\u00e9glementation dentaire, qu\u2019il a pr\u00e9sid\u00e9e en 2006.<\/p>\n<\/div><figure class=\"wp-block-media-text__media\"><img decoding=\"async\" width=\"557\" height=\"460\" src=\"https:\/\/www.odq.wp.vortexdev.com\/wp-content\/uploads\/2023\/11\/Prix-Robert-Salois.png\" alt=\"\" class=\"wp-image-5656 size-full\" srcset=\"https:\/\/www.odq.wp.vortexdev.com\/wp-content\/uploads\/2023\/11\/Prix-Robert-Salois.png 557w, https:\/\/www.odq.wp.vortexdev.com\/wp-content\/uploads\/2023\/11\/Prix-Robert-Salois-300x248.png 300w\" sizes=\"(max-width: 557px) 100vw, 557px\" \/><\/figure><\/div>\n<\/div>\n<\/div>\n\n\n\n<div class=\"block-accordions-group theme-block theme-block--innerblock aligndefault\">\n    <span class=\"theme-block__label\">Accordions<\/span>\n  \n    \n<div class=\"block-accordion  theme-block theme-block--innerblock aligndefault\">\n    <span class=\"theme-block__label\">Accordion<\/span>\n    <h3 class=\"block-accordion__title\">R\u00e9cipiendaire 2025 &#8211; Alain Boisvert<\/h3>\n    \n\n<figure class=\"wp-block-image alignright size-full is-resized\"><img decoding=\"async\" width=\"510\" height=\"475\" src=\"https:\/\/www.odq.wp.vortexdev.com\/wp-content\/uploads\/2025\/08\/image-2.png\" alt=\"\" class=\"wp-image-11236\" style=\"width:267px;height:auto\" srcset=\"https:\/\/www.odq.wp.vortexdev.com\/wp-content\/uploads\/2025\/08\/image-2.png 510w, https:\/\/www.odq.wp.vortexdev.com\/wp-content\/uploads\/2025\/08\/image-2-300x279.png 300w\" sizes=\"(max-width: 510px) 100vw, 510px\" \/><\/figure>\n\n\n\n<p><strong>Rigueur et d\u00e9vouement au service d\u2019une grande mission<\/strong><\/p>\n\n\n\n<p>Le prix Robert-Salois 2025 est remis \u00e0 Alain Boisvert, un homme de chiffres au grand c\u0153ur. Administrateur aguerri au sein de l\u2019Ordre, il a mis son expertise financi\u00e8re au service d\u2019une mission bien plus vaste : la protection du public. <\/p>\n\n\n\n<p>Sa carri\u00e8re impressionnante dans la fonction publique l\u2019avait d\u00e9j\u00e0 pr\u00e9par\u00e9 \u00e0 g\u00e9rer avec rigueur. Mais ce qui a marqu\u00e9 ses coll\u00e8gues, c\u2019est son d\u00e9sir sinc\u00e8re de changer les choses. Alain Boisvert ne s\u2019est pas limit\u00e9 \u00e0 \u00e9quilibrer les colonnes de chiffres : il a pleinement embrass\u00e9 la mission de l\u2019Ordre, s\u2019impliquant concr\u00e8tement pour que chaque d\u00e9cision ait un impact positif. <\/p>\n\n\n\n<p>Par sa contribution exceptionnelle, il a soutenu activement le travail des comit\u00e9s et des \u00e9quipes de l\u2019Ordre. Ce prix souligne son d\u00e9vouement, son int\u00e9grit\u00e9 et sa volont\u00e9 d\u2019am\u00e9liorer le syst\u00e8me pour tous. Merci, M. Boisvert, et toutes nos f\u00e9licitations!<\/p>\n\n\n<\/div>\n\n                    \n\n\n<div class=\"block-accordion  theme-block theme-block--innerblock aligndefault\">\n    <span class=\"theme-block__label\">Accordion<\/span>\n    <h3 class=\"block-accordion__title\">R\u00e9cipiendaire 2024 &#8211; Constance Lemieux<\/h3>\n    \n\n<p>En 2024, l\u2019Ordre a d\u00e9cern\u00e9 le prix Robert-Salois \u00e0 titre posthume \u00e0 Constance Lemieux, d\u00e9c\u00e9d\u00e9e l\u2019an dernier.<\/p>\n\n\n\n<p>Au cours de sa carri\u00e8re, M<sup>me<\/sup>&nbsp;Lemieux a \u00e9t\u00e9 haute dirigeante au Mouvement Desjardins et au Groupe financier La&nbsp;Capitale. Elle s\u2019est impliqu\u00e9e activement au sein du conseil d\u2019administration de l\u2019Ordre comme administratrice repr\u00e9sentante du public, de 2018 \u00e0 2022. <\/p>\n\n\n\n<p>Jusqu\u2019\u00e0 tout r\u00e9cemment, M<sup>me<\/sup>&nbsp;Lemieux \u00e9tait pr\u00e9sidente du comit\u00e9 d\u2019audit et de placements du Fonds d\u2019assurance-responsabilit\u00e9 professionnelle de l\u2019Ordre des dentistes du Qu\u00e9bec (Fonds). Ses vastes connaissances dans le domaine de l\u2019assurance ont d\u2019ailleurs \u00e9t\u00e9 essentielles lors de l\u2019int\u00e9gration des activit\u00e9s du Fonds \u00e0 celles de l\u2019Ordre des dentistes.<\/p>\n\n\n<\/div>\n\n                    \n\n\n<div class=\"block-accordion  theme-block theme-block--innerblock aligndefault\">\n    <span class=\"theme-block__label\">Accordion<\/span>\n    <h3 class=\"block-accordion__title\">R\u00e9cipiendaire 2023 &#8211; Dr Jacques Boileau<\/h3>\n    \n\n<figure class=\"wp-block-image size-large\"><img decoding=\"async\" width=\"1024\" height=\"683\" src=\"https:\/\/www.odq.wp.vortexdev.com\/wp-content\/uploads\/2023\/11\/Corpo-ODQ-Evenement-4-novembre-2023-46-1024x683.jpg\" alt=\"\" class=\"wp-image-5654\" srcset=\"https:\/\/www.odq.wp.vortexdev.com\/wp-content\/uploads\/2023\/11\/Corpo-ODQ-Evenement-4-novembre-2023-46-1024x683.jpg 1024w, https:\/\/www.odq.wp.vortexdev.com\/wp-content\/uploads\/2023\/11\/Corpo-ODQ-Evenement-4-novembre-2023-46-300x200.jpg 300w, https:\/\/www.odq.wp.vortexdev.com\/wp-content\/uploads\/2023\/11\/Corpo-ODQ-Evenement-4-novembre-2023-46-768x512.jpg 768w, https:\/\/www.odq.wp.vortexdev.com\/wp-content\/uploads\/2023\/11\/Corpo-ODQ-Evenement-4-novembre-2023-46-1536x1024.jpg 1536w, https:\/\/www.odq.wp.vortexdev.com\/wp-content\/uploads\/2023\/11\/Corpo-ODQ-Evenement-4-novembre-2023-46.jpg 1920w\" sizes=\"(max-width: 1024px) 100vw, 1024px\" \/><\/figure>\n\n\n\n<p>Le premier prix Robert-Salois a \u00e9t\u00e9 remis au D<sup>r<\/sup>&nbsp;Jacques Boileau, qui \u0153uvre dans le domaine de la m\u00e9decine dentaire depuis plus de cinq d\u00e9cennies. Membre de diverses organisations nationales et internationales, le D<sup>r<\/sup>&nbsp;Boileau a consacr\u00e9 une grande partie de sa carri\u00e8re aux domaines de l\u2019expertise m\u00e9dico-l\u00e9gale et de l\u2019assurance. On lui doit notamment de nombreuses chroniques et conf\u00e9rences dans lesquelles il a su communiquer ses conseils aux membres de l\u2019Ordre des dentistes qui ont ainsi pu mieux g\u00e9rer les risques associ\u00e9s \u00e0 leur pratique.<\/p>\n\n\n<\/div>\n\n                    \n\n\n<\/div>\n","protected":false},"excerpt":{"rendered":"<p>Ce prix vise \u00e0 honorer un employ\u00e9, un membre d\u2019un comit\u00e9 ou un b\u00e9n\u00e9vole, dentiste ou non, qui a \u0153uvr\u00e9 au sein de l\u2019Ordre des dentistes et soutenu sa mission par sa contribution exceptionnelle. Son nom, le prix Robert-Salois, a \u00e9t\u00e9 choisi en l\u2019honneur de celui qui a notamment \u00e9t\u00e9 pr\u00e9sident de l\u2019Ordre des dentistes&hellip;<\/p>\n","protected":false},"author":4,"featured_media":0,"parent":328,"menu_order":1,"comment_status":"closed","ping_status":"closed","template":"template-page-with-sidebar.php","meta":{"_acf_changed":false,"_relevanssi_hide_post":"","_relevanssi_hide_content":"","_relevanssi_pin_for_all":"","_relevanssi_pin_keywords":"","_relevanssi_unpin_keywords":"","_relevanssi_related_keywords":"","_relevanssi_related_include_ids":"","_relevanssi_related_exclude_ids":"","_relevanssi_related_no_append":"","_relevanssi_related_not_related":"","_relevanssi_related_posts":"1,37","_relevanssi_noindex_reason":"","wpo365_audiences":[],"wpo365_private":false,"footnotes":""},"class_list":["post-5640","page","type-page","status-publish","hentry"],"acf":[],"_links":{"self":[{"href":"https:\/\/www.odq.wp.vortexdev.com\/en\/wp-json\/wp\/v2\/pages\/5640","targetHints":{"allow":["GET"]}}],"collection":[{"href":"https:\/\/www.odq.wp.vortexdev.com\/en\/wp-json\/wp\/v2\/pages"}],"about":[{"href":"https:\/\/www.odq.wp.vortexdev.com\/en\/wp-json\/wp\/v2\/types\/page"}],"author":[{"embeddable":true,"href":"https:\/\/www.odq.wp.vortexdev.com\/en\/wp-json\/wp\/v2\/users\/4"}],"replies":[{"embeddable":true,"href":"https:\/\/www.odq.wp.vortexdev.com\/en\/wp-json\/wp\/v2\/comments?post=5640"}],"version-history":[{"count":8,"href":"https:\/\/www.odq.wp.vortexdev.com\/en\/wp-json\/wp\/v2\/pages\/5640\/revisions"}],"predecessor-version":[{"id":11238,"href":"https:\/\/www.odq.wp.vortexdev.com\/en\/wp-json\/wp\/v2\/pages\/5640\/revisions\/11238"}],"up":[{"embeddable":true,"href":"https:\/\/www.odq.wp.vortexdev.com\/en\/wp-json\/wp\/v2\/pages\/328"}],"wp:attachment":[{"href":"https:\/\/www.odq.wp.vortexdev.com\/en\/wp-json\/wp\/v2\/media?parent=5640"}],"curies":[{"name":"wp","href":"https:\/\/api.w.org\/{rel}","templated":true}]}}