{"id":56,"date":"2022-07-05T14:26:18","date_gmt":"2022-07-05T18:26:18","guid":{"rendered":"https:\/\/www.odq.wp.vortexdev.com\/?page_id=56"},"modified":"2025-04-23T14:52:03","modified_gmt":"2025-04-23T18:52:03","slug":"politiques-de-gouvernance","status":"publish","type":"page","link":"https:\/\/www.odq.wp.vortexdev.com\/en\/lordre\/lorganisation\/gouvernance\/politiques-de-gouvernance\/","title":{"rendered":"Politiques de gouvernance"},"content":{"rendered":"\n<h2 class=\"wp-block-heading is-style-small\"><strong>R\u00e8gles et politiques<\/strong><\/h2>\n\n\n\n\n  <section id=block_3d32ff6cb6b880395eeeabbf971ba111 class=\"documents-block theme-block aligndefault\">\n          <a href=\"https:\/\/www.odq.wp.vortexdev.com\/wp-content\/uploads\/2024\/10\/ODQ-Politiques-AGA-4.0.pdf\" target=\"_blank\" aria-label=\"Consult the document Politique concernant les r\u00e8gles applicables pour la tenue d\u2019une assembl\u00e9e g\u00e9n\u00e9rale des membres de l\u2019Ordre des dentistes du Qu\u00e9bec. The document will open in a new tab\" class=\"document-item\">\n        <div class=\"document-item__infos\">\n          <p class=\"document-item__title\">\n                          Politique concernant les r\u00e8gles applicables pour la tenue d\u2019une assembl\u00e9e g\u00e9n\u00e9rale des membres de l\u2019Ordre des dentistes du Qu\u00e9bec                      <\/p>\n                 \n        <\/div>  \n        <span class=\"document-item__date\">\n                  <\/span>\n    \n                  <div class=\"document-item__button btn btn--outline\"><span><i class=\"icon icon-download\" aria-hidden=\"true\"><\/i>Consult<\/span><\/div>\n               \n      <\/a>\n          <a href=\"https:\/\/www.odq.wp.vortexdev.com\/wp-content\/uploads\/2024\/10\/ODQ-Politique-remuneration-president.pdf\" target=\"_blank\" aria-label=\"Consult the document Politique de r\u00e9mun\u00e9ration du pr\u00e9sident de l&#039;Ordre des dentistes du Qu\u00e9bec. The document will open in a new tab\" class=\"document-item\">\n        <div class=\"document-item__infos\">\n          <p class=\"document-item__title\">\n                          Politique de r\u00e9mun\u00e9ration du pr\u00e9sident de l&#039;Ordre des dentistes du Qu\u00e9bec                      <\/p>\n                 \n        <\/div>  \n        <span class=\"document-item__date\">\n                  <\/span>\n    \n                  <div class=\"document-item__button btn btn--outline\"><span><i class=\"icon icon-download\" aria-hidden=\"true\"><\/i>Consult<\/span><\/div>\n               \n      <\/a>\n          <a href=\"https:\/\/www.odq.wp.vortexdev.com\/wp-content\/uploads\/2024\/10\/ODQ-Politique-remuneration-administrateurs-3.3-pour-AGA.pdf\" target=\"_blank\" aria-label=\"Consult the document Politique de r\u00e9mun\u00e9ration des administrateurs de l&#039;Ordre des dentistes du Qu\u00e9bec. The document will open in a new tab\" class=\"document-item\">\n        <div class=\"document-item__infos\">\n          <p class=\"document-item__title\">\n                          Politique de r\u00e9mun\u00e9ration des administrateurs de l&#039;Ordre des dentistes du Qu\u00e9bec                      <\/p>\n                 \n        <\/div>  \n        <span class=\"document-item__date\">\n                  <\/span>\n    \n                  <div class=\"document-item__button btn btn--outline\"><span><i class=\"icon icon-download\" aria-hidden=\"true\"><\/i>Consult<\/span><\/div>\n               \n      <\/a>\n          <a href=\"https:\/\/www.odq.wp.vortexdev.com\/wp-content\/uploads\/2022\/08\/ODQ-Ethique-Deontologie-Administrateur-3.0.pdf\" target=\"_blank\" aria-label=\"Consult the document Code d\u2019\u00e9thique et de d\u00e9ontologie des administrateurs de l\u2019Ordre des dentistes du Qu\u00e9bec. The document will open in a new tab\" class=\"document-item\">\n        <div class=\"document-item__infos\">\n          <p class=\"document-item__title\">\n                          Code d\u2019\u00e9thique et de d\u00e9ontologie des administrateurs de l\u2019Ordre des dentistes du Qu\u00e9bec                      <\/p>\n                 \n        <\/div>  \n        <span class=\"document-item__date\">\n                  <\/span>\n    \n                  <div class=\"document-item__button btn btn--outline\"><span><i class=\"icon icon-download\" aria-hidden=\"true\"><\/i>Consult<\/span><\/div>\n               \n      <\/a>\n          <a href=\"https:\/\/www.odq.wp.vortexdev.com\/wp-content\/uploads\/2024\/11\/ODQ-Ethique-Deontologie-Membres-des-comites-2.0.pdf\" target=\"_blank\" aria-label=\"Consult the document Code d\u2019\u00e9thique et de d\u00e9ontologie des membres des comit\u00e9s de l\u2019Ordre des dentistes du Qu\u00e9bec. The document will open in a new tab\" class=\"document-item\">\n        <div class=\"document-item__infos\">\n          <p class=\"document-item__title\">\n                          Code d\u2019\u00e9thique et de d\u00e9ontologie des membres des comit\u00e9s de l\u2019Ordre des dentistes du Qu\u00e9bec                      <\/p>\n                 \n        <\/div>  \n        <span class=\"document-item__date\">\n                  <\/span>\n    \n                  <div class=\"document-item__button btn btn--outline\"><span><i class=\"icon icon-download\" aria-hidden=\"true\"><\/i>Consult<\/span><\/div>\n               \n      <\/a>\n          <a href=\"https:\/\/www.odq.wp.vortexdev.com\/wp-content\/uploads\/2023\/11\/ODQ-Politique-publicite-commandites.pdf\" target=\"_blank\" aria-label=\"Consult the document Politique en mati\u00e8re de publicit\u00e9 et de commandites de l&#039;Ordre des dentistes du Qu\u00e9bec. The document will open in a new tab\" class=\"document-item\">\n        <div class=\"document-item__infos\">\n          <p class=\"document-item__title\">\n                          Politique en mati\u00e8re de publicit\u00e9 et de commandites de l&#039;Ordre des dentistes du Qu\u00e9bec                      <\/p>\n                 \n        <\/div>  \n        <span class=\"document-item__date\">\n                  <\/span>\n    \n                  <div class=\"document-item__button btn btn--outline\"><span><i class=\"icon icon-download\" aria-hidden=\"true\"><\/i>Consult<\/span><\/div>\n               \n      <\/a>\n          <a href=\"https:\/\/www.odq.wp.vortexdev.com\/wp-content\/uploads\/2025\/04\/Politique-relative-a-la-securite-de-linformation_FR.pdf\" target=\"_blank\" aria-label=\"Consult the document Politique relative \u00e0 la s\u00e9curit\u00e9 de l\u2019information de l&#039;Ordre des dentistes du Qu\u00e9bec. The document will open in a new tab\" class=\"document-item\">\n        <div class=\"document-item__infos\">\n          <p class=\"document-item__title\">\n                          Politique relative \u00e0 la s\u00e9curit\u00e9 de l\u2019information de l&#039;Ordre des dentistes du Qu\u00e9bec                      <\/p>\n                 \n        <\/div>  \n        <span class=\"document-item__date\">\n                  <\/span>\n    \n                  <div class=\"document-item__button btn btn--outline\"><span><i class=\"icon icon-download\" aria-hidden=\"true\"><\/i>Consult<\/span><\/div>\n               \n      <\/a>\n          <a href=\"https:\/\/www.odq.wp.vortexdev.com\/wp-content\/uploads\/2025\/04\/Politique-relative-a-la-protection-des-renseignements-personnels_FR.pdf\" target=\"_blank\" aria-label=\"Consult the document Politique relative \u00e0 la protection des renseignements personnels de l&#039;Ordre des dentistes du Qu\u00e9bec. The document will open in a new tab\" class=\"document-item\">\n        <div class=\"document-item__infos\">\n          <p class=\"document-item__title\">\n                          Politique relative \u00e0 la protection des renseignements personnels de l&#039;Ordre des dentistes du Qu\u00e9bec                      <\/p>\n                 \n        <\/div>  \n        <span class=\"document-item__date\">\n                  <\/span>\n    \n                  <div class=\"document-item__button btn btn--outline\"><span><i class=\"icon icon-download\" aria-hidden=\"true\"><\/i>Consult<\/span><\/div>\n               \n      <\/a>\n      <\/section>\n","protected":false},"excerpt":{"rendered":"<p>R\u00e8gles et politiques<\/p>\n","protected":false},"author":4,"featured_media":0,"parent":49,"menu_order":6,"comment_status":"closed","ping_status":"closed","template":"template-page-with-sidebar.php","meta":{"_acf_changed":false,"_relevanssi_hide_post":"","_relevanssi_hide_content":"","_relevanssi_pin_for_all":"","_relevanssi_pin_keywords":"","_relevanssi_unpin_keywords":"","_relevanssi_related_keywords":"","_relevanssi_related_include_ids":"","_relevanssi_related_exclude_ids":"","_relevanssi_related_no_append":"","_relevanssi_related_not_related":"","_relevanssi_related_posts":"1,37","_relevanssi_noindex_reason":"","wpo365_audiences":[],"wpo365_private":false,"footnotes":""},"class_list":["post-56","page","type-page","status-publish","hentry"],"acf":[],"_links":{"self":[{"href":"https:\/\/www.odq.wp.vortexdev.com\/en\/wp-json\/wp\/v2\/pages\/56","targetHints":{"allow":["GET"]}}],"collection":[{"href":"https:\/\/www.odq.wp.vortexdev.com\/en\/wp-json\/wp\/v2\/pages"}],"about":[{"href":"https:\/\/www.odq.wp.vortexdev.com\/en\/wp-json\/wp\/v2\/types\/page"}],"author":[{"embeddable":true,"href":"https:\/\/www.odq.wp.vortexdev.com\/en\/wp-json\/wp\/v2\/users\/4"}],"replies":[{"embeddable":true,"href":"https:\/\/www.odq.wp.vortexdev.com\/en\/wp-json\/wp\/v2\/comments?post=56"}],"version-history":[{"count":7,"href":"https:\/\/www.odq.wp.vortexdev.com\/en\/wp-json\/wp\/v2\/pages\/56\/revisions"}],"predecessor-version":[{"id":9313,"href":"https:\/\/www.odq.wp.vortexdev.com\/en\/wp-json\/wp\/v2\/pages\/56\/revisions\/9313"}],"up":[{"embeddable":true,"href":"https:\/\/www.odq.wp.vortexdev.com\/en\/wp-json\/wp\/v2\/pages\/49"}],"wp:attachment":[{"href":"https:\/\/www.odq.wp.vortexdev.com\/en\/wp-json\/wp\/v2\/media?parent=56"}],"curies":[{"name":"wp","href":"https:\/\/api.w.org\/{rel}","templated":true}]}}