{"id":5333,"date":"2023-10-11T14:31:10","date_gmt":"2023-10-11T18:31:10","guid":{"rendered":"https:\/\/www.odq.wp.vortexdev.com\/?page_id=5333"},"modified":"2024-11-12T14:07:16","modified_gmt":"2024-11-12T18:07:16","slug":"appel-de-candidatures-conseil-de-discipline","status":"publish","type":"page","link":"https:\/\/www.odq.wp.vortexdev.com\/en\/lordre\/lorganisation\/gouvernance\/comites\/appel-de-candidatures-conseil-de-discipline\/","title":{"rendered":"Appel de candidatures &#8211; Conseil de discipline"},"content":{"rendered":"\n<p class=\"has-large-font-size\">L\u2019Ordre des dentistes du Qu\u00e9bec souhaite recruter de nouveaux membres pour si\u00e9ger \u00e0 son conseil de discipline. En janvier prochain, le conseil d\u2019administration proc\u00e9dera aux nominations pour un mandat renouvelable allant jusqu\u2019au 31 janvier 2028.<\/p>\n\n\n\n<h4 class=\"wp-block-heading\">Mandat<\/h4>\n\n\n\n<p class=\"has-medium-font-size\">Le conseil de discipline est un comit\u00e9 statutaire de l\u2019Ordre et a pour mandat d\u2019entendre toute plainte formul\u00e9e contre un membre de l\u2019Ordre pour une infraction aux lois, au Code des professions ou tout autre r\u00e8glement encadrant l\u2019exercice de la profession de dentiste.<\/p>\n\n\n\n<p class=\"has-medium-font-size\">Le conseil de discipline agit \u00e0 titre de tribunal ind\u00e9pendant de l\u2019Ordre et d\u00e9cide, en premi\u00e8re instance, de la culpabilit\u00e9 ou non du membre vis\u00e9 par une plainte disciplinaire. Si le membre est d\u00e9clar\u00e9 coupable, le conseil de discipline d\u00e9cidera de la sanction appropri\u00e9e \u00e0 imposer.<\/p>\n\n\n\n<h4 class=\"wp-block-heading\">Crit\u00e8res d&#8217;\u00e9ligibilit\u00e9<\/h4>\n\n\n\n<ul class=\"wp-block-list\">\n<li>Ne pas avoir fait l\u2019objet, dans le cadre d\u2019une plainte disciplinaire, d\u2019une sanction du conseil de discipline de l\u2019Ordre ou du Tribunal des professions;<\/li>\n\n\n\n<li>Ne pas s\u2019\u00eatre vu imposer un stage de perfectionnement, une limitation ou une suspension de son droit d\u2019exercice, au cours des 5 derni\u00e8res ann\u00e9es pr\u00e9c\u00e9dant sa nomination.<\/li>\n<\/ul>\n\n\n\n<h4 class=\"wp-block-heading\">Crit\u00e8res de s\u00e9lection et comp\u00e9tences recherch\u00e9es&nbsp;<\/h4>\n\n\n\n<ul class=\"wp-block-list\">\n<li>\u00catre inscrit au tableau de l\u2019Ordre des dentistes du Qu\u00e9bec depuis au moins 10 ans et avoir pratiqu\u00e9 la m\u00e9decine dentaire dans un cadre conforme aux lois et r\u00e8glements applicables;<\/li>\n\n\n\n<li>Poss\u00e9der un dossier professionnel et disciplinaire exemplaire;<\/li>\n\n\n\n<li>Ne pas \u00eatre sous l\u2019effet d\u2019une limitation de son droit d\u2019exercer des activit\u00e9s professionnelles, y compris une limitation volontaire;<\/li>\n\n\n\n<li>Avoir une exp\u00e9rience diversifi\u00e9e;<\/li>\n\n\n\n<li>Faire preuve de disponibilit\u00e9 (\u00catre en mesure de se lib\u00e9rer durant la semaine selon les audiences. Certaines audiences peuvent n\u00e9cessiter plus d\u2019une journ\u00e9e par semaine);<\/li>\n\n\n\n<li>Bonne connaissance du Code des professions, de la Loi sur les dentistes, du Code de d\u00e9ontologie des dentistes et des r\u00e8glements de l\u2019Ordre;<\/li>\n\n\n\n<li>Avoir une bonne capacit\u00e9 d\u2019analyse;<\/li>\n\n\n\n<li>\u00catre impartial;<\/li>\n\n\n\n<li>Savoir faire preuve de courage d\u00e9cisionnel;<\/li>\n\n\n\n<li>Poss\u00e9der un ordinateur muni de 2 \u00e9crans pour les audiences en vid\u00e9oconf\u00e9rence.<\/li>\n<\/ul>\n\n\n\n<h4 class=\"wp-block-heading\">D\u00e9roulement des audiences disciplinaires<\/h4>\n\n\n\n<ul class=\"wp-block-list\">\n<li>Majoritairement, les audiences se d\u00e9roulent en vid\u00e9oconf\u00e9rence (environ 80% des dossiers disciplinaires).<\/li>\n<\/ul>\n\n\n\n<hr class=\"wp-block-separator has-alpha-channel-opacity\"\/>\n\n\n\n<p><\/p>\n\n\n<section class=\"message theme-block theme-block--innerblock aligndefault notice--information\">\n<span class=\"theme-block__label\">Message<\/span>\n  <div class=\"message__content\">\n\n  \n    \n\n<p class=\"has-large-font-size\">Les membres de l\u2019Ordre qui souhaitent soumettre leur candidature afin de si\u00e9ger \u00e0 ce comit\u00e9 sont invit\u00e9s \u00e0 faire parvenir une lettre pr\u00e9cisant leur int\u00e9r\u00eat, accompagn\u00e9e de leur curriculum vitae, au plus tard <strong>le 13 d\u00e9cembre 2024<\/strong>. Les documents doivent \u00eatre achemin\u00e9s \u00e0 l\u2019attention de <strong>Marie-Eve Lapointe<\/strong>, Directrice des ressources humaines et mat\u00e9rielles, \u00e0 l&#8217;adresse courriel <a href=\"mailto:rh@odq.qc.ca\">rh@odq.qc.ca<\/a>.<\/p>\n\n\n\n<p class=\"has-large-font-size\">Toutes les candidatures feront l\u2019objet d\u2019une v\u00e9rification aupr\u00e8s du Syndic, des Greffes et des Services professionnels. Les membres nomm\u00e9s par le Conseil d\u2019administration recevront une communication \u00e0 cet effet par courriel.<\/p>\n\n\n  <\/div>\n\n<\/section>\n\n\n\n<h2 class=\"wp-block-heading is-style-small has-primary-color has-text-color\"><strong>Des questions?<\/strong><\/h2>\n\n\n\n<ul class=\"wp-block-list\">\n<li><a href=\"mailto:rh@odq.qc.ca\" data-type=\"mailto\" data-id=\"mailto:rh@odq.qc.ca\">rh@odq.qc.ca<\/a><\/li>\n\n\n\n<li><strong>514 875-8511, poste 2326<\/strong><\/li>\n<\/ul>\n\n\n<section id=\"block_e6da8b3fb886b625335698bef8cf4b2c\" class=\"spacer theme-block aligndefault spacer--small\">\n \n<\/section>\n\n\n<div class=\" block-background theme-block theme-block--innerblock alignfull\"  \n style=&quot;background-color:#e5e5e5;&quot; >\n    <span class=\"theme-block__label\">Section with background<\/span>\n  \n    \n<script type=\"text\/javascript\">var gform;gform||(document.addEventListener(\"gform_main_scripts_loaded\",function(){gform.scriptsLoaded=!0}),window.addEventListener(\"DOMContentLoaded\",function(){gform.domLoaded=!0}),gform={domLoaded:!1,scriptsLoaded:!1,initializeOnLoaded:function(o){gform.domLoaded&&gform.scriptsLoaded?o():!gform.domLoaded&&gform.scriptsLoaded?window.addEventListener(\"DOMContentLoaded\",o):document.addEventListener(\"gform_main_scripts_loaded\",o)},hooks:{action:{},filter:{}},addAction:function(o,n,r,t){gform.addHook(\"action\",o,n,r,t)},addFilter:function(o,n,r,t){gform.addHook(\"filter\",o,n,r,t)},doAction:function(o){gform.doHook(\"action\",o,arguments)},applyFilters:function(o){return gform.doHook(\"filter\",o,arguments)},removeAction:function(o,n){gform.removeHook(\"action\",o,n)},removeFilter:function(o,n,r){gform.removeHook(\"filter\",o,n,r)},addHook:function(o,n,r,t,i){null==gform.hooks[o][n]&&(gform.hooks[o][n]=[]);var e=gform.hooks[o][n];null==i&&(i=n+\"_\"+e.length),gform.hooks[o][n].push({tag:i,callable:r,priority:t=null==t?10:t})},doHook:function(n,o,r){var t;if(r=Array.prototype.slice.call(r,1),null!=gform.hooks[n][o]&&((o=gform.hooks[n][o]).sort(function(o,n){return o.priority-n.priority}),o.forEach(function(o){\"function\"!=typeof(t=o.callable)&&(t=window[t]),\"action\"==n?t.apply(null,r):r[0]=t.apply(null,r)})),\"filter\"==n)return r[0]},removeHook:function(o,n,t,i){var r;null!=gform.hooks[o][n]&&(r=(r=gform.hooks[o][n]).filter(function(o,n,r){return!!(null!=i&&i!=o.tag||null!=t&&t!=o.priority)}),gform.hooks[o][n]=r)}});<\/script>\n                <div class='gf_browser_gecko gform_wrapper gravity-theme' id='gform_wrapper_3' style='display:none'><div id='gf_3' class='gform_anchor' tabindex='-1'><\/div>\n                        <div class='gform_heading'>\n                            <h2 class=\"gform_title\">Envoyer ma candidature<\/h2>\n                            <span class='gform_description'>Pour postuler, veuillez remplir le formulaire ci-dessous et nous faire parvenir votre curriculum vitae accompagn\u00e9 d\u2019une lettre de pr\u00e9sentation.<br><br>\r\n\r\nPrenez note que seules les personnes retenues pour une entrevue seront contact\u00e9es.<\/span>\n\t\t\t\t\t\t\t<p class='gform_required_legend'>&quot;<span class=\"gfield_required gfield_required_asterisk\">*<\/span>&quot; indicates required fields<\/p>\n                        <\/div><form method='post' enctype='multipart\/form-data'  id='gform_3'  action='\/en\/wp-json\/wp\/v2\/pages\/5333#gf_3' novalidate>\n                        <div class='gform_body gform-body'><div id='gform_fields_3' class='gform_fields top_label form_sublabel_below description_below'><div id=\"field_3_7\"  class=\"gfield gfield--width-full field_sublabel_below field_description_below hidden_label gfield_visibility_hidden gfield--text\"  data-field-class=\"gfield--text\" data-js-reload=\"field_3_7\"><div class='admin-hidden-markup'><i class='gform-icon gform-icon--hidden'><\/i><span>Hidden<\/span><\/div><label class='gfield_label' for='input_3_7' >Nom du poste<\/label><div class='ginput_container ginput_container_text'><input name='input_7' id='input_3_7' type='text' value='' class='large'      aria-invalid=\"false\"   \/> <\/div><\/div><div id=\"field_3_1\"  class=\"gfield gfield--width-half gfield_contains_required field_sublabel_below field_description_below gfield_visibility_visible gfield--text\"  data-field-class=\"gfield--text\" data-js-reload=\"field_3_1\"><label class='gfield_label' for='input_3_1' >Pr\u00e9nom<span class=\"gfield_required\"><span class=\"gfield_required gfield_required_asterisk\">*<\/span><\/span><\/label><div class='ginput_container ginput_container_text'><input name='input_1' id='input_3_1' type='text' value='' class='large'     aria-required=\"true\" aria-invalid=\"false\"   \/> <\/div><\/div><div id=\"field_3_3\"  class=\"gfield gfield--width-half gfield_contains_required field_sublabel_below field_description_below gfield_visibility_visible gfield--text\"  data-field-class=\"gfield--text\" data-js-reload=\"field_3_3\"><label class='gfield_label' for='input_3_3' >Nom<span class=\"gfield_required\"><span class=\"gfield_required gfield_required_asterisk\">*<\/span><\/span><\/label><div class='ginput_container ginput_container_text'><input name='input_3' id='input_3_3' type='text' value='' class='large'     aria-required=\"true\" aria-invalid=\"false\"   \/> <\/div><\/div><div id=\"field_3_4\"  class=\"gfield gfield--width-half gfield_contains_required field_sublabel_below field_description_below gfield_visibility_visible gfield--email\"  data-field-class=\"gfield--email\" data-js-reload=\"field_3_4\"><label class='gfield_label' for='input_3_4' >Adresse courriel<span class=\"gfield_required\"><span class=\"gfield_required gfield_required_asterisk\">*<\/span><\/span><\/label><div class='ginput_container ginput_container_email'>\n                            <input name='input_4' id='input_3_4' type='email' value='' class='large'    aria-required=\"true\" aria-invalid=\"false\"  \/>\n                        <\/div><\/div><div id=\"field_3_5\"  class=\"gfield gfield--width-half gfield_contains_required field_sublabel_below field_description_below gfield_visibility_visible gfield--phone\"  data-field-class=\"gfield--phone\" data-js-reload=\"field_3_5\"><label class='gfield_label' for='input_3_5' >T\u00e9l\u00e9phone<span class=\"gfield_required\"><span class=\"gfield_required gfield_required_asterisk\">*<\/span><\/span><\/label><div class='ginput_container ginput_container_phone'><input name='input_5' id='input_3_5' type='tel' value='' class='large'   aria-required=\"true\" aria-invalid=\"false\"   \/><\/div><\/div><fieldset id=\"field_3_9\"  class=\"gfield gfield--width-half gfield_inline-boxes field_sublabel_below field_description_below gfield_visibility_visible gfield--radio\"  data-field-class=\"gfield--radio\" data-js-reload=\"field_3_9\"><legend class='gfield_label'  >Avez-vous d\u00e9j\u00e0 postul\u00e9 \u00e0 l&#039;ODQ?<\/legend><div class='ginput_container ginput_container_radio'><div class='gfield_radio' id='input_3_9'>\n\t\t\t<div class='gchoice gchoice_3_9_0'>\n\t\t\t\t\t<input class='gfield-choice-input' name='input_9' type='radio' value='Oui'  id='choice_3_9_0' onchange='gformToggleRadioOther( this )'    \/>\n\t\t\t\t\t<label for='choice_3_9_0' id='label_3_9_0'>Oui<\/label>\n\t\t\t<\/div>\n\t\t\t<div class='gchoice gchoice_3_9_1'>\n\t\t\t\t\t<input class='gfield-choice-input' name='input_9' type='radio' value='Non'  id='choice_3_9_1' onchange='gformToggleRadioOther( this )'    \/>\n\t\t\t\t\t<label for='choice_3_9_1' id='label_3_9_1'>Non<\/label>\n\t\t\t<\/div><\/div><\/div><\/fieldset><div id=\"field_3_12\"  class=\"gfield gfield--width-half gfield_contains_required field_sublabel_below field_description_below gfield_visibility_visible gfield--text\"  data-field-class=\"gfield--text\" data-js-reload=\"field_3_12\"><label class='gfield_label' for='input_3_12' >Veuillez pr\u00e9ciser le titre du poste<span class=\"gfield_required\"><span class=\"gfield_required gfield_required_asterisk\">*<\/span><\/span><\/label><div class='ginput_container ginput_container_text'><input name='input_12' id='input_3_12' type='text' value='' class='large'     aria-required=\"true\" aria-invalid=\"false\"   \/> <\/div><\/div><div id=\"field_3_10\"  class=\"gfield field_sublabel_below field_description_below gfield_visibility_visible gfield--textarea\"  data-field-class=\"gfield--textarea\" data-js-reload=\"field_3_10\"><label class='gfield_label' for='input_3_10' >Message<\/label><div class='ginput_container ginput_container_textarea'><textarea name='input_10' id='input_3_10' class='textarea large'      aria-invalid=\"false\"   rows='10' cols='50'><\/textarea><\/div><\/div><div id=\"field_3_11\"  class=\"gfield gfield_contains_required field_sublabel_below field_description_below gfield_visibility_visible gfield--fileupload\"  data-field-class=\"gfield--fileupload\" data-js-reload=\"field_3_11\"><label class='gfield_label' for='gform_browse_button_3_11' >Curriculum vitae et lettre de motivation<span class=\"gfield_required\"><span class=\"gfield_required gfield_required_asterisk\">*<\/span><\/span><\/label><div class='ginput_container ginput_container_fileupload'><div id='gform_multifile_upload_3_11' data-settings='{&quot;runtimes&quot;:&quot;html5,flash,html4&quot;,&quot;browse_button&quot;:&quot;gform_browse_button_3_11&quot;,&quot;container&quot;:&quot;gform_multifile_upload_3_11&quot;,&quot;drop_element&quot;:&quot;gform_drag_drop_area_3_11&quot;,&quot;filelist&quot;:&quot;gform_preview_3_11&quot;,&quot;unique_names&quot;:true,&quot;file_data_name&quot;:&quot;file&quot;,&quot;url&quot;:&quot;https:\\\/\\\/www.odq.wp.vortexdev.com\\\/?gf_page=761728d9fd6347a&quot;,&quot;flash_swf_url&quot;:&quot;https:\\\/\\\/www.odq.wp.vortexdev.com\\\/wp-includes\\\/js\\\/plupload\\\/plupload.flash.swf&quot;,&quot;silverlight_xap_url&quot;:&quot;https:\\\/\\\/www.odq.wp.vortexdev.com\\\/wp-includes\\\/js\\\/plupload\\\/plupload.silverlight.xap&quot;,&quot;filters&quot;:{&quot;mime_types&quot;:[{&quot;title&quot;:&quot;Allowed Files&quot;,&quot;extensions&quot;:&quot;*&quot;}],&quot;max_file_size&quot;:&quot;33554432b&quot;},&quot;multipart&quot;:true,&quot;urlstream_upload&quot;:false,&quot;multipart_params&quot;:{&quot;form_id&quot;:3,&quot;field_id&quot;:11},&quot;gf_vars&quot;:{&quot;max_files&quot;:0,&quot;message_id&quot;:&quot;gform_multifile_messages_3_11&quot;,&quot;disallowed_extensions&quot;:[&quot;php&quot;,&quot;asp&quot;,&quot;aspx&quot;,&quot;cmd&quot;,&quot;csh&quot;,&quot;bat&quot;,&quot;html&quot;,&quot;htm&quot;,&quot;hta&quot;,&quot;jar&quot;,&quot;exe&quot;,&quot;com&quot;,&quot;js&quot;,&quot;lnk&quot;,&quot;htaccess&quot;,&quot;phtml&quot;,&quot;ps1&quot;,&quot;ps2&quot;,&quot;php3&quot;,&quot;php4&quot;,&quot;php5&quot;,&quot;php6&quot;,&quot;py&quot;,&quot;rb&quot;,&quot;tmp&quot;]}}' class='gform_fileupload_multifile'>\n\t\t\t\t\t\t\t\t\t\t<div id='gform_drag_drop_area_3_11' class='gform_drop_area'>\n\t\t\t\t\t\t\t\t\t\t\t<span class='gform_drop_instructions'>Drop files here or <\/span>\n\t\t\t\t\t\t\t\t\t\t\t<button type='button' id='gform_browse_button_3_11' class='button gform_button_select_files' aria-describedby=\"gfield_upload_rules_3_11\"  >Select files<\/button>\n\t\t\t\t\t\t\t\t\t\t<\/div>\n\t\t\t\t\t\t\t\t\t<\/div><span class='gform_fileupload_rules' id='gfield_upload_rules_3_11'>Max. file size: 32 MB.<\/span><ul class='validation_message validation_message--hidden-on-empty gfield_validation_message gform-ul-reset' id='gform_multifile_messages_3_11'><\/ul> <!-- Leave <ul> empty to support CSS :empty selector. --><\/div><div id='gform_preview_3_11'><\/div><\/div><div id=\"field_3_13\"  class=\"gfield field_sublabel_below field_description_below gfield_visibility_visible gfield--captcha\"  data-field-class=\"gfield--captcha\" data-js-reload=\"field_3_13\"><label class='gfield_label' for='input_3_13' >Validation captcha<\/label><div id='input_3_13' class='ginput_container ginput_recaptcha' data-sitekey='6LcwKrsUAAAAAFgVKSdwrIgWlevt1kY87dgH8mBr'  data-theme='light' data-tabindex='0'  data-badge=''><\/div><\/div><\/div><\/div>\n        <div class='gform_footer top_label'> <button type='submit' id='gform_submit_button_3' class='btn gform_button button' value='Soumettre'  onclick='if(window[\"gf_submitting_3\"]){return false;}  if( !jQuery(\"#gform_3\")[0].checkValidity || jQuery(\"#gform_3\")[0].checkValidity()){window[\"gf_submitting_3\"]=true;}  ' onkeypress='if( event.keyCode == 13 ){ if(window[\"gf_submitting_3\"]){return false;} if( !jQuery(\"#gform_3\")[0].checkValidity || jQuery(\"#gform_3\")[0].checkValidity()){window[\"gf_submitting_3\"]=true;}  jQuery(\"#gform_3\").trigger(\"submit\",[true]); }' ><span>Soumettre<\/span><\/button> \n            <input type='hidden' class='gform_hidden' name='is_submit_3' value='1' \/>\n            <input type='hidden' class='gform_hidden' name='gform_submit' value='3' \/>\n            \n            <input type='hidden' class='gform_hidden' name='gform_unique_id' value='' \/>\n            <input type='hidden' class='gform_hidden' name='state_3' value='WyJ7XCI5XCI6W1wiNzNjMmE4YTUyZGZhNTNjYTBlMzA2MTA5ZGZkMjc2ZDFcIixcIjExOTM4NmI3YTcwOGFhNjZlZjQxY2NiNDA3ODYzNWUxXCJdfSIsIjA3ODhhZTVlOGU0YjQ4MGI2NDU3ZGJkMjM3OWM3OTNhIl0=' \/>\n            <input type='hidden' class='gform_hidden' name='gform_target_page_number_3' id='gform_target_page_number_3' value='0' \/>\n            <input type='hidden' class='gform_hidden' name='gform_source_page_number_3' id='gform_source_page_number_3' value='1' \/>\n            <input type='hidden' name='gform_field_values' value='' \/>\n            <input type='hidden' name='gform_uploaded_files' id='gform_uploaded_files_3' value='' \/>\n        <\/div>\n                        <p style=\"display: none !important;\" class=\"akismet-fields-container\" data-prefix=\"ak_\"><label>&#916;<textarea name=\"ak_hp_textarea\" cols=\"45\" rows=\"8\" maxlength=\"100\"><\/textarea><\/label><input type=\"hidden\" id=\"ak_js_1\" name=\"ak_js\" value=\"48\"\/><script>document.getElementById( \"ak_js_1\" ).setAttribute( \"value\", ( new Date() ).getTime() );<\/script><\/p><\/form>\n                        <\/div>\n\n\n<\/div>\n\n                    \n","protected":false},"excerpt":{"rendered":"<p>L\u2019Ordre des dentistes du Qu\u00e9bec souhaite recruter de nouveaux membres pour si\u00e9ger \u00e0 son conseil de discipline. En janvier prochain, le conseil d\u2019administration proc\u00e9dera aux nominations pour un mandat renouvelable allant jusqu\u2019au 31 janvier 2028. Mandat Le conseil de discipline est un comit\u00e9 statutaire de l\u2019Ordre et a pour mandat d\u2019entendre toute plainte formul\u00e9e contre&hellip;<\/p>\n","protected":false},"author":4,"featured_media":0,"parent":347,"menu_order":0,"comment_status":"closed","ping_status":"closed","template":"","meta":{"_acf_changed":false,"_relevanssi_hide_post":"","_relevanssi_hide_content":"","_relevanssi_pin_for_all":"","_relevanssi_pin_keywords":"","_relevanssi_unpin_keywords":"","_relevanssi_related_keywords":"","_relevanssi_related_include_ids":"","_relevanssi_related_exclude_ids":"","_relevanssi_related_no_append":"","_relevanssi_related_not_related":"","_relevanssi_related_posts":"347,244,390,242,240,372","_relevanssi_noindex_reason":"","wpo365_audiences":[],"wpo365_private":false,"footnotes":""},"class_list":["post-5333","page","type-page","status-publish","hentry"],"acf":[],"_links":{"self":[{"href":"https:\/\/www.odq.wp.vortexdev.com\/en\/wp-json\/wp\/v2\/pages\/5333","targetHints":{"allow":["GET"]}}],"collection":[{"href":"https:\/\/www.odq.wp.vortexdev.com\/en\/wp-json\/wp\/v2\/pages"}],"about":[{"href":"https:\/\/www.odq.wp.vortexdev.com\/en\/wp-json\/wp\/v2\/types\/page"}],"author":[{"embeddable":true,"href":"https:\/\/www.odq.wp.vortexdev.com\/en\/wp-json\/wp\/v2\/users\/4"}],"replies":[{"embeddable":true,"href":"https:\/\/www.odq.wp.vortexdev.com\/en\/wp-json\/wp\/v2\/comments?post=5333"}],"version-history":[{"count":8,"href":"https:\/\/www.odq.wp.vortexdev.com\/en\/wp-json\/wp\/v2\/pages\/5333\/revisions"}],"predecessor-version":[{"id":8447,"href":"https:\/\/www.odq.wp.vortexdev.com\/en\/wp-json\/wp\/v2\/pages\/5333\/revisions\/8447"}],"up":[{"embeddable":true,"href":"https:\/\/www.odq.wp.vortexdev.com\/en\/wp-json\/wp\/v2\/pages\/347"}],"wp:attachment":[{"href":"https:\/\/www.odq.wp.vortexdev.com\/en\/wp-json\/wp\/v2\/media?parent=5333"}],"curies":[{"name":"wp","href":"https:\/\/api.w.org\/{rel}","templated":true}]}}