{"id":4820,"date":"2023-06-22T13:50:00","date_gmt":"2023-06-22T17:50:00","guid":{"rendered":"https:\/\/www.odq.wp.vortexdev.com\/?page_id=4820"},"modified":"2023-06-23T11:07:25","modified_gmt":"2023-06-23T15:07:25","slug":"acces-a-linformation-et-protection-des-renseignements-personnels","status":"publish","type":"page","link":"https:\/\/www.odq.wp.vortexdev.com\/en\/dentiste\/pratique-professionnelle\/lignes-directrices-et-guides\/aide-a-la-pratique\/acces-a-linformation-et-protection-des-renseignements-personnels\/","title":{"rendered":"Acc\u00e8s \u00e0 l&#8217;information et protection des renseignements personnels"},"content":{"rendered":"\n<p class=\"has-large-font-size\">Le 21 septembre 2021, le gouvernement du Qu\u00e9bec a adopt\u00e9 la <a href=\"http:\/\/www2.publicationsduquebec.gouv.qc.ca\/dynamicSearch\/telecharge.php?type=5&amp;file=2021C25F.PDF\" target=\"_blank\" rel=\"noopener\">Loi modernisant des dispositions l\u00e9gislatives en mati\u00e8re de protection des renseignements personnels<\/a>, commun\u00e9ment appel\u00e9e \u00ab <strong>Loi 25<\/strong> \u00bb, laquelle modifie notamment la Loi sur la protection des renseignements personnels dans le secteur priv\u00e9.<\/p>\n\n\n\n<p class=\"has-large-font-size\">Ces obligations entreront en vigueur graduellement sur une p\u00e9riode de trois ans, dont certaines \u00e0 compter du 22 septembre 2022 et d\u2019autres en septembre 2023 et en septembre 2024.<\/p>\n","protected":false},"excerpt":{"rendered":"<p>Le 21 septembre 2021, le gouvernement du Qu\u00e9bec a adopt\u00e9 la Loi modernisant des dispositions l\u00e9gislatives en mati\u00e8re de protection des renseignements personnels, commun\u00e9ment appel\u00e9e \u00ab Loi 25 \u00bb, laquelle modifie notamment la Loi sur la protection des renseignements personnels dans le secteur priv\u00e9. Ces obligations entreront en vigueur graduellement sur une p\u00e9riode de trois&hellip;<\/p>\n","protected":false},"author":4,"featured_media":0,"parent":2206,"menu_order":0,"comment_status":"closed","ping_status":"closed","template":"template-faq.php","meta":{"_acf_changed":false,"_relevanssi_hide_post":"","_relevanssi_hide_content":"","_relevanssi_pin_for_all":"","_relevanssi_pin_keywords":"","_relevanssi_unpin_keywords":"","_relevanssi_related_keywords":"","_relevanssi_related_include_ids":"","_relevanssi_related_exclude_ids":"","_relevanssi_related_no_append":"","_relevanssi_related_not_related":"","_relevanssi_related_posts":"398,287,293,244,347,381","_relevanssi_noindex_reason":"","wpo365_audiences":[],"wpo365_private":false,"footnotes":""},"class_list":["post-4820","page","type-page","status-publish","hentry"],"acf":[],"_links":{"self":[{"href":"https:\/\/www.odq.wp.vortexdev.com\/en\/wp-json\/wp\/v2\/pages\/4820","targetHints":{"allow":["GET"]}}],"collection":[{"href":"https:\/\/www.odq.wp.vortexdev.com\/en\/wp-json\/wp\/v2\/pages"}],"about":[{"href":"https:\/\/www.odq.wp.vortexdev.com\/en\/wp-json\/wp\/v2\/types\/page"}],"author":[{"embeddable":true,"href":"https:\/\/www.odq.wp.vortexdev.com\/en\/wp-json\/wp\/v2\/users\/4"}],"replies":[{"embeddable":true,"href":"https:\/\/www.odq.wp.vortexdev.com\/en\/wp-json\/wp\/v2\/comments?post=4820"}],"version-history":[{"count":6,"href":"https:\/\/www.odq.wp.vortexdev.com\/en\/wp-json\/wp\/v2\/pages\/4820\/revisions"}],"predecessor-version":[{"id":5588,"href":"https:\/\/www.odq.wp.vortexdev.com\/en\/wp-json\/wp\/v2\/pages\/4820\/revisions\/5588"}],"up":[{"embeddable":true,"href":"https:\/\/www.odq.wp.vortexdev.com\/en\/wp-json\/wp\/v2\/pages\/2206"}],"wp:attachment":[{"href":"https:\/\/www.odq.wp.vortexdev.com\/en\/wp-json\/wp\/v2\/media?parent=4820"}],"curies":[{"name":"wp","href":"https:\/\/api.w.org\/{rel}","templated":true}]}}