{"id":4778,"date":"2023-09-14T13:52:29","date_gmt":"2023-09-14T17:52:29","guid":{"rendered":"https:\/\/www.odq.wp.vortexdev.com\/?page_id=4778"},"modified":"2023-09-14T13:52:30","modified_gmt":"2023-09-14T17:52:30","slug":"avis-de-confidentialite","status":"publish","type":"page","link":"https:\/\/www.odq.wp.vortexdev.com\/en\/avis-de-confidentialite\/","title":{"rendered":"Avis de confidentialit\u00e9"},"content":{"rendered":"\n<figure class=\"wp-block-image aligncenter size-full is-resized\"><img decoding=\"async\" src=\"https:\/\/www.odq.wp.vortexdev.com\/wp-content\/uploads\/2023\/06\/cle.png\" alt=\"\" class=\"wp-image-4783\" width=\"109\" height=\"109\" srcset=\"https:\/\/www.odq.wp.vortexdev.com\/wp-content\/uploads\/2023\/06\/cle.png 512w, https:\/\/www.odq.wp.vortexdev.com\/wp-content\/uploads\/2023\/06\/cle-300x300.png 300w, https:\/\/www.odq.wp.vortexdev.com\/wp-content\/uploads\/2023\/06\/cle-150x150.png 150w\" sizes=\"(max-width: 109px) 100vw, 109px\" \/><\/figure>\n\n\n<section class=\"message theme-block theme-block--innerblock aligndefault notice--information\">\n<span class=\"theme-block__label\">Message<\/span>\n  <div class=\"message__content\">\n\n  \n    \n\n<p class=\"has-text-align-left has-large-font-size\"><strong>ATTENTION<\/strong><\/p>\n\n\n\n<p class=\"has-text-align-left has-large-font-size\">L\u2019information contenue dans ce courriel de m\u00eame que dans les documents annex\u00e9s peut \u00eatre de nature privil\u00e9gi\u00e9e, confidentielle ou prot\u00e9g\u00e9e par les droits d\u2019auteur. Toute diffusion, retransmission, reproduction ou autre utilisation par une personne autre que le destinataire est interdite. Si vous n\u2019\u00eates pas le destinataire de ce courriel, veuillez en aviser imm\u00e9diatement l\u2019auteur et d\u00e9truire le courriel de m\u00eame que les documents annex\u00e9s.<\/p>\n\n\n  <\/div>\n\n<\/section>\n\n\n<section id=\"block_d1ba7a68331ec86dc0c261b91d3fc88a\" class=\"spacer theme-block aligndefault spacer--big\">\n \n<\/section>\n","protected":false},"excerpt":{"rendered":"","protected":false},"author":4,"featured_media":0,"parent":0,"menu_order":0,"comment_status":"closed","ping_status":"open","template":"","meta":{"_acf_changed":false,"_relevanssi_hide_post":"","_relevanssi_hide_content":"","_relevanssi_pin_for_all":"","_relevanssi_pin_keywords":"","_relevanssi_unpin_keywords":"","_relevanssi_related_keywords":"","_relevanssi_related_include_ids":"","_relevanssi_related_exclude_ids":"","_relevanssi_related_no_append":"","_relevanssi_related_not_related":"","_relevanssi_related_posts":"37,1","_relevanssi_noindex_reason":"","wpo365_audiences":[],"wpo365_private":false,"footnotes":""},"class_list":["post-4778","page","type-page","status-publish","hentry"],"acf":[],"_links":{"self":[{"href":"https:\/\/www.odq.wp.vortexdev.com\/en\/wp-json\/wp\/v2\/pages\/4778","targetHints":{"allow":["GET"]}}],"collection":[{"href":"https:\/\/www.odq.wp.vortexdev.com\/en\/wp-json\/wp\/v2\/pages"}],"about":[{"href":"https:\/\/www.odq.wp.vortexdev.com\/en\/wp-json\/wp\/v2\/types\/page"}],"author":[{"embeddable":true,"href":"https:\/\/www.odq.wp.vortexdev.com\/en\/wp-json\/wp\/v2\/users\/4"}],"replies":[{"embeddable":true,"href":"https:\/\/www.odq.wp.vortexdev.com\/en\/wp-json\/wp\/v2\/comments?post=4778"}],"version-history":[{"count":8,"href":"https:\/\/www.odq.wp.vortexdev.com\/en\/wp-json\/wp\/v2\/pages\/4778\/revisions"}],"predecessor-version":[{"id":5081,"href":"https:\/\/www.odq.wp.vortexdev.com\/en\/wp-json\/wp\/v2\/pages\/4778\/revisions\/5081"}],"wp:attachment":[{"href":"https:\/\/www.odq.wp.vortexdev.com\/en\/wp-json\/wp\/v2\/media?parent=4778"}],"curies":[{"name":"wp","href":"https:\/\/api.w.org\/{rel}","templated":true}]}}