{"id":398,"date":"2022-08-02T16:47:13","date_gmt":"2022-08-02T20:47:13","guid":{"rendered":"https:\/\/www.odq.wp.vortexdev.com\/?page_id=398"},"modified":"2024-09-19T13:07:42","modified_gmt":"2024-09-19T17:07:42","slug":"enonces-de-position-et-memoires","status":"publish","type":"page","link":"https:\/\/www.odq.wp.vortexdev.com\/en\/documentation\/enonces-de-position-et-memoires\/","title":{"rendered":"\u00c9nonc\u00e9s de position et m\u00e9moires"},"content":{"rendered":"\n<h2 class=\"wp-block-heading\">M\u00e9moires<\/h2>\n\n\n\n\n  <section id=block_c6030bc7085a083e7214e77b48dbab7a class=\"documents-block theme-block aligndefault\">\n          <a href=\"https:\/\/www.odq.wp.vortexdev.com\/wp-content\/uploads\/2024\/09\/ODQ_Memoire-PL67.pdf\" target=\"_blank\" aria-label=\"Consult the document Modernisation du Code des professions : L&#039;Ordre des dentistes du Qu\u00e9bec d\u00e9pose 4 recommandations. The document will open in a new tab\" class=\"document-item\">\n        <div class=\"document-item__infos\">\n          <p class=\"document-item__title\">\n                          Modernisation du Code des professions : L&#039;Ordre des dentistes du Qu\u00e9bec d\u00e9pose 4 recommandations                      <\/p>\n                 \n        <\/div>  \n        <span class=\"document-item__date\">\n                      18 septembre 2024                  <\/span>\n    \n                  <div class=\"document-item__button btn btn--outline\"><span><i class=\"icon icon-download\" aria-hidden=\"true\"><\/i>Consult<\/span><\/div>\n               \n      <\/a>\n          <a href=\"https:\/\/www.odq.wp.vortexdev.com\/wp-content\/uploads\/2023\/01\/Memoire-Projet-loi-no-29_final.pdf\" target=\"_blank\" aria-label=\"Consult the document M\u00e9moire de l\u2019Ordre des dentistes du Qu\u00e9bec concernant le projet de loi no 29 - Loi modifiant le Code des professions et d&#039;autres dispositions notamment dans le domaine buccodentaire et celui des sciences appliqu\u00e9es. The document will open in a new tab\" class=\"document-item\">\n        <div class=\"document-item__infos\">\n          <p class=\"document-item__title\">\n                          M\u00e9moire de l\u2019Ordre des dentistes du Qu\u00e9bec concernant le projet de loi no 29 &#8211; Loi modifiant le Code des professions et d&#039;autres dispositions notamment dans le domaine buccodentaire et celui des sciences appliqu\u00e9es                      <\/p>\n                 \n        <\/div>  \n        <span class=\"document-item__date\">\n                       28 ao\u00fbt 2019                  <\/span>\n    \n                  <div class=\"document-item__button btn btn--outline\"><span><i class=\"icon icon-download\" aria-hidden=\"true\"><\/i>Consult<\/span><\/div>\n               \n      <\/a>\n          <a href=\"https:\/\/www.odq.wp.vortexdev.com\/wp-content\/uploads\/2023\/01\/Position-ODQ-Mai-2018.pdf\" target=\"_blank\" aria-label=\"Consult the document Position de l&#039;Ordre des dentistes du Qu\u00e9bec pour am\u00e9liorer la sant\u00e9 buccodentaire des Qu\u00e9b\u00e9cois. The document will open in a new tab\" class=\"document-item\">\n        <div class=\"document-item__infos\">\n          <p class=\"document-item__title\">\n                          Position de l&#039;Ordre des dentistes du Qu\u00e9bec pour am\u00e9liorer la sant\u00e9 buccodentaire des Qu\u00e9b\u00e9cois                      <\/p>\n                 \n        <\/div>  \n        <span class=\"document-item__date\">\n                      23 avril 2018                  <\/span>\n    \n                  <div class=\"document-item__button btn btn--outline\"><span><i class=\"icon icon-download\" aria-hidden=\"true\"><\/i>Consult<\/span><\/div>\n               \n      <\/a>\n          <a href=\"https:\/\/www.odq.wp.vortexdev.com\/Portals\/5\/fichiers_publication\/Memoires\/Projet%20de%20loi%20130.pdf\" target=\"_blank\" aria-label=\"Consult the document Projet de loi no 130 - Loi modifiant certaines dispositions relatives \u00e0 l&#039;organisation clinique et \u00e0 la gestion des \u00e9tablissements de sant\u00e9 et de services sociaux. The document will open in a new tab\" class=\"document-item\">\n        <div class=\"document-item__infos\">\n          <p class=\"document-item__title\">\n                          Projet de loi no 130 &#8211; Loi modifiant certaines dispositions relatives \u00e0 l&#039;organisation clinique et \u00e0 la gestion des \u00e9tablissements de sant\u00e9 et de services sociaux                      <\/p>\n                 \n        <\/div>  \n        <span class=\"document-item__date\">\n                      8 f\u00e9vrier 2017                  <\/span>\n    \n                  <div class=\"document-item__button btn btn--outline\"><span><i class=\"icon icon-download\" aria-hidden=\"true\"><\/i>Consult<\/span><\/div>\n               \n      <\/a>\n          <a href=\"https:\/\/www.odq.wp.vortexdev.com\/Portals\/5\/fichiers_publication\/Memoires\/20160824%20M%C3%A9moire%20Final.pdf\" target=\"_blank\" aria-label=\"Consult the document Projet de loi no 98 - Loi modifiant diverses lois concernant principalement l&#039;admission aux professions et la gouvernance du syst\u00e8me professionnel. The document will open in a new tab\" class=\"document-item\">\n        <div class=\"document-item__infos\">\n          <p class=\"document-item__title\">\n                          Projet de loi no 98 &#8211; Loi modifiant diverses lois concernant principalement l&#039;admission aux professions et la gouvernance du syst\u00e8me professionnel                      <\/p>\n                 \n        <\/div>  \n        <span class=\"document-item__date\">\n                      25 ao\u00fbt 2016                  <\/span>\n    \n                  <div class=\"document-item__button btn btn--outline\"><span><i class=\"icon icon-download\" aria-hidden=\"true\"><\/i>Consult<\/span><\/div>\n               \n      <\/a>\n          <a href=\"https:\/\/www.odq.wp.vortexdev.com\/Portals\/5\/fichiers_publication\/Memoires\/Memoire%20Ordres%20des%20dentistes.pdf\" target=\"_blank\" aria-label=\"Consult the document M\u00e9moire de l\u2019Ordre des dentistes du Qu\u00e9bec concernant le Plan d&#039;action gouvernemental pour contrer la maltraitance envers les personnes a\u00een\u00e9es 2017-2022. The document will open in a new tab\" class=\"document-item\">\n        <div class=\"document-item__infos\">\n          <p class=\"document-item__title\">\n                          M\u00e9moire de l\u2019Ordre des dentistes du Qu\u00e9bec concernant le Plan d&#039;action gouvernemental pour contrer la maltraitance envers les personnes a\u00een\u00e9es 2017-2022                      <\/p>\n                 \n        <\/div>  \n        <span class=\"document-item__date\">\n                      17 mai 2016                  <\/span>\n    \n                  <div class=\"document-item__button btn btn--outline\"><span><i class=\"icon icon-download\" aria-hidden=\"true\"><\/i>Consult<\/span><\/div>\n               \n      <\/a>\n          <a href=\"https:\/\/www.odq.wp.vortexdev.com\/Portals\/5\/fichiers_publication\/Memoires\/Memoire%20ODQ%20Projet%20de%20Loi%2092.pdf\" target=\"_blank\" aria-label=\"Consult the document M\u00e9moire de l\u2019Ordre des dentistes du Qu\u00e9bec concernant le projet de loi no 92 : Loi visant \u00e0 accro\u00eetre les pouvoirs de la R\u00e9gie de l&#039;assurance maladie du Qu\u00e9bec et modifiant diverses dispositions l\u00e9gislatives. The document will open in a new tab\" class=\"document-item\">\n        <div class=\"document-item__infos\">\n          <p class=\"document-item__title\">\n                          M\u00e9moire de l\u2019Ordre des dentistes du Qu\u00e9bec concernant le projet de loi no 92 : Loi visant \u00e0 accro\u00eetre les pouvoirs de la R\u00e9gie de l&#039;assurance maladie du Qu\u00e9bec et modifiant diverses dispositions l\u00e9gislatives                      <\/p>\n                 \n        <\/div>  \n        <span class=\"document-item__date\">\n                      28 avril 2016                  <\/span>\n    \n                  <div class=\"document-item__button btn btn--outline\"><span><i class=\"icon icon-download\" aria-hidden=\"true\"><\/i>Consult<\/span><\/div>\n               \n      <\/a>\n          <a href=\"https:\/\/www.odq.wp.vortexdev.com\/Portals\/5\/fichiers_publication\/rapports\/ODQ_Memoire_Sante_2016.pdf\" target=\"_blank\" aria-label=\"Consult the document M\u00e9moire de l\u2019Ordre des dentistes du Qu\u00e9bec pr\u00e9sent\u00e9 au Commissaire \u00e0 la sant\u00e9 et au bien-\u00eatre concernant la couverture publique des services en sant\u00e9 et en services sociaux. The document will open in a new tab\" class=\"document-item\">\n        <div class=\"document-item__infos\">\n          <p class=\"document-item__title\">\n                          M\u00e9moire de l\u2019Ordre des dentistes du Qu\u00e9bec pr\u00e9sent\u00e9 au Commissaire \u00e0 la sant\u00e9 et au bien-\u00eatre concernant la couverture publique des services en sant\u00e9 et en services sociaux                      <\/p>\n                 \n        <\/div>  \n        <span class=\"document-item__date\">\n                      29 janvier 2016                  <\/span>\n    \n                  <div class=\"document-item__button btn btn--outline\"><span><i class=\"icon icon-download\" aria-hidden=\"true\"><\/i>Consult<\/span><\/div>\n               \n      <\/a>\n          <a href=\"https:\/\/www.odq.wp.vortexdev.com\/Portals\/5\/fichiers_publication\/rapports\/Memoire_ODQ_Loi10.pdf\" target=\"_blank\" aria-label=\"Consult the document M\u00e9moire de l\u2019Ordre des dentistes du Qu\u00e9bec pr\u00e9sent\u00e9 \u00e0 la Commission de la sant\u00e9 et des services sociaux concernant le projet de loi N\u00b0 10 : loi modifiant l\u2019organisation et la gouvernance du r\u00e9seau de la sant\u00e9 et des services sociaux notamment par l\u2019abolition des agences r\u00e9gionales. The document will open in a new tab\" class=\"document-item\">\n        <div class=\"document-item__infos\">\n          <p class=\"document-item__title\">\n                          M\u00e9moire de l\u2019Ordre des dentistes du Qu\u00e9bec pr\u00e9sent\u00e9 \u00e0 la Commission de la sant\u00e9 et des services sociaux concernant le projet de loi N\u00b0 10 : loi modifiant l\u2019organisation et la gouvernance du r\u00e9seau de la sant\u00e9 et des services sociaux notamment par l\u2019abolition des agences r\u00e9gionales                      <\/p>\n                 \n        <\/div>  \n        <span class=\"document-item__date\">\n                      28 octobre 2014                  <\/span>\n    \n                  <div class=\"document-item__button btn btn--outline\"><span><i class=\"icon icon-download\" aria-hidden=\"true\"><\/i>Consult<\/span><\/div>\n               \n      <\/a>\n          <a href=\"https:\/\/www.odq.wp.vortexdev.com\/Portals\/5\/fichiers_publication\/rapports\/20140218_m%C3%A9moire%20CHSLD%20Final.pdf\" target=\"_blank\" aria-label=\"Consult the document Conditions de vie des adultes h\u00e9berg\u00e9s en centre d\u2019h\u00e9bergement et de soins de longue dur\u00e9e : les soins buccodentaires doivent \u00eatre pris en compte. The document will open in a new tab\" class=\"document-item\">\n        <div class=\"document-item__infos\">\n          <p class=\"document-item__title\">\n                          Conditions de vie des adultes h\u00e9berg\u00e9s en centre d\u2019h\u00e9bergement et de soins de longue dur\u00e9e : les soins buccodentaires doivent \u00eatre pris en compte                      <\/p>\n                 \n        <\/div>  \n        <span class=\"document-item__date\">\n                      F\u00e9vrier 2014                  <\/span>\n    \n                  <div class=\"document-item__button btn btn--outline\"><span><i class=\"icon icon-download\" aria-hidden=\"true\"><\/i>Consult<\/span><\/div>\n               \n      <\/a>\n          <a href=\"https:\/\/www.odq.wp.vortexdev.com\/Portals\/5\/fichiers_publication\/rapports\/M%C3%A9moire%20Livre%20blanc%20%20Ordre%20des%20dentistes.pdf\" target=\"_blank\" aria-label=\"Consult the document Consultation publique sur l&#039;autonomie pour tous Livre blanc sur la cr\u00e9ation d&#039;une assurance autonomie. The document will open in a new tab\" class=\"document-item\">\n        <div class=\"document-item__infos\">\n          <p class=\"document-item__title\">\n                          Consultation publique sur l&#039;autonomie pour tous Livre blanc sur la cr\u00e9ation d&#039;une assurance autonomie                      <\/p>\n                 \n        <\/div>  \n        <span class=\"document-item__date\">\n                      Novembre 2013                  <\/span>\n    \n                  <div class=\"document-item__button btn btn--outline\"><span><i class=\"icon icon-download\" aria-hidden=\"true\"><\/i>Consult<\/span><\/div>\n               \n      <\/a>\n          <a href=\"https:\/\/www.odq.wp.vortexdev.com\/Portals\/5\/fichiers_publication\/Memoire_Fluoration.pdf\" target=\"_blank\" aria-label=\"Consult the document M\u00e9moire de l&#039;Ordre des dentistes du Qu\u00e9bec sur la fluoration de l&#039;eau. The document will open in a new tab\" class=\"document-item\">\n        <div class=\"document-item__infos\">\n          <p class=\"document-item__title\">\n                          M\u00e9moire de l&#039;Ordre des dentistes du Qu\u00e9bec sur la fluoration de l&#039;eau                      <\/p>\n                 \n        <\/div>  \n        <span class=\"document-item__date\">\n                      Avril 2013                  <\/span>\n    \n                  <div class=\"document-item__button btn btn--outline\"><span><i class=\"icon icon-download\" aria-hidden=\"true\"><\/i>Consult<\/span><\/div>\n               \n      <\/a>\n          <a href=\"http:\/\/www.odq.qc.ca\/Portals\/5\/fichiers_publication\/rapports\/memoire_L59.pdf\" target=\"_blank\" aria-label=\"Consult the document M\u00e9moire pr\u00e9sent\u00e9 \u00e0 la commission parlementaire de la sant\u00e9 et des services sociaux de l\u2019Assembl\u00e9e nationale du Qu\u00e9bec - Projet de loi no 59 concernant le partage de certains renseignements de sant\u00e9. The document will open in a new tab\" class=\"document-item\" rel=\"noopener\">\n        <div class=\"document-item__infos\">\n          <p class=\"document-item__title\">\n                          M\u00e9moire pr\u00e9sent\u00e9 \u00e0 la commission parlementaire de la sant\u00e9 et des services sociaux de l\u2019Assembl\u00e9e nationale du Qu\u00e9bec &#8211; Projet de loi no 59 concernant le partage de certains renseignements de sant\u00e9                      <\/p>\n                 \n        <\/div>  \n        <span class=\"document-item__date\">\n                      Mai 2012                  <\/span>\n    \n                  <div class=\"document-item__button btn btn--outline\"><span><i class=\"icon icon-download\" aria-hidden=\"true\"><\/i>Consult<\/span><\/div>\n               \n      <\/a>\n          <a href=\"http:\/\/www.odq.qc.ca\/Portals\/5\/fichiers_publication\/rapports\/Memoire_immigration_092007.pdf\" target=\"_blank\" aria-label=\"Consult the document Consultation g\u00e9n\u00e9rale sur la planification de l\u2019immigration au Qu\u00e9bec pour la p\u00e9riode 2008-2010. The document will open in a new tab\" class=\"document-item\" rel=\"noopener\">\n        <div class=\"document-item__infos\">\n          <p class=\"document-item__title\">\n                          Consultation g\u00e9n\u00e9rale sur la planification de l\u2019immigration au Qu\u00e9bec pour la p\u00e9riode 2008-2010                      <\/p>\n                 \n        <\/div>  \n        <span class=\"document-item__date\">\n                      Septembre 2007                  <\/span>\n    \n                  <div class=\"document-item__button btn btn--outline\"><span><i class=\"icon icon-download\" aria-hidden=\"true\"><\/i>Consult<\/span><\/div>\n               \n      <\/a>\n          <a href=\"http:\/\/www.odq.qc.ca\/Portals\/5\/fichiers_publication\/rapports\/Memoire_aines_092007.pdf\" target=\"_blank\" aria-label=\"Consult the document Consultation publique sur les conditions de vie des a\u00een\u00e9s. The document will open in a new tab\" class=\"document-item\" rel=\"noopener\">\n        <div class=\"document-item__infos\">\n          <p class=\"document-item__title\">\n                          Consultation publique sur les conditions de vie des a\u00een\u00e9s                      <\/p>\n                 \n        <\/div>  \n        <span class=\"document-item__date\">\n                      Septembre 2007                  <\/span>\n    \n                  <div class=\"document-item__button btn btn--outline\"><span><i class=\"icon icon-download\" aria-hidden=\"true\"><\/i>Consult<\/span><\/div>\n               \n      <\/a>\n      <\/section>\n\n\n\n<h2 class=\"wp-block-heading\">Rapports<\/h2>\n\n\n\n\n  <section id=block_377447c470a2017f1e42a7b236d05f90 class=\"documents-block theme-block aligndefault\">\n          <a href=\"https:\/\/www.odq.wp.vortexdev.com\/Portals\/5\/fichiers_publication\/rapports\/Dossier_Sondage_2008_01_partie_2.pdf\" target=\"_blank\" aria-label=\"Consult the document Survol des caract\u00e9ristiques de la client\u00e8le des cabinets dentaires et des traitements offerts par les g\u00e9n\u00e9ralistes en 2005 R\u00e9sultats du sondage de l&#039;ODQ de 2006 \u2013 Deuxi\u00e8me partie. The document will open in a new tab\" class=\"document-item\">\n        <div class=\"document-item__infos\">\n          <p class=\"document-item__title\">\n                          Survol des caract\u00e9ristiques de la client\u00e8le des cabinets dentaires et des traitements offerts par les g\u00e9n\u00e9ralistes en 2005 R\u00e9sultats du sondage de l&#039;ODQ de 2006 \u2013 Deuxi\u00e8me partie                      <\/p>\n                 \n        <\/div>  \n        <span class=\"document-item__date\">\n                      Janvier 2008                  <\/span>\n    \n                  <div class=\"document-item__button btn btn--outline\"><span><i class=\"icon icon-download\" aria-hidden=\"true\"><\/i>Consult<\/span><\/div>\n               \n      <\/a>\n          <a href=\"http:\/\/www.odq.qc.ca\/Portals\/5\/fichiers_publication\/rapports\/Dossier_Sondage_2007_09.pdf\" target=\"_blank\" aria-label=\"Consult the document L\u2019organisation de la pratique de m\u00e9decine dentaire au Qu\u00e9bec : R\u00e9sultats du sondage de l\u2019ODQ de 2006 \u2013 Premi\u00e8re partie. The document will open in a new tab\" class=\"document-item\" rel=\"noopener\">\n        <div class=\"document-item__infos\">\n          <p class=\"document-item__title\">\n                          L\u2019organisation de la pratique de m\u00e9decine dentaire au Qu\u00e9bec : R\u00e9sultats du sondage de l\u2019ODQ de 2006 \u2013 Premi\u00e8re partie                      <\/p>\n                 \n        <\/div>  \n        <span class=\"document-item__date\">\n                      Septembre 2007                  <\/span>\n    \n                  <div class=\"document-item__button btn btn--outline\"><span><i class=\"icon icon-download\" aria-hidden=\"true\"><\/i>Consult<\/span><\/div>\n               \n      <\/a>\n      <\/section>\n","protected":false},"excerpt":{"rendered":"<p>M\u00e9moires Rapports<\/p>\n","protected":false},"author":1,"featured_media":0,"parent":200,"menu_order":5,"comment_status":"closed","ping_status":"closed","template":"","meta":{"_acf_changed":false,"_relevanssi_hide_post":"","_relevanssi_hide_content":"","_relevanssi_pin_for_all":"","_relevanssi_pin_keywords":"","_relevanssi_unpin_keywords":"","_relevanssi_related_keywords":"","_relevanssi_related_include_ids":"","_relevanssi_related_exclude_ids":"","_relevanssi_related_no_append":"","_relevanssi_related_not_related":"","_relevanssi_related_posts":"37,1","_relevanssi_noindex_reason":"","wpo365_audiences":[],"wpo365_private":false,"footnotes":""},"class_list":["post-398","page","type-page","status-publish","hentry"],"acf":[],"_links":{"self":[{"href":"https:\/\/www.odq.wp.vortexdev.com\/en\/wp-json\/wp\/v2\/pages\/398","targetHints":{"allow":["GET"]}}],"collection":[{"href":"https:\/\/www.odq.wp.vortexdev.com\/en\/wp-json\/wp\/v2\/pages"}],"about":[{"href":"https:\/\/www.odq.wp.vortexdev.com\/en\/wp-json\/wp\/v2\/types\/page"}],"author":[{"embeddable":true,"href":"https:\/\/www.odq.wp.vortexdev.com\/en\/wp-json\/wp\/v2\/users\/1"}],"replies":[{"embeddable":true,"href":"https:\/\/www.odq.wp.vortexdev.com\/en\/wp-json\/wp\/v2\/comments?post=398"}],"version-history":[{"count":7,"href":"https:\/\/www.odq.wp.vortexdev.com\/en\/wp-json\/wp\/v2\/pages\/398\/revisions"}],"predecessor-version":[{"id":7195,"href":"https:\/\/www.odq.wp.vortexdev.com\/en\/wp-json\/wp\/v2\/pages\/398\/revisions\/7195"}],"up":[{"embeddable":true,"href":"https:\/\/www.odq.wp.vortexdev.com\/en\/wp-json\/wp\/v2\/pages\/200"}],"wp:attachment":[{"href":"https:\/\/www.odq.wp.vortexdev.com\/en\/wp-json\/wp\/v2\/media?parent=398"}],"curies":[{"name":"wp","href":"https:\/\/api.w.org\/{rel}","templated":true}]}}