{"id":374,"date":"2022-08-02T16:38:51","date_gmt":"2022-08-02T20:38:51","guid":{"rendered":"https:\/\/www.odq.wp.vortexdev.com\/?page_id=374"},"modified":"2025-08-25T16:26:07","modified_gmt":"2025-08-25T20:26:07","slug":"prix-honneur","status":"publish","type":"page","link":"https:\/\/www.odq.wp.vortexdev.com\/en\/lordre\/prix-et-distinctions\/prix-honneur\/","title":{"rendered":"Prix Honneur"},"content":{"rendered":"\n<p class=\"has-large-font-size\">Le prix Honneur de l\u2019ODQ vise \u00e0 honorer, de fa\u00e7on ponctuelle, des personnes qui ne sont pas membres de l\u2019Ordre, des entreprises&nbsp;ou des organismes \u00e0 but non lucratif qui se sont d\u00e9marqu\u00e9s en contribuant de fa\u00e7on significative \u00e0 l\u2019am\u00e9lioration de la sant\u00e9 des Qu\u00e9b\u00e9cois, compte tenu du lien \u00e9troit qui existe entre la sant\u00e9 g\u00e9n\u00e9rale et la sant\u00e9 buccodentaire.<\/p>\n\n\n\n<div class=\"block-accordions-group theme-block theme-block--innerblock aligndefault\">\n    <span class=\"theme-block__label\">Accordions<\/span>\n  \n    \n<div class=\"block-accordion  theme-block theme-block--innerblock aligndefault\">\n    <span class=\"theme-block__label\">Accordion<\/span>\n    <h3 class=\"block-accordion__title\"> R\u00e9cipiendaires 2025 &#8211; Christophe Bedos et Paul Allison<\/h3>\n    \n\n<figure class=\"wp-block-image alignright size-large is-resized\"><img decoding=\"async\" width=\"1024\" height=\"959\" src=\"https:\/\/www.odq.wp.vortexdev.com\/wp-content\/uploads\/2025\/08\/image-1024x959.png\" alt=\"\" class=\"wp-image-11226\" style=\"box-shadow:var(--wp--preset--shadow--natural);width:312px;height:auto\" srcset=\"https:\/\/www.odq.wp.vortexdev.com\/wp-content\/uploads\/2025\/08\/image-1024x959.png 1024w, https:\/\/www.odq.wp.vortexdev.com\/wp-content\/uploads\/2025\/08\/image-300x281.png 300w, https:\/\/www.odq.wp.vortexdev.com\/wp-content\/uploads\/2025\/08\/image-768x719.png 768w, https:\/\/www.odq.wp.vortexdev.com\/wp-content\/uploads\/2025\/08\/image.png 1240w\" sizes=\"(max-width: 1024px) 100vw, 1024px\" \/><\/figure>\n\n\n\n<p><strong>Deux hommes, une ambition : rendre les soins buccodentaires accessibles<\/strong><\/p>\n\n\n\n<p>Le prix Honneur 2025 a \u00e9t\u00e9 d\u00e9cern\u00e9 \u00e0 Christophe Bedos et \u00e0 Paul Allison, deux figures marquantes de l\u2019acc\u00e8s aux soins buccodentaires. <\/p>\n\n\n\n<p>Christophe Bedos, docteur en sant\u00e9 publique et professeur \u00e0 l\u2019Universit\u00e9 McGill, s\u2019est distingu\u00e9 par son engagement envers les populations marginalis\u00e9es. Gr\u00e2ce \u00e0 ses recherches, il a mis en lumi\u00e8re la r\u00e9alit\u00e9 des personnes d\u00e9favoris\u00e9es, notamment les obstacles qu\u2019elles rencontrent pour acc\u00e9der aux soins et la mani\u00e8re dont les professionnels interagissent avec elles. Sa d\u00e9marche rigoureuse a permis de tisser des ponts entre la science, les communaut\u00e9s et les milieux de pratique. <\/p>\n\n\n\n<p>Paul Allison, chirurgien buccal et maxillo-facial, s\u2019est \u00e9galement engag\u00e9 avec conviction en sant\u00e9 publique. Ancien doyen de la Facult\u00e9 de m\u00e9decine dentaire de l\u2019Universit\u00e9 McGill, il a contribu\u00e9 \u00e0 la cr\u00e9ation de cliniques pour les plus vuln\u00e9rables, dont la clinique dentaire Jim Lund. Il a aussi dirig\u00e9 plusieurs instances nationales, pilot\u00e9 un rapport d\u00e9terminant sur l\u2019acc\u00e8s aux soins et particip\u00e9 \u00e0 l\u2019\u00e9laboration de la Strat\u00e9gie nationale de recherche sur la sant\u00e9 buccodentaire. <\/p>\n\n\n\n<p>Tous deux ont partag\u00e9 une vision commune : celle d\u2019un syst\u00e8me de sant\u00e9 buccodentaire inclusif et humain. Leur travail a contribu\u00e9 \u00e0 faire \u00e9voluer la profession et \u00e0 am\u00e9liorer concr\u00e8tement la sant\u00e9 des Qu\u00e9b\u00e9cois. Bravo \u00e0 ces deux laur\u00e9ats inspirants!<\/p>\n\n\n<\/div>\n\n                    \n\n\n<div class=\"block-accordion  theme-block theme-block--innerblock aligndefault\">\n    <span class=\"theme-block__label\">Accordion<\/span>\n    <h3 class=\"block-accordion__title\"> R\u00e9cipiendaire 2024 &#8211; Dentaville<\/h3>\n    \n\n<p>En 2024, l\u2019Ordre a souhait\u00e9 reconna\u00eetre les efforts de la clinique de dentisterie sociale Dentaville en lui remettant le prix Honneur 2024. <\/p>\n\n\n\n<p>En collaboration avec la Facult\u00e9 de m\u00e9decine dentaire de Montr\u00e9al, la Fondation de l\u2019Ordre des dentistes du Qu\u00e9bec, le c\u00e9gep \u00c9douard-Montpetit et le CIUSSS du Centre-Sud-de-l\u2019\u00cele-de-Montr\u00e9al, cette clinique communautaire offre des soins dentaires gratuits et de qualit\u00e9 \u00e0 des personnes qui n\u2019y ont pas acc\u00e8s pour des raisons financi\u00e8res et sociales.<\/p>\n\n\n\n<p>Le D<sup>r<\/sup>&nbsp;Ren\u00e9 Voyer, vice-doyen de la Facult\u00e9 de m\u00e9decine dentaire de l\u2019Universit\u00e9 de Montr\u00e9al, et la D<sup>re<\/sup>&nbsp;Gabrielle Gingras, responsable de la clinique, ont accept\u00e9 le prix au nom de la clinique. Plusieurs membres du personnel ainsi que le D<sup>r<\/sup>&nbsp;St\u00e9phane Caron, qui a d\u00e9marr\u00e9 le projet de clinique communautaire, ont assist\u00e9 \u00e0 la remise du prix.<\/p>\n\n\n<\/div>\n\n                    \n\n\n<div class=\"block-accordion  theme-block theme-block--innerblock aligndefault\">\n    <span class=\"theme-block__label\">Accordion<\/span>\n    <h3 class=\"block-accordion__title\"> R\u00e9cipiendaire 2022 &#8211; Pr Jean Barbeau<\/h3>\n    \n\n<figure class=\"wp-block-image size-full is-resized\"><img decoding=\"async\" width=\"800\" height=\"533\" src=\"https:\/\/www.odq.wp.vortexdev.com\/wp-content\/uploads\/2022\/10\/Prix_Honneur_2022.jpg\" alt=\"\" class=\"wp-image-1257\" srcset=\"https:\/\/www.odq.wp.vortexdev.com\/wp-content\/uploads\/2022\/10\/Prix_Honneur_2022.jpg 800w, https:\/\/www.odq.wp.vortexdev.com\/wp-content\/uploads\/2022\/10\/Prix_Honneur_2022-300x200.jpg 300w, https:\/\/www.odq.wp.vortexdev.com\/wp-content\/uploads\/2022\/10\/Prix_Honneur_2022-768x512.jpg 768w\" sizes=\"(max-width: 800px) 100vw, 800px\" \/><\/figure>\n\n\n\n<p>Titulaire d\u2019un doctorat en microbiologie de l\u2019Universit\u00e9 Laval obtenu en 1993, le laur\u00e9at du prix Honneur 2022 est un ami de longue date de la communaut\u00e9 dentaire au Qu\u00e9bec. Le Pr Jean Barbeau enseigne en effet la microbiologie, l\u2019immunologie et le contr\u00f4le des infections \u00e0 des \u00e9tudiants en m\u00e9decine dentaire au premier cycle et aux cycles sup\u00e9rieurs depuis pr\u00e8s de 30 ans. Professeur titulaire au D\u00e9partement de stomatologie puis au D\u00e9partement de microbiologie-immunologie de la Facult\u00e9 de m\u00e9decine dentaire de l\u2019Universit\u00e9 de Montr\u00e9al et directeur du laboratoire de recherche sur le contr\u00f4le de l\u2019infection, Jean Barbeau a produit plus d\u2019une centaine de communications scientifiques diffus\u00e9es dans des journaux sp\u00e9cialis\u00e9s et dans le cadre de congr\u00e8s internationaux. Sp\u00e9cialiste en la mati\u00e8re, il est auteur ou coauteur de cinq brevets sur le contr\u00f4le des biofilms microbiens et la st\u00e9rilisation.<br>&nbsp;<br>En 2020 et en 2021, le Pr Barbeau a particip\u00e9 \u00e0 divers comit\u00e9s provinciaux et nationaux sur les activit\u00e9s li\u00e9es \u00e0 la pratique dentaire en temps de pand\u00e9mie et fait preuve d\u2019une disponibilit\u00e9 remarquable \u00e0 l\u2019endroit de l\u2019Ordre et de la communaut\u00e9 dentaire. Communicateur dans l\u2019\u00e2me, il a grandement contribu\u00e9 \u00e0 vulgariser des questions scientifiques complexes de m\u00eame qu\u2019\u00e0 mieux informer les dentistes et la population en g\u00e9n\u00e9ral.<\/p>\n\n\n<\/div>\n\n                    \n\n\n<div class=\"block-accordion  theme-block theme-block--innerblock aligndefault\">\n    <span class=\"theme-block__label\">Accordion<\/span>\n    <h3 class=\"block-accordion__title\">R\u00e9cipiendaire 2017 &#8211; Dr Andr\u00e9 Martel<\/h3>\n    \n\n<figure class=\"wp-block-image size-full\"><img decoding=\"async\" width=\"170\" height=\"216\" src=\"https:\/\/www.odq.wp.vortexdev.com\/wp-content\/uploads\/2022\/10\/Dr-Andre-Martel.jpg\" alt=\"\" class=\"wp-image-1258\"\/><\/figure>\n\n\n\n<p><strong><strong>Le Dr&nbsp;Andr\u00e9 Martel&nbsp;: un pr\u00e9curseur en mati\u00e8re de collaboration m\u00e9decin-dentiste<\/strong>.&nbsp;<\/strong><\/p>\n\n\n\n<p>Titulaire d\u2019un doctorat en m\u00e9decine de l\u2019Universit\u00e9 Laval et d\u2019une sp\u00e9cialit\u00e9 en anesth\u00e9sie du Coll\u00e8ge Royal du Canada et de l\u2019American Board of Anesthesiology, le Dr&nbsp;Martel a \u0153uvr\u00e9 tout au long de sa carri\u00e8re au sein de divers \u00e9tablissements de sant\u00e9 du Qu\u00e9bec, dont l\u2019H\u00f4pital g\u00e9n\u00e9ral juif de Montr\u00e9al et l\u2019H\u00f4pital de Montr\u00e9al pour enfants. Il a entre autres \u00e9t\u00e9 chef du D\u00e9partement d\u2019anesth\u00e9sie de l\u2019h\u00f4pital Saint-Eustache.<\/p>\n\n\n\n<p>D\u00e8s 1973, pendant sa r\u00e9sidence, le Dr&nbsp;Martel commence \u00e0 collaborer avec des dentistes g\u00e9n\u00e9ralistes, des dentistes p\u00e9diatriques et des chirurgiens buccaux et maxillo-faciaux exer\u00e7ant en cabinet priv\u00e9 et offrant des soins sous anesth\u00e9sie g\u00e9n\u00e9rale.<\/p>\n\n\n\n<p>Au d\u00e9but des ann\u00e9es&nbsp;1990, il fonde une clinique d\u2019anesth\u00e9sie g\u00e9n\u00e9rale r\u00e9serv\u00e9e strictement aux traitements dentaires o\u00f9 plus de 2 000&nbsp;patients seront trait\u00e9s chaque ann\u00e9e, principalement de jeunes enfants et des patients handicap\u00e9s. Humaniste, le Dr&nbsp;Martel a notamment travaill\u00e9 au Cameroun pour l\u2019Agence canadienne de d\u00e9veloppement international, de 1968 \u00e0 1971, et il a particip\u00e9 en 1993 \u00e0 une mission de M\u00e9decins sans fronti\u00e8res au Rwanda.<\/p>\n\n\n\n<p>Retrait\u00e9 depuis peu, il a pratiqu\u00e9 l\u2019anesth\u00e9sie sur plus de 65 000&nbsp;patients dans le cadre de traitements dentaires et travaill\u00e9 avec une centaine de dentistes, contribuant ainsi de fa\u00e7on exceptionnelle \u00e0 la sant\u00e9 dentaire des Qu\u00e9b\u00e9cois en misant sur la collaboration m\u00e9decin-dentiste.<br><br>Le prix Honneur vise \u00e0 honorer de fa\u00e7on ponctuelle des personnes qui ne sont pas membres de l\u2019Ordre des dentistes, des entreprises ou des organismes \u00e0 but non lucratif qui se sont d\u00e9marqu\u00e9s en contribuant de fa\u00e7on significative \u00e0 l\u2019am\u00e9lioration de la sant\u00e9 des Qu\u00e9b\u00e9cois, compte tenu du lien \u00e9troit qui existe entre la sant\u00e9 g\u00e9n\u00e9rale et la sant\u00e9 buccodentaire. \u00c0 titre de r\u00e9cipiendaire, le Dr Martel a re\u00e7u une \u0153uvre d\u2019art en verre souffl\u00e9.<\/p>\n\n\n<\/div>\n\n                    \n\n\n<div class=\"block-accordion  theme-block theme-block--innerblock aligndefault\">\n    <span class=\"theme-block__label\">Accordion<\/span>\n    <h3 class=\"block-accordion__title\">R\u00e9cipiendaire 2014 &#8211; M. Pierre Blain<\/h3>\n    \n\n<figure class=\"wp-block-image size-full\"><img decoding=\"async\" width=\"170\" height=\"226\" src=\"https:\/\/www.odq.wp.vortexdev.com\/wp-content\/uploads\/2022\/10\/M.PierreBlain.jpg\" alt=\"\" class=\"wp-image-1259\"\/><\/figure>\n\n\n\n<p><strong>M. Pierre Blain<\/strong><\/p>\n\n\n\n<p>Les membres du conseil d\u2019administration de l\u2019ODQ sont heureux d\u2019annoncer que le prix Honneur a \u00e9t\u00e9 d\u00e9cern\u00e9 cette ann\u00e9e \u00e0 M. Pierre Blain, directeur g\u00e9n\u00e9ral du Regroupement provincial des comit\u00e9s des usagers, un organisme qui a pour mandat de d\u00e9fendre les droits des usagers dans le r\u00e9seau de la sant\u00e9 et des services sociaux et de contribuer \u00e0 l\u2019am\u00e9lioration de la qualit\u00e9 des services offerts.<\/p>\n\n\n\n<p>D\u00e8s son arriv\u00e9e en poste en 2010, M. Blain a mis sur pied la Semaine des droits des usagers du r\u00e9seau de la sant\u00e9 et des services sociaux afin de sensibiliser la population \u00e0 ses droits en mati\u00e8re de sant\u00e9, la sant\u00e9 dentaire comprise.<\/p>\n\n\n\n<p>L\u2019ODQ souhaite saluer son engagement \u00e0 l\u2019\u00e9gard de la d\u00e9fense des droits des usagers et sa contribution \u00e0 l\u2019am\u00e9lioration de la qualit\u00e9 des services offerts. Il souhaite aussi reconna\u00eetre la remarquable contribution de M. Blain aux travaux du comit\u00e9 sur l\u2019acc\u00e8s aux soins de l\u2019ODQ, mis sur pied en mars 2013 pour faire le point sur la situation entourant l\u2019acc\u00e8s aux soins buccodentaires au Qu\u00e9bec et trouver des pistes de solution aux probl\u00e8mes soulev\u00e9s.<\/p>\n\n\n\n<p>B\u00e9n\u00e9vole depuis 35 ans, M. Blain a si\u00e9g\u00e9 \u00e0 de nombreux conseils d\u2019administration dans les domaines de la sant\u00e9, des arts, de la gastronomie et du tourisme. Il a re\u00e7u la M\u00e9daille du jubil\u00e9 de diamant de la Reine Elizabeth II en 2012 et la M\u00e9daille de l\u2019Assembl\u00e9e nationale du Qu\u00e9bec en 2013.<\/p>\n\n\n<\/div>\n\n                    \n\n\n<div class=\"block-accordion  theme-block theme-block--innerblock aligndefault\">\n    <span class=\"theme-block__label\">Accordion<\/span>\n    <h3 class=\"block-accordion__title\"> R\u00e9cipiendaire 2013 &#8211; M. Jean-Pierre L\u00e9ger<\/h3>\n    \n\n<figure class=\"wp-block-image size-full\"><img decoding=\"async\" width=\"200\" height=\"300\" src=\"https:\/\/www.odq.wp.vortexdev.com\/wp-content\/uploads\/2022\/10\/jeanpierreleger.jpg\" alt=\"\" class=\"wp-image-1260\"\/><\/figure>\n\n\n\n<p>Les membres du conseil d\u2019administration de l\u2019ODQ sont heureux d\u2019annoncer que le tout premier prix Honneur de l\u2019ODQ a \u00e9t\u00e9 d\u00e9cern\u00e9 \u00e0 M. Jean-Pierre L\u00e9ger, pr\u00e9sident et chef de la direction de Groupe St-Hubert. Ce prix vise \u00e0 reconna\u00eetre les efforts consacr\u00e9s par ce chef d\u2019entreprise \u00e0 l\u2019am\u00e9lioration de la sant\u00e9 des Qu\u00e9b\u00e9cois, et notamment sa d\u00e9cision d\u2019offrir un environnement sans fum\u00e9e \u00e0 ses clients d\u00e8s 2005, soit bien avant que la loi l\u2019y oblige.<\/p>\n\n\n\n<p>Si cette d\u00e9cision semble aujourd\u2019hui aller de soi, rappelons qu\u2019elle pouvait, \u00e0 l\u2019\u00e9poque, susciter la controverse et comporter sa part de risque. Le courage de M. L\u00e9ger a permis \u00e0 des citoyens de partout au Qu\u00e9bec de r\u00e9duire leur exposition \u00e0 la fum\u00e9e secondaire, dont le caract\u00e8re nocif a \u00e9t\u00e9 reconnu.<\/p>\n\n\n\n<p>Remis pour la premi\u00e8re fois cette ann\u00e9e, le prix Honneur de l\u2019ODQ vise \u00e0 honorer, de fa\u00e7on ponctuelle, des personnes qui ne sont pas membres de l\u2019Ordre, des entreprises ou des organismes \u00e0 but non lucratif qui se sont d\u00e9marqu\u00e9s en contribuant de fa\u00e7on significative \u00e0 l\u2019am\u00e9lioration de la sant\u00e9 des Qu\u00e9b\u00e9cois, compte tenu du lien \u00e9troit qui existe entre la sant\u00e9 g\u00e9n\u00e9rale et la sant\u00e9 buccodentaire. \u00c0 titre de r\u00e9cipiendaire du prix Honneur 2013, M. L\u00e9ger recevra une sculpture en verre souffl\u00e9.<\/p>\n\n\n<\/div>\n\n                    \n\n\n<\/div>\n","protected":false},"excerpt":{"rendered":"<p>Le prix Honneur de l\u2019ODQ vise \u00e0 honorer, de fa\u00e7on ponctuelle, des personnes qui ne sont pas membres de l\u2019Ordre, des entreprises&nbsp;ou des organismes \u00e0 but non lucratif qui se sont d\u00e9marqu\u00e9s en contribuant de fa\u00e7on significative \u00e0 l\u2019am\u00e9lioration de la sant\u00e9 des Qu\u00e9b\u00e9cois, compte tenu du lien \u00e9troit qui existe entre la sant\u00e9 g\u00e9n\u00e9rale&hellip;<\/p>\n","protected":false},"author":1,"featured_media":0,"parent":328,"menu_order":2,"comment_status":"closed","ping_status":"closed","template":"template-page-with-sidebar.php","meta":{"_acf_changed":false,"_relevanssi_hide_post":"","_relevanssi_hide_content":"","_relevanssi_pin_for_all":"","_relevanssi_pin_keywords":"","_relevanssi_unpin_keywords":"","_relevanssi_related_keywords":"","_relevanssi_related_include_ids":"","_relevanssi_related_exclude_ids":"","_relevanssi_related_no_append":"","_relevanssi_related_not_related":"","_relevanssi_related_posts":"37,1","_relevanssi_noindex_reason":"","wpo365_audiences":[],"wpo365_private":false,"footnotes":""},"class_list":["post-374","page","type-page","status-publish","hentry"],"acf":[],"_links":{"self":[{"href":"https:\/\/www.odq.wp.vortexdev.com\/en\/wp-json\/wp\/v2\/pages\/374","targetHints":{"allow":["GET"]}}],"collection":[{"href":"https:\/\/www.odq.wp.vortexdev.com\/en\/wp-json\/wp\/v2\/pages"}],"about":[{"href":"https:\/\/www.odq.wp.vortexdev.com\/en\/wp-json\/wp\/v2\/types\/page"}],"author":[{"embeddable":true,"href":"https:\/\/www.odq.wp.vortexdev.com\/en\/wp-json\/wp\/v2\/users\/1"}],"replies":[{"embeddable":true,"href":"https:\/\/www.odq.wp.vortexdev.com\/en\/wp-json\/wp\/v2\/comments?post=374"}],"version-history":[{"count":8,"href":"https:\/\/www.odq.wp.vortexdev.com\/en\/wp-json\/wp\/v2\/pages\/374\/revisions"}],"predecessor-version":[{"id":11231,"href":"https:\/\/www.odq.wp.vortexdev.com\/en\/wp-json\/wp\/v2\/pages\/374\/revisions\/11231"}],"up":[{"embeddable":true,"href":"https:\/\/www.odq.wp.vortexdev.com\/en\/wp-json\/wp\/v2\/pages\/328"}],"wp:attachment":[{"href":"https:\/\/www.odq.wp.vortexdev.com\/en\/wp-json\/wp\/v2\/media?parent=374"}],"curies":[{"name":"wp","href":"https:\/\/api.w.org\/{rel}","templated":true}]}}