{"id":355,"date":"2022-08-02T16:15:22","date_gmt":"2022-08-02T20:15:22","guid":{"rendered":"https:\/\/www.odq.wp.vortexdev.com\/?page_id=355"},"modified":"2024-05-14T09:40:50","modified_gmt":"2024-05-14T13:40:50","slug":"directions-de-lordre","status":"publish","type":"page","link":"https:\/\/www.odq.wp.vortexdev.com\/en\/lordre\/lorganisation\/gouvernance\/organisation-generale\/directions-de-lordre\/","title":{"rendered":"Directions de l&#8217;Ordre"},"content":{"rendered":"\n<h2 class=\"wp-block-heading is-style-small\"><strong>Structure administrative<\/strong><\/h2>\n\n\n\n<p class=\"has-large-font-size\">L\u2019Ordre des dentistes du Qu\u00e9bec compte sur les directions et les services suivants pour s\u2019acquitter de ses fonctions.<\/p>\n\n\n\n<div class=\"block-accordions-group theme-block theme-block--innerblock aligndefault\">\n    <span class=\"theme-block__label\">Accordions<\/span>\n  \n    \n<div class=\"block-accordion  theme-block theme-block--innerblock aligndefault\">\n    <span class=\"theme-block__label\">Accordion<\/span>\n    <h3 class=\"block-accordion__title\">Direction g\u00e9n\u00e9rale<\/h3>\n    \n\n<p>Cette direction met en application les d\u00e9cisions et les orientations du conseil d\u2019administration, du comit\u00e9 ex\u00e9cutif et du pr\u00e9sident. Elle assure le mandat l\u00e9gal et les grandes fonctions d\u00e9finies dans le Code des professions, la Loi sur les dentistes et les r\u00e8glements qui en d\u00e9coulent. Cette direction coordonne aussi les activit\u00e9s des autres directions de l\u2019Ordre.<\/p>\n\n\n<\/div>\n\n                    \n\n\n<div class=\"block-accordion  theme-block theme-block--innerblock aligndefault\">\n    <span class=\"theme-block__label\">Accordion<\/span>\n    <h3 class=\"block-accordion__title\">Direction de l&#039;admission, du tableau, de l&#039;exercice en soci\u00e9t\u00e9, des services juridiques, des greffes et des technologies de l&#039;information<\/h3>\n    \n\n<p>Cette direction est responsable de la gestion et de la mise \u00e0 jour du tableau des membres. Elle g\u00e8re en outre les demandes d\u2019\u00e9quivalence de dipl\u00f4me et de formation des dentistes form\u00e9s \u00e0 l\u2019\u00e9tranger, ainsi que les demandes des dentistes souhaitant exercer en soci\u00e9t\u00e9. La direction assure \u00e9galement le secr\u00e9tariat du conseil de discipline, du comit\u00e9 de r\u00e9vision et du comit\u00e9 d\u2019arbitrage et de conciliation des comptes. Elle assume la responsabilit\u00e9 de l\u2019ensemble des programmes et des activit\u00e9s reli\u00e9s au d\u00e9veloppement et \u00e0 l\u2019exploitation des syst\u00e8mes informatis\u00e9s.<\/p>\n\n\n<\/div>\n\n                    \n\n\n<div class=\"block-accordion  theme-block theme-block--innerblock aligndefault\">\n    <span class=\"theme-block__label\">Accordion<\/span>\n    <h3 class=\"block-accordion__title\"> Direction de l&#039;exercice de la m\u00e9decine dentaire<\/h3>\n    \n\n<p>Cette direction coordonne les activit\u00e9s de formation des dentistes en fonction des besoins identifi\u00e9s et le cadre r\u00e9glementaire. Le congr\u00e8s de l\u2019Ordre, les Journ\u00e9es dentaires internationales du Qu\u00e9bec, les formations offertes tout au long de l\u2019ann\u00e9e ainsi que les formations obligatoires font partie du panier de services de la direction. De plus, la direction soutient les dentistes en \u00e9laborant des lignes directrices et divers documents en lien avec tous les domaines de la m\u00e9decine dentaire et son exercice. Elle fournit des informations ponctuelles et en continu aux membres. Elle s\u2019assure que la formation universitaire est en ad\u00e9quation avec les comp\u00e9tences \u00e0 acqu\u00e9rir pour exercer la profession de dentiste. Elle est de plus charg\u00e9e de d\u00e9velopper un processus uniforme pour les stages impos\u00e9s par le comit\u00e9 ex\u00e9cutif ou requis par un membre et d\u2019en faire le suivi. La direction assure le secr\u00e9tariat du comit\u00e9 de la formation des dentistes, du comit\u00e9 des jeunes membres et du comit\u00e9 du d\u00e9veloppement de l\u2019exercice de la m\u00e9decine dentaire.<\/p>\n\n\n<\/div>\n\n                    \n\n\n<div class=\"block-accordion  theme-block theme-block--innerblock aligndefault\">\n    <span class=\"theme-block__label\">Accordion<\/span>\n    <h3 class=\"block-accordion__title\">Direction des finances<\/h3>\n    \n\n<p>Cette direction a pour mandat de planifier et de g\u00e9rer de fa\u00e7on optimale les ressources financi\u00e8res, mat\u00e9rielles et informatiques de l\u2019Ordre. Elle travaille en \u00e9troite collaboration avec les autres directions et participe \u00e0 la d\u00e9termination et \u00e0 l\u2019atteinte des objectifs strat\u00e9giques organisationnels.<\/p>\n\n\n<\/div>\n\n                    \n\n\n<div class=\"block-accordion  theme-block theme-block--innerblock aligndefault\">\n    <span class=\"theme-block__label\">Accordion<\/span>\n    <h3 class=\"block-accordion__title\"> Direction des affaires publiques et des communications<\/h3>\n    \n\n<p>La direction des affaires publiques et des communications con\u00e7oit et met en \u0153uvre des strat\u00e9gies et initiatives de communication en lien avec la mission de l\u2019Ordre et ses priorit\u00e9s strat\u00e9giques. Elle est notamment responsable du plan de communication annuel, du <em>Journal de l\u2019Ordre<\/em> et de l\u2019ensemble de ses publications officielles. La direction veille aussi \u00e0 assurer le maintien de l\u2019image de marque de l\u2019organisation et coordonne la mise \u00e0 jour du site Web.<\/p>\n\n\n<\/div>\n\n                    \n\n\n<div class=\"block-accordion  theme-block theme-block--innerblock aligndefault\">\n    <span class=\"theme-block__label\">Accordion<\/span>\n    <h3 class=\"block-accordion__title\">Direction des Journ\u00e9es dentaires internationales du Qu\u00e9bec<\/h3>\n    \n\n<p>Cette direction assure le soutien logistique et technique des Journ\u00e9es dentaires internationales du Qu\u00e9bec, le congr\u00e8s annuel de l\u2019Ordre des dentistes du Qu\u00e9bec. Elle voit aussi \u00e0 l\u2019application du R\u00e8glement sur la formation continue obligatoire des dentistes et coordonne les travaux du comit\u00e9 du d\u00e9veloppement de l\u2019exercice de la m\u00e9decine dentaire.<\/p>\n\n\n<\/div>\n\n                    \n\n\n<div class=\"block-accordion  theme-block theme-block--innerblock aligndefault\">\n    <span class=\"theme-block__label\">Accordion<\/span>\n    <h3 class=\"block-accordion__title\">Direction des ressources humaines et mat\u00e9rielles<\/h3>\n    \n\n<p>Cette direction assure la gestion des ressources humaines et participe \u00e0 l\u2019\u00e9laboration et \u00e0 la mise en \u0153uvre des divers programmes et politiques de l\u2019Ordre en cette mati\u00e8re. Elle voit \u00e0 la dotation en personnel, \u00e0 la gestion de la formation et du d\u00e9veloppement professionnel ainsi qu\u2019\u00e0 la gestion de la r\u00e9mun\u00e9ration et des avantages sociaux. De plus, elle a pour mandat de planifier et de g\u00e9rer de fa\u00e7on optimale les ressources mat\u00e9rielles de l\u2019Ordre quant aux projets d\u2019immobilisations, \u00e0 la gestion des locaux et des espaces de m\u00eame qu\u2019\u00e0 la s\u00e9curit\u00e9.<\/p>\n\n\n<\/div>\n\n                    \n\n\n<div class=\"block-accordion  theme-block theme-block--innerblock aligndefault\">\n    <span class=\"theme-block__label\">Accordion<\/span>\n    <h3 class=\"block-accordion__title\">Direction des services professionnels<\/h3>\n    \n\n<p>Cette direction est responsable des activit\u00e9s de surveillance de la qualit\u00e9 de l\u2019exercice des dentistes et voit \u00e0 la r\u00e9alisation et \u00e0 la coordination du Programme de surveillance g\u00e9n\u00e9rale de l\u2019Ordre, en vue d\u2019assurer la protection du public. Elle coordonne les travaux du comit\u00e9 d\u2019inspection professionnelle et soutient les inspecteurs dans la r\u00e9alisation de leur mandat. Elle conseille les membres de l\u2019Ordre relativement \u00e0 la r\u00e9glementation en vigueur et aux normes de pratique. Elle coordonne \u00e9galement le Programme de suivi individualis\u00e9 destin\u00e9 aux membres pr\u00e9sentant un probl\u00e8me de sant\u00e9 physique ou psychique susceptible de compromettre la qualit\u00e9 de leur pratique.<\/p>\n\n\n<\/div>\n\n                    \n\n\n<div class=\"block-accordion  theme-block theme-block--innerblock aligndefault\">\n    <span class=\"theme-block__label\">Accordion<\/span>\n    <h3 class=\"block-accordion__title\">Direction du Fonds d&#039;assurance-responsabilit\u00e9 professionnelle<\/h3>\n    \n\n<p>Cette direction est responsable de l\u2019administration g\u00e9n\u00e9rale, de la gestion des activit\u00e9s courantes et de la conduite des affaires du Fonds d\u2019assurance-responsabilit\u00e9 professionnelle de l\u2019Ordre des dentistes. Elle met en \u0153uvre les orientations du comit\u00e9 de d\u00e9cision en mati\u00e8re d\u2019assurance de la responsabilit\u00e9 professionnelle et voit \u00e0 la planification, \u00e0 l\u2019organisation, au contr\u00f4le et \u00e0 la coordination des ressources humaines, financi\u00e8res, mat\u00e9rielles et informationnelles li\u00e9es au Fonds.<\/p>\n\n\n<\/div>\n\n                    \n\n\n<div class=\"block-accordion  theme-block theme-block--innerblock aligndefault\">\n    <span class=\"theme-block__label\">Accordion<\/span>\n    <h3 class=\"block-accordion__title\">Bureau du syndic<\/h3>\n    \n\n<p>Cette direction voit \u00e0 la bonne conduite des activit\u00e9s requises pour permettre \u00e0 l\u2019Ordre des dentistes de remplir le mandat qui lui est conf\u00e9r\u00e9 par le Code des professions. Ainsi, le syndic et les syndics adjoints peuvent faire enqu\u00eate lorsqu\u2019ils sont inform\u00e9s de la possibilit\u00e9 qu\u2019un dentiste ait commis une infraction aux lois professionnelles et aux r\u00e8glements d\u2019application de ces lois, dont le Code de d\u00e9ontologie des dentistes.<\/p>\n\n\n<\/div>\n\n                    \n\n\n<\/div>\n","protected":false},"excerpt":{"rendered":"<p>Structure administrative L\u2019Ordre des dentistes du Qu\u00e9bec compte sur les directions et les services suivants pour s\u2019acquitter de ses fonctions.<\/p>\n","protected":false},"author":1,"featured_media":0,"parent":53,"menu_order":1,"comment_status":"closed","ping_status":"closed","template":"template-page-with-sidebar.php","meta":{"_acf_changed":false,"_relevanssi_hide_post":"","_relevanssi_hide_content":"","_relevanssi_pin_for_all":"","_relevanssi_pin_keywords":"","_relevanssi_unpin_keywords":"","_relevanssi_related_keywords":"","_relevanssi_related_include_ids":"","_relevanssi_related_exclude_ids":"","_relevanssi_related_no_append":"","_relevanssi_related_not_related":"","_relevanssi_related_posts":"1,37","_relevanssi_noindex_reason":"","wpo365_audiences":[],"wpo365_private":false,"footnotes":""},"class_list":["post-355","page","type-page","status-publish","hentry"],"acf":[],"_links":{"self":[{"href":"https:\/\/www.odq.wp.vortexdev.com\/en\/wp-json\/wp\/v2\/pages\/355","targetHints":{"allow":["GET"]}}],"collection":[{"href":"https:\/\/www.odq.wp.vortexdev.com\/en\/wp-json\/wp\/v2\/pages"}],"about":[{"href":"https:\/\/www.odq.wp.vortexdev.com\/en\/wp-json\/wp\/v2\/types\/page"}],"author":[{"embeddable":true,"href":"https:\/\/www.odq.wp.vortexdev.com\/en\/wp-json\/wp\/v2\/users\/1"}],"replies":[{"embeddable":true,"href":"https:\/\/www.odq.wp.vortexdev.com\/en\/wp-json\/wp\/v2\/comments?post=355"}],"version-history":[{"count":8,"href":"https:\/\/www.odq.wp.vortexdev.com\/en\/wp-json\/wp\/v2\/pages\/355\/revisions"}],"predecessor-version":[{"id":6684,"href":"https:\/\/www.odq.wp.vortexdev.com\/en\/wp-json\/wp\/v2\/pages\/355\/revisions\/6684"}],"up":[{"embeddable":true,"href":"https:\/\/www.odq.wp.vortexdev.com\/en\/wp-json\/wp\/v2\/pages\/53"}],"wp:attachment":[{"href":"https:\/\/www.odq.wp.vortexdev.com\/en\/wp-json\/wp\/v2\/media?parent=355"}],"curies":[{"name":"wp","href":"https:\/\/api.w.org\/{rel}","templated":true}]}}