{"id":339,"date":"2022-08-02T16:10:24","date_gmt":"2022-08-02T20:10:24","guid":{"rendered":"https:\/\/www.odq.wp.vortexdev.com\/?page_id=339"},"modified":"2025-10-17T09:29:44","modified_gmt":"2025-10-17T13:29:44","slug":"assemblee-generale-annuelle","status":"publish","type":"page","link":"https:\/\/www.odq.wp.vortexdev.com\/en\/lordre\/lorganisation\/gouvernance\/assemblee-generale-annuelle\/","title":{"rendered":"Assembl\u00e9e g\u00e9n\u00e9rale annuelle"},"content":{"rendered":"\n<figure class=\"wp-block-image size-full\"><img decoding=\"async\" width=\"780\" height=\"301\" src=\"https:\/\/www.odq.wp.vortexdev.com\/wp-content\/uploads\/2025\/10\/Assemblee-generale-annuelle-1.png\" alt=\"\" class=\"wp-image-11489\" srcset=\"https:\/\/www.odq.wp.vortexdev.com\/wp-content\/uploads\/2025\/10\/Assemblee-generale-annuelle-1.png 780w, https:\/\/www.odq.wp.vortexdev.com\/wp-content\/uploads\/2025\/10\/Assemblee-generale-annuelle-1-300x116.png 300w, https:\/\/www.odq.wp.vortexdev.com\/wp-content\/uploads\/2025\/10\/Assemblee-generale-annuelle-1-768x296.png 768w\" sizes=\"(max-width: 780px) 100vw, 780px\" \/><\/figure>\n\n\n\n<p>L\u2019assembl\u00e9e g\u00e9n\u00e9rale annuelle (AGA) de l\u2019Ordre des dentistes aura lieu le<strong> jeudi 20 novembre 2025, \u00e0 18 h 30, en&nbsp;webdiffusion<\/strong>.<\/p>\n\n\n\n<p>Les dentistes qui souhaitent y assister et participer au vote doivent s&#8217;inscrire. Quelques jours avant l&#8217;AGA du 20 novembre, un courriel contenant le lien pour se joindre \u00e0 distance sera envoy\u00e9 aux dentistes inscrits.<\/p>\n\n\n\n<div class=\"wp-block-buttons is-layout-flex wp-block-buttons-is-layout-flex\">\n<div class=\"wp-block-button\"><a class=\"wp-block-button__link wp-element-button\" href=\"https:\/\/platform.umanize.com\/inscription-odq?event=aga-odq-2025\" target=\"_blank\" rel=\"noreferrer noopener\">Vous inscrire \u00e0 l&#8217;AGA<\/a><\/div>\n<\/div>\n\n\n\n<p>Prenez note que la plateforme sera ouverte d\u00e8s 18 h, le jeudi 20 novembre. Nous vous invitons \u00e0 vous connecter \u00e0 l\u2019avance pour vous assurer que tout fonctionne correctement.<\/p>\n\n\n<section class=\"message theme-block theme-block--innerblock aligndefault notice--information\">\n<span class=\"theme-block__label\">Message<\/span>\n  <div class=\"message__content\">\n\n  \n    \n\n<p class=\"has-medium-font-size\">En cas de probl\u00e8me d\u2019inscription ou de difficult\u00e9s techniques lors de l\u2019AGA, nous vous invitons \u00e0 contacter l\u2019assistance technique \u00e0 l\u2019adresse courriel suivante : <a href=\"mailto:supporttechnique@servicewebdiffusion.com\"><strong>supporttechnique@servicewebdiffusion.com<\/strong><\/a>.<\/p>\n\n\n  <\/div>\n\n<\/section>\n\n\n\n<h2 class=\"wp-block-heading is-style-small\" id=\"documentsaga\"><strong>Documents relatifs \u00e0 l&#8217;AGA<\/strong><\/h2>\n\n\n\n<ul class=\"wp-block-list\">\n<li><a href=\"http:\/\/bulletin.odq.qc.ca\/T\/OFSYS\/WA\/786\/2\/Full\/689005\/qlS8Cq\/700062.html\" target=\"_blank\" rel=\"noreferrer noopener\">Avis de convocation<\/a><\/li>\n\n\n\n<li><a href=\"https:\/\/www.odq.wp.vortexdev.com\/wp-content\/uploads\/2025\/10\/Ordre-du-jour-AGA-2025.pdf\" target=\"_blank\" rel=\"noreferrer noopener\">Ordre du jour<\/a><\/li>\n\n\n\n<li><a href=\"https:\/\/www.odq.wp.vortexdev.com\/wp-content\/uploads\/2025\/10\/Proces-verbal-AGA-2024.pdf\" target=\"_blank\" rel=\"noreferrer noopener\">Projet de proc\u00e8s-verbal de l&#8217;assembl\u00e9e g\u00e9n\u00e9rale annuelle du 16 novembre 2024<\/a><\/li>\n\n\n\n<li><a href=\"https:\/\/www.odq.wp.vortexdev.com\/wp-content\/uploads\/2024\/10\/Reso-Nomination-auditeurs.pdf\" target=\"_blank\" rel=\"noreferrer noopener\">Projet de r\u00e9solution concernant la nomination des auditeurs charg\u00e9s d&#8217;auditer les livres et comptes de l&#8217;Ordre des dentistes du Qu\u00e9bec<\/a><\/li>\n\n\n\n<li><a href=\"https:\/\/www.odq.wp.vortexdev.com\/wp-content\/uploads\/2024\/10\/Reso-Remuneration-de-la-presidence-de-l-ODQ.pdf\" target=\"_blank\" rel=\"noreferrer noopener\">Projet de r\u00e9solution concernant la r\u00e9mun\u00e9ration de la pr\u00e9sidente pour 2026-2027<\/a><\/li>\n\n\n\n<li><a href=\"https:\/\/www.odq.wp.vortexdev.com\/wp-content\/uploads\/2024\/10\/Resolution-remuneration-des-administrateurs.pdf\" target=\"_blank\" rel=\"noreferrer noopener\">Projet de r\u00e9solution concernant la r\u00e9mun\u00e9ration des administrateurs pour 2026-2027<\/a><\/li>\n\n\n\n<li><a href=\"https:\/\/www.odq.wp.vortexdev.com\/wp-content\/uploads\/2025\/10\/ODQ_Previsions-budgetaires-2026-2027.pdf\" target=\"_blank\" rel=\"noreferrer noopener\">Pr\u00e9visions budg\u00e9taires 2026-2027<\/a><\/li>\n\n\n\n<li><a href=\"https:\/\/www.odq.wp.vortexdev.com\/wp-content\/uploads\/2025\/10\/ODQ_Rapport-annuel-2024-2025.pdf\" target=\"_blank\" rel=\"noreferrer noopener\">Projet de rapport annuel 2024-2025 de l&#8217;Ordre des dentistes du Qu\u00e9bec<\/a><\/li>\n\n\n\n<li><a href=\"https:\/\/www.odq.wp.vortexdev.com\/wp-content\/uploads\/2024\/10\/ODQ-Politique-remuneration-president.pdf\" target=\"_blank\" rel=\"noreferrer noopener\">Politique de r\u00e9mun\u00e9ration de la pr\u00e9sidente de l&#8217;Ordre des dentistes du Qu\u00e9bec<\/a><\/li>\n\n\n\n<li><a href=\"https:\/\/www.odq.wp.vortexdev.com\/wp-content\/uploads\/2024\/10\/ODQ-Politique-remuneration-administrateurs-3.3-pour-AGA.pdf\" target=\"_blank\" rel=\"noreferrer noopener\">Politique de r\u00e9mun\u00e9ration des administrateurs de l&#8217;Ordre des dentistes du Qu\u00e9bec<\/a><\/li>\n\n\n\n<li><a href=\"https:\/\/www.odq.wp.vortexdev.com\/wp-content\/uploads\/2024\/10\/ODQ-Politiques-AGA-4.0.pdf\" target=\"_blank\" rel=\"noreferrer noopener\">Politique concernant les r\u00e8gles applicables pour la tenue d&#8217;une assembl\u00e9e g\u00e9n\u00e9rale des membres de l&#8217;Ordre des dentistes du Qu\u00e9bec<\/a><\/li>\n<\/ul>\n\n\n\n<h2 class=\"wp-block-heading is-style-small\"><strong>Consultation sur la cotisation annuelle&nbsp;2026-2027<\/strong><\/h2>\n\n\n\n<p>L&#8217;Ordre des dentistes du Qu\u00e9bec lance une consultation concernant le montant de la cotisation pour l&#8217;exercice financier 2026-2027. Cette consultation se d\u00e9roulera en deux phases.<\/p>\n\n\n\n<p>La premi\u00e8re phase, d&#8217;une dur\u00e9e de 30 jours, d\u00e9bute aujourd&#8217;hui, le 17 octobre 2025, et se terminera le 17 novembre 2025. Les commentaires re\u00e7us seront compil\u00e9s et un rapport sera pr\u00e9sent\u00e9 lors de l&#8217;AGA du 20 novembre. Vous \u00eates invit\u00e9 \u00e0 faire parvenir vos commentaires sur le montant de la cotisation au plus tard le 17 novembre 2025, par courriel, \u00e0 l\u2019adresse <a href=\"mailto:consultationcotisation@odq.qc.ca\">consultationcotisation@odq.qc.ca<\/a>.<\/p>\n\n\n\n<p>Lors de l&#8217;AGA, les dentistes seront de nouveau consult\u00e9s concernant le montant de la cotisation. Par ailleurs, ils devront approuver la r\u00e9mun\u00e9ration des membres du conseil d&#8217;administration et nommer l&#8217;auditeur ind\u00e9pendant responsable de l&#8217;examen des \u00e9tats financiers de l&#8217;Ordre.<\/p>\n\n\n\n<ul class=\"wp-block-list\">\n<li><a href=\"https:\/\/www.odq.wp.vortexdev.com\/wp-content\/uploads\/2025\/10\/ODQ-Cotisation-annuelle-2026-2027.pdf\" target=\"_blank\" rel=\"noreferrer noopener\">Document de consultation<\/a><\/li>\n<\/ul>\n","protected":false},"excerpt":{"rendered":"<p>L\u2019assembl\u00e9e g\u00e9n\u00e9rale annuelle (AGA) de l\u2019Ordre des dentistes aura lieu le jeudi 20 novembre 2025, \u00e0 18 h 30, en&nbsp;webdiffusion. Les dentistes qui souhaitent y assister et participer au vote doivent s&#8217;inscrire. Quelques jours avant l&#8217;AGA du 20 novembre, un courriel contenant le lien pour se joindre \u00e0 distance sera envoy\u00e9 aux dentistes inscrits. Prenez&hellip;<\/p>\n","protected":false},"author":4,"featured_media":0,"parent":49,"menu_order":1,"comment_status":"closed","ping_status":"closed","template":"template-page-with-sidebar.php","meta":{"_acf_changed":false,"_relevanssi_hide_post":"","_relevanssi_hide_content":"","_relevanssi_pin_for_all":"","_relevanssi_pin_keywords":"","_relevanssi_unpin_keywords":"","_relevanssi_related_keywords":"","_relevanssi_related_include_ids":"","_relevanssi_related_exclude_ids":"","_relevanssi_related_no_append":"","_relevanssi_related_not_related":"","_relevanssi_related_posts":"37,1","_relevanssi_noindex_reason":"","wpo365_audiences":[],"wpo365_private":false,"footnotes":""},"class_list":["post-339","page","type-page","status-publish","hentry"],"acf":[],"_links":{"self":[{"href":"https:\/\/www.odq.wp.vortexdev.com\/en\/wp-json\/wp\/v2\/pages\/339","targetHints":{"allow":["GET"]}}],"collection":[{"href":"https:\/\/www.odq.wp.vortexdev.com\/en\/wp-json\/wp\/v2\/pages"}],"about":[{"href":"https:\/\/www.odq.wp.vortexdev.com\/en\/wp-json\/wp\/v2\/types\/page"}],"author":[{"embeddable":true,"href":"https:\/\/www.odq.wp.vortexdev.com\/en\/wp-json\/wp\/v2\/users\/4"}],"replies":[{"embeddable":true,"href":"https:\/\/www.odq.wp.vortexdev.com\/en\/wp-json\/wp\/v2\/comments?post=339"}],"version-history":[{"count":7,"href":"https:\/\/www.odq.wp.vortexdev.com\/en\/wp-json\/wp\/v2\/pages\/339\/revisions"}],"predecessor-version":[{"id":11545,"href":"https:\/\/www.odq.wp.vortexdev.com\/en\/wp-json\/wp\/v2\/pages\/339\/revisions\/11545"}],"up":[{"embeddable":true,"href":"https:\/\/www.odq.wp.vortexdev.com\/en\/wp-json\/wp\/v2\/pages\/49"}],"wp:attachment":[{"href":"https:\/\/www.odq.wp.vortexdev.com\/en\/wp-json\/wp\/v2\/media?parent=339"}],"curies":[{"name":"wp","href":"https:\/\/api.w.org\/{rel}","templated":true}]}}