{"id":328,"date":"2022-08-02T16:07:48","date_gmt":"2022-08-02T20:07:48","guid":{"rendered":"https:\/\/www.odq.wp.vortexdev.com\/?page_id=328"},"modified":"2023-01-27T11:40:31","modified_gmt":"2023-01-27T15:40:31","slug":"prix-et-distinctions","status":"publish","type":"page","link":"https:\/\/www.odq.wp.vortexdev.com\/en\/lordre\/prix-et-distinctions\/","title":{"rendered":"Prix et distinctions"},"content":{"rendered":"\n<p class=\"has-large-font-size\">Chaque ann\u00e9e, l\u2019Ordre est fier de mettre en lumi\u00e8re les r\u00e9alisations de dentistes qui exercent leur profession avec passion! Les prix remis par l\u2019Ordre symbolisent notre reconnaissance envers l\u2019excellence des dentistes qui se sont d\u00e9marqu\u00e9s par des travaux, des recherches et des id\u00e9es innovantes.<\/p>\n\n\n<div class=\" block-background theme-block theme-block--innerblock alignfull\"  \n style=&quot;background-color:;&quot; >\n    <span class=\"theme-block__label\">Section with background<\/span>\n  \n    \n\n<div class=\"cards-group theme-block alignfull cards-group--3-col\">\n    <span class=\"theme-block__label\">Cards<\/span>\n   \n      <span class=\"cards-group__instructions\">Leave empty for default content. Single cards can be manage directly in the pages it refers to<\/span>\n\n    \n<\/div>\n\n\n\n<\/div>\n\n                    \n","protected":false},"excerpt":{"rendered":"<p>Chaque ann\u00e9e, l\u2019Ordre est fier de mettre en lumi\u00e8re les r\u00e9alisations de dentistes qui exercent leur profession avec passion! Les prix remis par l\u2019Ordre symbolisent notre reconnaissance envers l\u2019excellence des dentistes qui se sont d\u00e9marqu\u00e9s par des travaux, des recherches et des id\u00e9es innovantes.<\/p>\n","protected":false},"author":1,"featured_media":0,"parent":324,"menu_order":2,"comment_status":"closed","ping_status":"closed","template":"","meta":{"_acf_changed":false,"_relevanssi_hide_post":"","_relevanssi_hide_content":"","_relevanssi_pin_for_all":"","_relevanssi_pin_keywords":"","_relevanssi_unpin_keywords":"","_relevanssi_related_keywords":"","_relevanssi_related_include_ids":"","_relevanssi_related_exclude_ids":"","_relevanssi_related_no_append":"","_relevanssi_related_not_related":"","_relevanssi_related_posts":"1,37","_relevanssi_noindex_reason":"","wpo365_audiences":[],"wpo365_private":false,"footnotes":""},"class_list":["post-328","page","type-page","status-publish","hentry"],"acf":[],"_links":{"self":[{"href":"https:\/\/www.odq.wp.vortexdev.com\/en\/wp-json\/wp\/v2\/pages\/328","targetHints":{"allow":["GET"]}}],"collection":[{"href":"https:\/\/www.odq.wp.vortexdev.com\/en\/wp-json\/wp\/v2\/pages"}],"about":[{"href":"https:\/\/www.odq.wp.vortexdev.com\/en\/wp-json\/wp\/v2\/types\/page"}],"author":[{"embeddable":true,"href":"https:\/\/www.odq.wp.vortexdev.com\/en\/wp-json\/wp\/v2\/users\/1"}],"replies":[{"embeddable":true,"href":"https:\/\/www.odq.wp.vortexdev.com\/en\/wp-json\/wp\/v2\/comments?post=328"}],"version-history":[{"count":8,"href":"https:\/\/www.odq.wp.vortexdev.com\/en\/wp-json\/wp\/v2\/pages\/328\/revisions"}],"predecessor-version":[{"id":2967,"href":"https:\/\/www.odq.wp.vortexdev.com\/en\/wp-json\/wp\/v2\/pages\/328\/revisions\/2967"}],"up":[{"embeddable":true,"href":"https:\/\/www.odq.wp.vortexdev.com\/en\/wp-json\/wp\/v2\/pages\/324"}],"wp:attachment":[{"href":"https:\/\/www.odq.wp.vortexdev.com\/en\/wp-json\/wp\/v2\/media?parent=328"}],"curies":[{"name":"wp","href":"https:\/\/api.w.org\/{rel}","templated":true}]}}