{"id":318,"date":"2022-08-02T16:03:44","date_gmt":"2022-08-02T20:03:44","guid":{"rendered":"https:\/\/www.odq.wp.vortexdev.com\/?page_id=318"},"modified":"2023-04-25T13:48:03","modified_gmt":"2023-04-25T17:48:03","slug":"diplomes-aux-canada","status":"publish","type":"page","link":"https:\/\/www.odq.wp.vortexdev.com\/en\/devenir-dentiste\/diplomes-hors-quebec\/diplomes-aux-canada\/","title":{"rendered":"Dipl\u00f4m\u00e9s au Canada"},"content":{"rendered":"\n<h2 class=\"is-style-small wp-block-heading\"><strong>Dipl\u00f4m\u00e9s canadiens qui ne sont pas membres d\u2019un ordre<\/strong><\/h2>\n\n\n\n<p>Si vous d\u00e9tenez un certificat du Bureau national d\u2019examen dentaire (BNED) du Canada et un dipl\u00f4me d\u00e9livr\u00e9 par une facult\u00e9 dentaire canadienne ou am\u00e9ricaine agr\u00e9\u00e9e par la Commission de l\u2019agr\u00e9ment dentaire du Canada, vous pouvez d\u00e9poser une demande de reconnaissance d\u2019\u00e9quivalence de dipl\u00f4me conduisant \u00e0 la d\u00e9livrance d\u2019un permis d\u2019exercice de l\u2019Ordre des dentistes du Qu\u00e9bec.<\/p>\n\n\n\n<p>Pour en savoir plus, veuillez consulter la marche \u00e0 suivre ci-dessous.<\/p>\n\n\n\n<div class=\"block-accordions-group theme-block theme-block--innerblock aligndefault\">\n    <span class=\"theme-block__label\">Accordions<\/span>\n  \n    \n<div class=\"block-accordion  theme-block theme-block--innerblock aligndefault\">\n    <span class=\"theme-block__label\">Accordion<\/span>\n    <h3 class=\"block-accordion__title\">Demande de reconnaissance d\u2019\u00e9quivalence de dipl\u00f4me conduisant \u00e0 la d\u00e9livrance d\u2019un permis d\u2019exercice de l\u2019Ordre des dentistes du Qu\u00e9bec<\/h3>\n    \n\n<h4 class=\"wp-block-heading\">Pr\u00e9paration de votre demande<\/h4>\n\n\n\n<ul class=\"wp-block-list\">\n<li>Remplir le formulaire <a href=\"https:\/\/www.odq.wp.vortexdev.com\/wp-content\/uploads\/2023\/01\/ODQ-Formulaire_Demande-equivalence-diplome-formation.pdf\" target=\"_blank\" data-type=\"attachment\" data-id=\"3003\" rel=\"noreferrer noopener\">Demande de reconnaissance d\u2019\u00e9quivalence de dipl\u00f4me<\/a> et le transmettre \u00e0 l\u2019Ordre accompagn\u00e9 des documents suivants :\n<ul class=\"wp-block-list\">\n<li>votre dossier universitaire, y compris la description des cours suivis, le nombre de cr\u00e9dits obtenus et vos r\u00e9sultats;<\/li>\n\n\n\n<li>une copie certifi\u00e9e conforme de tout dipl\u00f4me en m\u00e9decine dentaire dont vous \u00eates titulaire;<\/li>\n\n\n\n<li>une copie certifi\u00e9e conforme de votre certificat du BNED ou preuve de r\u00e9ussite;<\/li>\n\n\n\n<li>une copie de votre CV attestant de votre exp\u00e9rience de travail et de votre participation \u00e0 toute activit\u00e9 de formation continue et de perfectionnement en m\u00e9decine dentaire.<\/li>\n<\/ul>\n<\/li>\n<\/ul>\n\n\n\n<p class=\"has-primary-color has-text-color\"><strong>Une traduction des documents qui ne sont pas r\u00e9dig\u00e9s en fran\u00e7ais ou en anglais est requise.<\/strong><\/p>\n\n\n\n<ul class=\"wp-block-list\">\n<li>Payer \u00e0 l\u2019Ordre des frais d\u2019administration pour une demande d\u2019\u00e9quivalence de dipl\u00f4me ou de formation.<\/li>\n<\/ul>\n\n\n\n<h4 class=\"wp-block-heading\">\u00c9valuation de votre demande<\/h4>\n\n\n\n<p>Les demandes sont \u00e9valu\u00e9es tous les deux mois.<\/p>\n\n\n<\/div>\n\n                    \n\n\n<\/div>\n\n\n\n<h4 class=\"wp-block-heading\">Formulaires \u00e0 t\u00e9l\u00e9charger<\/h4>\n\n\n\n\n  <section id=block_b3b72333b1fe77c35ba61a5900539cc2 class=\"documents-block theme-block aligndefault\">\n          <a href=\"https:\/\/www.odq.wp.vortexdev.com\/wp-content\/uploads\/2023\/01\/ODQ-Formulaire_Demande-equivalence-diplome-formation.pdf\" target=\"_blank\" aria-label=\"Consult the document Demande de reconnaissance d\u2019\u00e9quivalence de dipl\u00f4me. The document will open in a new tab\" class=\"document-item\">\n        <div class=\"document-item__infos\">\n          <p class=\"document-item__title\">\n                          Demande de reconnaissance d\u2019\u00e9quivalence de dipl\u00f4me                      <\/p>\n                 \n        <\/div>  \n        <span class=\"document-item__date\">\n                  <\/span>\n    \n                  <div class=\"document-item__button btn btn--outline\"><span><i class=\"icon icon-download\" aria-hidden=\"true\"><\/i>Consult<\/span><\/div>\n               \n      <\/a>\n          <a href=\"https:\/\/www.odq.wp.vortexdev.com\/wp-content\/uploads\/2023\/01\/ODQ-Formulaire_Demande-obtention-permis-exercice-certificat-specialiste-reinscription-A1.pdf\" target=\"_blank\" aria-label=\"Consult the document Demande d\u2019obtention de permis d\u2019exercice, de certificat de sp\u00e9cialiste ou de r\u00e9inscription (formulaire A1). The document will open in a new tab\" class=\"document-item\">\n        <div class=\"document-item__infos\">\n          <p class=\"document-item__title\">\n                          Demande d\u2019obtention de permis d\u2019exercice, de certificat de sp\u00e9cialiste ou de r\u00e9inscription (formulaire A1)                      <\/p>\n                 \n        <\/div>  \n        <span class=\"document-item__date\">\n                  <\/span>\n    \n                  <div class=\"document-item__button btn btn--outline\"><span><i class=\"icon icon-download\" aria-hidden=\"true\"><\/i>Consult<\/span><\/div>\n               \n      <\/a>\n          <a href=\"https:\/\/www.odq.wp.vortexdev.com\/wp-content\/uploads\/2023\/01\/ODQ-Formulaire_Certificat-conduite-professionnelle-C2_FR.pdf\" target=\"_blank\" aria-label=\"Consult the document Certificat de conduite professionnelle (formulaire C2). The document will open in a new tab\" class=\"document-item\">\n        <div class=\"document-item__infos\">\n          <p class=\"document-item__title\">\n                          Certificat de conduite professionnelle (formulaire C2)                      <\/p>\n                 \n        <\/div>  \n        <span class=\"document-item__date\">\n                  <\/span>\n    \n                  <div class=\"document-item__button btn btn--outline\"><span><i class=\"icon icon-download\" aria-hidden=\"true\"><\/i>Consult<\/span><\/div>\n               \n      <\/a>\n          <a href=\"https:\/\/www.odq.wp.vortexdev.com\/wp-content\/uploads\/2023\/04\/Demande_exemption_FARPODQ.pdf\" target=\"_blank\" aria-label=\"Consult the document Demande d&#039;exemption de souscrire au FARPODQ. The document will open in a new tab\" class=\"document-item\">\n        <div class=\"document-item__infos\">\n          <p class=\"document-item__title\">\n                          Demande d&#039;exemption de souscrire au FARPODQ                      <\/p>\n                 \n        <\/div>  \n        <span class=\"document-item__date\">\n                  <\/span>\n    \n                  <div class=\"document-item__button btn btn--outline\"><span><i class=\"icon icon-download\" aria-hidden=\"true\"><\/i>Consult<\/span><\/div>\n               \n      <\/a>\n      <\/section>\n\n\n\n<h4 class=\"wp-block-heading\">R\u00e8glements<\/h4>\n\n\n\n\n  <section id=block_bb69f1eb604a4171c18cc3b19d9c85f2 class=\"documents-block theme-block aligndefault\">\n          <a href=\"https:\/\/www.legisquebec.gouv.qc.ca\/fr\/document\/rc\/D-3,%20r.%2010%20\/\" target=\"_blank\" aria-label=\"Consult the document R\u00e8glement sur les normes d\u2019\u00e9quivalence de dipl\u00f4me et de formation pour la d\u00e9livrance d\u2019un permis et d\u2019un certificat de sp\u00e9cialiste de l\u2019Ordre des dentistes du Qu\u00e9bec. The document will open in a new tab\" class=\"document-item\" rel=\"noopener\">\n        <div class=\"document-item__infos\">\n          <p class=\"document-item__title\">\n                          R\u00e8glement sur les normes d\u2019\u00e9quivalence de dipl\u00f4me et de formation pour la d\u00e9livrance d\u2019un permis et d\u2019un certificat de sp\u00e9cialiste de l\u2019Ordre des dentistes du Qu\u00e9bec                      <\/p>\n                 \n        <\/div>  \n        <span class=\"document-item__date\">\n                  <\/span>\n    \n                  <div class=\"document-item__button btn btn--outline\"><span><i class=\"icon icon-download\" aria-hidden=\"true\"><\/i>Consult<\/span><\/div>\n               \n      <\/a>\n          <a href=\"https:\/\/www.legisquebec.gouv.qc.ca\/fr\/document\/rc\/D-3,%20r.%207%20\/\" target=\"_blank\" aria-label=\"Consult the document R\u00e8glement sur les conditions et les modalit\u00e9s de d\u00e9livrance des permis de l\u2019Ordre des dentistes du Qu\u00e9bec. The document will open in a new tab\" class=\"document-item\" rel=\"noopener\">\n        <div class=\"document-item__infos\">\n          <p class=\"document-item__title\">\n                          R\u00e8glement sur les conditions et les modalit\u00e9s de d\u00e9livrance des permis de l\u2019Ordre des dentistes du Qu\u00e9bec                      <\/p>\n                 \n        <\/div>  \n        <span class=\"document-item__date\">\n                  <\/span>\n    \n                  <div class=\"document-item__button btn btn--outline\"><span><i class=\"icon icon-download\" aria-hidden=\"true\"><\/i>Consult<\/span><\/div>\n               \n      <\/a>\n      <\/section>\n\n\n\n<h2 class=\"is-style-small wp-block-heading\"><strong>Entente de mobilit\u00e9 canadienne<\/strong><\/h2>\n\n\n\n<p>Au Canada, les ordres professionnels ont conclu une entente permettant \u00e0 leurs membres d\u2019exercer la m\u00e9decine dentaire dans l\u2019ensemble des provinces ou territoires. Si vous \u00eates membre d\u2019un ordre canadien, vous pourrez pratiquer au Qu\u00e9bec \u00e0 condition de respecter certains crit\u00e8res, en vertu du R\u00e8glement sur les autorisations l\u00e9gales d\u2019exercer la profession de dentiste hors du Qu\u00e9bec qui donnent ouverture au permis ou au certificat de sp\u00e9cialiste de l\u2019Ordre des dentistes du Qu\u00e9bec.<\/p>\n\n\n\n<div class=\"block-accordions-group theme-block theme-block--innerblock aligndefault\">\n    <span class=\"theme-block__label\">Accordions<\/span>\n  \n    \n<div class=\"block-accordion  theme-block theme-block--innerblock aligndefault\">\n    <span class=\"theme-block__label\">Accordion<\/span>\n    <h3 class=\"block-accordion__title\">Demande d\u2019obtention de permis d\u2019exercice en vertu de l\u2019entente de mobilit\u00e9 canadienne<\/h3>\n    \n\n<ul class=\"wp-block-list\">\n<li>Remplir le formulaire Demande d\u2019obtention de permis d\u2019exercice, de certificat de sp\u00e9cialiste ou de r\u00e9inscription.<\/li>\n\n\n\n<li>Payer les <a href=\"https:\/\/www.odq.wp.vortexdev.com\/wp-content\/uploads\/2023\/02\/ODQ_Grille-tarifaire-frais.pdf\" target=\"_blank\" data-type=\"attachment\" data-id=\"3678\" rel=\"noreferrer noopener\">frais d\u2019\u00e9valuation<\/a> de dossier \u00e0 l\u2019Ordre des dentistes du Qu\u00e9bec.<\/li>\n<\/ul>\n\n\n\n<p><strong>Documents \u00e0 fournir<br><\/strong><\/p>\n\n\n\n<ul class=\"wp-block-list\">\n<li>Certificat de naissance (original ou copie de l\u2019acte de naissance certifi\u00e9e conforme)<br><br><strong>Si vous \u00eates n\u00e9 au Qu\u00e9bec<\/strong>\n<ul class=\"wp-block-list\">\n<li>Joindre une copie certifi\u00e9e conforme du certificat de naissance d\u00e9livr\u00e9 par le Directeur de l\u2019\u00e9tat civil. Au Qu\u00e9bec, le formulaire pour obtenir le certificat de naissance est disponible sur le site www.etatcivil.gouv.qc.ca.<\/li>\n<\/ul>\n<\/li>\n\n\n\n<li><br><strong>Si vous \u00eates n\u00e9 \u00e0 l\u2019ext\u00e9rieur du Qu\u00e9bec<\/strong>\n<ul class=\"wp-block-list\">\n<li>Joindre une copie certifi\u00e9e conforme du certificat de naissance obtenue aupr\u00e8s de l\u2019organisme ayant d\u00e9livr\u00e9 le document original ou, \u00e0 d\u00e9faut, d\u2019une autorit\u00e9 reconnue pour authentifier les documents d\u2019identit\u00e9 ou d\u2019\u00e9tat civil dans la province ou le pays d\u2019origine, par exemple une administration locale, un notaire public ou autre.<\/li>\n\n\n\n<li>La copie certifi\u00e9e conforme par une ambassade ou un consulat de votre pays d\u2019origine est accept\u00e9e.<br><\/li>\n<\/ul>\n<\/li>\n<\/ul>\n\n\n\n<p><\/p>\n\n\n\n<ul class=\"wp-block-list\">\n<li>Photographie r\u00e9cente (datant de moins de six mois)<\/li>\n\n\n\n<li>Copie certifi\u00e9e conforme \u00e0 l\u2019original de votre permis de conduire, de votre carte d\u2019assurance maladie ou de votre passeport aux fins de v\u00e9rification de votre identit\u00e9<\/li>\n\n\n\n<li>Copie certifi\u00e9e conforme de tout dipl\u00f4me en m\u00e9decine dentaire ou preuve de l\u2019obtention de ces dipl\u00f4mes<\/li>\n\n\n\n<li>Copie certifi\u00e9e conforme de votre certificat du Bureau national d\u2019examen dentaire du Canada ou preuve de r\u00e9ussite<\/li>\n\n\n\n<li>Preuve de l\u2019autorisation l\u00e9gale d\u2019exercer la m\u00e9decine dentaire dans une autre province ou un territoire canadien signataire de l\u2019accord<\/li>\n<\/ul>\n\n\n\n<p><\/p>\n\n\n<\/div>\n\n                    \n\n\n<\/div>\n\n\n<section id=block_9a75e2d0f1c54e7ce506f9deed48523a class=\"useful-links theme-block aligndefault\">\n      <h5 class=\"useful-links__title\">Liens utiles<\/h5>\n    <div class=\"useful-links__container\">\n          <a href=\"https:\/\/www.legisquebec.gouv.qc.ca\/fr\/document\/rc\/D-3,%20r.%202%20\/\" target=\"_blank\" class=\"useful-link arrow-link\" rel=\"noopener noreferrer\">R\u00e8glement sur les autorisations l\u00e9gales d\u2019exercer la profession de dentiste hors du Qu\u00e9bec qui donnent ouverture au permis ou au certificat de sp\u00e9cialiste de l\u2019Ordre des dentistes du Qu\u00e9bec<\/a>          <a href=\"https:\/\/www.legisquebec.gouv.qc.ca\/fr\/document\/rc\/D-3,%20r.%207%20\/\" target=\"_blank\" class=\"useful-link arrow-link\" rel=\"noopener noreferrer\">R\u00e8glement sur les conditions et modalit\u00e9s de d\u00e9livrance des permis de l\u2019Ordre des dentistes du Qu\u00e9bec<\/a>      <\/div>\n<\/section>\n\n\n\n<h4 class=\"wp-block-heading\">Formulaires \u00e0 t\u00e9l\u00e9charger<\/h4>\n\n\n\n\n  <section id=block_eca3bd7d0f70e30cc59adc4033e94161 class=\"documents-block theme-block aligndefault\">\n          <a href=\"https:\/\/www.odq.wp.vortexdev.com\/wp-content\/uploads\/2023\/01\/ODQ-Formulaire_Demande-obtention-permis-exercice-certificat-specialiste-reinscription-A1.pdf\" target=\"_blank\" aria-label=\"Consult the document Demande d\u2019obtention de permis d&#039;exercice, de certificat de sp\u00e9cialiste ou de r\u00e9inscription (formulaire A1). The document will open in a new tab\" class=\"document-item\">\n        <div class=\"document-item__infos\">\n          <p class=\"document-item__title\">\n                          Demande d\u2019obtention de permis d&#039;exercice, de certificat de sp\u00e9cialiste ou de r\u00e9inscription (formulaire A1)                      <\/p>\n                 \n        <\/div>  \n        <span class=\"document-item__date\">\n                  <\/span>\n    \n                  <div class=\"document-item__button btn btn--outline\"><span><i class=\"icon icon-download\" aria-hidden=\"true\"><\/i>Consult<\/span><\/div>\n               \n      <\/a>\n          <a href=\"https:\/\/www.odq.wp.vortexdev.com\/wp-content\/uploads\/2023\/01\/ODQ-Formulaire_Certificat-conduite-professionnelle-C2_FR.pdf\" target=\"_blank\" aria-label=\"Consult the document Certificat de conduite professionnelle (formulaire C2). The document will open in a new tab\" class=\"document-item\">\n        <div class=\"document-item__infos\">\n          <p class=\"document-item__title\">\n                          Certificat de conduite professionnelle (formulaire C2)                      <\/p>\n                 \n        <\/div>  \n        <span class=\"document-item__date\">\n                  <\/span>\n    \n                  <div class=\"document-item__button btn btn--outline\"><span><i class=\"icon icon-download\" aria-hidden=\"true\"><\/i>Consult<\/span><\/div>\n               \n      <\/a>\n          <a href=\"https:\/\/www.odq.wp.vortexdev.com\/wp-content\/uploads\/2023\/04\/Demande_exemption_FARPODQ.pdf\" target=\"_blank\" aria-label=\"Consult the document Demande d&#039;exemption de souscrire au FARPODQ. The document will open in a new tab\" class=\"document-item\">\n        <div class=\"document-item__infos\">\n          <p class=\"document-item__title\">\n                          Demande d&#039;exemption de souscrire au FARPODQ                      <\/p>\n                 \n        <\/div>  \n        <span class=\"document-item__date\">\n                  <\/span>\n    \n                  <div class=\"document-item__button btn btn--outline\"><span><i class=\"icon icon-download\" aria-hidden=\"true\"><\/i>Consult<\/span><\/div>\n               \n      <\/a>\n      <\/section>\n\n\n\n<h2 class=\"is-style-small wp-block-heading\"><strong>Permis d&#8217;exercice<\/strong><\/h2>\n\n\n\n<p>Le comit\u00e9 d\u2019admission de l\u2019Ordre examine et d\u00e9cide de toute candidature \u00e0 l\u2019exercice de la profession; il se r\u00e9unit une fois par mois.<\/p>\n\n\n\n<div class=\"wp-block-buttons is-layout-flex wp-block-buttons-is-layout-flex\">\n<div class=\"wp-block-button\"><a class=\"wp-block-button__link wp-element-button\" href=\"https:\/\/www.odq.wp.vortexdev.com\/wp-content\/uploads\/2023\/03\/ODQ_Reunions-comite-admission-et-seances-assermentation.pdf\" target=\"_blank\" rel=\"noreferrer noopener\">Consulter les dates de r\u00e9union<\/a><\/div>\n<\/div>\n\n\n\n<h2 class=\"is-style-small wp-block-heading\"><strong>Droits et frais<\/strong><\/h2>\n\n\n\n<p>Pour obtenir un permis, un certificat de sp\u00e9cialiste ou une r\u00e9inscription au tableau et pour vous inscrire au tableau des membres de l\u2019Ordre, vous devrez <a href=\"https:\/\/www.odq.wp.vortexdev.com\/wp-content\/uploads\/2023\/02\/ODQ_Grille-tarifaire-frais.pdf\" target=\"_blank\" data-type=\"attachment\" data-id=\"3678\" rel=\"noreferrer noopener\">acquitter des frais<\/a>.<\/p>\n\n\n\n<p>En plus de votre inscription au tableau des membres, vous devrez souscrire au Fonds d\u2019assurance-responsabilit\u00e9 professionnelle de l\u2019Ordre des dentistes du Qu\u00e9bec. Pour toute question \u00e0 ce sujet, veuillez consulter le <a href=\"https:\/\/www.farpodq.org\/index.php\/fr\/\" target=\"_blank\" rel=\"noopener\">site Web<\/a> du Fonds.<\/p>\n\n\n<section class=\"message theme-block theme-block--innerblock aligndefault notice--validation\">\n<span class=\"theme-block__label\">Message<\/span>\n  <div class=\"message__content\">\n\n  \n    \n\n<p><strong>Important<br><\/strong>Au Qu\u00e9bec, les candidats de tous les ordres professionnels doivent prouver leur <a href=\"http:\/\/www.oqlf.gouv.qc.ca\/francisation\/ordres_prof\/ordres.html\" target=\"_blank\" rel=\"noopener\">capacit\u00e9 \u00e0 travailler en fran\u00e7ais<\/a>.<\/p>\n\n\n  <\/div>\n\n<\/section>\n\n\n\n<h2 class=\"is-style-small has-primary-color has-text-color wp-block-heading\"><strong>Des questions?<\/strong><\/h2>\n\n\n\n<ul class=\"wp-block-list\">\n<li><a href=\"mailto:admission@odq.qc.ca\">admission@odq.qc.ca<\/a><\/li>\n\n\n\n<li><strong>514 875-8511, poste 2231<\/strong><\/li>\n<\/ul>\n","protected":false},"excerpt":{"rendered":"<p>Dipl\u00f4m\u00e9s canadiens qui ne sont pas membres d\u2019un ordre Si vous d\u00e9tenez un certificat du Bureau national d\u2019examen dentaire (BNED) du Canada et un dipl\u00f4me d\u00e9livr\u00e9 par une facult\u00e9 dentaire canadienne ou am\u00e9ricaine agr\u00e9\u00e9e par la Commission de l\u2019agr\u00e9ment dentaire du Canada, vous pouvez d\u00e9poser une demande de reconnaissance d\u2019\u00e9quivalence de dipl\u00f4me conduisant \u00e0 la&hellip;<\/p>\n","protected":false},"author":4,"featured_media":0,"parent":309,"menu_order":0,"comment_status":"closed","ping_status":"closed","template":"","meta":{"_acf_changed":false,"_relevanssi_hide_post":"","_relevanssi_hide_content":"","_relevanssi_pin_for_all":"","_relevanssi_pin_keywords":"","_relevanssi_unpin_keywords":"","_relevanssi_related_keywords":"","_relevanssi_related_include_ids":"","_relevanssi_related_exclude_ids":"","_relevanssi_related_no_append":"","_relevanssi_related_not_related":"","_relevanssi_related_posts":"37,1","_relevanssi_noindex_reason":"","wpo365_audiences":[],"wpo365_private":false,"footnotes":""},"class_list":["post-318","page","type-page","status-publish","hentry"],"acf":[],"_links":{"self":[{"href":"https:\/\/www.odq.wp.vortexdev.com\/en\/wp-json\/wp\/v2\/pages\/318","targetHints":{"allow":["GET"]}}],"collection":[{"href":"https:\/\/www.odq.wp.vortexdev.com\/en\/wp-json\/wp\/v2\/pages"}],"about":[{"href":"https:\/\/www.odq.wp.vortexdev.com\/en\/wp-json\/wp\/v2\/types\/page"}],"author":[{"embeddable":true,"href":"https:\/\/www.odq.wp.vortexdev.com\/en\/wp-json\/wp\/v2\/users\/4"}],"replies":[{"embeddable":true,"href":"https:\/\/www.odq.wp.vortexdev.com\/en\/wp-json\/wp\/v2\/comments?post=318"}],"version-history":[{"count":8,"href":"https:\/\/www.odq.wp.vortexdev.com\/en\/wp-json\/wp\/v2\/pages\/318\/revisions"}],"predecessor-version":[{"id":4160,"href":"https:\/\/www.odq.wp.vortexdev.com\/en\/wp-json\/wp\/v2\/pages\/318\/revisions\/4160"}],"up":[{"embeddable":true,"href":"https:\/\/www.odq.wp.vortexdev.com\/en\/wp-json\/wp\/v2\/pages\/309"}],"wp:attachment":[{"href":"https:\/\/www.odq.wp.vortexdev.com\/en\/wp-json\/wp\/v2\/media?parent=318"}],"curies":[{"name":"wp","href":"https:\/\/api.w.org\/{rel}","templated":true}]}}