{"id":315,"date":"2022-08-02T16:02:39","date_gmt":"2022-08-02T20:02:39","guid":{"rendered":"https:\/\/www.odq.wp.vortexdev.com\/?page_id=315"},"modified":"2024-04-04T15:47:24","modified_gmt":"2024-04-04T19:47:24","slug":"permis-dexercice","status":"publish","type":"page","link":"https:\/\/www.odq.wp.vortexdev.com\/en\/devenir-dentiste\/etudiants\/permis-dexercice\/","title":{"rendered":"Permis d&#8217;exercice"},"content":{"rendered":"\n<p>Au Qu\u00e9bec, la profession de dentiste est une profession d\u2019exercice exclusif. Ainsi, toute personne qui souhaite l\u2019exercer doit d\u00e9tenir un permis d\u00e9livr\u00e9 par l\u2019Ordre des dentistes du Qu\u00e9bec (Ordre) et \u00eatre inscrite au tableau des membres. Il n\u2019est pas requis d\u2019\u00eatre r\u00e9sident permanent ou citoyen canadien pour obtenir un permis de l\u2019Ordre.<\/p>\n\n\n\n<p>Le permis est un document officiel attestant que son d\u00e9tenteur a satisfait \u00e0 toutes les conditions et, par cons\u00e9quent, qu\u2019il est autoris\u00e9 \u00e0 exercer la m\u00e9decine dentaire au Qu\u00e9bec.<\/p>\n\n\n\n<p>Le comit\u00e9 d\u2019admission de l\u2019Ordre examine et d\u00e9cide de toute candidature \u00e0 l\u2019exercice de la profession; il se r\u00e9unit une fois par mois.<\/p>\n\n\n\n<div class=\"wp-block-buttons is-layout-flex wp-block-buttons-is-layout-flex\">\n<div class=\"wp-block-button\"><a class=\"wp-block-button__link wp-element-button\" href=\"https:\/\/www.odq.wp.vortexdev.com\/wp-content\/uploads\/2023\/03\/ODQ_Reunions-comite-admission-et-seances-assermentation.pdf\" target=\"_blank\" rel=\"noreferrer noopener\">Consulter les dates de r\u00e9union<\/a><\/div>\n<\/div>\n\n\n\n<h2 class=\"wp-block-heading is-style-small\"><strong>Candidats \u00e0 l\u2019exercice de la profession \u2013 Finissants des facult\u00e9s de m\u00e9decine dentaire<\/strong><\/h2>\n\n\n\n<p>Une fois l\u2019obtention du dipl\u00f4me universitaire et la r\u00e9ussite de l\u2019examen administr\u00e9 par le Bureau national d\u2019examen dentaire confirm\u00e9es, l\u2019Ordre invite les finissants concern\u00e9s \u00e0 lui faire parvenir le formulaire Demande d\u2019obtention d\u2019un permis d\u2019exercice, d\u2019un certificat de sp\u00e9cialiste ou de r\u00e9inscription et les documents requis.<\/p>\n\n\n\n<h2 class=\"wp-block-heading is-style-small\"><strong>Candidats \u00e0 l\u2019exercice de la profession \u2013 Autres<\/strong><\/h2>\n\n\n\n<p>Les candidats doivent faire parvenir \u00e0 l\u2019Ordre le formulaire Demande d\u2019obtention d\u2019un permis d\u2019exercice, d\u2019un certificat de sp\u00e9cialiste ou de r\u00e9inscription et les documents requis, dont le ou les certificats de conduite professionnelle, <strong>au moins 15&nbsp;jours ouvrables<\/strong> avant la tenue de la prochaine r\u00e9union du comit\u00e9 d\u2019admission.<\/p>\n\n\n\n<p>Toute demande non compl\u00e9t\u00e9e avant cette date sera pr\u00e9sent\u00e9e lors de la r\u00e9union subs\u00e9quente du comit\u00e9.<\/p>\n\n\n<section class=\"message theme-block theme-block--innerblock aligndefault notice--information\">\n<span class=\"theme-block__label\">Message<\/span>\n  <div class=\"message__content\">\n\n  \n    \n\n<p><strong>Important<\/strong><br>Conform\u00e9ment aux exigences de la Charte qu\u00e9b\u00e9coise de la langue fran\u00e7aise, les candidats de tous les ordres professionnels du Qu\u00e9bec doivent d\u00e9montrer leur capacit\u00e9 \u00e0 travailler en fran\u00e7ais. Nous vous invitons \u00e0 <a href=\"http:\/\/www.oqlf.gouv.qc.ca\/francisation\/ordres_prof\/ordres.html\" target=\"_blank\" rel=\"noopener\">consulter les exigences<\/a> en la mati\u00e8re.<\/p>\n\n\n  <\/div>\n\n<\/section>\n\n\n\n<h4 class=\"wp-block-heading\">Formulaires \u00e0 t\u00e9l\u00e9charger<\/h4>\n\n\n\n\n  <section id=block_2af4fbed28325ba363c3a52bad5e205a class=\"documents-block theme-block aligndefault\">\n          <a href=\"https:\/\/www.odq.wp.vortexdev.com\/wp-content\/uploads\/2023\/01\/ODQ-Formulaire_Demande-obtention-permis-exercice-certificat-specialiste-reinscription-A1.pdf\" target=\"_blank\" aria-label=\"Consult the document Demande d\u2019obtention de permis d\u2019exercice, de certificat de sp\u00e9cialiste ou de r\u00e9inscription (formulaire A1). The document will open in a new tab\" class=\"document-item\">\n        <div class=\"document-item__infos\">\n          <p class=\"document-item__title\">\n                          Demande d\u2019obtention de permis d\u2019exercice, de certificat de sp\u00e9cialiste ou de r\u00e9inscription (formulaire A1)                      <\/p>\n                 \n        <\/div>  \n        <span class=\"document-item__date\">\n                  <\/span>\n    \n                  <div class=\"document-item__button btn btn--outline\"><span><i class=\"icon icon-download\" aria-hidden=\"true\"><\/i>Consult<\/span><\/div>\n               \n      <\/a>\n          <a href=\"https:\/\/www.odq.wp.vortexdev.com\/wp-content\/uploads\/2023\/02\/ODQ-Formulaire_Confirmation-inscription-programme-etudes-postdoctorales-A3.1.pdf\" target=\"_blank\" aria-label=\"Consult the document Confirmation d\u2019inscription \u2013 programme d\u2019\u00e9tudes postdoctorales (formulaire A3.1). The document will open in a new tab\" class=\"document-item\">\n        <div class=\"document-item__infos\">\n          <p class=\"document-item__title\">\n                          Confirmation d\u2019inscription \u2013 programme d\u2019\u00e9tudes postdoctorales (formulaire A3.1)                      <\/p>\n                 \n        <\/div>  \n        <span class=\"document-item__date\">\n                  <\/span>\n    \n                  <div class=\"document-item__button btn btn--outline\"><span><i class=\"icon icon-download\" aria-hidden=\"true\"><\/i>Consult<\/span><\/div>\n               \n      <\/a>\n          <a href=\"https:\/\/www.odq.wp.vortexdev.com\/wp-content\/uploads\/2023\/01\/ODQ-Formulaire_Certificat-conduite-professionnelle-C2_FR.pdf\" target=\"_blank\" aria-label=\"Consult the document Certificat de conduite professionnelle (formulaire C2). The document will open in a new tab\" class=\"document-item\">\n        <div class=\"document-item__infos\">\n          <p class=\"document-item__title\">\n                          Certificat de conduite professionnelle (formulaire C2)                      <\/p>\n                 \n        <\/div>  \n        <span class=\"document-item__date\">\n                  <\/span>\n    \n                  <div class=\"document-item__button btn btn--outline\"><span><i class=\"icon icon-download\" aria-hidden=\"true\"><\/i>Consult<\/span><\/div>\n               \n      <\/a>\n          <a href=\"https:\/\/www.odq.wp.vortexdev.com\/wp-content\/uploads\/2023\/04\/Demande_exemption_FARPODQ.pdf\" target=\"_blank\" aria-label=\"Consult the document Demande d&#039;exemption de souscrire au FARPODQ. The document will open in a new tab\" class=\"document-item\">\n        <div class=\"document-item__infos\">\n          <p class=\"document-item__title\">\n                          Demande d&#039;exemption de souscrire au FARPODQ                      <\/p>\n                 \n        <\/div>  \n        <span class=\"document-item__date\">\n                  <\/span>\n    \n                  <div class=\"document-item__button btn btn--outline\"><span><i class=\"icon icon-download\" aria-hidden=\"true\"><\/i>Consult<\/span><\/div>\n               \n      <\/a>\n      <\/section>\n\n\n\n<h2 class=\"wp-block-heading is-style-small\"><strong>Prestation de serment<\/strong><\/h2>\n\n\n\n<p>L\u2019Ordre des dentistes du Qu\u00e9bec veille \u00e0 l\u2019organisation des s\u00e9ances de prestation de serment des nouveaux dentistes.<\/p>\n\n\n\n<h2 class=\"wp-block-heading is-style-small\"><strong>Droits et frais<\/strong><\/h2>\n\n\n\n<p>Pour obtenir un permis, un certificat de sp\u00e9cialiste ou une r\u00e9inscription au tableau et pour vous inscrire au tableau des membres de l\u2019Ordre, vous devrez <a href=\"https:\/\/www.odq.wp.vortexdev.com\/wp-content\/uploads\/2023\/02\/ODQ_Grille-tarifaire-frais.pdf\" target=\"_blank\" data-type=\"attachment\" data-id=\"3678\" rel=\"noreferrer noopener\">acquitter des frais<\/a>.<\/p>\n\n\n\n<p>En plus de votre inscription au tableau des membres, vous devrez souscrire au Fonds d\u2019assurance-responsabilit\u00e9 professionnelle de l\u2019Ordre des dentistes du Qu\u00e9bec. Pour toute question \u00e0 ce sujet, veuillez consulter le <a href=\"https:\/\/www.farpodq.org\/index.php\/fr\/\" target=\"_blank\" rel=\"noopener\">site Web<\/a> du Fonds.<\/p>\n\n\n\n<h2 class=\"wp-block-heading is-style-small\"><strong>Commissaire \u00e0 l\u2019admission aux professions<\/strong><\/h2>\n\n\n\n<p>En cas d\u2019insatisfaction dans le processus d\u2019admission ou de d\u00e9livrance d\u2019un permis, tout candidat \u00e0 l\u2019exercice de la profession peut s\u2019adresser gratuitement au <a href=\"https:\/\/www.opq.gouv.qc.ca\/commissaire\" target=\"_blank\" rel=\"noopener\">Commissaire \u00e0 l\u2019admission aux professions<\/a>.<\/p>\n\n\n\n<h2 class=\"wp-block-heading is-style-small has-primary-color has-text-color\"><strong>Des questions?<\/strong><\/h2>\n\n\n\n<ul class=\"wp-block-list\">\n<li><a href=\"mailto:admission@odq.qc.ca\">admission@odq.qc.ca<\/a><\/li>\n\n\n\n<li><strong>514 875-8511, poste 2231<\/strong><\/li>\n<\/ul>\n","protected":false},"excerpt":{"rendered":"<p>Au Qu\u00e9bec, la profession de dentiste est une profession d\u2019exercice exclusif. Ainsi, toute personne qui souhaite l\u2019exercer doit d\u00e9tenir un permis d\u00e9livr\u00e9 par l\u2019Ordre des dentistes du Qu\u00e9bec (Ordre) et \u00eatre inscrite au tableau des membres. Il n\u2019est pas requis d\u2019\u00eatre r\u00e9sident permanent ou citoyen canadien pour obtenir un permis de l\u2019Ordre. Le permis est&hellip;<\/p>\n","protected":false},"author":4,"featured_media":0,"parent":307,"menu_order":1,"comment_status":"closed","ping_status":"closed","template":"","meta":{"_acf_changed":false,"_relevanssi_hide_post":"","_relevanssi_hide_content":"","_relevanssi_pin_for_all":"","_relevanssi_pin_keywords":"","_relevanssi_unpin_keywords":"","_relevanssi_related_keywords":"","_relevanssi_related_include_ids":"","_relevanssi_related_exclude_ids":"","_relevanssi_related_no_append":"","_relevanssi_related_not_related":"","_relevanssi_related_posts":"1,37","_relevanssi_noindex_reason":"","wpo365_audiences":[],"wpo365_private":false,"footnotes":""},"class_list":["post-315","page","type-page","status-publish","hentry"],"acf":[],"_links":{"self":[{"href":"https:\/\/www.odq.wp.vortexdev.com\/en\/wp-json\/wp\/v2\/pages\/315","targetHints":{"allow":["GET"]}}],"collection":[{"href":"https:\/\/www.odq.wp.vortexdev.com\/en\/wp-json\/wp\/v2\/pages"}],"about":[{"href":"https:\/\/www.odq.wp.vortexdev.com\/en\/wp-json\/wp\/v2\/types\/page"}],"author":[{"embeddable":true,"href":"https:\/\/www.odq.wp.vortexdev.com\/en\/wp-json\/wp\/v2\/users\/4"}],"replies":[{"embeddable":true,"href":"https:\/\/www.odq.wp.vortexdev.com\/en\/wp-json\/wp\/v2\/comments?post=315"}],"version-history":[{"count":9,"href":"https:\/\/www.odq.wp.vortexdev.com\/en\/wp-json\/wp\/v2\/pages\/315\/revisions"}],"predecessor-version":[{"id":10572,"href":"https:\/\/www.odq.wp.vortexdev.com\/en\/wp-json\/wp\/v2\/pages\/315\/revisions\/10572"}],"up":[{"embeddable":true,"href":"https:\/\/www.odq.wp.vortexdev.com\/en\/wp-json\/wp\/v2\/pages\/307"}],"wp:attachment":[{"href":"https:\/\/www.odq.wp.vortexdev.com\/en\/wp-json\/wp\/v2\/media?parent=315"}],"curies":[{"name":"wp","href":"https:\/\/api.w.org\/{rel}","templated":true}]}}