{"id":313,"date":"2022-08-02T16:02:06","date_gmt":"2022-08-02T20:02:06","guid":{"rendered":"https:\/\/www.odq.wp.vortexdev.com\/?page_id=313"},"modified":"2023-06-15T15:11:19","modified_gmt":"2023-06-15T19:11:19","slug":"sinscrire-au-registre","status":"publish","type":"page","link":"https:\/\/www.odq.wp.vortexdev.com\/en\/devenir-dentiste\/etudiants\/sinscrire-au-registre\/","title":{"rendered":"S&#8217;inscrire au registre"},"content":{"rendered":"\n<ul class=\"wp-block-list\">\n<li><a href=\"#qui-doit-sinscrire\">Qui doit s&#8217;inscrire au registre?<\/a><\/li>\n\n\n\n<li><a href=\"#pourquoi-sinscrire\">Pourquoi s&#8217;inscrire au registre?<\/a><\/li>\n\n\n\n<li><a href=\"#devoirs-responsabilites\">Devoirs et responsabilit\u00e9s des \u00e9tudiants<\/a><\/li>\n\n\n\n<li><a href=\"#quand-sinscrire\">Quand s&#8217;inscrire au registre?<\/a><\/li>\n\n\n\n<li><a href=\"#frais-inscription\">Frais d&#8217;inscription au registre<\/a><\/li>\n\n\n\n<li><a href=\"#comment-sinscrire\">Comment s\u2019inscrire au registre?<\/a><\/li>\n\n\n\n<li><a href=\"#renouvellement-inscription\">Renouvellement de l\u2019inscription au registre<\/a><\/li>\n\n\n\n<li><a href=\"#carte-inscription\">Carte d\u2019inscription et \u00e9pinglette<\/a><\/li>\n\n\n\n<li><a href=\"#liens-utiles\">Liens utiles<\/a><\/li>\n\n\n\n<li><a href=\"#des-questions\">Des questions?<\/a><\/li>\n<\/ul>\n\n\n\n<h2 class=\"wp-block-heading is-style-small\" id=\"qui-doit-sinscrire\"><strong>Qui doit s&#8217;inscrire au registre?<\/strong><\/h2>\n\n\n\n<ul class=\"wp-block-list\">\n<li>Les \u00e9tudiants inscrits&nbsp;:\n<ul class=\"wp-block-list\">\n<li>au programme de doctorat en m\u00e9decine dentaire aupr\u00e8s d\u2019une universit\u00e9 qu\u00e9b\u00e9coise;<\/li>\n\n\n\n<li>\u00e0 la ma\u00eetrise ou \u00e0 un programme de r\u00e9sidence aupr\u00e8s d\u2019une universit\u00e9 qu\u00e9b\u00e9coise qui ne d\u00e9tiennent pas de permis pour exercer la m\u00e9decine dentaire au Qu\u00e9bec;<\/li>\n\n\n\n<li>\u00e0 un programme de qualification en m\u00e9decine dentaire ou qui suivent une formation en vue d\u2019obtenir une \u00e9quivalence au Qu\u00e9bec.<\/li>\n<\/ul>\n<\/li>\n\n\n\n<li>Toute personne tenue de r\u00e9aliser un stage en m\u00e9decine dentaire au Qu\u00e9bec (\u00e9change universitaire, d\u00e9marche d\u2019\u00e9quivalence ou autres).<\/li>\n<\/ul>\n\n\n\n<h2 class=\"wp-block-heading is-style-small\" id=\"pourquoi-sinscrire\"><strong>Pourquoi s\u2019inscrire au registre?<\/strong><\/h2>\n\n\n\n<p>L\u2019inscription au registre permet \u00e0 l\u2019Ordre d\u2019identifier les \u00e9tudiants autoris\u00e9s \u00e0 exercer certaines activit\u00e9s professionnelles r\u00e9serv\u00e9es aux dentistes en vertu des articles&nbsp;26 et 27 de la <a href=\"https:\/\/www.legisquebec.gouv.qc.ca\/fr\/document\/lc\/D-3\" target=\"_blank\" rel=\"noopener\">Loi sur les dentistes<\/a> <a>et <\/a><a href=\"https:\/\/www.legisquebec.gouv.qc.ca\/fr\/version\/rc\/D-3,%20r.%200.1%20?code=se:2&amp;historique=20221124#20221124\" target=\"_blank\" rel=\"noopener\">sous certaines conditions<\/a>.<\/p>\n\n\n\n<h2 class=\"wp-block-heading is-style-small\" id=\"devoirs-responsabilites\"><strong>Devoirs et responsabilit\u00e9s des \u00e9tudiants<\/strong><\/h2>\n\n\n\n<p>L\u2019inscription au registre accorde certains privil\u00e8ges aux \u00e9tudiants, mais implique \u00e9galement que ceux-ci exercent ces activit\u00e9s dans le respect des normes reconnues en m\u00e9decine dentaire et des normes r\u00e9glementaires applicables aux membres de l\u2019Ordre, notamment celles relatives \u00e0 la d\u00e9ontologie.<\/p>\n\n\n\n<p>Les \u00e9tudiants ont \u00e9galement l\u2019obligation&nbsp;:<\/p>\n\n\n\n<ul class=\"wp-block-list\">\n<li>d\u2019informer l\u2019Ordre de tout changement concernant leurs renseignements personnels (p. ex. changement d\u2019adresse, de nom ou de courrier \u00e9lectronique, changement de programme d\u2019\u00e9tudes ou de stage);<\/li>\n\n\n\n<li>d\u2019informer l\u2019Ordre s\u2019il y a abandon, expulsion ou renvoi du programme d\u2019\u00e9tudes ou du stage;<\/li>\n\n\n\n<li>de conserver la carte remise par l\u2019Ordre pour attester de leur inscription au registre;<\/li>\n\n\n\n<li>de porter, lors d\u2019activit\u00e9s cliniques, l\u2019\u00e9pinglette remise par l\u2019Ordre pour les identifier \u00e0 titre d\u2019\u00e9tudiant.<\/li>\n<\/ul>\n\n\n\n<p>Un \u00e9tudiant est retir\u00e9 du registre s\u2019il y a abandon, renvoi ou expulsion du programme d\u2019\u00e9tudes ou si les d\u00e9lais et modalit\u00e9s du stage ne sont pas respect\u00e9s.<\/p>\n\n\n\n<h2 class=\"wp-block-heading is-style-small\" id=\"quand-sinscrire\"><strong>Quand s\u2019inscrire au registre?<\/strong><\/h2>\n\n\n\n<p>D\u00e8s la premi\u00e8re ann\u00e9e d\u2019\u00e9tudes, lors de la rentr\u00e9e, ou avant le d\u00e9but du stage, et au plus tard le<strong> 30&nbsp;septembre<\/strong> de l\u2019ann\u00e9e d\u2019inscription au programme universitaire ou au stage.<\/p>\n\n\n\n<h2 class=\"wp-block-heading is-style-small\" id=\"frais-inscription\"><strong>Frais d\u2019inscription au registre<\/strong><\/h2>\n\n\n\n<p>Consulter la <a href=\"https:\/\/www.odq.wp.vortexdev.com\/wp-content\/uploads\/2023\/02\/ODQ_Grille-tarifaire-frais.pdf\" target=\"_blank\" data-type=\"attachment\" data-id=\"3678\" rel=\"noreferrer noopener\">grille tarifaire<\/a> pour conna\u00eetre le montant des frais d&#8217;inscription, payables une seule fois, lors de l\u2019inscription au registre.<\/p>\n\n\n\n<p>L\u2019inscription au registre doit \u00eatre confirm\u00e9e par l\u2019Ordre avant le d\u00e9but d\u2019activit\u00e9s cliniques ou de travaux en laboratoire.<\/p>\n\n\n\n<h2 class=\"wp-block-heading is-style-small\" id=\"comment-sinscrire\"><strong>Comment s\u2019inscrire au registre?<\/strong><\/h2>\n\n\n\n<p>Pour s\u2019inscrire au registre, les \u00e9tudiants doivent remplir et faire parvenir \u00e0 l\u2019Ordre le formulaire <a href=\"https:\/\/www.odq.wp.vortexdev.com\/wp-content\/uploads\/2023\/01\/ODQ-Formulaire_Demande-inscription-registre-etudiants_FR.pdf\" data-type=\"attachment\" data-id=\"2925\" target=\"_blank\" rel=\"noreferrer noopener\">Demande d\u2019inscription au registre<\/a> (<a href=\"https:\/\/www.odq.wp.vortexdev.com\/wp-content\/uploads\/2023\/01\/ODQ-Formulaire_Student-register-application-form.pdf\" target=\"_blank\" data-type=\"attachment\" data-id=\"2926\" rel=\"noreferrer noopener\">Student register application form<\/a>).<\/p>\n\n\n\n<p>Ce formulaire d\u00fbment rempli et sign\u00e9 doit \u00eatre accompagn\u00e9 des documents suivants&nbsp;:<\/p>\n\n\n\n<ul class=\"wp-block-list\">\n<li>l\u2019original du certificat de naissance ou une copie certifi\u00e9e conforme;<\/li>\n\n\n\n<li>l\u2019attestation se trouvant \u00e0 la page&nbsp;5 du formulaire d\u00fbment remplie et sign\u00e9e par le directeur du programme d\u2019\u00e9tudes ou le doyen de la facult\u00e9 de m\u00e9decine dentaire de l\u2019universit\u00e9 aupr\u00e8s de laquelle l\u2019\u00e9tudiant est admis;<\/li>\n\n\n\n<li>le paiement des frais d\u2019inscription par ch\u00e8que, mandat-poste ou via le formulaire d\u2019autorisation de pr\u00e9l\u00e8vement par carte de cr\u00e9dit.<\/li>\n<\/ul>\n\n\n\n<p>Ces documents doivent parvenir \u00e0 l\u2019Ordre au plus tard le 30&nbsp;septembre, \u00e0 l\u2019adresse suivante&nbsp;:<\/p>\n\n\n<section class=\"message theme-block theme-block--innerblock aligndefault notice--information\">\n<span class=\"theme-block__label\">Message<\/span>\n  <div class=\"message__content\">\n\n  \n    \n\n<p class=\"has-large-font-size\"><strong>Ordre des dentistes du Qu\u00e9bec<\/strong><br>Direction \u2013 Admission, tableau, services juridiques et greffes<br>800, boul. Ren\u00e9-L\u00e9vesque Ouest, bureau&nbsp;1640<br>Montr\u00e9al (Qu\u00e9bec) H3B 1<strong style=\"font-weight:200\">X<\/strong>9<\/p>\n\n\n  <\/div>\n\n<\/section>\n\n\n\n<h2 class=\"wp-block-heading is-style-small\" id=\"renouvellement-inscription\"><strong>Renouvellement de l\u2019inscription au registre<\/strong><\/h2>\n\n\n\n<p>L\u2019inscription au registre est valide pour toute la dur\u00e9e du programme d\u2019\u00e9tudes ou du stage.<\/p>\n\n\n\n<p>Cependant, les \u00e9tudiants ont l\u2019obligation d\u2019informer l\u2019Ordre de tout changement concernant leurs renseignements personnels ou leur parcours d\u2019\u00e9tudes.<\/p>\n\n\n<section class=\"message theme-block theme-block--innerblock aligndefault notice--validation\">\n<span class=\"theme-block__label\">Message<\/span>\n  <div class=\"message__content\">\n\n  \n    \n\n<p>Si n\u00e9cessaire, l\u2019inscription au registre demeurera en vigueur apr\u00e8s le programme d\u2019\u00e9tudes afin de permettre aux \u00e9tudiants de compl\u00e9ter des cas cliniques d\u00e9but\u00e9s dans le cadre du programme ou du stage.<\/p>\n\n\n  <\/div>\n\n<\/section>\n\n\n\n<h2 class=\"wp-block-heading is-style-small\" id=\"carte-inscription\"><strong>Carte d\u2019inscription et \u00e9pinglette<\/strong><\/h2>\n\n\n\n<p>Une carte est produite par l\u2019Ordre afin de confirmer l\u2019inscription au registre; y apparaissent le nom de l\u2019\u00e9tudiant, le num\u00e9ro d\u2019inscription, un code d\u2019identification et le programme d\u2019\u00e9tudes. Le num\u00e9ro d\u2019inscription est requis lors des communications avec l\u2019Ordre.<\/p>\n\n\n\n<p>L\u2019\u00e9tudiant re\u00e7oit aussi une \u00e9pinglette qu\u2019il doit porter en tout temps et \u00e0 la vue sur ses v\u00eatements lors d\u2019activit\u00e9s cliniques.<\/p>\n\n\n\n<p>En cas de perte de la carte d\u2019inscription ou de l\u2019\u00e9pinglette, les \u00e9tudiants doivent en informer l\u2019Ordre et demander \u00e0 en recevoir une nouvelle; des frais s\u2019appliquent.<\/p>\n\n\n<section id=liens-utiles class=\"useful-links theme-block aligndefault\">\n      <h5 class=\"useful-links__title\">Liens utiles<\/h5>\n    <div class=\"useful-links__container\">\n          <a href=\"https:\/\/www.legisquebec.gouv.qc.ca\/fr\/document\/lc\/D-3\" target=\"_blank\" class=\"useful-link arrow-link\" rel=\"noopener noreferrer\">Loi sur les dentistes<\/a>          <a href=\"https:\/\/www.legisquebec.gouv.qc.ca\/fr\/document\/rc\/D-3, r. 4 \/\" target=\"_blank\" class=\"useful-link arrow-link\" rel=\"noopener noreferrer\">Code de d\u00e9ontologie des dentistes<\/a>          <a href=\"https:\/\/www.legisquebec.gouv.qc.ca\/fr\/document\/rc\/D-3, r. 0.1 \/\" class=\"useful-link arrow-link\" target=\"_blank\" rel=\"noopener\">R\u00e8glement sur les activit\u00e9s professionnelles pouvant \u00eatre exerc\u00e9es par des personnes autres que des dentistes<\/a>      <\/div>\n<\/section>\n\n\n\n<h2 class=\"wp-block-heading is-style-small has-primary-color has-text-color\" id=\"des-questions\"><strong>Des questions?<\/strong><\/h2>\n\n\n\n<p>Veuillez communiquer avec la responsable du registre des \u00e9tudiants de l\u2019Ordre :<\/p>\n\n\n\n<ul class=\"wp-block-list\">\n<li><a href=\"mailto:registre.etudiants@odq.qc.ca\">registre.etudiants@odq.qc.ca<\/a><\/li>\n\n\n\n<li><strong>514&nbsp;875-8511, poste&nbsp;2231<\/strong><\/li>\n<\/ul>\n","protected":false},"excerpt":{"rendered":"<p>Qui doit s&#8217;inscrire au registre? Pourquoi s\u2019inscrire au registre? L\u2019inscription au registre permet \u00e0 l\u2019Ordre d\u2019identifier les \u00e9tudiants autoris\u00e9s \u00e0 exercer certaines activit\u00e9s professionnelles r\u00e9serv\u00e9es aux dentistes en vertu des articles&nbsp;26 et 27 de la Loi sur les dentistes et sous certaines conditions. Devoirs et responsabilit\u00e9s des \u00e9tudiants L\u2019inscription au registre accorde certains privil\u00e8ges aux&hellip;<\/p>\n","protected":false},"author":4,"featured_media":0,"parent":307,"menu_order":0,"comment_status":"closed","ping_status":"closed","template":"template-page-with-sidebar.php","meta":{"_acf_changed":false,"_relevanssi_hide_post":"","_relevanssi_hide_content":"","_relevanssi_pin_for_all":"","_relevanssi_pin_keywords":"","_relevanssi_unpin_keywords":"","_relevanssi_related_keywords":"","_relevanssi_related_include_ids":"","_relevanssi_related_exclude_ids":"","_relevanssi_related_no_append":"","_relevanssi_related_not_related":"","_relevanssi_related_posts":"37,1","_relevanssi_noindex_reason":"","wpo365_audiences":[],"wpo365_private":false,"footnotes":""},"class_list":["post-313","page","type-page","status-publish","hentry"],"acf":[],"_links":{"self":[{"href":"https:\/\/www.odq.wp.vortexdev.com\/en\/wp-json\/wp\/v2\/pages\/313","targetHints":{"allow":["GET"]}}],"collection":[{"href":"https:\/\/www.odq.wp.vortexdev.com\/en\/wp-json\/wp\/v2\/pages"}],"about":[{"href":"https:\/\/www.odq.wp.vortexdev.com\/en\/wp-json\/wp\/v2\/types\/page"}],"author":[{"embeddable":true,"href":"https:\/\/www.odq.wp.vortexdev.com\/en\/wp-json\/wp\/v2\/users\/4"}],"replies":[{"embeddable":true,"href":"https:\/\/www.odq.wp.vortexdev.com\/en\/wp-json\/wp\/v2\/comments?post=313"}],"version-history":[{"count":7,"href":"https:\/\/www.odq.wp.vortexdev.com\/en\/wp-json\/wp\/v2\/pages\/313\/revisions"}],"predecessor-version":[{"id":4737,"href":"https:\/\/www.odq.wp.vortexdev.com\/en\/wp-json\/wp\/v2\/pages\/313\/revisions\/4737"}],"up":[{"embeddable":true,"href":"https:\/\/www.odq.wp.vortexdev.com\/en\/wp-json\/wp\/v2\/pages\/307"}],"wp:attachment":[{"href":"https:\/\/www.odq.wp.vortexdev.com\/en\/wp-json\/wp\/v2\/media?parent=313"}],"curies":[{"name":"wp","href":"https:\/\/api.w.org\/{rel}","templated":true}]}}