{"id":311,"date":"2022-08-02T16:01:25","date_gmt":"2022-08-02T20:01:25","guid":{"rendered":"https:\/\/www.odq.wp.vortexdev.com\/?page_id=311"},"modified":"2023-03-29T13:08:09","modified_gmt":"2023-03-29T17:08:09","slug":"commissaire-a-ladmission-aux-professions","status":"publish","type":"page","link":"https:\/\/www.odq.wp.vortexdev.com\/en\/devenir-dentiste\/commissaire-a-ladmission-aux-professions\/","title":{"rendered":"Commissaire \u00e0 l&#8217;admission aux professions"},"content":{"rendered":"\n<p>Lors du traitement de votre demande d\u2019obtention d\u2019un permis et d\u2019admission \u00e0 l\u2019Ordre des dentistes du Qu\u00e9bec, vous pouvez \u00e0 tout moment vous adresser au Commissaire \u00e0 l\u2019admission aux professions pour obtenir du soutien.<\/p>\n\n\n\n<p>Entit\u00e9 gouvernementale ind\u00e9pendante, le Commissaire \u00e0 l\u2019admission aux professions est responsable de recevoir et d\u2019examiner toute plainte concernant l\u2019admission \u00e0 une profession au Qu\u00e9bec.<\/p>\n\n\n\n<p>Le cas \u00e9ch\u00e9ant, le Commissaire veille \u00e0 ce que votre demande soit trait\u00e9e de fa\u00e7on \u00e9quitable, objective, transparente, coh\u00e9rente et efficace. \u00c0 la suite de son analyse, le Commissaire peut vous proposer des solutions et recommander \u00e0 l\u2019Ordre de revoir votre demande.<\/p>\n\n\n\n<p>Par ailleurs, si vous n\u2019\u00eates pas satisfait de la mani\u00e8re dont votre demande est trait\u00e9e par l\u2019Ordre, vous pouvez \u00e9galement faire part de vos observations au comit\u00e9 ex\u00e9cutif de l\u2019Ordre en \u00e9crivant \u00e0 l\u2019adresse <a href=\"mailto:admission@odq.qc.ca\">admission@odq.qc.ca<\/a>.<\/p>\n\n\n<section class=\"message theme-block theme-block--innerblock aligndefault notice--warning\">\n<span class=\"theme-block__label\">Message<\/span>\n  <div class=\"message__content\">\n\n  \n    \n\n<p><strong>Important<\/strong><br>Seul l\u2019Ordre des dentistes du Qu\u00e9bec peut se prononcer sur vos comp\u00e9tences et statuer sur la reconnaissance de celles-ci. Le recours au Commissaire ne constitue pas un m\u00e9canisme d\u2019appel ou de r\u00e9vision de la d\u00e9cision de l\u2019Ordre.<\/p>\n\n\n  <\/div>\n\n<\/section>\n\n\n<section id=block_df891cd4eea8cbff450923b6418a0803 class=\"useful-links theme-block aligndefault\">\n      <h5 class=\"useful-links__title\">Lien utile<\/h5>\n    <div class=\"useful-links__container\">\n          <a href=\"https:\/\/www.opq.gouv.qc.ca\/commissaire\" target=\"_blank\" class=\"useful-link arrow-link\" rel=\"noopener noreferrer\">Commissaire \u00e0 l\u2019admission aux professions<\/a>      <\/div>\n<\/section>\n","protected":false},"excerpt":{"rendered":"<p>Lors du traitement de votre demande d\u2019obtention d\u2019un permis et d\u2019admission \u00e0 l\u2019Ordre des dentistes du Qu\u00e9bec, vous pouvez \u00e0 tout moment vous adresser au Commissaire \u00e0 l\u2019admission aux professions pour obtenir du soutien. Entit\u00e9 gouvernementale ind\u00e9pendante, le Commissaire \u00e0 l\u2019admission aux professions est responsable de recevoir et d\u2019examiner toute plainte concernant l\u2019admission \u00e0 une&hellip;<\/p>\n","protected":false},"author":4,"featured_media":0,"parent":305,"menu_order":2,"comment_status":"closed","ping_status":"closed","template":"","meta":{"_acf_changed":false,"_relevanssi_hide_post":"","_relevanssi_hide_content":"","_relevanssi_pin_for_all":"","_relevanssi_pin_keywords":"","_relevanssi_unpin_keywords":"","_relevanssi_related_keywords":"","_relevanssi_related_include_ids":"","_relevanssi_related_exclude_ids":"","_relevanssi_related_no_append":"","_relevanssi_related_not_related":"","_relevanssi_related_posts":"37,1","_relevanssi_noindex_reason":"","wpo365_audiences":[],"wpo365_private":false,"footnotes":""},"class_list":["post-311","page","type-page","status-publish","hentry"],"acf":[],"_links":{"self":[{"href":"https:\/\/www.odq.wp.vortexdev.com\/en\/wp-json\/wp\/v2\/pages\/311","targetHints":{"allow":["GET"]}}],"collection":[{"href":"https:\/\/www.odq.wp.vortexdev.com\/en\/wp-json\/wp\/v2\/pages"}],"about":[{"href":"https:\/\/www.odq.wp.vortexdev.com\/en\/wp-json\/wp\/v2\/types\/page"}],"author":[{"embeddable":true,"href":"https:\/\/www.odq.wp.vortexdev.com\/en\/wp-json\/wp\/v2\/users\/4"}],"replies":[{"embeddable":true,"href":"https:\/\/www.odq.wp.vortexdev.com\/en\/wp-json\/wp\/v2\/comments?post=311"}],"version-history":[{"count":8,"href":"https:\/\/www.odq.wp.vortexdev.com\/en\/wp-json\/wp\/v2\/pages\/311\/revisions"}],"predecessor-version":[{"id":3899,"href":"https:\/\/www.odq.wp.vortexdev.com\/en\/wp-json\/wp\/v2\/pages\/311\/revisions\/3899"}],"up":[{"embeddable":true,"href":"https:\/\/www.odq.wp.vortexdev.com\/en\/wp-json\/wp\/v2\/pages\/305"}],"wp:attachment":[{"href":"https:\/\/www.odq.wp.vortexdev.com\/en\/wp-json\/wp\/v2\/media?parent=311"}],"curies":[{"name":"wp","href":"https:\/\/api.w.org\/{rel}","templated":true}]}}