{"id":301,"date":"2022-08-02T15:37:40","date_gmt":"2022-08-02T19:37:40","guid":{"rendered":"https:\/\/www.odq.wp.vortexdev.com\/?page_id=301"},"modified":"2023-04-04T13:06:59","modified_gmt":"2023-04-04T17:06:59","slug":"demande-de-dispense","status":"publish","type":"page","link":"https:\/\/www.odq.wp.vortexdev.com\/en\/dentiste\/formation-continue\/demande-de-dispense\/","title":{"rendered":"Demande de dispense"},"content":{"rendered":"\n<ul class=\"wp-block-list\">\n<li><strong><a href=\"#motifsdispense\">Motifs de dispense<\/a><\/strong><\/li>\n\n\n\n<li><strong><a href=\"#proceduredispense\">Proc\u00e9dure li\u00e9e \u00e0 une demande de dispense<\/a><\/strong><\/li>\n\n\n\n<li><strong><a href=\"#dureedispense\">Dur\u00e9e d&#8217;une dispense<\/a><\/strong><\/li>\n\n\n\n<li><strong><a href=\"#refusrevisiondispense\">Refus et demande de r\u00e9vision<\/a><\/strong><\/li>\n\n\n\n<li><strong><a href=\"#questions\">Des questions?<\/a><\/strong><\/li>\n<\/ul>\n\n\n\n<hr class=\"wp-block-separator has-alpha-channel-opacity\"\/>\n\n\n\n<p class=\"has-large-font-size\">Un dentiste peut obtenir aupr\u00e8s de l\u2019Ordre une dispense d\u2019unit\u00e9s de formation continue (UFC) dans certaines situations. Le nombre d\u2019UFC sera ajust\u00e9 au prorata du nombre de mois complets non \u00e9coul\u00e9s pour la p\u00e9riode de r\u00e9f\u00e9rence en cours. Une fois la dispense accord\u00e9e, les UFC pour lesquelles vous vous verrez dispens\u00e9 seront d\u00e9duites automatiquement dans votre registre.<\/p>\n\n\n\n<h2 class=\"is-style-small wp-block-heading\" id=\"motifsdispense\"><strong>Motifs de dispense<\/strong><\/h2>\n\n\n\n<p>Vous pouvez \u00eatre dispens\u00e9 de suivre des activit\u00e9s de formation continue si vous vous trouvez dans l\u2019une ou l\u2019autre des situations suivantes :<\/p>\n\n\n\n<ul class=\"wp-block-list\">\n<li>Vous n\u2019avez pas exerc\u00e9 la m\u00e9decine dentaire au sens des dispositions de la <a href=\"https:\/\/www.legisquebec.gouv.qc.ca\/fr\/document\/lc\/D-3\" target=\"_blank\" rel=\"noreferrer noopener\">Loi sur les dentistes <\/a>pendant toute la dur\u00e9e d\u2019une p\u00e9riode de r\u00e9f\u00e9rence.<\/li>\n\n\n\n<li>Vous \u00eates inscrit \u00e0 temps plein \u00e0 un programme d\u2019\u00e9tudes sup\u00e9rieures offert par une facult\u00e9 de m\u00e9decine dentaire reconnue ou \u00e0 un programme d\u2019\u00e9tudes en lien avec la profession offert par un centre hospitalier universitaire affili\u00e9.<\/li>\n\n\n\n<li>Vous avez cess\u00e9 d\u2019exercer vos activit\u00e9s professionnelles pour l\u2019une ou l\u2019autre des raisons suivantes :\n<ul class=\"wp-block-list\">\n<li>une maladie;<\/li>\n\n\n\n<li>une grossesse ou un cong\u00e9 de maternit\u00e9, de paternit\u00e9 ou parental;<\/li>\n\n\n\n<li>un cong\u00e9 pour agir \u00e0 titre de proche aidant au sens de la <a href=\"https:\/\/www.legisquebec.gouv.qc.ca\/fr\/document\/lc\/n-1.1\" target=\"_blank\" rel=\"noreferrer noopener\">Loi sur les normes du travail<\/a>;<\/li>\n\n\n\n<li>des circonstances exceptionnelles.<\/li>\n<\/ul>\n<\/li>\n\n\n\n<li>Vous \u00eates \u00e0 l\u2019ext\u00e9rieur du Canada pour une p\u00e9riode de plus de 12 mois cons\u00e9cutifs au cours de la p\u00e9riode de r\u00e9f\u00e9rence.<\/li>\n<\/ul>\n\n\n<section class=\"message theme-block theme-block--innerblock aligndefault notice--error\">\n<span class=\"theme-block__label\">Message<\/span>\n  <div class=\"message__content\">\n\n  \n    \n\n<p>Ne constitue pas une circonstance exceptionnelle, la radiation, la suspension ou la limitation du droit d\u2019exercice impos\u00e9e au dentiste par le conseil de discipline, le Tribunal des professions ou le conseil d\u2019administration.<\/p>\n\n\n  <\/div>\n\n<\/section>\n\n\n\n<h2 class=\"is-style-small wp-block-heading\" id=\"proceduredispense\"><strong>Proc\u00e9dure li\u00e9e \u00e0 une demande de dispense<\/strong><\/h2>\n\n\n\n<p>Pour obtenir une dispense de formation continue, le dentiste doit remplir le formulaire <a href=\"https:\/\/fr.surveymonkey.com\/r\/dispense_23-26\" target=\"_blank\" rel=\"noreferrer noopener\">Demande de dispense d\u2019unit\u00e9s de formation continue<\/a> en fournissant :<\/p>\n\n\n\n<ul class=\"wp-block-list\">\n<li>les motifs invoqu\u00e9s au soutien de sa demande;<\/li>\n\n\n\n<li>la date de d\u00e9but et de fin de la dispense demand\u00e9e et les conditions applicables;<\/li>\n\n\n\n<li><a href=\"https:\/\/www.odq.wp.vortexdev.com\/wp-content\/uploads\/2023\/01\/Formation_continue_tableau_dispenses.pdf\" target=\"_blank\" data-type=\"attachment\" data-id=\"1998\" rel=\"noreferrer noopener\">toutes les pi\u00e8ces justificatives<\/a>.<\/li>\n<\/ul>\n\n\n\n<div class=\"wp-block-buttons is-layout-flex wp-block-buttons-is-layout-flex\">\n<div class=\"wp-block-button is-style-outline is-style-outline--1\"><a class=\"wp-block-button__link wp-element-button\" href=\"https:\/\/fr.surveymonkey.com\/r\/dispense_23-26\" target=\"_blank\" rel=\"noreferrer noopener\">Demande de dispense<\/a><\/div>\n<\/div>\n\n\n\n<p>Dans le cas o\u00f9 la situation cesse plus t\u00f4t que pr\u00e9vu, le dentiste doit en aviser l\u2019Ordre par courriel \u00e0 l\u2019adresse <a href=\"mailto:formation@odq.qc.ca\">formation@odq.qc.ca<\/a>.<\/p>\n\n\n\n<h2 class=\"is-style-small wp-block-heading\" id=\"dureedispense\"><strong>Dur\u00e9e d\u2019une dispense<\/strong><\/h2>\n\n\n\n<p>La dur\u00e9e accord\u00e9e \u00e0 un membre de l\u2019Ordre couvre la dur\u00e9e invoqu\u00e9e pour la situation d\u2019impossibilit\u00e9 et est appliqu\u00e9e \u00e0 la p\u00e9riode de r\u00e9f\u00e9rence dans laquelle se situe la p\u00e9riode d\u2019impossibilit\u00e9.<\/p>\n\n\n<section class=\"message theme-block theme-block--innerblock aligndefault notice--information\">\n<span class=\"theme-block__label\">Message<\/span>\n  <div class=\"message__content\">\n\n  \n    \n\n<p>Le motif de dispense en lien avec le cong\u00e9 de maternit\u00e9, paternit\u00e9 ou parental ne peut pas se prolonger au-del\u00e0 de 12 mois.<\/p>\n\n\n  <\/div>\n\n<\/section>\n\n\n\n<p>Dans le cas o\u00f9 la situation d\u2019impossibilit\u00e9 chevauche deux p\u00e9riodes de r\u00e9f\u00e9rence, la dispense est accord\u00e9e et inscrite \u00e0 votre registre en fonction de la dur\u00e9e r\u00e9elle de la situation d\u2019impossibilit\u00e9 au cours de chacune des p\u00e9riodes de r\u00e9f\u00e9rence.<\/p>\n\n\n\n<h2 class=\"is-style-small wp-block-heading\" id=\"refusrevisiondispense\"><strong>Refus et demande de r\u00e9vision<\/strong><\/h2>\n\n\n\n<p>L\u2019Ordre vous avisera par \u00e9crit si votre demande est refus\u00e9e. Vous disposez d\u2019un d\u00e9lai de 15&nbsp;jours \u00e0 compter de la r\u00e9ception de l\u2019avis pour demander une r\u00e9vision de cette d\u00e9cision.<\/p>\n\n\n\n<p>La d\u00e9cision d\u00e9finitive est rendue dans les 45&nbsp;jours suivant la date de l\u2019avis ou de la r\u00e9ception des observations \u00e9crites du dentiste, selon la plus \u00e9loign\u00e9e des \u00e9ch\u00e9ances. Cette d\u00e9cision est sans droit d\u2019appel.<\/p>\n\n\n\n<h2 class=\"is-style-small has-primary-color has-text-color wp-block-heading\" id=\"questions\"><strong>Des questions?<\/strong><\/h2>\n\n\n\n<ul class=\"wp-block-list\">\n<li><a href=\"mailto:formation@odq.qc.ca\">formation@odq.qc.ca<\/a><\/li>\n\n\n\n<li><strong>514 875-8511, poste 2290<\/strong><\/li>\n<\/ul>\n","protected":false},"excerpt":{"rendered":"<p>Un dentiste peut obtenir aupr\u00e8s de l\u2019Ordre une dispense d\u2019unit\u00e9s de formation continue (UFC) dans certaines situations. Le nombre d\u2019UFC sera ajust\u00e9 au prorata du nombre de mois complets non \u00e9coul\u00e9s pour la p\u00e9riode de r\u00e9f\u00e9rence en cours. Une fois la dispense accord\u00e9e, les UFC pour lesquelles vous vous verrez dispens\u00e9 seront d\u00e9duites automatiquement dans&hellip;<\/p>\n","protected":false},"author":4,"featured_media":0,"parent":155,"menu_order":2,"comment_status":"closed","ping_status":"closed","template":"template-page-with-sidebar.php","meta":{"_acf_changed":false,"_relevanssi_hide_post":"","_relevanssi_hide_content":"","_relevanssi_pin_for_all":"","_relevanssi_pin_keywords":"","_relevanssi_unpin_keywords":"","_relevanssi_related_keywords":"","_relevanssi_related_include_ids":"","_relevanssi_related_exclude_ids":"","_relevanssi_related_no_append":"","_relevanssi_related_not_related":"","_relevanssi_related_posts":"37,1","_relevanssi_noindex_reason":"","wpo365_audiences":[],"wpo365_private":false,"footnotes":""},"class_list":["post-301","page","type-page","status-publish","hentry"],"acf":[],"_links":{"self":[{"href":"https:\/\/www.odq.wp.vortexdev.com\/en\/wp-json\/wp\/v2\/pages\/301","targetHints":{"allow":["GET"]}}],"collection":[{"href":"https:\/\/www.odq.wp.vortexdev.com\/en\/wp-json\/wp\/v2\/pages"}],"about":[{"href":"https:\/\/www.odq.wp.vortexdev.com\/en\/wp-json\/wp\/v2\/types\/page"}],"author":[{"embeddable":true,"href":"https:\/\/www.odq.wp.vortexdev.com\/en\/wp-json\/wp\/v2\/users\/4"}],"replies":[{"embeddable":true,"href":"https:\/\/www.odq.wp.vortexdev.com\/en\/wp-json\/wp\/v2\/comments?post=301"}],"version-history":[{"count":8,"href":"https:\/\/www.odq.wp.vortexdev.com\/en\/wp-json\/wp\/v2\/pages\/301\/revisions"}],"predecessor-version":[{"id":3988,"href":"https:\/\/www.odq.wp.vortexdev.com\/en\/wp-json\/wp\/v2\/pages\/301\/revisions\/3988"}],"up":[{"embeddable":true,"href":"https:\/\/www.odq.wp.vortexdev.com\/en\/wp-json\/wp\/v2\/pages\/155"}],"wp:attachment":[{"href":"https:\/\/www.odq.wp.vortexdev.com\/en\/wp-json\/wp\/v2\/media?parent=301"}],"curies":[{"name":"wp","href":"https:\/\/api.w.org\/{rel}","templated":true}]}}