{"id":299,"date":"2022-08-02T15:37:16","date_gmt":"2022-08-02T19:37:16","guid":{"rendered":"https:\/\/www.odq.wp.vortexdev.com\/?page_id=299"},"modified":"2025-09-17T13:08:28","modified_gmt":"2025-09-17T17:08:28","slug":"vos-obligations","status":"publish","type":"page","link":"https:\/\/www.odq.wp.vortexdev.com\/en\/dentiste\/formation-continue\/vos-obligations\/","title":{"rendered":"Vos obligations"},"content":{"rendered":"\n<ul class=\"wp-block-list\">\n<li><strong><a href=\"#exigences\">Exigences<\/a><\/strong><\/li>\n\n\n\n<li><strong><a href=\"https:\/\/www.odq.wp.vortexdev.com\/wp-content\/uploads\/2023\/01\/Formation_continue_Activites_admissibles.pdf\" target=\"_blank\" data-type=\"attachment\" data-id=\"2784\" rel=\"noreferrer noopener\">Activit\u00e9s de formation continue admissibles<\/a><\/strong><\/li>\n\n\n\n<li><strong><a href=\"#formation-rcr\">Formation en r\u00e9animation cardiorespiratoire<\/a><\/strong><\/li>\n\n\n\n<li><strong><a href=\"#formation-obligatoire\">Formation obligatoire impos\u00e9e par l\u2019Ordre<\/a><\/strong><\/li>\n\n\n\n<li><strong><a href=\"#formation-ethique\">Formation en \u00e9thique et d\u00e9ontologie<\/a><\/strong><\/li>\n\n\n\n<li><strong><a href=\"#declarer-activite-formation\">Comment d\u00e9clarer mon activit\u00e9 de formation?<\/a><\/strong><\/li>\n\n\n\n<li><strong><a href=\"#defautsanction\">D\u00e9faut et sanction<\/a><\/strong><\/li>\n\n\n\n<li><strong><a href=\"#ressources\">Ressources<\/a><\/strong><\/li>\n\n\n\n<li><strong><a href=\"#questions\">Des questions?<\/a><\/strong><\/li>\n<\/ul>\n\n\n\n<hr class=\"wp-block-separator has-alpha-channel-opacity is-style-default\"\/>\n\n\n\n<p class=\"has-large-font-size\">Le <a href=\"http:\/\/legisquebec.gouv.qc.ca\/fr\/ShowDoc\/cr\/D-3,%20r.%209.1\/\" target=\"_blank\" rel=\"noopener\">R\u00e8glement sur la formation continue obligatoire des dentistes<\/a> d\u00e9termine le cadre des activit\u00e9s de formation continue que doivent suivre les dentistes ou une classe d\u2019entre eux pour maintenir, mettre \u00e0 jour, am\u00e9liorer ou approfondir les connaissances et habilet\u00e9s li\u00e9es \u00e0 l\u2019exercice de la profession ou pour combler des lacunes d\u2019ordre g\u00e9n\u00e9ral constat\u00e9es par l\u2019Ordre.<\/p>\n\n\n\n<div class=\"block-accordions-group theme-block theme-block--innerblock aligndefault\">\n    <span class=\"theme-block__label\">Accordions<\/span>\n  \n    \n<div class=\"block-accordion  theme-block theme-block--innerblock aligndefault\">\n    <span class=\"theme-block__label\">Accordion<\/span>\n    <h3 class=\"block-accordion__title\">Exigences<\/h3>\n    \n\n<p>Un minimum de <a href=\"https:\/\/www.legisquebec.gouv.qc.ca\/fr\/version\/rc\/D-3,%20r.%209.1?code=se:3&amp;historique=20221205#20221205\" target=\"_blank\" rel=\"noopener\">90&nbsp;unit\u00e9s de formation continue (UFC)<\/a> par p\u00e9riode de r\u00e9f\u00e9rence de trois ans est exig\u00e9. Une nouvelle p\u00e9riode de r\u00e9f\u00e9rence a d\u00e9but\u00e9 le <strong>1<sup>er<\/sup>&nbsp;avril 2023&nbsp;et se terminera le 31&nbsp;mars 2026<\/strong>.<br><br>De ces 90 UFC obligatoires :<\/p>\n\n\n\n<ol style=\"list-style-type:1\" class=\"wp-block-list\">\n<li>un minimum de 15&nbsp;UFC par ann\u00e9e;<\/li>\n\n\n\n<li>un minimum de 30&nbsp;UFC dans le cadre d\u2019activit\u00e9s offertes par des <a href=\"https:\/\/www.legisquebec.gouv.qc.ca\/fr\/version\/rc\/D-3,%20r.%209.1?code=se:8&amp;historique=20210106#20210106\" target=\"_blank\" rel=\"noreferrer noopener\">organismes et des \u00e9tablissements reconnus par l\u2019Ordre<\/a>, y compris les <a href=\"https:\/\/jdiq.ca\/\" target=\"_blank\" rel=\"noopener\">Journ\u00e9es dentaires internationales du Qu\u00e9bec<\/a> (JDIQ);<\/li>\n\n\n\n<li>un minimum de 3&nbsp;UFC dans le cadre d\u2019une <a href=\"#formation-rcr\">activit\u00e9 de formation en r\u00e9animation cardiorespiratoire<\/a> dispens\u00e9e par un organisme ou un formateur certifi\u00e9;<\/li>\n\n\n\n<li>un minimum de 3&nbsp;UFC dans le cadre d\u2019une <a href=\"#formation-ethique\">activit\u00e9 de formation en \u00e9thique et d\u00e9ontologie<\/a> en lien avec l\u2019exercice de la profession;<\/li>\n\n\n\n<li>tout autre type d\u2019activit\u00e9 organis\u00e9e ou impos\u00e9e par l\u2019Ordre.<\/li>\n<\/ol>\n\n\n<section class=\"message theme-block theme-block--innerblock aligndefault notice--information\">\n<span class=\"theme-block__label\">Message<\/span>\n  <div class=\"message__content\">\n\n  \n    \n\n<p class=\"has-medium-font-size\">Le R\u00e8glement pr\u00e9voit que tous les membres inscrits au tableau de l\u2019Ordre, que ce soit \u00e0 titre de membre actif ou inactif, doivent r\u00e9pondre aux obligations qui y sont contenues. Il est possible de faire une <a href=\"https:\/\/www.odq.wp.vortexdev.com\/dentiste\/formation-continue\/demande-de-dispense\/\" data-type=\"page\" data-id=\"301\">demande de dispense<\/a> selon certains motifs.<\/p>\n\n\n  <\/div>\n\n<\/section>\n\n\n\n<div class=\"wp-block-buttons is-layout-flex wp-block-buttons-is-layout-flex\">\n<div class=\"wp-block-button is-style-outline is-style-outline--1\"><a class=\"wp-block-button__link wp-element-button\" href=\"https:\/\/www.odq.wp.vortexdev.com\/wp-content\/uploads\/2023\/01\/Formation_continue_Activites_admissibles.pdf\" target=\"_blank\" rel=\"noreferrer noopener\">Consulter le tableau des activit\u00e9s admissibles<\/a><\/div>\n<\/div>\n\n\n<\/div>\n\n                    \n\n\n<div class=\"block-accordion  theme-block theme-block--innerblock aligndefault\">\n    <span class=\"theme-block__label\">Accordion<\/span>\n    <h3 class=\"block-accordion__title\">Formation en r\u00e9animation cardiorespiratoire (RCR)<\/h3>\n    \n\n<p>Le R\u00e8glement exige un minimum de<strong> 3&nbsp;UFC en RCR par p\u00e9riode de r\u00e9f\u00e9rence de 3 ans<\/strong>. Cette formation doit \u00eatre initiale ou de recertification, de base ou avanc\u00e9e, incluant l\u2019utilisation du d\u00e9fibrillateur externe automatis\u00e9 (DEA), et dispens\u00e9e par un organisme ou un formateur certifi\u00e9.<\/p>\n\n\n<section class=\"message theme-block theme-block--innerblock aligndefault notice--error\">\n<span class=\"theme-block__label\">Message<\/span>\n  <div class=\"message__content\">\n\n  \n    \n\n<p class=\"has-medium-font-size\">Les formations offertes uniquement en ligne ne sont pas reconnues par l\u2019Ordre.<\/p>\n\n\n  <\/div>\n\n<\/section>\n\n\n\n<p><strong>Organismes reconnus par l&#8217;Ordre<\/strong><\/p>\n\n\n\n<ul class=\"wp-block-list\">\n<li><a href=\"https:\/\/cpr.heartandstroke.ca\/s\/?language=fr\" target=\"_blank\" rel=\"noreferrer noopener\">C\u0153ur et AVC \/ Fondation des maladies du c\u0153ur et de l\u2019AVC du Canada<\/a><\/li>\n\n\n\n<li><a href=\"https:\/\/www.sja.ca\/fr\/trouvez-votre-cours\" target=\"_blank\" rel=\"noreferrer noopener\">Ambulance Saint-Jean<\/a><\/li>\n\n\n\n<li><a href=\"https:\/\/myrc.redcross.ca\/fr\/?_gl=1*megzm*_ga*NzYyNTEyNzkxLjE2MTE3Nzk2Mzg.*_ga_376D8LHM0R*MTYxMTc4MzQ4MC4yLjEuMTYxMTc4MzUzMS4w&amp;_ga=2.39540067.1935628332.1611779638-762512791.1611779638\" target=\"_blank\" rel=\"noreferrer noopener\">Croix-Rouge canadienne<\/a><\/li>\n\n\n\n<li><a href=\"https:\/\/sauvetage.qc.ca\/\" target=\"_blank\" rel=\"noreferrer noopener\">Soci\u00e9t\u00e9 de sauvetage<\/a><\/li>\n<\/ul>\n\n\n<section class=\"message theme-block theme-block--innerblock aligndefault notice--validation\">\n<span class=\"theme-block__label\">Message<\/span>\n  <div class=\"message__content\">\n\n  \n    \n\n<p class=\"has-medium-font-size\">Il est aussi possible de choisir un autre dispensateur, \u00e0 condition qu\u2019il remette une certification officielle d\u00e9livr\u00e9e par l\u2019un de ces quatre organismes reconnus.<\/p>\n\n\n  <\/div>\n\n<\/section>\n\n\n\n<p><strong><strong>Formation minimale exig\u00e9e<\/strong><\/strong><\/p>\n\n\n\n<ul class=\"wp-block-list\">\n<li>RCR-DEA adultes\/enfants, incluant un volet pratique avec instructeur.<\/li>\n\n\n\n<li>Pour les dentistes qui pratiquent la s\u00e9dation : RCR pour professionnel de la sant\u00e9 obligatoire.<\/li>\n<\/ul>\n\n\n\n<p><strong>Fr\u00e9quence de la certification<\/strong><\/p>\n\n\n\n<ul class=\"wp-block-list\">\n<li><strong>RCR-DEA<\/strong> : renouvellement tous les<strong> 2 ans<\/strong> (<a href=\"https:\/\/www.odq.wp.vortexdev.com\/wp-content\/uploads\/2023\/01\/ODQ_Trousse-urgence-cabinet-dentaire.pdf\" target=\"_blank\" rel=\"noreferrer noopener\">Trousse d\u2019urgence en cabinet dentaire<\/a>).<\/li>\n\n\n\n<li><strong>SIR <\/strong>(Soins imm\u00e9diats en r\u00e9animation cardiorespiratoire): renouvellement <strong>chaque ann\u00e9e.<\/strong><\/li>\n<\/ul>\n\n\n<section class=\"message theme-block theme-block--innerblock aligndefault notice--information\">\n<span class=\"theme-block__label\">Message<\/span>\n  <div class=\"message__content\">\n\n  \n    \n\n<p class=\"has-medium-font-size\">Un dentiste doit maintenir une certification valide en tout temps.<\/p>\n\n\n  <\/div>\n\n<\/section>\n\n\n<\/div>\n\n                    \n\n\n<div class=\"block-accordion  theme-block theme-block--innerblock aligndefault\">\n    <span class=\"theme-block__label\">Accordion<\/span>\n    <h3 class=\"block-accordion__title\">Formation obligatoire impos\u00e9e par l\u2019Ordre<\/h3>\n    \n\n<p>L\u2019Ordre peut imposer aux dentistes ou \u00e0 certains d\u2019entre eux de suivre une activit\u00e9 de formation particuli\u00e8re en raison notamment d\u2019une r\u00e9forme l\u00e9gislative ou r\u00e9glementaire, d\u2019un changement normatif ou s\u2019il estime qu\u2019une lacune affectant la qualit\u00e9 de l\u2019exercice de la profession le justifie.<\/p>\n\n\n\n<p>Un stage ou un cours de perfectionnement impos\u00e9 en vertu du premier alin\u00e9a de l\u2019article&nbsp;55 du <a href=\"https:\/\/www.legisquebec.gouv.qc.ca\/fr\/document\/lc\/c-26\" target=\"_blank\" rel=\"noopener\">Code des professions<\/a> ou du <a href=\"https:\/\/www.legisquebec.gouv.qc.ca\/fr\/document\/rc\/D-3, r. 15.1 \/\" target=\"_blank\" rel=\"noreferrer noopener\">R\u00e8glement sur les stages et les cours de perfectionnement de l\u2019Ordre des dentistes du Qu\u00e9bec<\/a> ne constitue pas une activit\u00e9 de formation continue admissible.<\/p>\n\n\n\n<ul class=\"wp-block-list\">\n<li><a href=\"https:\/\/dentoform.ca\/Web\/MyCatalog\/ViewP?pid=9tmgrGZzfp8dSpE0tz3tgQ%3d%3d&amp;id=M6y%2f2fnqY2AhQ3kMTWhJOQ%3d%3d\" target=\"_blank\" rel=\"noreferrer noopener\">Formation obligatoire en apn\u00e9e obstructive du sommeil<\/a><\/li>\n\n\n\n<li><a href=\"https:\/\/dentoform.ca\/Web\/MyCatalog\/ViewP?pid=9tmgrGZzfp8dSpE0tz3tgQ%3d%3d&amp;id=CgLuZwN0%2b3dG0m3H18noGA%3d%3d\" target=\"_blank\" rel=\"noreferrer noopener\">Formation obligatoire en \u00e9thique et d\u00e9ontologie<\/a><\/li>\n<\/ul>\n\n\n<\/div>\n\n                    \n\n\n<div class=\"block-accordion  theme-block theme-block--innerblock aligndefault\">\n    <span class=\"theme-block__label\">Accordion<\/span>\n    <h3 class=\"block-accordion__title\">Formation en \u00e9thique et d\u00e9ontologie<\/h3>\n    \n\n<p>Le R\u00e8glement exige que les membres de l\u2019Ordre suivent, \u00e0 chaque p\u00e9riode de r\u00e9f\u00e9rence, une formation en \u00e9thique et d\u00e9ontologie en lien avec l\u2019exercice de la profession.<\/p>\n\n\n\n<p><strong>Crit\u00e8re \u00e0 respecter<\/strong><\/p>\n\n\n\n<p><strong>Contenu de la formation<\/strong><br>Pour \u00eatre admissible, la formation doit aborder sp\u00e9cifiquement le Code de d\u00e9ontologie des dentistes du Qu\u00e9bec, la Loi sur les dentistes, les r\u00e8glements encadrant la profession de dentiste au Qu\u00e9bec ou le Code des professions.<\/p>\n\n\n\n<p><strong>Formations non admissibles dans la cat\u00e9gorie \u00e9thique et d\u00e9ontologie<\/strong><br>Formations sur des normes de pratique s\u2019appliquant \u00e0 un champ d\u2019exercice clinique, telles que la classification de la carie dentaire, la classification en parodontie ne sont pas admissibles dans la cat\u00e9gorie \u00e9thique et d\u00e9ontologie.<\/p>\n\n\n\n<p><strong>Formations sur des normes d\u00e9ontologiques \u00e9trang\u00e8res<\/strong><br>Les formations traitant des normes d\u00e9ontologiques hors Qu\u00e9bec ne sont pas admissibles.<\/p>\n\n\n\n<p><strong>Ne donnent pas droit \u00e0 des unit\u00e9s de formation continue<\/strong><br><strong>Participation \u00e0 des comit\u00e9s<\/strong><br>La participation \u00e0 des comit\u00e9s au sein d&#8217;un ordre professionnel, d&#8217;un h\u00f4pital, d\u2019une facult\u00e9 de m\u00e9decine dentaire, d\u2019un minist\u00e8re ou d&#8217;autres instances ne donne pas droit \u00e0 des unit\u00e9s de formation.<\/p>\n\n\n\n<p><strong>D\u00e9claration d&#8217;une m\u00eame formation \u00e0 plus d\u2019une reprise<\/strong><br>Une m\u00eame formation ne peut pas \u00eatre d\u00e9clar\u00e9e dans votre registre de formation continue plus d\u2019une fois ou dans plus d\u2019une langue.<\/p>\n\n\n<\/div>\n\n                    \n\n\n<div class=\"block-accordion  theme-block theme-block--innerblock aligndefault\">\n    <span class=\"theme-block__label\">Accordion<\/span>\n    <h3 class=\"block-accordion__title\">Comment d\u00e9clarer mon activit\u00e9 de formation?<\/h3>\n    \n\n<p>Chaque ann\u00e9e, <strong>au plus tard le 30&nbsp;avril<\/strong>, vous devez d\u00e9clarer toutes vos activit\u00e9s de formation continue dans votre <a href=\"https:\/\/portail.odq.qc.ca\/home\" target=\"_blank\" rel=\"noopener\">registre de formation continue<\/a>, et ce, en tenant compte de ce qui suit&nbsp;:<\/p>\n\n\n\n<ul class=\"wp-block-list\">\n<li>Vous devez d\u00e9clarer vous-m\u00eame toutes les activit\u00e9s que vous avez suivies, m\u00eame celles suivies lors des JDIQ, dans le cadre de la tourn\u00e9e de l\u2019Ordre et sur Dentoform.<\/li>\n\n\n\n<li>La d\u00e9claration dans votre registre doit contenir :\n<ol class=\"wp-block-list\">\n<li>le type d\u2019activit\u00e9;<\/li>\n\n\n\n<li>la date;<\/li>\n\n\n\n<li>le nom de l\u2019organisme ou de l\u2019\u00e9tablissement;<\/li>\n\n\n\n<li>le titre de l\u2019activit\u00e9 de formation;<\/li>\n\n\n\n<li>la dur\u00e9e de l\u2019activit\u00e9.<\/li>\n<\/ol>\n<\/li>\n<\/ul>\n\n\n<section class=\"message theme-block theme-block--innerblock aligndefault notice--information\">\n<span class=\"theme-block__label\">Message<\/span>\n  <div class=\"message__content\">\n\n  \n    \n\n<p class=\"has-medium-font-size\">Nous vous invitons \u00e0 visionner <a href=\"https:\/\/youtu.be\/aFYd9mbbIrE\" target=\"_blank\" rel=\"noreferrer noopener\">cette vid\u00e9o<\/a> pour d\u00e9couvrir les diverses fonctions du registre et apprendre comment y d\u00e9clarer vos UFC.<\/p>\n\n\n  <\/div>\n\n<\/section>\n\n\n\n<h4 class=\"wp-block-heading\">Activit\u00e9s admissibles<\/h4>\n\n\n\n<p>Aux fins de la d\u00e9termination des activit\u00e9s de formation continue admissibles, l\u2019Ordre prend en consid\u00e9ration les crit\u00e8res suivants&nbsp;:<\/p>\n\n\n\n<ul class=\"wp-block-list\">\n<li>le contenu de l\u2019activit\u00e9 de formation;<\/li>\n\n\n\n<li>le lien entre l\u2019activit\u00e9 de formation et l\u2019exercice de la profession;<\/li>\n\n\n\n<li>les objectifs poursuivis dans le cadre de l\u2019activit\u00e9 de formation, lesquels doivent \u00eatre \u00e9nonc\u00e9s de fa\u00e7on claire et pr\u00e9cise;<\/li>\n\n\n\n<li>les qualifications du formateur en lien avec le sujet trait\u00e9 dans le cadre de l\u2019activit\u00e9 de formation;<\/li>\n\n\n\n<li>le cas \u00e9ch\u00e9ant, la qualit\u00e9 de la documentation accompagnant l\u2019activit\u00e9 de formation;<\/li>\n\n\n\n<li>le cas \u00e9ch\u00e9ant, la qualit\u00e9 de l\u2019\u00e9valuation post-activit\u00e9 de formation;<\/li>\n\n\n\n<li>l\u2019attestation de participation de pr\u00e9sence \u00e0 l\u2019activit\u00e9 de formation.<\/li>\n<\/ul>\n\n\n<section class=\"message theme-block theme-block--innerblock aligndefault notice--error\">\n<span class=\"theme-block__label\">Message<\/span>\n  <div class=\"message__content\">\n\n  \n    \n\n<p class=\"has-medium-font-size\">Une m\u00eame activit\u00e9 de formation ne peut \u00eatre comptabilis\u00e9e qu\u2019une seule fois par p\u00e9riode de r\u00e9f\u00e9rence.<\/p>\n\n\n  <\/div>\n\n<\/section>\n\n\n\n<div class=\"wp-block-buttons is-layout-flex wp-block-buttons-is-layout-flex\">\n<div class=\"wp-block-button is-style-outline is-style-outline--2\"><a class=\"wp-block-button__link wp-element-button\" href=\"https:\/\/www.odq.wp.vortexdev.com\/wp-content\/uploads\/2023\/01\/Formation_continue_Activites_admissibles.pdf\" target=\"_blank\" rel=\"noreferrer noopener\">Consulter le tableau des activit\u00e9s admissibles<\/a><\/div>\n<\/div>\n\n\n<\/div>\n\n                    \n\n\n<div class=\"block-accordion  theme-block theme-block--innerblock aligndefault\">\n    <span class=\"theme-block__label\">Accordion<\/span>\n    <h3 class=\"block-accordion__title\">D\u00e9faut et sanction<\/h3>\n    \n<section class=\"message theme-block theme-block--innerblock aligndefault notice--error\">\n<span class=\"theme-block__label\">Message<\/span>\n  <div class=\"message__content\">\n\n  \n    \n\n<p class=\"has-medium-font-size\"><strong>Tout membre sera consid\u00e9r\u00e9 en d\u00e9faut s&#8217;il n&#8217;a pas satisfait \u00e0 son obligation de formation continue apr\u00e8s le 30 avril de chaque ann\u00e9e.<\/strong><\/p>\n\n\n  <\/div>\n\n<\/section>\n\n\n\n<p>Apr\u00e8s cette date, un avis de d\u00e9faut sera envoy\u00e9 \u00e0 votre adresse de courrier \u00e9lectronique si votre registre de formation indique que les obligations n\u2019ont pas \u00e9t\u00e9 remplies.<\/p>\n\n\n\n<p><strong>1. L\u2019avis de d\u00e9faut envoy\u00e9 par l\u2019Ordre vous indique :<\/strong><\/p>\n\n\n\n<ul class=\"wp-block-list\">\n<li>la nature du d\u00e9faut;<\/li>\n\n\n\n<li>le d\u00e9lai dont vous disposez pour y rem\u00e9dier et en fournir la preuve;<\/li>\n\n\n\n<li>la sanction \u00e0 laquelle vous vous exposez si vous ne rem\u00e9diez pas au d\u00e9faut dans le d\u00e9lai fix\u00e9.<\/li>\n<\/ul>\n\n\n\n<p>Le dentiste qui fournit \u00e0 l\u2019Ordre la preuve qu\u2019il a satisfait aux exigences de l\u2019avis de d\u00e9faut avant la fin du d\u00e9lai fix\u00e9 doit \u00e9galement acquitter les frais administratifs de 200 $ afin de lever son d\u00e9faut.<\/p>\n\n\n\n<p><strong>2. Un 2<sup>e<\/sup> avis vous informe :<\/strong><\/p>\n\n\n\n<p>Si le dentiste n\u2019a pas rem\u00e9di\u00e9 \u00e0 son d\u00e9faut dans le d\u00e9lai pr\u00e9vu, il re\u00e7oit un 2<sup>e<\/sup> avis l\u2019invitant \u00e0 pr\u00e9senter des observations \u00e9crites dans un d\u00e9lai de 20 jours.<\/p>\n\n\n\n<p>Pass\u00e9 ce d\u00e9lai de 20 jours, si le dentiste n\u2019a pas soumis ses observations \u00e9crites ou si celles-ci ne sont pas accept\u00e9es par l\u2019Ordre, un avis final lui est transmis.<\/p>\n\n\n\n<p><strong>3. L\u2019avis final vous indique :<\/strong><\/p>\n\n\n\n<p>Si le dentiste n\u2019a pas soumis ses observations \u00e9crites ou si celles-ci ne sont pas accept\u00e9es par l\u2019Ordre, un avis de radiation pour d\u00e9faut de conformit\u00e9 lui est transmis, et la radiation prenant effet d\u00e8s sa notification.<\/p>\n\n\n\n<p>La radiation demeure en vigueur jusqu\u2019\u00e0 ce que le dentiste fournisse \u00e0 l\u2019Ordre la preuve qu\u2019il a satisfait aux exigences de l\u2019avis de d\u00e9faut et que la sanction soit lev\u00e9e par le conseil d\u2019administration. Des frais sont \u00e9galement exig\u00e9s pour la r\u00e9inscription au tableau.<\/p>\n\n\n<\/div>\n\n                    \n\n\n<\/div>\n\n\n\n<h2 class=\"wp-block-heading is-style-small\" id=\"ressources\"><strong>Ressources<\/strong><\/h2>\n\n\n\n<p>Pour en savoir plus sur la r\u00e9glementation et les modalit\u00e9s concernant la formation continue obligatoire des dentistes, vous pouvez consulter ces documents&nbsp;:<\/p>\n\n\n<section id=block_2892e7273f81ffe3ddca5c3bf9a3800e class=\"useful-links theme-block aligndefault\">\n      <h5 class=\"useful-links__title\">Liens utiles<\/h5>\n    <div class=\"useful-links__container\">\n          <a href=\"https:\/\/www.legisquebec.gouv.qc.ca\/fr\/document\/rc\/D-3, r. 9.1 \/\" target=\"_blank\" class=\"useful-link arrow-link\" rel=\"noopener noreferrer\">R\u00e8glement sur la formation continue obligatoire des dentistes<\/a>          <a href=\"https:\/\/dentoform.ca\/\" target=\"_blank\" class=\"useful-link arrow-link\" rel=\"noopener noreferrer\">Dentoform<\/a>          <a href=\"https:\/\/portail.odq.qc.ca\/home\" target=\"_blank\" class=\"useful-link arrow-link\" rel=\"noopener noreferrer\">Registre de formation continue<\/a>          <a href=\"https:\/\/jdiq.ca\/\" target=\"_blank\" class=\"useful-link arrow-link\" rel=\"noopener noreferrer\">Journ\u00e9es dentaires internationales du Qu\u00e9bec<\/a>      <\/div>\n<\/section>\n\n\n\n<h2 class=\"wp-block-heading is-style-small has-primary-color has-text-color\" id=\"questions\"><strong>Des questions?<\/strong><\/h2>\n\n\n\n<ul class=\"wp-block-list\">\n<li><a href=\"mailto:formation@odq.qc.ca\">formation@odq.qc.ca<\/a><\/li>\n\n\n\n<li><strong>514 875-8511, poste 2290<\/strong><\/li>\n<\/ul>\n","protected":false},"excerpt":{"rendered":"<p>Le R\u00e8glement sur la formation continue obligatoire des dentistes d\u00e9termine le cadre des activit\u00e9s de formation continue que doivent suivre les dentistes ou une classe d\u2019entre eux pour maintenir, mettre \u00e0 jour, am\u00e9liorer ou approfondir les connaissances et habilet\u00e9s li\u00e9es \u00e0 l\u2019exercice de la profession ou pour combler des lacunes d\u2019ordre g\u00e9n\u00e9ral constat\u00e9es par l\u2019Ordre.&hellip;<\/p>\n","protected":false},"author":4,"featured_media":0,"parent":155,"menu_order":1,"comment_status":"closed","ping_status":"closed","template":"template-page-with-sidebar.php","meta":{"_acf_changed":false,"_relevanssi_hide_post":"","_relevanssi_hide_content":"","_relevanssi_pin_for_all":"","_relevanssi_pin_keywords":"","_relevanssi_unpin_keywords":"","_relevanssi_related_keywords":"","_relevanssi_related_include_ids":"","_relevanssi_related_exclude_ids":"","_relevanssi_related_no_append":"","_relevanssi_related_not_related":"","_relevanssi_related_posts":"37,1","_relevanssi_noindex_reason":"","wpo365_audiences":[],"wpo365_private":false,"footnotes":""},"class_list":["post-299","page","type-page","status-publish","hentry"],"acf":[],"_links":{"self":[{"href":"https:\/\/www.odq.wp.vortexdev.com\/en\/wp-json\/wp\/v2\/pages\/299","targetHints":{"allow":["GET"]}}],"collection":[{"href":"https:\/\/www.odq.wp.vortexdev.com\/en\/wp-json\/wp\/v2\/pages"}],"about":[{"href":"https:\/\/www.odq.wp.vortexdev.com\/en\/wp-json\/wp\/v2\/types\/page"}],"author":[{"embeddable":true,"href":"https:\/\/www.odq.wp.vortexdev.com\/en\/wp-json\/wp\/v2\/users\/4"}],"replies":[{"embeddable":true,"href":"https:\/\/www.odq.wp.vortexdev.com\/en\/wp-json\/wp\/v2\/comments?post=299"}],"version-history":[{"count":8,"href":"https:\/\/www.odq.wp.vortexdev.com\/en\/wp-json\/wp\/v2\/pages\/299\/revisions"}],"predecessor-version":[{"id":11400,"href":"https:\/\/www.odq.wp.vortexdev.com\/en\/wp-json\/wp\/v2\/pages\/299\/revisions\/11400"}],"up":[{"embeddable":true,"href":"https:\/\/www.odq.wp.vortexdev.com\/en\/wp-json\/wp\/v2\/pages\/155"}],"wp:attachment":[{"href":"https:\/\/www.odq.wp.vortexdev.com\/en\/wp-json\/wp\/v2\/media?parent=299"}],"curies":[{"name":"wp","href":"https:\/\/api.w.org\/{rel}","templated":true}]}}