{"id":289,"date":"2022-08-02T15:33:56","date_gmt":"2022-08-02T19:33:56","guid":{"rendered":"https:\/\/www.odq.wp.vortexdev.com\/?page_id=289"},"modified":"2025-09-02T13:20:13","modified_gmt":"2025-09-02T17:20:13","slug":"dossier-sante-quebec","status":"publish","type":"page","link":"https:\/\/www.odq.wp.vortexdev.com\/en\/dentiste\/pratique-professionnelle\/lignes-directrices-et-guides\/aide-a-la-pratique\/dossier-sante-quebec\/","title":{"rendered":"Dossier sant\u00e9 Qu\u00e9bec"},"content":{"rendered":"\n<p class=\"has-large-font-size\">Que vous pratiquiez dans un cabinet priv\u00e9, un centre m\u00e9dical sp\u00e9cialis\u00e9 ou un centre exploit\u00e9 par un \u00e9tablissement, vous pouvez consulter les renseignements de sant\u00e9 sur vos patients \u2013 m\u00e9dicaments prescrits, r\u00e9sultats de tests de laboratoire ou d\u2019imagerie m\u00e9dicale et, \u00e9ventuellement, sommaires d\u2019hospitalisation.<\/p>\n\n\n\n<div class=\"wp-block-media-text has-media-on-the-right is-stacked-on-mobile is-vertically-aligned-center\" style=\"grid-template-columns:auto 40%\"><div class=\"wp-block-media-text__content\">\n<h2 class=\"wp-block-heading is-style-small\"><strong>Demande d&#8217;acc\u00e8s<\/strong><\/h2>\n\n\n\n<p>Chaque cabinet priv\u00e9 de dentiste doit au pr\u00e9alable identifier un dentiste qui sera nomm\u00e9 GAA. Pour d\u00e9signer ce dernier, vous devez remplir le formulaire intitul\u00e9 \u00ab&nbsp;<a href=\"https:\/\/www.ramq.gouv.qc.ca\/fr\/professionnels\/dossier-sante\/materiel-gaa\" data-type=\"link\" data-id=\"https:\/\/www.ramq.gouv.qc.ca\/fr\/professionnels\/dossier-sante\/materiel-gaa\" target=\"_blank\" rel=\"noopener\">Autorisation pour agir \u00e0 titre de gestionnaire des autorisations d\u2019acc\u00e8s (GAA) dans un cabinet priv\u00e9 de professionnels<\/a>&nbsp;\u00bb et le retourner \u00e0 la R\u00e9gie de l\u2019assurance maladie du Qu\u00e9bec \u00e0 l\u2019adresse mentionn\u00e9e sur le formulaire.<\/p>\n\n\n\n<p>Une fois sa nomination confirm\u00e9e comme GAA, le dentiste recevra un formulaire intitul\u00e9 \u00ab <a href=\"https:\/\/www.ramq.gouv.qc.ca\/fr\/professionnels\/dossier-sante\/materiel-gaa\" data-type=\"link\" data-id=\"https:\/\/www.ramq.gouv.qc.ca\/fr\/professionnels\/dossier-sante\/materiel-gaa\" target=\"_blank\" rel=\"noopener\">Gestion des autorisations d\u2019acc\u00e8s au dossier sant\u00e9 Qu\u00e9bec pour un intervenant d&#8217;un cabinet priv\u00e9 de professionnels<\/a> \u00bb, qui lui permettra de demander des autorisations d\u2019acc\u00e8s au DSQ pour les dentistes qui travaillent dans le m\u00eame cabinet que lui ou sous sa direction. Il recevra \u00e9galement les indications pour demander au Centre de services du DSQ une trousse d\u2019installation du Visualiseur, l\u2019un des outils de consultation du DSQ. Vous pourrez proc\u00e9der vous-m\u00eame \u00e0 l\u2019installation ou demander \u00e0 vos services de soutien informatique, interne ou externe, de vous assister.<br><br>Pour obtenir un acc\u00e8s au Dossier sant\u00e9 Qu\u00e9bec (DSQ), vous devez communiquer avec le gestionnaire des autorisations d\u2019acc\u00e8s (GAA) de votre milieu de travail. Si vous ignorez de qui il s\u2019agit, vous pouvez contacter le Centre de services DSQ par courriel \u00e0 <a href=\"mailto:00_centre_de_services_dsq@ssss.gouv.qc.ca\">00_centre_de_services_dsq@ssss.gouv.qc.ca<\/a> ou par t\u00e9l\u00e9phone au 1 888 330-3023 ou 418 780-4208 (r\u00e9gion de Qu\u00e9bec) ou 514 687-3612 (r\u00e9gion de Montr\u00e9al).<\/p>\n\n\n\n<div class=\"wp-block-buttons is-content-justification-left is-layout-flex wp-container-core-buttons-is-layout-fc4fd283 wp-block-buttons-is-layout-flex\">\n<div class=\"wp-block-button\"><a class=\"wp-block-button__link wp-element-button\" href=\"https:\/\/www.odq.wp.vortexdev.com\/wp-content\/uploads\/2025\/04\/6590-ODQ-Feuillet-DSQ_V2.pdf\" target=\"_blank\" rel=\"noreferrer noopener\">Consulter la brochure<\/a><\/div>\n<\/div>\n<\/div><figure class=\"wp-block-media-text__media\"><a href=\"https:\/\/www.odq.wp.vortexdev.com\/wp-content\/uploads\/2025\/04\/6590-ODQ-Feuillet-DSQ_V2.pdf\" target=\"_blank\" rel=\" noreferrer noopener\"><img decoding=\"async\" width=\"792\" height=\"1024\" src=\"https:\/\/www.odq.wp.vortexdev.com\/wp-content\/uploads\/2025\/09\/Capture-decran-2025-09-02-131859-792x1024.png\" alt=\"\" class=\"wp-image-11254 size-full\" srcset=\"https:\/\/www.odq.wp.vortexdev.com\/wp-content\/uploads\/2025\/09\/Capture-decran-2025-09-02-131859-792x1024.png 792w, https:\/\/www.odq.wp.vortexdev.com\/wp-content\/uploads\/2025\/09\/Capture-decran-2025-09-02-131859-232x300.png 232w, https:\/\/www.odq.wp.vortexdev.com\/wp-content\/uploads\/2025\/09\/Capture-decran-2025-09-02-131859-768x993.png 768w, https:\/\/www.odq.wp.vortexdev.com\/wp-content\/uploads\/2025\/09\/Capture-decran-2025-09-02-131859-1188x1536.png 1188w, https:\/\/www.odq.wp.vortexdev.com\/wp-content\/uploads\/2025\/09\/Capture-decran-2025-09-02-131859-325x420.png 325w, https:\/\/www.odq.wp.vortexdev.com\/wp-content\/uploads\/2025\/09\/Capture-decran-2025-09-02-131859.png 1398w\" sizes=\"(max-width: 792px) 100vw, 792px\" \/><\/a><\/figure><\/div>\n\n\n<section class=\"message theme-block theme-block--innerblock aligndefault notice--information\">\n<span class=\"theme-block__label\">Message<\/span>\n  <div class=\"message__content\">\n\n  \n    \n\n<p class=\"has-medium-font-size\"><strong>Formation en ligne<\/strong><\/p>\n\n\n\n<p class=\"has-medium-font-size\">Notez que des outils d\u2019autoformation sont disponibles sur le site Web de la R\u00e9gie de l&#8217;assurance maladie du Qu\u00e9bec, dans la section <a href=\"https:\/\/www.ramq.gouv.qc.ca\/fr\/professionnels\/dossier-sante\/formations-dsq\" data-type=\"link\" data-id=\"https:\/\/www.ramq.gouv.qc.ca\/fr\/professionnels\/dossier-sante\/formations-dsq\" target=\"_blank\" rel=\"noopener\">Formation Dossier sant\u00e9 Qu\u00e9bec<\/a>. Les intervenants peuvent s\u2019y r\u00e9f\u00e9rer afin de se familiariser avec le DSQ et le Visualiseur.<\/p>\n\n\n  <\/div>\n\n<\/section>\n","protected":false},"excerpt":{"rendered":"<p>Que vous pratiquiez dans un cabinet priv\u00e9, un centre m\u00e9dical sp\u00e9cialis\u00e9 ou un centre exploit\u00e9 par un \u00e9tablissement, vous pouvez consulter les renseignements de sant\u00e9 sur vos patients \u2013 m\u00e9dicaments prescrits, r\u00e9sultats de tests de laboratoire ou d\u2019imagerie m\u00e9dicale et, \u00e9ventuellement, sommaires d\u2019hospitalisation.<\/p>\n","protected":false},"author":4,"featured_media":0,"parent":2206,"menu_order":2,"comment_status":"closed","ping_status":"closed","template":"template-page-with-sidebar.php","meta":{"_acf_changed":false,"_relevanssi_hide_post":"","_relevanssi_hide_content":"","_relevanssi_pin_for_all":"","_relevanssi_pin_keywords":"","_relevanssi_unpin_keywords":"","_relevanssi_related_keywords":"","_relevanssi_related_include_ids":"","_relevanssi_related_exclude_ids":"","_relevanssi_related_no_append":"","_relevanssi_related_not_related":"","_relevanssi_related_posts":"37,1","_relevanssi_noindex_reason":"","wpo365_audiences":[],"wpo365_private":false,"footnotes":""},"class_list":["post-289","page","type-page","status-publish","hentry"],"acf":[],"_links":{"self":[{"href":"https:\/\/www.odq.wp.vortexdev.com\/en\/wp-json\/wp\/v2\/pages\/289","targetHints":{"allow":["GET"]}}],"collection":[{"href":"https:\/\/www.odq.wp.vortexdev.com\/en\/wp-json\/wp\/v2\/pages"}],"about":[{"href":"https:\/\/www.odq.wp.vortexdev.com\/en\/wp-json\/wp\/v2\/types\/page"}],"author":[{"embeddable":true,"href":"https:\/\/www.odq.wp.vortexdev.com\/en\/wp-json\/wp\/v2\/users\/4"}],"replies":[{"embeddable":true,"href":"https:\/\/www.odq.wp.vortexdev.com\/en\/wp-json\/wp\/v2\/comments?post=289"}],"version-history":[{"count":8,"href":"https:\/\/www.odq.wp.vortexdev.com\/en\/wp-json\/wp\/v2\/pages\/289\/revisions"}],"predecessor-version":[{"id":11256,"href":"https:\/\/www.odq.wp.vortexdev.com\/en\/wp-json\/wp\/v2\/pages\/289\/revisions\/11256"}],"up":[{"embeddable":true,"href":"https:\/\/www.odq.wp.vortexdev.com\/en\/wp-json\/wp\/v2\/pages\/2206"}],"wp:attachment":[{"href":"https:\/\/www.odq.wp.vortexdev.com\/en\/wp-json\/wp\/v2\/media?parent=289"}],"curies":[{"name":"wp","href":"https:\/\/api.w.org\/{rel}","templated":true}]}}