{"id":287,"date":"2022-08-02T15:33:25","date_gmt":"2022-08-02T19:33:25","guid":{"rendered":"https:\/\/www.odq.wp.vortexdev.com\/?page_id=287"},"modified":"2025-10-03T13:44:27","modified_gmt":"2025-10-03T17:44:27","slug":"champs-de-pratique-et-activites-reservees","status":"publish","type":"page","link":"https:\/\/www.odq.wp.vortexdev.com\/en\/dentiste\/pratique-professionnelle\/lignes-directrices-et-guides\/champs-de-pratique-et-activites-reservees\/","title":{"rendered":"Champs de pratique et activit\u00e9s r\u00e9serv\u00e9es"},"content":{"rendered":"\n<figure class=\"wp-block-image size-large\"><img decoding=\"async\" width=\"1024\" height=\"338\" src=\"https:\/\/www.odq.wp.vortexdev.com\/wp-content\/uploads\/2024\/06\/Bandeau-page-site-web_Loi-15-v4-1024x338.png\" alt=\"\" class=\"wp-image-6853\" srcset=\"https:\/\/www.odq.wp.vortexdev.com\/wp-content\/uploads\/2024\/06\/Bandeau-page-site-web_Loi-15-v4-1024x338.png 1024w, https:\/\/www.odq.wp.vortexdev.com\/wp-content\/uploads\/2024\/06\/Bandeau-page-site-web_Loi-15-v4-300x99.png 300w, https:\/\/www.odq.wp.vortexdev.com\/wp-content\/uploads\/2024\/06\/Bandeau-page-site-web_Loi-15-v4-768x254.png 768w, https:\/\/www.odq.wp.vortexdev.com\/wp-content\/uploads\/2024\/06\/Bandeau-page-site-web_Loi-15-v4.png 1360w\" sizes=\"(max-width: 1024px) 100vw, 1024px\" \/><\/figure>\n\n\n\n<p class=\"has-large-font-size\">La <a href=\"http:\/\/www.odq.qc.ca\/Portals\/5\/fichiers_publication\/PL29\/20200924%20Loi%2015.PDF\" target=\"_blank\" rel=\"noreferrer noopener\">Loi modifiant le Code des professions et d\u2019autres dispositions notamment dans le domaine buccodentaire et celui des sciences appliqu\u00e9es<\/a> <a href=\"http:\/\/www.odq.qc.ca\/Dentistes\/Projetdeloi29\/tabid\/992\/ctl\/Edit\/mid\/1483\/language\/fr-CA\/ANQ.Vigie.Bll.DocumentGenerique_146071\" target=\"_blank\" rel=\"noopener\"><\/a><a href=\"http:\/\/www.odq.qc.ca\/Dentistes\/Projetdeloi29\/tabid\/992\/ctl\/Edit\/mid\/1483\/language\/fr-CA\/ANQ.Vigie.Bll.DocumentGenerique_146071\" target=\"_blank\" rel=\"noopener\"><\/a>(Loi 15) est entr\u00e9e en vigueur en 2020.<\/p>\n\n\n\n<div class=\"block-accordions-group theme-block theme-block--innerblock aligndefault\">\n    <span class=\"theme-block__label\">Accordions<\/span>\n  \n    \n<div class=\"block-accordion  theme-block theme-block--innerblock aligndefault\">\n    <span class=\"theme-block__label\">Accordion<\/span>\n    <h3 class=\"block-accordion__title\">Champs de pratique en sant\u00e9 buccodentaire<\/h3>\n    \n\n<div class=\"wp-block-buttons is-layout-flex wp-block-buttons-is-layout-flex\">\n<div class=\"wp-block-button\"><a class=\"wp-block-button__link wp-element-button\" href=\"https:\/\/www.odq.wp.vortexdev.com\/wp-content\/uploads\/2022\/10\/ODQ-DocumentLoi29-Final10.pdf\">Consulter les principales modifications issues du projet de loi 29<\/a><\/div>\n<\/div>\n\n\n<\/div>\n\n                    \n\n\n<div class=\"block-accordion  theme-block theme-block--innerblock aligndefault\">\n    <span class=\"theme-block__label\">Accordion<\/span>\n    <h3 class=\"block-accordion__title\">Activit\u00e9s partag\u00e9es avec les hygi\u00e9nistes dentaires<\/h3>\n    \n\n<div class=\"wp-block-columns is-layout-flex wp-container-core-columns-is-layout-28f84493 wp-block-columns-is-layout-flex\">\n<div class=\"wp-block-column is-layout-flow wp-block-column-is-layout-flow\">\n<h4 class=\"wp-block-heading is-style-small has-primary-color has-text-color\"><strong>Activit\u00e9s sans ordonnance<\/strong><\/h4>\n\n\n\n<p>Les activit\u00e9s pouvant \u00eatre exerc\u00e9es sans ordonnance peuvent \u00eatre faites de l\u2019initiative de l\u2019hygi\u00e9niste dentaire, sans l\u2019intervention du dentiste.<\/p>\n\n\n\n<p>Les activit\u00e9s qui ne n\u00e9cessitent pas d\u2019ordonnance sont les suivantes :<\/p>\n\n\n\n<ul class=\"wp-block-list\">\n<li><a href=\"https:\/\/www.odq.wp.vortexdev.com\/wp-content\/uploads\/2022\/10\/Loi_15_Evaluer_condition_buccodentaire_personne.pdf\" target=\"_blank\" rel=\"noreferrer noopener\">\u00e9valuer la condition buccodentaire d\u2019une personne<\/a><\/li>\n\n\n\n<li><a href=\"https:\/\/www.odq.wp.vortexdev.com\/wp-content\/uploads\/2023\/04\/Loi_15_Appliquer-topiquement-agent-anesthesiant-anticariogene-desensibilisant.pdf\" target=\"_blank\" rel=\"noreferrer noopener\">appliquer topiquement un agent anesth\u00e9siant, anticariog\u00e8ne ou d\u00e9sensibilisant<\/a><\/li>\n\n\n\n<li><a href=\"https:\/\/www.odq.wp.vortexdev.com\/wp-content\/uploads\/2023\/02\/Sceller_puits_sillons-et-polir_dents.pdf\" target=\"_blank\" rel=\"noreferrer noopener\">sceller les puits et les sillons<\/a><\/li>\n\n\n\n<li><a href=\"https:\/\/www.odq.wp.vortexdev.com\/wp-content\/uploads\/2023\/02\/Sceller_puits_sillons-et-polir_dents.pdf\" target=\"_blank\" rel=\"noreferrer noopener\">polir les dents<\/a><\/li>\n\n\n\n<li><a href=\"https:\/\/www.odq.wp.vortexdev.com\/wp-content\/uploads\/2023\/04\/Loi_15_Poser-obturation-temporaire-sans-preparation-cavite.pdf\" target=\"_blank\" rel=\"noreferrer noopener\">poser une obturation temporaire sans pr\u00e9paration de cavit\u00e9<\/a><\/li>\n\n\n\n<li><a href=\"https:\/\/www.odq.wp.vortexdev.com\/wp-content\/uploads\/2023\/04\/Loi_15_Definitions-detartrage-et-debridement-parodontal-non-chirurgical.pdf\" target=\"_blank\" rel=\"noreferrer noopener\">proc\u00e9der \u00e0 un d\u00e9tartrage supra et sous-gingival<\/a><\/li>\n\n\n\n<li><a href=\"https:\/\/www.odq.wp.vortexdev.com\/wp-content\/uploads\/2023\/04\/Loi_15_Definitions-detartrage-et-debridement-parodontal-non-chirurgical.pdf\" target=\"_blank\" rel=\"noreferrer noopener\">effectuer un d\u00e9bridement parodontal non chirurgical<\/a>, suivant les conditions et les modalit\u00e9s pr\u00e9vues dans un r\u00e8glement adopt\u00e9 par le conseil d\u2019administration de l\u2019OHDQ apr\u00e8s consultation avec l\u2019Office des professions et l\u2019ODQ<\/li>\n\n\n\n<li><a href=\"https:\/\/www.odq.wp.vortexdev.com\/wp-content\/uploads\/2024\/06\/Loi_15_Concevoir-fabriquer-vendre-protecteurs-buccaux.pdf\" data-type=\"attachment\" data-id=\"6840\">concevoir, fabriquer et vendre des protecteurs buccaux<\/a><\/li>\n<\/ul>\n\n\n\n<p><\/p>\n<\/div>\n\n\n\n<div class=\"wp-block-column is-layout-flow wp-block-column-is-layout-flow\">\n<h4 class=\"wp-block-heading has-primary-color has-text-color\"><strong>Activit\u00e9s sous ordonnance<\/strong><\/h4>\n\n\n\n<p>Certaines activit\u00e9s sous ordonnance n\u00e9cessiteront parfois un travail de collaboration entre l\u2019hygi\u00e9niste dentaire et le dentiste. Par cons\u00e9quent, la pr\u00e9sence des deux professionnels pourrait \u00eatre requise.<\/p>\n\n\n\n<p>Les activit\u00e9s qui doivent \u00eatre exerc\u00e9es selon une ordonnance sont les suivantes :<\/p>\n\n\n\n<ul class=\"wp-block-list\">\n<li><a href=\"https:\/\/www.odq.wp.vortexdev.com\/wp-content\/uploads\/2023\/02\/Loi_15_Effectuer-examens-diagnostiques-radiographies-selon-ordonnance.pdf\" target=\"_blank\" rel=\"noreferrer noopener\">effectuer des examens diagnostiques, incluant la prise de radiographies<\/a><\/li>\n\n\n\n<li><a href=\"https:\/\/www.odq.wp.vortexdev.com\/wp-content\/uploads\/2023\/04\/Loi_15_Definitions-detartrage-et-debridement-parodontal-non-chirurgical.pdf\" target=\"_blank\" rel=\"noreferrer noopener\">effectuer un d\u00e9bridement parodontal non chirurgical<\/a> (dans l\u2019attente du r\u00e8glement ou, \u00e9ventuellement, dans des situations qui ne respectent pas les conditions et les modalit\u00e9s pr\u00e9vues au r\u00e8glement pour l\u2019exercice autonome de l\u2019activit\u00e9)<\/li>\n\n\n\n<li><a href=\"https:\/\/www.odq.wp.vortexdev.com\/wp-content\/uploads\/2023\/04\/Loi_15_Inserer-sculpter-materiaux-obturateurs-selon-ordonnance.pdf\" target=\"_blank\" rel=\"noreferrer noopener\">ins\u00e9rer et sculpter des mat\u00e9riaux obturateurs<\/a><\/li>\n\n\n\n<li><a href=\"https:\/\/www.odq.wp.vortexdev.com\/wp-content\/uploads\/2023\/06\/Loi_15_Fabriquer-cimenter-retirer-restaurations-provisoires-dents-naturelles.pdf\" data-type=\"attachment\" data-id=\"4806\" target=\"_blank\" rel=\"noreferrer noopener\">fabriquer, cimenter et retirer des restaurations provisoires sur dents\u2009naturelles<\/a><\/li>\n\n\n\n<li><a href=\"https:\/\/www.odq.wp.vortexdev.com\/wp-content\/uploads\/2023\/04\/Loi_15_Poser-enlever-pansements-parodontaux-selon-ordonnance.pdf\" target=\"_blank\" rel=\"noreferrer noopener\">poser et enlever des pansements parodontaux<\/a>;<\/li>\n\n\n\n<li><a href=\"https:\/\/www.odq.wp.vortexdev.com\/wp-content\/uploads\/2023\/04\/Loi_15_Enlever-points-suture-selon-ordonnance.pdf\" target=\"_blank\" rel=\"noreferrer noopener\">enlever des points de suture<\/a><\/li>\n\n\n\n<li><a href=\"https:\/\/www.odq.wp.vortexdev.com\/wp-content\/uploads\/2022\/10\/Contribuer_traitements_suivis-orthodontiques_selon_ordonnance.pdf\" target=\"_blank\" rel=\"noreferrer noopener\">contribuer aux traitements et suivis orthodontiques<\/a><\/li>\n\n\n\n<li><a href=\"https:\/\/www.odq.wp.vortexdev.com\/wp-content\/uploads\/2023\/06\/Loi_15_Appliquer-techniques-blanchiment.pdf\" data-type=\"attachment\" data-id=\"4804\" target=\"_blank\" rel=\"noreferrer noopener\">appliquer des techniques de blanchiment de dents<\/a><\/li>\n<\/ul>\n<\/div>\n<\/div>\n\n\n<\/div>\n\n                    \n\n\n<div class=\"block-accordion  theme-block theme-block--innerblock aligndefault\">\n    <span class=\"theme-block__label\">Accordion<\/span>\n    <h3 class=\"block-accordion__title\">Activit\u00e9s partag\u00e9es avec les denturologistes<\/h3>\n    \n\n<div class=\"wp-block-columns is-layout-flex wp-container-core-columns-is-layout-28f84493 wp-block-columns-is-layout-flex\">\n<div class=\"wp-block-column is-layout-flow wp-block-column-is-layout-flow\">\n<ul class=\"wp-block-list\">\n<li><a href=\"https:\/\/www.odq.wp.vortexdev.com\/wp-content\/uploads\/2022\/10\/ODQ-Loi-15-Fiche-d_information_Version-finale_240821.pdf\" target=\"_blank\" rel=\"noreferrer noopener\">R\u00e9habilitation implanto-port\u00e9e \u2013 Proc\u00e9dure int\u00e9rimaire<\/a><\/li>\n\n\n\n<li><a href=\"https:\/\/www.odq.wp.vortexdev.com\/wp-content\/uploads\/2022\/10\/Formulaire-Proposition-de-plan_Version-finale_240821.pdf\" target=\"_blank\" rel=\"noreferrer noopener\">Proposition de plan de traitement proth\u00e9tique implanto-port\u00e9e pr\u00e9liminaire<\/a><\/li>\n\n\n\n<li><a href=\"https:\/\/www.odq.wp.vortexdev.com\/wp-content\/uploads\/2022\/10\/Formulaire-Ordonnance-prothese_Version-finale_240821.pdf\" target=\"_blank\" rel=\"noreferrer noopener\">Ordonnance visant une proth\u00e8se implanto-port\u00e9e<\/a><\/li>\n<\/ul>\n<\/div>\n\n\n\n<div class=\"wp-block-column is-layout-flow wp-block-column-is-layout-flow\">\n<ul class=\"wp-block-list\">\n<li><a href=\"https:\/\/www.odq.wp.vortexdev.com\/wp-content\/uploads\/2024\/05\/Liste_denturologistes-ayant-complete-AEC.pdf\" target=\"_blank\" rel=\"noreferrer noopener\">Liste des denturologistes ayant compl\u00e9t\u00e9 leur Attestation d&#8217;\u00e9tude coll\u00e9giale en pratique avanc\u00e9e de la denturologie<\/a><\/li>\n<\/ul>\n<\/div>\n<\/div>\n\n\n<\/div>\n\n                    \n\n\n<\/div>\n\n\n<section class=\"message theme-block theme-block--innerblock aligndefault notice--information\">\n<span class=\"theme-block__label\">Message<\/span>\n  <div class=\"message__content\">\n\n  \n    \n\n<p class=\"has-large-font-size\">Veuillez consulter notre <a href=\"https:\/\/www.odq.wp.vortexdev.com\/dentiste\/pratique-professionnelle\/lignes-directrices-et-guides\/champs-de-pratique-et-activites-reservees\/foire-aux-questions-loi-15\/\" data-type=\"page\" data-id=\"1063\">foire aux questions<\/a> qui regroupe les questions les plus fr\u00e9quemment pos\u00e9es.<\/p>\n\n\n  <\/div>\n\n<\/section>\n\n\n<section id=block_ae9b3d2f4ef1f67f32e0ced51377910e class=\"useful-links theme-block aligndefault\">\n      <h5 class=\"useful-links__title\">Liens utiles<\/h5>\n    <div class=\"useful-links__container\">\n          <a href=\"https:\/\/www.odq.wp.vortexdev.com\/dentiste\/pratique-professionnelle\/lignes-directrices-et-guides\/champs-de-pratique-et-activites-reservees\/foire-aux-questions-loi-15\/\" class=\"useful-link arrow-link\">Foire aux questions \u2013 Loi 15<\/a>          <a href=\"https:\/\/www.publicationsduquebec.gouv.qc.ca\/fileadmin\/Fichiers_client\/lois_et_reglements\/LoisAnnuelles\/fr\/2020\/2020C15F.PDF\" target=\"_blank\" class=\"useful-link arrow-link\" rel=\"noopener noreferrer\">Loi modifiant le Code des professions et d\u2019autres dispositions notamment dans le domaine buccodentaire et celui des sciences appliqu\u00e9es<\/a>      <\/div>\n<\/section>\n\n\n\n<h2 class=\"wp-block-heading is-style-small has-primary-color has-text-color\" id=\"questions\"><strong>Des questions?<\/strong><\/h2>\n\n\n\n<p>Pour toute interrogation relative \u00e0 la loi (15) apportant des modifications au Code des professions, notamment dans les domaines buccodentaire et des sciences appliqu\u00e9es, n&#8217;h\u00e9sitez pas \u00e0 nous contacter par courriel :<\/p>\n\n\n\n<ul class=\"wp-block-list\">\n<li><a href=\"mailto:nouvelleloi@odq.qc.ca\">nouvelleloi@odq.qc.ca<\/a><\/li>\n<\/ul>\n\n\n\n<p>Pour toute autre question, veuillez nous contacter via la page <a href=\"https:\/\/www.odq.wp.vortexdev.com\/nous-joindre\/\" data-type=\"page\" data-id=\"164\">Nous joindre<\/a>.<\/p>\n","protected":false},"excerpt":{"rendered":"<p>La Loi modifiant le Code des professions et d\u2019autres dispositions notamment dans le domaine buccodentaire et celui des sciences appliqu\u00e9es (Loi 15) est entr\u00e9e en vigueur en 2020. Des questions? Pour toute interrogation relative \u00e0 la loi (15) apportant des modifications au Code des professions, notamment dans les domaines buccodentaire et des sciences appliqu\u00e9es, n&#8217;h\u00e9sitez&hellip;<\/p>\n","protected":false},"author":4,"featured_media":0,"parent":285,"menu_order":0,"comment_status":"closed","ping_status":"closed","template":"template-page-with-sidebar.php","meta":{"_acf_changed":false,"_relevanssi_hide_post":"","_relevanssi_hide_content":"","_relevanssi_pin_for_all":"","_relevanssi_pin_keywords":"","_relevanssi_unpin_keywords":"","_relevanssi_related_keywords":"","_relevanssi_related_include_ids":"","_relevanssi_related_exclude_ids":"","_relevanssi_related_no_append":"","_relevanssi_related_not_related":"","_relevanssi_related_posts":"1,37","_relevanssi_noindex_reason":"","wpo365_audiences":[],"wpo365_private":false,"footnotes":""},"class_list":["post-287","page","type-page","status-publish","hentry"],"acf":[],"_links":{"self":[{"href":"https:\/\/www.odq.wp.vortexdev.com\/en\/wp-json\/wp\/v2\/pages\/287","targetHints":{"allow":["GET"]}}],"collection":[{"href":"https:\/\/www.odq.wp.vortexdev.com\/en\/wp-json\/wp\/v2\/pages"}],"about":[{"href":"https:\/\/www.odq.wp.vortexdev.com\/en\/wp-json\/wp\/v2\/types\/page"}],"author":[{"embeddable":true,"href":"https:\/\/www.odq.wp.vortexdev.com\/en\/wp-json\/wp\/v2\/users\/4"}],"replies":[{"embeddable":true,"href":"https:\/\/www.odq.wp.vortexdev.com\/en\/wp-json\/wp\/v2\/comments?post=287"}],"version-history":[{"count":8,"href":"https:\/\/www.odq.wp.vortexdev.com\/en\/wp-json\/wp\/v2\/pages\/287\/revisions"}],"predecessor-version":[{"id":11460,"href":"https:\/\/www.odq.wp.vortexdev.com\/en\/wp-json\/wp\/v2\/pages\/287\/revisions\/11460"}],"up":[{"embeddable":true,"href":"https:\/\/www.odq.wp.vortexdev.com\/en\/wp-json\/wp\/v2\/pages\/285"}],"wp:attachment":[{"href":"https:\/\/www.odq.wp.vortexdev.com\/en\/wp-json\/wp\/v2\/media?parent=287"}],"curies":[{"name":"wp","href":"https:\/\/api.w.org\/{rel}","templated":true}]}}