{"id":280,"date":"2022-08-02T15:31:05","date_gmt":"2022-08-02T19:31:05","guid":{"rendered":"https:\/\/www.odq.wp.vortexdev.com\/?page_id=280"},"modified":"2023-02-10T15:38:12","modified_gmt":"2023-02-10T19:38:12","slug":"programme-de-suivi-individualise","status":"publish","type":"page","link":"https:\/\/www.odq.wp.vortexdev.com\/en\/dentiste\/gestion-de-ma-pratique\/programme-de-suivi-individualise\/","title":{"rendered":"Programme de suivi individualis\u00e9"},"content":{"rendered":"\n<div class=\"wp-block-media-text alignwide is-stacked-on-mobile is-vertically-aligned-center\" style=\"grid-template-columns:41% auto\"><figure class=\"wp-block-media-text__media\"><img decoding=\"async\" width=\"1024\" height=\"683\" src=\"https:\/\/www.odq.wp.vortexdev.com\/wp-content\/uploads\/2023\/02\/Image-page_programme-suivi-individualise-1024x683.jpg\" alt=\"\" class=\"wp-image-3442 size-full\" srcset=\"https:\/\/www.odq.wp.vortexdev.com\/wp-content\/uploads\/2023\/02\/Image-page_programme-suivi-individualise-1024x683.jpg 1024w, https:\/\/www.odq.wp.vortexdev.com\/wp-content\/uploads\/2023\/02\/Image-page_programme-suivi-individualise-300x200.jpg 300w, https:\/\/www.odq.wp.vortexdev.com\/wp-content\/uploads\/2023\/02\/Image-page_programme-suivi-individualise-768x512.jpg 768w, https:\/\/www.odq.wp.vortexdev.com\/wp-content\/uploads\/2023\/02\/Image-page_programme-suivi-individualise-1536x1025.jpg 1536w, https:\/\/www.odq.wp.vortexdev.com\/wp-content\/uploads\/2023\/02\/Image-page_programme-suivi-individualise.jpg 1920w\" sizes=\"(max-width: 1024px) 100vw, 1024px\" \/><\/figure><div class=\"wp-block-media-text__content\">\n<p class=\"has-text-align-center has-large-font-size\">Le <strong>programme de suivi individualis\u00e9 (PSI)<\/strong> est un service <strong><mark style=\"background-color:rgba(0, 0, 0, 0)\" class=\"has-inline-color has-primary-color\">confidentiel<\/mark> <\/strong>qui vise \u00e0 aider et \u00e0 outiller les dentistes aux prises avec des difficult\u00e9s d\u2019ordre m\u00e9dical qui pourraient affecter leur pratique. Les dentistes peuvent y obtenir du soutien et des conseils offerts par un coll\u00e8gue.<\/p>\n<\/div><\/div>\n\n\n\n<h2 class=\"is-style-small wp-block-heading\"><strong>Qui peut faire appel au PSI?<\/strong><\/h2>\n\n\n\n<p>Les dentistes qui pr\u00e9sentent&nbsp;:<\/p>\n\n\n\n<ul class=\"wp-block-list\">\n<li>un probl\u00e8me de sant\u00e9 mentale;<\/li>\n\n\n\n<li><span style=\"color: initial;\">une d\u00e9pendance;<\/span><\/li>\n\n\n\n<li><span style=\"color: initial;\">un trouble de l\u2019humeur;<\/span><\/li>\n\n\n\n<li>un probl\u00e8me de sant\u00e9 physique susceptible de compromettre leur capacit\u00e9 \u00e0 pratiquer la m\u00e9decine dentaire (p.&nbsp;ex. neuropathie, scl\u00e9rose en plaques, cancer, infection h\u00e9matog\u00e8ne).<\/li>\n<\/ul>\n\n\n\n<h2 class=\"is-style-small has-primary-color has-text-color wp-block-heading\"><strong>Informations :<\/strong><\/h2>\n\n\n\n<p>Veuillez communiquer avec le <strong>D<sup>r<\/sup> St\u00e9phane Monette<\/strong> :<\/p>\n\n\n\n<ul class=\"wp-block-list\">\n<li><a href=\"mailto:stephane.monette@odq.qc.ca\"><strong>stephane.monette@odq.qc.ca<\/strong><\/a><\/li>\n\n\n\n<li><strong>514 875-8511, poste 2275 (sans frais&nbsp;: 1&nbsp;800&nbsp;361-4887)<\/strong><\/li>\n<\/ul>\n","protected":false},"excerpt":{"rendered":"<p>Le programme de suivi individualis\u00e9 (PSI) est un service confidentiel qui vise \u00e0 aider et \u00e0 outiller les dentistes aux prises avec des difficult\u00e9s d\u2019ordre m\u00e9dical qui pourraient affecter leur pratique. Les dentistes peuvent y obtenir du soutien et des conseils offerts par un coll\u00e8gue. Qui peut faire appel au PSI? Les dentistes qui pr\u00e9sentent&nbsp;:&hellip;<\/p>\n","protected":false},"author":4,"featured_media":0,"parent":253,"menu_order":4,"comment_status":"closed","ping_status":"closed","template":"template-page-with-sidebar.php","meta":{"_acf_changed":false,"_relevanssi_hide_post":"","_relevanssi_hide_content":"","_relevanssi_pin_for_all":"","_relevanssi_pin_keywords":"","_relevanssi_unpin_keywords":"","_relevanssi_related_keywords":"","_relevanssi_related_include_ids":"","_relevanssi_related_exclude_ids":"","_relevanssi_related_no_append":"","_relevanssi_related_not_related":"","_relevanssi_related_posts":"37,1","_relevanssi_noindex_reason":"","wpo365_audiences":[],"wpo365_private":false,"footnotes":""},"class_list":["post-280","page","type-page","status-publish","hentry"],"acf":[],"_links":{"self":[{"href":"https:\/\/www.odq.wp.vortexdev.com\/en\/wp-json\/wp\/v2\/pages\/280","targetHints":{"allow":["GET"]}}],"collection":[{"href":"https:\/\/www.odq.wp.vortexdev.com\/en\/wp-json\/wp\/v2\/pages"}],"about":[{"href":"https:\/\/www.odq.wp.vortexdev.com\/en\/wp-json\/wp\/v2\/types\/page"}],"author":[{"embeddable":true,"href":"https:\/\/www.odq.wp.vortexdev.com\/en\/wp-json\/wp\/v2\/users\/4"}],"replies":[{"embeddable":true,"href":"https:\/\/www.odq.wp.vortexdev.com\/en\/wp-json\/wp\/v2\/comments?post=280"}],"version-history":[{"count":9,"href":"https:\/\/www.odq.wp.vortexdev.com\/en\/wp-json\/wp\/v2\/pages\/280\/revisions"}],"predecessor-version":[{"id":10806,"href":"https:\/\/www.odq.wp.vortexdev.com\/en\/wp-json\/wp\/v2\/pages\/280\/revisions\/10806"}],"up":[{"embeddable":true,"href":"https:\/\/www.odq.wp.vortexdev.com\/en\/wp-json\/wp\/v2\/pages\/253"}],"wp:attachment":[{"href":"https:\/\/www.odq.wp.vortexdev.com\/en\/wp-json\/wp\/v2\/media?parent=280"}],"curies":[{"name":"wp","href":"https:\/\/api.w.org\/{rel}","templated":true}]}}