{"id":279,"date":"2022-08-02T15:30:20","date_gmt":"2022-08-02T19:30:20","guid":{"rendered":"https:\/\/www.odq.wp.vortexdev.com\/?page_id=279"},"modified":"2023-12-06T12:15:58","modified_gmt":"2023-12-06T16:15:58","slug":"certificat-de-specialiste","status":"publish","type":"page","link":"https:\/\/www.odq.wp.vortexdev.com\/en\/dentiste\/gestion-de-ma-pratique\/certificat-de-specialiste\/","title":{"rendered":"Certificat de sp\u00e9cialiste"},"content":{"rendered":"\n<p>Au Qu\u00e9bec, seul un dentiste titulaire d\u2019un certificat de sp\u00e9cialiste peut se pr\u00e9senter comme tel. Pr\u00e9cisons que le statut de sp\u00e9cialiste ne d\u00e9coule pas du type d\u2019exercice ou des services offerts par le dentiste.<\/p>\n\n\n\n<p>Ainsi, le dentiste qui exerce principalement dans le domaine de l\u2019orthodontie pourra se pr\u00e9senter comme orthodontiste uniquement s\u2019il est titulaire d\u2019un certificat dans cette sp\u00e9cialit\u00e9.<\/p>\n\n\n\n<h2 class=\"wp-block-heading is-style-small\"><strong>Demande de reconnaissance d\u2019une sp\u00e9cialit\u00e9<\/strong><\/h2>\n\n\n\n<p>Vous \u00eates titulaire d\u2019un dipl\u00f4me de sp\u00e9cialit\u00e9 obtenu hors Qu\u00e9bec dans l\u2019une des <a href=\"https:\/\/www.odq.wp.vortexdev.com\/grand-public\/votre-dentiste-et-vous\/role-du-dentiste\/#specialistes\" data-type=\"page\">10&nbsp;sp\u00e9cialit\u00e9s reconnues <\/a>par l\u2019Ordre et vous souhaitez obtenir la reconnaissance d\u2019\u00e9quivalence de votre dipl\u00f4me? Voici les \u00e9tapes \u00e0 franchir&nbsp;:<\/p>\n\n\n\n<h4 class=\"wp-block-heading\">Si vous avez obtenu votre dipl\u00f4me au Canada ou aux \u00c9tats-Unis<\/h4>\n\n\n\n<ul class=\"wp-block-list\">\n<li>R\u00e9ussir l\u2019examen national de sp\u00e9cialit\u00e9s dentaires du Coll\u00e8ge royal des chirurgiens du Canada (CRCDC).<\/li>\n<\/ul>\n\n\n\n<h4 class=\"wp-block-heading\">Si vous avez obtenu votre dipl\u00f4me \u00e0 l\u2019ext\u00e9rieur du Canada ou des \u00c9tats-Unis<\/h4>\n\n\n\n<ul class=\"wp-block-list\">\n<li>\u00catre admis et suivre un programme d\u2019\u00e9valuation et d\u2019entra\u00eenement en sp\u00e9cialit\u00e9 dentaire dans une universit\u00e9 canadienne.<\/li>\n\n\n\n<li>R\u00e9ussir l\u2019examen national de sp\u00e9cialit\u00e9s dentaires du CRCDC.<\/li>\n<\/ul>\n\n\n\n<p>Les dipl\u00f4mes obtenus \u00e0 l\u2019ext\u00e9rieur du Qu\u00e9bec doivent de plus faire l\u2019objet d\u2019une reconnaissance d\u2019\u00e9quivalence par le comit\u00e9 d\u2019examens et d\u2019agr\u00e9ments dentaires de l\u2019Ordre. Pour ce faire, vous devez remettre le formulaire <strong><a href=\"#formulaires\">Demande d\u2019\u00e9quivalence de dipl\u00f4me ou de formation de la m\u00e9decine dentaire<\/a><\/strong> d\u00fbment rempli et accompagn\u00e9 des documents requis au soutien de sa demande.<\/p>\n\n\n\n<h2 class=\"wp-block-heading is-style-small\"><strong>Demande d\u2019obtention d\u2019un certificat de sp\u00e9cialiste<\/strong><\/h2>\n\n\n\n<p>Le comit\u00e9 d\u2019admission de l\u2019Ordre examine et d\u00e9cide des candidatures \u00e0 l\u2019obtention d\u2019un certificat de sp\u00e9cialiste. Vous devez remettre le formulaire <a href=\"#formulaires\" data-type=\"attachment\"><strong>Demande d\u2019obtention d\u2019un permis d\u2019exercice, d\u2019un certificat de sp\u00e9cialiste ou de r\u00e9inscription<\/strong><\/a> d\u00fbment rempli et accompagn\u00e9 des documents requis au soutien de votre demande, et ce, au moins 15&nbsp;jours ouvrables avant la tenue de la r\u00e9union du comit\u00e9 d\u2019admission.<\/p>\n\n\n\n<div class=\"wp-block-buttons is-layout-flex wp-block-buttons-is-layout-flex\">\n<div class=\"wp-block-button\"><a class=\"wp-block-button__link wp-element-button\" href=\"https:\/\/www.odq.wp.vortexdev.com\/wp-content\/uploads\/2023\/03\/ODQ_Reunions-comite-admission-et-seances-assermentation.pdf\" target=\"_blank\" rel=\"noreferrer noopener\">Consulter les dates de r\u00e9union<\/a><\/div>\n<\/div>\n\n\n<section id=block_3e3037b5a0ad8a1f9da2393c92d2f3fa class=\"useful-links theme-block aligndefault\">\n      <h5 class=\"useful-links__title\">Liens utiles<\/h5>\n    <div class=\"useful-links__container\">\n          <a href=\"https:\/\/www.legisquebec.gouv.qc.ca\/fr\/version\/lc\/C-26?code=se:58&amp;historique=20170505\" target=\"_blank\" class=\"useful-link arrow-link\" rel=\"noopener noreferrer\">Code des professions, art. 58<\/a>          <a href=\"https:\/\/www.legisquebec.gouv.qc.ca\/fr\/document\/rc\/D-3, r. 14 \/\" target=\"_blank\" class=\"useful-link arrow-link\" rel=\"noopener noreferrer\">R\u00e8glement sur les sp\u00e9cialit\u00e9s et les conditions et modalit\u00e9s de d\u00e9livrance des certificats de sp\u00e9cialiste de l\u2019Ordre des dentistes du Qu\u00e9bec<\/a>      <\/div>\n<\/section>\n\n\n\n<h4 class=\"wp-block-heading\" id=\"formulaires\">Formulaires<\/h4>\n\n\n\n\n  <section id=block_70e53ace4369fe4c269562c8e8619440 class=\"documents-block theme-block aligndefault\">\n          <a href=\"https:\/\/www.odq.wp.vortexdev.com\/wp-content\/uploads\/2023\/01\/ODQ-Formulaire_Demande-obtention-permis-exercice-certificat-specialiste-reinscription-A1.pdf\" target=\"_blank\" aria-label=\"Consult the document Demande d\u2019obtention d\u2019un permis d\u2019exercice, d\u2019un certificat de sp\u00e9cialiste ou de r\u00e9inscription (formulaire A1). The document will open in a new tab\" class=\"document-item\">\n        <div class=\"document-item__infos\">\n          <p class=\"document-item__title\">\n                          Demande d\u2019obtention d\u2019un permis d\u2019exercice, d\u2019un certificat de sp\u00e9cialiste ou de r\u00e9inscription (formulaire A1)                      <\/p>\n                 \n        <\/div>  \n        <span class=\"document-item__date\">\n                  <\/span>\n    \n                  <div class=\"document-item__button btn btn--outline\"><span><i class=\"icon icon-download\" aria-hidden=\"true\"><\/i>Consult<\/span><\/div>\n               \n      <\/a>\n          <a href=\"https:\/\/www.odq.wp.vortexdev.com\/wp-content\/uploads\/2023\/01\/ODQ-Formulaire_Demande-equivalence-diplome-formation.pdf\" target=\"_blank\" aria-label=\"Consult the document Demande d\u2019\u00e9quivalence de dipl\u00f4me ou de formation de la m\u00e9decine dentaire. The document will open in a new tab\" class=\"document-item\">\n        <div class=\"document-item__infos\">\n          <p class=\"document-item__title\">\n                          Demande d\u2019\u00e9quivalence de dipl\u00f4me ou de formation de la m\u00e9decine dentaire                      <\/p>\n                 \n        <\/div>  \n        <span class=\"document-item__date\">\n                  <\/span>\n    \n                  <div class=\"document-item__button btn btn--outline\"><span><i class=\"icon icon-download\" aria-hidden=\"true\"><\/i>Consult<\/span><\/div>\n               \n      <\/a>\n          <a href=\"https:\/\/www.odq.wp.vortexdev.com\/wp-content\/uploads\/2023\/02\/ODQ_Grille-tarifaire-frais.pdf\" target=\"_blank\" aria-label=\"Consult the document Grille tarifaire. The document will open in a new tab\" class=\"document-item\">\n        <div class=\"document-item__infos\">\n          <p class=\"document-item__title\">\n                          Grille tarifaire                      <\/p>\n                 \n        <\/div>  \n        <span class=\"document-item__date\">\n                  <\/span>\n    \n                  <div class=\"document-item__button btn btn--outline\"><span><i class=\"icon icon-download\" aria-hidden=\"true\"><\/i>Consult<\/span><\/div>\n               \n      <\/a>\n      <\/section>\n\n\n<section id=\"block_d3dd9d3510f7a9dd801c6b275358dd75\" class=\"spacer theme-block aligndefault spacer--small\">\n \n<\/section>\n","protected":false},"excerpt":{"rendered":"<p>Au Qu\u00e9bec, seul un dentiste titulaire d\u2019un certificat de sp\u00e9cialiste peut se pr\u00e9senter comme tel. Pr\u00e9cisons que le statut de sp\u00e9cialiste ne d\u00e9coule pas du type d\u2019exercice ou des services offerts par le dentiste. Ainsi, le dentiste qui exerce principalement dans le domaine de l\u2019orthodontie pourra se pr\u00e9senter comme orthodontiste uniquement s\u2019il est titulaire d\u2019un&hellip;<\/p>\n","protected":false},"author":4,"featured_media":0,"parent":253,"menu_order":3,"comment_status":"closed","ping_status":"closed","template":"template-page-with-sidebar.php","meta":{"_acf_changed":false,"_relevanssi_hide_post":"","_relevanssi_hide_content":"","_relevanssi_pin_for_all":"","_relevanssi_pin_keywords":"","_relevanssi_unpin_keywords":"","_relevanssi_related_keywords":"","_relevanssi_related_include_ids":"","_relevanssi_related_exclude_ids":"","_relevanssi_related_no_append":"","_relevanssi_related_not_related":"","_relevanssi_related_posts":"37,1","_relevanssi_noindex_reason":"","wpo365_audiences":[],"wpo365_private":false,"footnotes":""},"class_list":["post-279","page","type-page","status-publish","hentry"],"acf":[],"_links":{"self":[{"href":"https:\/\/www.odq.wp.vortexdev.com\/en\/wp-json\/wp\/v2\/pages\/279","targetHints":{"allow":["GET"]}}],"collection":[{"href":"https:\/\/www.odq.wp.vortexdev.com\/en\/wp-json\/wp\/v2\/pages"}],"about":[{"href":"https:\/\/www.odq.wp.vortexdev.com\/en\/wp-json\/wp\/v2\/types\/page"}],"author":[{"embeddable":true,"href":"https:\/\/www.odq.wp.vortexdev.com\/en\/wp-json\/wp\/v2\/users\/4"}],"replies":[{"embeddable":true,"href":"https:\/\/www.odq.wp.vortexdev.com\/en\/wp-json\/wp\/v2\/comments?post=279"}],"version-history":[{"count":8,"href":"https:\/\/www.odq.wp.vortexdev.com\/en\/wp-json\/wp\/v2\/pages\/279\/revisions"}],"predecessor-version":[{"id":5742,"href":"https:\/\/www.odq.wp.vortexdev.com\/en\/wp-json\/wp\/v2\/pages\/279\/revisions\/5742"}],"up":[{"embeddable":true,"href":"https:\/\/www.odq.wp.vortexdev.com\/en\/wp-json\/wp\/v2\/pages\/253"}],"wp:attachment":[{"href":"https:\/\/www.odq.wp.vortexdev.com\/en\/wp-json\/wp\/v2\/media?parent=279"}],"curies":[{"name":"wp","href":"https:\/\/api.w.org\/{rel}","templated":true}]}}