{"id":275,"date":"2022-08-02T15:28:35","date_gmt":"2022-08-02T19:28:35","guid":{"rendered":"https:\/\/www.odq.wp.vortexdev.com\/?page_id=275"},"modified":"2025-10-07T14:46:14","modified_gmt":"2025-10-07T18:46:14","slug":"maitre-de-stage","status":"publish","type":"page","link":"https:\/\/www.odq.wp.vortexdev.com\/en\/dentiste\/gestion-de-ma-pratique\/gestion-de-mon-dossier\/maitre-de-stage\/","title":{"rendered":"Ma\u00eetre de stage"},"content":{"rendered":"\n<p>En partageant leurs connaissances et leur expertise, les ma\u00eetres de stage jouent un r\u00f4le cl\u00e9 dans l\u2019accueil et l\u2019adaptation des dentistes provenant de la France. Ils enrichissent \u00e9galement leur propre parcours professionnel en y ajoutant une fonction de mentorat. Ces professionnels b\u00e9n\u00e9ficient en retour de la contribution des stagiaires aux activit\u00e9s de leur milieu de pratique.<\/p>\n\n\n\n<p>Le ma\u00eetre de stage peut \u00eatre un dentiste&nbsp;:<\/p>\n\n\n\n<ul class=\"wp-block-list\">\n<li>qui exerce en cabinet;<\/li>\n\n\n\n<li>qui \u0153uvre au sein d\u2019un \u00e9tablissement d\u2019enseignement qui d\u00e9livre un dipl\u00f4me donnant ouverture au permis de l\u2019Ordre;<\/li>\n\n\n\n<li>qui pratique la profession dans un \u00e9tablissement au sens de la Loi sur les services de sant\u00e9 et les services sociaux, pourvu que le travail qu\u2019il confie au stagiaire soit conforme aux exigences requises pour r\u00e9ussir le stage.<\/li>\n<\/ul>\n\n\n<section class=\"message theme-block theme-block--innerblock aligndefault notice--validation\">\n<span class=\"theme-block__label\">Message<\/span>\n  <div class=\"message__content\">\n\n  \n    \n\n<p>Le ma\u00eetre de stage doit faire l\u2019objet d\u2019une reconnaissance formelle de l\u2019Ordre.<\/p>\n\n\n  <\/div>\n\n<\/section>\n\n\n\n<h2 class=\"wp-block-heading is-style-small\"><strong>Devenir ma\u00eetre de stage<\/strong><\/h2>\n\n\n\n<p>Le candidat \u00e0 la fonction de ma\u00eetre de stage pour un candidat fran\u00e7ais \u00e0 l\u2019exercice de la profession doit r\u00e9pondre aux exigences minimales suivantes&nbsp;:&nbsp;<\/p>\n\n\n\n<ul class=\"wp-block-list\">\n<li>\u00catre inscrit au tableau de l\u2019Ordre des dentistes du Qu\u00e9bec depuis au moins 10 ans et avoir pratiqu\u00e9 la m\u00e9decine dentaire dans un cadre conforme aux lois et r\u00e8glements applicables.<\/li>\n\n\n\n<li>Poss\u00e9der un dossier disciplinaire vierge depuis au moins 10 ans.<\/li>\n\n\n\n<li>Ne pas avoir fait l\u2019objet, au cours des cinq derni\u00e8res ann\u00e9es, d\u2019une demande d\u2019enqu\u00eate ou d\u2019une proc\u00e9dure administrative ayant donn\u00e9 lieu \u00e0 une quelconque mesure de la part de l\u2019Ordre.<\/li>\n\n\n\n<li>Ne pas \u00eatre sous l\u2019effet d\u2019une limitation de son droit d\u2019exercer des activit\u00e9s professionnelles, y compris une limitation volontaire.<\/li>\n\n\n\n<li>Remplir ses obligations en regard du <a href=\"http:\/\/legisquebec.gouv.qc.ca\/fr\/ShowDoc\/cr\/D-3,%20r.%209.1\/\" target=\"_blank\" rel=\"noreferrer noopener\">R\u00e8glement sur la formation continue obligatoire des dentistes<\/a>.<\/li>\n\n\n\n<li>Rendre compte de son ind\u00e9pendance \u00e0 l\u2019\u00e9gard d\u2019un candidat fran\u00e7ais qu\u2019il aura \u00e0 \u00e9valuer, \u00e9tant entendu que l\u2019Ordre ne s\u2019oppose pas en principe aux ententes spontan\u00e9es entre un candidat \u00e0 la fonction de ma\u00eetre de stage et un candidat fran\u00e7ais.<\/li>\n<\/ul>\n\n\n\n<div class=\"block-accordions-group theme-block theme-block--innerblock aligndefault\">\n    <span class=\"theme-block__label\">Accordions<\/span>\n  \n    \n<div class=\"block-accordion  theme-block theme-block--innerblock aligndefault\">\n    <span class=\"theme-block__label\">Accordion<\/span>\n    <h3 class=\"block-accordion__title\">Responsabilit\u00e9s du ma\u00eetre de stage<\/h3>\n    \n\n<p>Le ma\u00eetre de stage devra offrir un milieu de travail favorable et tenir compte, dans sa relation d\u2019affaires, du fait que le candidat fran\u00e7ais est reconnu comme dentiste en exercice en France. Il devra favoriser l\u2019int\u00e9gration du stagiaire et informer ce dernier du fonctionnement du milieu de travail et des ressources disponibles.&nbsp;<\/p>\n\n\n\n<p>Le ma\u00eetre de stage aura \u00e0 d\u00e9terminer les t\u00e2ches du stagiaire en pr\u00e9cisant les modalit\u00e9s de travail et les objectifs \u00e0 atteindre, \u00e0 l\u2019aider dans l\u2019organisation de sa t\u00e2che et \u00e0 l\u2019initier \u00e0 la gestion d\u2019un cabinet selon les normes qu\u00e9b\u00e9coises. Il permettra au stagiaire d\u2019exercer les activit\u00e9s professionnelles comprises dans le champ de pratique des dentistes.&nbsp;<\/p>\n\n\n\n<p>Le ma\u00eetre de stage devra \u00e9valuer ponctuellement les actes accomplis, encadrer le stage par des p\u00e9riodes de supervision sur place et d\u2019\u00e9changes, analyser les difficult\u00e9s rencontr\u00e9es et trouver des solutions pour les surmonter. Il aura \u00e9galement \u00e0 discuter de la qualit\u00e9 de l\u2019encadrement et des conditions d\u2019adaptation et \u00e0 d\u00e9terminer les points forts du stagiaire ainsi que les points qu\u2019il peut am\u00e9liorer.&nbsp;<\/p>\n\n\n\n<p>Enfin, au moment indiqu\u00e9 par l\u2019Ordre, le ma\u00eetre de stage devra remettre un rapport d\u2019\u00e9valuation du stagiaire \u00e0 l\u2019Ordre.&nbsp;<\/p>\n\n\n\n<h4 class=\"wp-block-heading\">\u00c9valuation du stagiaire<\/h4>\n\n\n\n<p>Le stage est \u00e9valu\u00e9 au moyen d\u2019un rapport bas\u00e9 sur les \u00e9l\u00e9ments contenus dans la fiche d\u2019\u00e9valuation d\u2019un stage au Qu\u00e9bec. Pour r\u00e9ussir son stage, le candidat fran\u00e7ais devra d\u00e9montrer qu\u2019il ma\u00eetrise de fa\u00e7on satisfaisante les trois volets suivants&nbsp;:<\/p>\n\n\n\n<ul class=\"wp-block-list\">\n<li>l\u2019organisation du travail;<\/li>\n\n\n\n<li>la familiarisation et l\u2019adaptation aux fa\u00e7ons de faire dans les divers domaines de la pratique de la m\u00e9decine dentaire;<\/li>\n\n\n\n<li>le syst\u00e8me professionnel qu\u00e9b\u00e9cois.<\/li>\n<\/ul>\n\n\n<\/div>\n\n                    \n\n\n<\/div>\n\n\n\n<h4 class=\"wp-block-heading\">Documents<\/h4>\n\n\n\n\n  <section id=block_ec39124f5689f3b29be89d213639e145 class=\"documents-block theme-block aligndefault\">\n          <a href=\"https:\/\/www.odq.wp.vortexdev.com\/wp-content\/uploads\/2023\/01\/ODQ-Document-information_Comment-devenir-maitre-stage.pdf\" target=\"_blank\" aria-label=\"Consult the document Document d&#039;information - Comment devenir ma\u00eetre de stage. The document will open in a new tab\" class=\"document-item\">\n        <div class=\"document-item__infos\">\n          <p class=\"document-item__title\">\n                          Document d&#039;information &#8211; Comment devenir ma\u00eetre de stage                      <\/p>\n                 \n        <\/div>  \n        <span class=\"document-item__date\">\n                  <\/span>\n    \n                  <div class=\"document-item__button btn btn--outline\"><span><i class=\"icon icon-download\" aria-hidden=\"true\"><\/i>Consult<\/span><\/div>\n               \n      <\/a>\n          <a href=\"https:\/\/www.odq.wp.vortexdev.com\/wp-content\/uploads\/2023\/01\/ODQ-Formulaire_Maitre-stage-consentement-engagement.pdf\" target=\"_blank\" aria-label=\"Consult the document Formulaire de consentement et d&#039;engagement - Ma\u00eetre de stage ARM. The document will open in a new tab\" class=\"document-item\">\n        <div class=\"document-item__infos\">\n          <p class=\"document-item__title\">\n                          Formulaire de consentement et d&#039;engagement &#8211; Ma\u00eetre de stage ARM                      <\/p>\n                 \n        <\/div>  \n        <span class=\"document-item__date\">\n                  <\/span>\n    \n                  <div class=\"document-item__button btn btn--outline\"><span><i class=\"icon icon-download\" aria-hidden=\"true\"><\/i>Consult<\/span><\/div>\n               \n      <\/a>\n          <a href=\"https:\/\/www.odq.wp.vortexdev.com\/wp-content\/uploads\/2023\/02\/ODQ_Grille-tarifaire-frais.pdf\" target=\"_blank\" aria-label=\"Consult the document Grille tarifaire. The document will open in a new tab\" class=\"document-item\">\n        <div class=\"document-item__infos\">\n          <p class=\"document-item__title\">\n                          Grille tarifaire                      <\/p>\n                 \n        <\/div>  \n        <span class=\"document-item__date\">\n                  <\/span>\n    \n                  <div class=\"document-item__button btn btn--outline\"><span><i class=\"icon icon-download\" aria-hidden=\"true\"><\/i>Consult<\/span><\/div>\n               \n      <\/a>\n      <\/section>\n\n\n<section id=block_9cae24d71848abf0ab082fb4a1d2d688 class=\"useful-links theme-block aligndefault\">\n      <h5 class=\"useful-links__title\">Liens utiles<\/h5>\n    <div class=\"useful-links__container\">\n          <a href=\"http:\/\/www2.publicationsduquebec.gouv.qc.ca\/dynamicSearch\/telecharge.php?type=5&amp;file=2022C2F.PDF\" target=\"_blank\" class=\"useful-link arrow-link\" rel=\"noopener noreferrer\">\u2022 Loi visant \u00e0 assurer la protection des stagiaires en milieu de travail<\/a>          <a href=\"http:\/\/legisquebec.gouv.qc.ca\/fr\/ShowDoc\/cr\/D-3,%20r.%209.1\/\" target=\"_blank\" class=\"useful-link arrow-link\" rel=\"noopener noreferrer\">\u2022 R\u00e8glement sur la formation continue obligatoire des dentistes<\/a>      <\/div>\n<\/section>\n\n\n\n<h2 class=\"wp-block-heading is-style-small has-primary-color has-text-color\"><strong>Des questions?<\/strong><\/h2>\n\n\n\n<ul class=\"wp-block-list\">\n<li><a href=\"mailto:admission@odq.qc.ca\">admission@odq.qc.ca<\/a><\/li>\n\n\n\n<li><strong>514 875-8511, poste 2231<\/strong><\/li>\n<\/ul>\n","protected":false},"excerpt":{"rendered":"<p>En partageant leurs connaissances et leur expertise, les ma\u00eetres de stage jouent un r\u00f4le cl\u00e9 dans l\u2019accueil et l\u2019adaptation des dentistes provenant de la France. Ils enrichissent \u00e9galement leur propre parcours professionnel en y ajoutant une fonction de mentorat. Ces professionnels b\u00e9n\u00e9ficient en retour de la contribution des stagiaires aux activit\u00e9s de leur milieu de&hellip;<\/p>\n","protected":false},"author":4,"featured_media":0,"parent":255,"menu_order":8,"comment_status":"closed","ping_status":"closed","template":"template-page-with-sidebar.php","meta":{"_acf_changed":false,"_relevanssi_hide_post":"","_relevanssi_hide_content":"","_relevanssi_pin_for_all":"","_relevanssi_pin_keywords":"","_relevanssi_unpin_keywords":"","_relevanssi_related_keywords":"","_relevanssi_related_include_ids":"","_relevanssi_related_exclude_ids":"","_relevanssi_related_no_append":"","_relevanssi_related_not_related":"","_relevanssi_related_posts":"37,1","_relevanssi_noindex_reason":"","wpo365_audiences":[],"wpo365_private":false,"footnotes":""},"class_list":["post-275","page","type-page","status-publish","hentry"],"acf":[],"_links":{"self":[{"href":"https:\/\/www.odq.wp.vortexdev.com\/en\/wp-json\/wp\/v2\/pages\/275","targetHints":{"allow":["GET"]}}],"collection":[{"href":"https:\/\/www.odq.wp.vortexdev.com\/en\/wp-json\/wp\/v2\/pages"}],"about":[{"href":"https:\/\/www.odq.wp.vortexdev.com\/en\/wp-json\/wp\/v2\/types\/page"}],"author":[{"embeddable":true,"href":"https:\/\/www.odq.wp.vortexdev.com\/en\/wp-json\/wp\/v2\/users\/4"}],"replies":[{"embeddable":true,"href":"https:\/\/www.odq.wp.vortexdev.com\/en\/wp-json\/wp\/v2\/comments?post=275"}],"version-history":[{"count":8,"href":"https:\/\/www.odq.wp.vortexdev.com\/en\/wp-json\/wp\/v2\/pages\/275\/revisions"}],"predecessor-version":[{"id":11468,"href":"https:\/\/www.odq.wp.vortexdev.com\/en\/wp-json\/wp\/v2\/pages\/275\/revisions\/11468"}],"up":[{"embeddable":true,"href":"https:\/\/www.odq.wp.vortexdev.com\/en\/wp-json\/wp\/v2\/pages\/255"}],"wp:attachment":[{"href":"https:\/\/www.odq.wp.vortexdev.com\/en\/wp-json\/wp\/v2\/media?parent=275"}],"curies":[{"name":"wp","href":"https:\/\/api.w.org\/{rel}","templated":true}]}}