{"id":271,"date":"2022-08-02T15:27:21","date_gmt":"2022-08-02T19:27:21","guid":{"rendered":"https:\/\/www.odq.wp.vortexdev.com\/?page_id=271"},"modified":"2023-03-02T17:41:55","modified_gmt":"2023-03-02T21:41:55","slug":"certificat-de-conduite-professionnelle","status":"publish","type":"page","link":"https:\/\/www.odq.wp.vortexdev.com\/en\/dentiste\/gestion-de-ma-pratique\/gestion-de-mon-dossier\/certificat-de-conduite-professionnelle\/","title":{"rendered":"Certificat de conduite professionnelle"},"content":{"rendered":"\n<p>Le certificat de conduite professionnelle fait \u00e9tat du parcours acad\u00e9mique et professionnel d\u2019un membre ou ancien membre de l\u2019Ordre des dentistes du Qu\u00e9bec. Le contenu de son dossier constitue la base sur laquelle s\u2019appuie l\u2019Ordre pour r\u00e9diger le certificat de conduite professionnelle.<\/p>\n\n\n\n<p>\u00c0 titre de professionnel de la m\u00e9decine dentaire, vous pourrez \u00eatre appel\u00e9 \u00e0 fournir un tel certificat pour r\u00e9pondre \u00e0 une demande d\u2019un \u00e9tablissement d\u2019enseignement ou d\u2019un organisme de r\u00e9glementation aupr\u00e8s duquel vous avez entrepris une d\u00e9marche en vue d\u2019obtenir un permis ou un droit pour y effectuer des \u00e9tudes, exercer la profession, d\u00e9tenir un poste ou autres. <\/p>\n\n\n\n<p>Le cas \u00e9ch\u00e9ant, vous devrez nous faire parvenir votre demande, en communiquant avec les services aux membres de l\u2019Ordre, par courriel \u00e0&nbsp;<a href=\"mailto:tableau@odq.qc.ca\">tableau@odq.qc.ca<\/a>&nbsp;ou par t\u00e9l\u00e9phone au<strong> 514 875-8511, poste 2263<\/strong>, laquelle demande devra \u00eatre accompagn\u00e9e du <a href=\"#formulaires\">formulaire de consentement<\/a>&nbsp;d\u00fbment rempli et sign\u00e9, par lequel vous autorisez l\u2019Ordre \u00e0 la communication des renseignements requis.<\/p>\n\n\n\n<p>Veuillez consulter la\u00a0<a href=\"https:\/\/www.odq.wp.vortexdev.com\/wp-content\/uploads\/2023\/02\/ODQ_Grille-tarifaire-frais.pdf\" target=\"_blank\" data-type=\"URL\" data-id=\"https:\/\/www.odq.wp.vortexdev.com\/wp-content\/uploads\/2023\/02\/ODQ_Grille-tarifaire-frais.pdf\" rel=\"noreferrer noopener\">grille tarifaire<\/a>\u00a0en vigueur concernant les frais administratifs \u00e0 acquitter.<\/p>\n\n\n\n<p>Le certificat de conduite professionnelle sera transmis directement \u00e0 l\u2019interlocuteur d\u00e9sign\u00e9, dans les meilleurs d\u00e9lais suivant la r\u00e9ception de votre demande, du formulaire de consentement sign\u00e9 et des renseignements relatifs \u00e0 la carte de cr\u00e9dit devant servir au paiement des frais administratifs.<\/p>\n\n\n\n\n  <section id=formulaires class=\"documents-block theme-block aligndefault\">\n          <a href=\"https:\/\/www.odq.wp.vortexdev.com\/wp-content\/uploads\/2023\/01\/ODQ-Formulaire_Consentement-communication-renseignements-C1_FR.pdf\" target=\"_blank\" aria-label=\"Consult the document Consentement \u00e0 la communication de renseignements personnels (formulaire C1). The document will open in a new tab\" class=\"document-item\">\n        <div class=\"document-item__infos\">\n          <p class=\"document-item__title\">\n                          Consentement \u00e0 la communication de renseignements personnels (formulaire C1)                      <\/p>\n                 \n        <\/div>  \n        <span class=\"document-item__date\">\n                  <\/span>\n    \n                  <div class=\"document-item__button btn btn--outline\"><span><i class=\"icon icon-download\" aria-hidden=\"true\"><\/i>Consult<\/span><\/div>\n               \n      <\/a>\n          <a href=\"https:\/\/www.odq.wp.vortexdev.com\/wp-content\/uploads\/2023\/01\/ODQ-Formulaire_Certificat-conduite-professionnelle-C2_FR.pdf\" target=\"_blank\" aria-label=\"Consult the document Certificat de conduite professionnelle (formulaire C2). The document will open in a new tab\" class=\"document-item\">\n        <div class=\"document-item__infos\">\n          <p class=\"document-item__title\">\n                          Certificat de conduite professionnelle (formulaire C2)                      <\/p>\n                 \n        <\/div>  \n        <span class=\"document-item__date\">\n                  <\/span>\n    \n                  <div class=\"document-item__button btn btn--outline\"><span><i class=\"icon icon-download\" aria-hidden=\"true\"><\/i>Consult<\/span><\/div>\n               \n      <\/a>\n          <a href=\"https:\/\/www.odq.wp.vortexdev.com\/wp-content\/uploads\/2023\/02\/ODQ_Grille-tarifaire-frais.pdf\" target=\"_blank\" aria-label=\"Consult the document Grille tarifaire. The document will open in a new tab\" class=\"document-item\">\n        <div class=\"document-item__infos\">\n          <p class=\"document-item__title\">\n                          Grille tarifaire                      <\/p>\n                 \n        <\/div>  \n        <span class=\"document-item__date\">\n                  <\/span>\n    \n                  <div class=\"document-item__button btn btn--outline\"><span><i class=\"icon icon-download\" aria-hidden=\"true\"><\/i>Consult<\/span><\/div>\n               \n      <\/a>\n      <\/section>\n\n\n\n<h2 class=\"is-style-small has-primary-color has-text-color wp-block-heading\"><strong>Des questions?<\/strong><\/h2>\n\n\n\n<ul class=\"wp-block-list\">\n<li><a href=\"mailto:tableau@odq.qc.ca\">tableau@odq.qc.ca<\/a><\/li>\n\n\n\n<li><strong>514 875-8511, poste 2263<\/strong><\/li>\n<\/ul>\n","protected":false},"excerpt":{"rendered":"<p>Le certificat de conduite professionnelle fait \u00e9tat du parcours acad\u00e9mique et professionnel d\u2019un membre ou ancien membre de l\u2019Ordre des dentistes du Qu\u00e9bec. Le contenu de son dossier constitue la base sur laquelle s\u2019appuie l\u2019Ordre pour r\u00e9diger le certificat de conduite professionnelle. \u00c0 titre de professionnel de la m\u00e9decine dentaire, vous pourrez \u00eatre appel\u00e9 \u00e0&hellip;<\/p>\n","protected":false},"author":4,"featured_media":0,"parent":255,"menu_order":7,"comment_status":"closed","ping_status":"closed","template":"template-page-with-sidebar.php","meta":{"_acf_changed":false,"_relevanssi_hide_post":"","_relevanssi_hide_content":"","_relevanssi_pin_for_all":"","_relevanssi_pin_keywords":"","_relevanssi_unpin_keywords":"","_relevanssi_related_keywords":"","_relevanssi_related_include_ids":"","_relevanssi_related_exclude_ids":"","_relevanssi_related_no_append":"","_relevanssi_related_not_related":"","_relevanssi_related_posts":"1,37","_relevanssi_noindex_reason":"","wpo365_audiences":[],"wpo365_private":false,"footnotes":""},"class_list":["post-271","page","type-page","status-publish","hentry"],"acf":[],"_links":{"self":[{"href":"https:\/\/www.odq.wp.vortexdev.com\/en\/wp-json\/wp\/v2\/pages\/271","targetHints":{"allow":["GET"]}}],"collection":[{"href":"https:\/\/www.odq.wp.vortexdev.com\/en\/wp-json\/wp\/v2\/pages"}],"about":[{"href":"https:\/\/www.odq.wp.vortexdev.com\/en\/wp-json\/wp\/v2\/types\/page"}],"author":[{"embeddable":true,"href":"https:\/\/www.odq.wp.vortexdev.com\/en\/wp-json\/wp\/v2\/users\/4"}],"replies":[{"embeddable":true,"href":"https:\/\/www.odq.wp.vortexdev.com\/en\/wp-json\/wp\/v2\/comments?post=271"}],"version-history":[{"count":8,"href":"https:\/\/www.odq.wp.vortexdev.com\/en\/wp-json\/wp\/v2\/pages\/271\/revisions"}],"predecessor-version":[{"id":3752,"href":"https:\/\/www.odq.wp.vortexdev.com\/en\/wp-json\/wp\/v2\/pages\/271\/revisions\/3752"}],"up":[{"embeddable":true,"href":"https:\/\/www.odq.wp.vortexdev.com\/en\/wp-json\/wp\/v2\/pages\/255"}],"wp:attachment":[{"href":"https:\/\/www.odq.wp.vortexdev.com\/en\/wp-json\/wp\/v2\/media?parent=271"}],"curies":[{"name":"wp","href":"https:\/\/api.w.org\/{rel}","templated":true}]}}