{"id":269,"date":"2022-08-02T15:26:54","date_gmt":"2022-08-02T19:26:54","guid":{"rendered":"https:\/\/www.odq.wp.vortexdev.com\/?page_id=269"},"modified":"2023-02-07T16:54:22","modified_gmt":"2023-02-07T20:54:22","slug":"declarations-obligatoires","status":"publish","type":"page","link":"https:\/\/www.odq.wp.vortexdev.com\/en\/dentiste\/gestion-de-ma-pratique\/gestion-de-mon-dossier\/declarations-obligatoires\/","title":{"rendered":"D\u00e9clarations obligatoires"},"content":{"rendered":"\n<p>Si vous avez fait l\u2019objet d\u2019une poursuite judiciaire ou d\u2019une d\u00e9cision judiciaire ou disciplinaire, vous devez en informer l\u2019Ordre \u00e0 l\u2019int\u00e9rieur des d\u00e9lais prescrits.<\/p>\n\n\n\n<h2 class=\"is-style-small wp-block-heading\"><strong>D\u00e9claration d\u2019une poursuite en responsabilit\u00e9 professionnelle<\/strong><\/h2>\n\n\n\n<p>Si une poursuite judiciaire (requ\u00eate introductive d\u2019instance seulement) en responsabilit\u00e9 professionnelle a \u00e9t\u00e9 intent\u00e9e contre vous, telle qu\u2019une poursuite pour une erreur dans le cadre de l\u2019exercice de la m\u00e9decine dentaire, vous devez en informer le secr\u00e9taire de l\u2019Ordre dans les 30&nbsp;jours.<\/p>\n\n\n<section class=\"message theme-block theme-block--innerblock aligndefault notice--information\">\n<span class=\"theme-block__label\">Message<\/span>\n  <div class=\"message__content\">\n\n  \n    \n\n<p><strong>Document \u00e0 fournir<\/strong><br>Copie de la requ\u00eate introductive d\u2019instance ou de la requ\u00eate d\u00e9pos\u00e9e devant la Cour du Qu\u00e9bec, division des petites cr\u00e9ances.<\/p>\n\n\n  <\/div>\n\n<\/section>\n\n\n\n<h2 class=\"is-style-small wp-block-heading\"><strong>D\u00e9claration d\u2019une infraction criminelle ou judiciaire<\/strong><\/h2>\n\n\n\n<p>Si vous avez fait l\u2019objet d\u2019une d\u00e9cision judiciaire ou disciplinaire autre qu\u2019une d\u00e9cision rendue par le conseil de discipline de l\u2019Ordre, vous devez en informer le secr\u00e9taire de l\u2019Ordre dans les 10&nbsp;jours.<\/p>\n\n\n\n<p>Exemples de d\u00e9cisions vis\u00e9es&nbsp;:<\/p>\n\n\n\n<ul class=\"wp-block-list\">\n<li>D\u00e9cision de nature p\u00e9nale ou criminelle d\u2019un tribunal canadien ou \u00e9tranger (p. ex. conduite avec facult\u00e9s affaiblies)<\/li>\n\n\n\n<li>D\u00e9cision disciplinaire d\u2019un autre ordre professionnel ou d\u2019un organisme de r\u00e9glementation hors Qu\u00e9bec imposant la r\u00e9vocation de permis, la radiation ou la radiation provisoire<\/li>\n\n\n\n<li>D\u00e9cision de nature p\u00e9nale relative \u00e0 l\u2019usurpation du titre ou \u00e0 l\u2019exercice ill\u00e9gal<\/li>\n<\/ul>\n\n\n<section class=\"message theme-block theme-block--innerblock aligndefault notice--information\">\n<span class=\"theme-block__label\">Message<\/span>\n  <div class=\"message__content\">\n\n  \n    \n\n<p><strong>Document \u00e0 fournir<\/strong><br>Copie de la d\u00e9cision judiciaire ou disciplinaire.<\/p>\n\n\n  <\/div>\n\n<\/section>\n","protected":false},"excerpt":{"rendered":"<p>Si vous avez fait l\u2019objet d\u2019une poursuite judiciaire ou d\u2019une d\u00e9cision judiciaire ou disciplinaire, vous devez en informer l\u2019Ordre \u00e0 l\u2019int\u00e9rieur des d\u00e9lais prescrits. D\u00e9claration d\u2019une poursuite en responsabilit\u00e9 professionnelle Si une poursuite judiciaire (requ\u00eate introductive d\u2019instance seulement) en responsabilit\u00e9 professionnelle a \u00e9t\u00e9 intent\u00e9e contre vous, telle qu\u2019une poursuite pour une erreur dans le cadre&hellip;<\/p>\n","protected":false},"author":1,"featured_media":0,"parent":255,"menu_order":6,"comment_status":"closed","ping_status":"closed","template":"template-page-with-sidebar.php","meta":{"_acf_changed":false,"_relevanssi_hide_post":"","_relevanssi_hide_content":"","_relevanssi_pin_for_all":"","_relevanssi_pin_keywords":"","_relevanssi_unpin_keywords":"","_relevanssi_related_keywords":"","_relevanssi_related_include_ids":"","_relevanssi_related_exclude_ids":"","_relevanssi_related_no_append":"","_relevanssi_related_not_related":"","_relevanssi_related_posts":"37,1","_relevanssi_noindex_reason":"","wpo365_audiences":[],"wpo365_private":false,"footnotes":""},"class_list":["post-269","page","type-page","status-publish","hentry"],"acf":[],"_links":{"self":[{"href":"https:\/\/www.odq.wp.vortexdev.com\/en\/wp-json\/wp\/v2\/pages\/269","targetHints":{"allow":["GET"]}}],"collection":[{"href":"https:\/\/www.odq.wp.vortexdev.com\/en\/wp-json\/wp\/v2\/pages"}],"about":[{"href":"https:\/\/www.odq.wp.vortexdev.com\/en\/wp-json\/wp\/v2\/types\/page"}],"author":[{"embeddable":true,"href":"https:\/\/www.odq.wp.vortexdev.com\/en\/wp-json\/wp\/v2\/users\/1"}],"replies":[{"embeddable":true,"href":"https:\/\/www.odq.wp.vortexdev.com\/en\/wp-json\/wp\/v2\/comments?post=269"}],"version-history":[{"count":8,"href":"https:\/\/www.odq.wp.vortexdev.com\/en\/wp-json\/wp\/v2\/pages\/269\/revisions"}],"predecessor-version":[{"id":3295,"href":"https:\/\/www.odq.wp.vortexdev.com\/en\/wp-json\/wp\/v2\/pages\/269\/revisions\/3295"}],"up":[{"embeddable":true,"href":"https:\/\/www.odq.wp.vortexdev.com\/en\/wp-json\/wp\/v2\/pages\/255"}],"wp:attachment":[{"href":"https:\/\/www.odq.wp.vortexdev.com\/en\/wp-json\/wp\/v2\/media?parent=269"}],"curies":[{"name":"wp","href":"https:\/\/api.w.org\/{rel}","templated":true}]}}