{"id":267,"date":"2022-08-02T15:26:25","date_gmt":"2022-08-02T19:26:25","guid":{"rendered":"https:\/\/www.odq.wp.vortexdev.com\/?page_id=267"},"modified":"2023-12-11T11:50:02","modified_gmt":"2023-12-11T15:50:02","slug":"changement-de-statut","status":"publish","type":"page","link":"https:\/\/www.odq.wp.vortexdev.com\/en\/dentiste\/gestion-de-ma-pratique\/gestion-de-mon-dossier\/changement-de-statut\/","title":{"rendered":"Changement de statut"},"content":{"rendered":"\n<p>Il existe trois classes de membres \u00e9tablies aux fins de la cotisation&nbsp;: membre actif, membre r\u00e9sident et membre inactif.<\/p>\n\n\n\n<h4 class=\"wp-block-heading\"><strong>Membre actif<\/strong><\/h4>\n\n\n\n<p>Le membre actif exerce la profession de dentiste au sens de la section\u00a0V de la <a href=\"https:\/\/www.legisquebec.gouv.qc.ca\/fr\/document\/lc\/D-3\" target=\"_blank\" rel=\"noreferrer noopener\">Loi sur les dentistes<\/a>, \u00e0 savoir les activit\u00e9s exclusives \u00e0 la profession qui y sont d\u00e9finies, ou occupe une fonction exigeant qu\u2019il soit membre actif de l\u2019Ordre.<\/p>\n\n\n\n<p>Le membre actif doit souscrire au Fonds d\u2019assurance-responsabilit\u00e9 professionnelle de l\u2019Ordre des dentistes du Qu\u00e9bec (FARPODQ), sauf s\u2019il fournit une preuve indiquant qu\u2019une assurance lui est offerte par son employeur.<\/p>\n\n\n\n<h4 class=\"wp-block-heading\"><strong>Membre r\u00e9sident<\/strong><\/h4>\n\n\n\n<p>Le membre r\u00e9sident poursuit des \u00e9tudes postdoctorales de deuxi\u00e8me ou de troisi\u00e8me cycle ou suit un programme de r\u00e9sidence dans une facult\u00e9 de m\u00e9decine dentaire d\u2019une universit\u00e9 qu\u00e9b\u00e9coise. Il n\u2019exerce des activit\u00e9s professionnelles que dans le cadre de son programme de formation ou de r\u00e9sidence.<\/p>\n\n\n\n<p>Le membre r\u00e9sident doit souscrire au FARPODQ, sauf s\u2019il fournit une preuve indiquant qu\u2019une assurance lui est offerte par l\u2019universit\u00e9 au sein de laquelle il poursuit son programme de formation.<\/p>\n\n\n\n<h4 class=\"wp-block-heading\"><strong>Membre inactif<\/strong><\/h4>\n\n\n\n<p>Le membre inactif d\u00e9clare, \u00e0 l\u2019Ordre et au FARPODQ, ne pas exercer la profession de dentiste au sens de la section\u00a0V de la <a href=\"https:\/\/www.legisquebec.gouv.qc.ca\/fr\/document\/lc\/D-3\" target=\"_blank\" rel=\"noopener\">Loi sur les dentistes<\/a> ou ne pas occuper une fonction exigeant qu\u2019il soit membre actif de l\u2019Ordre.<\/p>\n\n\n\n<p>Le membre inactif peut demeurer inscrit au tableau de l\u2019Ordre dans les cas suivants&nbsp;:<\/p>\n\n\n\n<ul class=\"wp-block-list\">\n<li>Retraite<\/li>\n\n\n\n<li>P\u00e9riode d\u2019invalidit\u00e9 pour cause de maladie<\/li>\n\n\n\n<li>Cong\u00e9 de maternit\u00e9 ou parental<\/li>\n\n\n\n<li>\u00c9tudes prolong\u00e9es<\/li>\n\n\n\n<li>S\u00e9jour temporaire \u00e0 l\u2019\u00e9tranger<\/li>\n<\/ul>\n\n\n\n<p>Ce membre conserve les avantages suivants&nbsp;:<\/p>\n\n\n\n<ul class=\"wp-block-list\">\n<li>Cotisation r\u00e9duite \u00e9tablie \u00e0 15 % de la cotisation fix\u00e9e pour le membre actif r\u00e9gulier<\/li>\n\n\n\n<li>Droit d\u2019utiliser le titre de \u00ab Docteur \u00bb ou de \u00ab Docteure \u00bb<\/li>\n\n\n\n<li>Droit de vote aux \u00e9lections de l\u2019Ordre<\/li>\n\n\n\n<li>Acc\u00e8s aux publications de l\u2019Ordre<\/li>\n<\/ul>\n\n\n\n<p>Le membre inactif peut cesser d\u2019\u00eatre inscrit au tableau de l\u2019Ordre s\u2019il d\u00e9missionne.<\/p>\n\n\n\n<p>Avant de reprendre vos activit\u00e9s professionnelles, vous devrez communiquer avec l\u2019Ordre au <strong>514&nbsp;875-8511, poste&nbsp;2263<\/strong>, pour l\u2019\u00e9tude de votre dossier.<\/p>\n\n\n\n<h4 class=\"wp-block-heading\"><strong>Membre d\u00e9missionnaire<\/strong><\/h4>\n\n\n\n<p>Si vous devez d\u00e9missionner de fa\u00e7on temporaire ou permanente du tableau de l\u2019Ordre (p.&nbsp;ex. grossesse, cong\u00e9 personnel, changement de carri\u00e8re, d\u00e9m\u00e9nagement \u00e0 l\u2019ext\u00e9rieur du Qu\u00e9bec), vous devez compl\u00e9ter le formulaire <a href=\"#documents\" data-type=\"attachment\">D\u00e9claration relative \u00e0 la cessation d\u2019exercice au Qu\u00e9bec<\/a> et l&#8217;acheminer par courriel \u00e0 l\u2019adresse <a href=\"mailto:tableau@odq.qc.ca\">tableau@odq.qc.ca<\/a>.<\/p>\n\n\n\n<p>Votre souscription au FARPODQ vous sera rembours\u00e9e au prorata des mois complets au cours desquels vous n\u2019avez pas exerc\u00e9 la m\u00e9decine dentaire suivant votre d\u00e9mission.<\/p>\n\n\n\n<p>Lorsque vous d\u00e9missionnez du tableau de l\u2019Ordre, vous ne pouvez plus exercer la m\u00e9decine dentaire et vous pr\u00e9senter comme dentiste.<\/p>\n\n\n\n<h4 class=\"wp-block-heading\"><strong>R\u00e9inscription au tableau<\/strong><\/h4>\n\n\n\n<p>Pour vous r\u00e9inscrire au tableau de l\u2019Ordre, veuillez \u00e9crire \u00e0 l\u2019adresse <a href=\"mailto:tableau@odq.qc.ca\">tableau@odq.qc.ca<\/a>. Des <a href=\"https:\/\/www.odq.wp.vortexdev.com\/wp-content\/uploads\/2023\/02\/ODQ_Grille-tarifaire-frais.pdf\" target=\"_blank\" data-type=\"attachment\" data-id=\"3678\" rel=\"noreferrer noopener\">frais s\u2019appliqueront<\/a> lors de la r\u00e9inscription.<\/p>\n\n\n\n<h4 class=\"wp-block-heading\" id=\"documents\">Documents<\/h4>\n\n\n\n\n  <section id=block_61d2e5cd92d432b9ebe38c0e673f51e0 class=\"documents-block theme-block aligndefault\">\n          <a href=\"https:\/\/www.odq.wp.vortexdev.com\/wp-content\/uploads\/2023\/01\/ODQ-Formulaire_Declaration-cessation-exercice-QC.pdf\" target=\"_blank\" aria-label=\"Consult the document D\u00e9claration relative \u00e0 la cessation d&#039;exercice au Qu\u00e9bec. The document will open in a new tab\" class=\"document-item\">\n        <div class=\"document-item__infos\">\n          <p class=\"document-item__title\">\n                          D\u00e9claration relative \u00e0 la cessation d&#039;exercice au Qu\u00e9bec                      <\/p>\n                 \n        <\/div>  \n        <span class=\"document-item__date\">\n                  <\/span>\n    \n                  <div class=\"document-item__button btn btn--outline\"><span><i class=\"icon icon-download\" aria-hidden=\"true\"><\/i>Consult<\/span><\/div>\n               \n      <\/a>\n          <a href=\"https:\/\/www.odq.wp.vortexdev.com\/wp-content\/uploads\/2023\/02\/ODQ_Grille-tarifaire-frais.pdf\" target=\"_blank\" aria-label=\"Consult the document Grille tarifaire. The document will open in a new tab\" class=\"document-item\">\n        <div class=\"document-item__infos\">\n          <p class=\"document-item__title\">\n                          Grille tarifaire                      <\/p>\n                 \n        <\/div>  \n        <span class=\"document-item__date\">\n                  <\/span>\n    \n                  <div class=\"document-item__button btn btn--outline\"><span><i class=\"icon icon-download\" aria-hidden=\"true\"><\/i>Consult<\/span><\/div>\n               \n      <\/a>\n          <a href=\"https:\/\/www.odq.wp.vortexdev.com\/wp-content\/uploads\/2023\/04\/Demande_exemption_FARPODQ.pdf\" target=\"_blank\" aria-label=\"Consult the document Demande d&#039;exemption de souscrire au FARPODQ. The document will open in a new tab\" class=\"document-item\">\n        <div class=\"document-item__infos\">\n          <p class=\"document-item__title\">\n                          Demande d&#039;exemption de souscrire au FARPODQ                      <\/p>\n                 \n        <\/div>  \n        <span class=\"document-item__date\">\n                  <\/span>\n    \n                  <div class=\"document-item__button btn btn--outline\"><span><i class=\"icon icon-download\" aria-hidden=\"true\"><\/i>Consult<\/span><\/div>\n               \n      <\/a>\n          <a href=\"https:\/\/www.odq.wp.vortexdev.com\/wp-content\/uploads\/2023\/05\/ODQ_Convention-entre-dentiste-cedant-dossiers-et-cessionnaire-dossiers.pdf\" target=\"_blank\" aria-label=\"Consult the document Convention entre un dentiste c\u00e9dant ses dossiers et le cessionnaire des dossiers. The document will open in a new tab\" class=\"document-item\">\n        <div class=\"document-item__infos\">\n          <p class=\"document-item__title\">\n                          Convention entre un dentiste c\u00e9dant ses dossiers et le cessionnaire des dossiers                      <\/p>\n                 \n        <\/div>  \n        <span class=\"document-item__date\">\n                  <\/span>\n    \n                  <div class=\"document-item__button btn btn--outline\"><span><i class=\"icon icon-download\" aria-hidden=\"true\"><\/i>Consult<\/span><\/div>\n               \n      <\/a>\n          <a href=\"https:\/\/www.odq.wp.vortexdev.com\/wp-content\/uploads\/2023\/05\/ODQ_Convention-garde-provisoire-dossiers.pdf\" target=\"_blank\" aria-label=\"Consult the document Convention garde provisoire des dossiers. The document will open in a new tab\" class=\"document-item\">\n        <div class=\"document-item__infos\">\n          <p class=\"document-item__title\">\n                          Convention garde provisoire des dossiers                      <\/p>\n                 \n        <\/div>  \n        <span class=\"document-item__date\">\n                  <\/span>\n    \n                  <div class=\"document-item__button btn btn--outline\"><span><i class=\"icon icon-download\" aria-hidden=\"true\"><\/i>Consult<\/span><\/div>\n               \n      <\/a>\n      <\/section>\n\n\n<section id=block_2c4058be1705b5ba029dd77d365271d6 class=\"useful-links theme-block aligndefault\">\n      <h5 class=\"useful-links__title\">Liens utiles<\/h5>\n    <div class=\"useful-links__container\">\n          <a href=\"https:\/\/www.farpodq.org\/\" target=\"_blank\" class=\"useful-link arrow-link\" rel=\"noopener noreferrer\">\u2022 Fonds d\u2019assurance-responsabilit\u00e9 professionnelle de l\u2019Ordre des dentistes du Qu\u00e9bec (FARPODQ)<\/a>          <a href=\"https:\/\/www.legisquebec.gouv.qc.ca\/fr\/document\/rc\/D-3,%20r.%2016\/\" target=\"_blank\" class=\"useful-link arrow-link\" rel=\"noopener noreferrer\">\u2022 R\u00e8glement sur la tenue des cabinets et des dossiers et la cessation d\u2019exercice des membres de l\u2019Ordre des dentistes du Qu\u00e9bec<\/a>      <\/div>\n<\/section>\n\n\n\n<h2 class=\"wp-block-heading is-style-small has-primary-color has-text-color\"><strong>Des questions?<\/strong><\/h2>\n\n\n\n<ul class=\"wp-block-list\">\n<li><a href=\"mailto:tableau@odq.qc.ca\">tableau@odq.qc.ca<\/a><\/li>\n\n\n\n<li><strong>514 875-8511, poste 2263<\/strong><\/li>\n<\/ul>\n","protected":false},"excerpt":{"rendered":"<p>Il existe trois classes de membres \u00e9tablies aux fins de la cotisation&nbsp;: membre actif, membre r\u00e9sident et membre inactif. Membre actif Le membre actif exerce la profession de dentiste au sens de la section\u00a0V de la Loi sur les dentistes, \u00e0 savoir les activit\u00e9s exclusives \u00e0 la profession qui y sont d\u00e9finies, ou occupe une&hellip;<\/p>\n","protected":false},"author":4,"featured_media":0,"parent":255,"menu_order":5,"comment_status":"closed","ping_status":"closed","template":"template-page-with-sidebar.php","meta":{"_acf_changed":false,"_relevanssi_hide_post":"","_relevanssi_hide_content":"","_relevanssi_pin_for_all":"","_relevanssi_pin_keywords":"","_relevanssi_unpin_keywords":"","_relevanssi_related_keywords":"","_relevanssi_related_include_ids":"","_relevanssi_related_exclude_ids":"","_relevanssi_related_no_append":"","_relevanssi_related_not_related":"","_relevanssi_related_posts":"37,1","_relevanssi_noindex_reason":"","wpo365_audiences":[],"wpo365_private":false,"footnotes":""},"class_list":["post-267","page","type-page","status-publish","hentry"],"acf":[],"_links":{"self":[{"href":"https:\/\/www.odq.wp.vortexdev.com\/en\/wp-json\/wp\/v2\/pages\/267","targetHints":{"allow":["GET"]}}],"collection":[{"href":"https:\/\/www.odq.wp.vortexdev.com\/en\/wp-json\/wp\/v2\/pages"}],"about":[{"href":"https:\/\/www.odq.wp.vortexdev.com\/en\/wp-json\/wp\/v2\/types\/page"}],"author":[{"embeddable":true,"href":"https:\/\/www.odq.wp.vortexdev.com\/en\/wp-json\/wp\/v2\/users\/4"}],"replies":[{"embeddable":true,"href":"https:\/\/www.odq.wp.vortexdev.com\/en\/wp-json\/wp\/v2\/comments?post=267"}],"version-history":[{"count":7,"href":"https:\/\/www.odq.wp.vortexdev.com\/en\/wp-json\/wp\/v2\/pages\/267\/revisions"}],"predecessor-version":[{"id":5803,"href":"https:\/\/www.odq.wp.vortexdev.com\/en\/wp-json\/wp\/v2\/pages\/267\/revisions\/5803"}],"up":[{"embeddable":true,"href":"https:\/\/www.odq.wp.vortexdev.com\/en\/wp-json\/wp\/v2\/pages\/255"}],"wp:attachment":[{"href":"https:\/\/www.odq.wp.vortexdev.com\/en\/wp-json\/wp\/v2\/media?parent=267"}],"curies":[{"name":"wp","href":"https:\/\/api.w.org\/{rel}","templated":true}]}}