{"id":263,"date":"2023-03-21T10:41:30","date_gmt":"2023-03-21T14:41:30","guid":{"rendered":"https:\/\/www.odq.wp.vortexdev.com\/?page_id=263"},"modified":"2025-07-22T14:49:26","modified_gmt":"2025-07-22T18:49:26","slug":"lieux-dexercice","status":"publish","type":"page","link":"https:\/\/www.odq.wp.vortexdev.com\/en\/dentiste\/gestion-de-ma-pratique\/gestion-de-mon-dossier\/lieux-dexercice\/","title":{"rendered":"Lieux d&#8217;exercice"},"content":{"rendered":"\n<p>Conform\u00e9ment au Code des professions, vous devez faire conna\u00eetre \u00e0 l\u2019Ordre tous les lieux o\u00f9 vous exercez la profession, et ce, sans \u00e9gard \u00e0 la fr\u00e9quence et \u00e0 la dur\u00e9e des activit\u00e9s que vous y exercez.<\/p>\n\n\n\n<p>\u00c0 d\u00e9faut d\u2019inscrire un domicile professionnel, l\u2019adresse de votre domicile personnel sera utilis\u00e9e. Rappelons que cette adresse est affich\u00e9e au tableau de l\u2019Ordre; elle est donc accessible \u00e0 tous.<\/p>\n\n\n\n<h2 class=\"wp-block-heading is-style-small\"><strong>Modification d\u2019un lieu d\u2019exercice<\/strong><\/h2>\n\n\n\n<p>Pour permettre aux dentistes d\u2019acc\u00e9der au <a href=\"https:\/\/www.odq.wp.vortexdev.com\/dentiste\/pratique-professionnelle\/lignes-directrices-et-guides\/aide-a-la-pratique\/dossier-sante-quebec\/\" data-type=\"page\" data-id=\"289\">Dossier sant\u00e9 Qu\u00e9bec (DSQ)<\/a>, la R\u00e9gie de l\u2019assurance maladie du Qu\u00e9bec a collabor\u00e9 avec l\u2019Ordre pour obtenir les renseignements professionnels de nature publique concernant ses membres.<\/p>\n\n\n\n<p>Ces renseignements servent \u00e0 constituer le Registre des intervenants, soit la liste des dentistes qui sont autoris\u00e9s \u00e0 acc\u00e9der au DSQ, et le Registre des organismes, soit la liste de tous les \u00e9tablissements o\u00f9 exercent les membres de l\u2019Ordre. Pour que vous soyez d\u00fbment inscrit \u00e0 ces registres, vos renseignements doivent \u00eatre \u00e0 jour.<\/p>\n\n\n\n<p>Pour modifier vos coordonn\u00e9es personnelles, votre adresse de correspondance et vos lieux d\u2019exercice, acc\u00e9dez \u00e0 <a href=\"https:\/\/portail.odq.qc.ca\/\" data-type=\"URL\" data-id=\"https:\/\/portail.odq.qc.ca\/\" target=\"_blank\" rel=\"noreferrer noopener\">Mon dossier<\/a>.<\/p>\n\n\n\n<h2 class=\"wp-block-heading is-style-small\"><strong><strong>Cessation temporaire ou d\u00e9finitive des activit\u00e9s<\/strong><\/strong><\/h2>\n\n\n\n<p>Vous devez aviser l\u2019Ordre de votre intention de cesser de pratiquer dans les meilleurs d\u00e9lais, puisque des informations importantes doivent vous \u00eatre transmises \u00e0 cet effet.<\/p>\n\n\n<section class=\"message theme-block theme-block--innerblock aligndefault notice--warning\">\n<span class=\"theme-block__label\">Message<\/span>\n  <div class=\"message__content\">\n\n  \n    \n\n<p><strong>Important<\/strong><br>Dans tous les cas, assurez-vous que l\u2019adresse courriel et que toutes les informations qui figurent dans votre dossier sont valides.<\/p>\n\n\n  <\/div>\n\n<\/section>\n\n\n\n<h2 class=\"wp-block-heading is-style-small\" id=\"adressecourriel\"><strong><strong><strong>Courriel de correspondance<\/strong><\/strong><\/strong><\/h2>\n\n\n\n<p>Selon le Code des professions, tous les membres ont l\u2019obligation de fournir \u00e0 l\u2019Ordre une adresse courriel de correspondance \u00e9tablie \u00e0 leur nom. Cette adresse est celle utilis\u00e9e par l\u2019Ordre pour communiquer avec vous.<\/p>\n\n\n\n<p>Comme des informations confidentielles vous concernant peuvent vous \u00eatre transmises, vous devez vous assurer d\u2019\u00eatre la seule personne \u00e0 y avoir acc\u00e8s. Cette adresse peut prendre diverses formes, dans la mesure o\u00f9 vous l\u2019avez cr\u00e9\u00e9e pour votre propre usage. Les adresses g\u00e9n\u00e9riques (p.&nbsp;ex. info@abcd.com) ne sont toutefois pas accept\u00e9es. Notez que cette adresse n\u2019est pas communiqu\u00e9e au public.<\/p>\n\n\n\n<p>Le Code des professions pr\u00e9voit que la transmission d\u2019un document \u00e0 l\u2019adresse courriel de correspondance pourra remplacer une transmission par la poste \u00e0 votre domicile (soit l\u2019adresse de votre lieu de travail ou, \u00e0 d\u00e9faut, votre adresse r\u00e9sidentielle). \u00c0 moins qu\u2019un autre mode de communication soit prescrit, c\u2019est donc par courriel que l\u2019Ordre communiquera avec vous.<\/p>\n\n\n\n<p>Vous ne pouvez pas refuser de recevoir les communications de l\u2019Ordre qui rel\u00e8vent des activit\u00e9s pr\u00e9vues au Code des professions, par exemple&nbsp;:<\/p>\n\n\n\n<ul class=\"wp-block-list\">\n<li>Avis d\u2019\u00e9lection ou de convocation \u00e0 l\u2019assembl\u00e9e g\u00e9n\u00e9rale annuelle<\/li>\n\n\n\n<li>Avis de renouvellement de votre inscription au tableau de l\u2019Ordre<\/li>\n\n\n\n<li>Avis et correspondance relatifs aux lois et r\u00e8glements et \u00e0 leur application<\/li>\n<\/ul>\n\n\n\n<h4 class=\"wp-block-heading\" id=\"documents\">Documents<\/h4>\n\n\n\n\n  <section id=block_2706a77ad9ae03ac1bf86cc99bc86f2d class=\"documents-block theme-block aligndefault\">\n          <a href=\"https:\/\/www.odq.wp.vortexdev.com\/wp-content\/uploads\/2023\/05\/ODQ_Convention-entre-dentiste-cedant-dossiers-et-cessionnaire-dossiers.pdf\" target=\"_blank\" aria-label=\"Consult the document Convention entre un dentiste c\u00e9dant ses dossiers et le cessionnaire des dossiers. The document will open in a new tab\" class=\"document-item\">\n        <div class=\"document-item__infos\">\n          <p class=\"document-item__title\">\n                          Convention entre un dentiste c\u00e9dant ses dossiers et le cessionnaire des dossiers                      <\/p>\n                 \n        <\/div>  \n        <span class=\"document-item__date\">\n                  <\/span>\n    \n                  <div class=\"document-item__button btn btn--outline\"><span><i class=\"icon icon-download\" aria-hidden=\"true\"><\/i>Consult<\/span><\/div>\n               \n      <\/a>\n          <a href=\"https:\/\/www.odq.wp.vortexdev.com\/wp-content\/uploads\/2023\/05\/ODQ_Convention-garde-provisoire-dossiers.pdf\" target=\"_blank\" aria-label=\"Consult the document Convention garde provisoire des dossiers. The document will open in a new tab\" class=\"document-item\">\n        <div class=\"document-item__infos\">\n          <p class=\"document-item__title\">\n                          Convention garde provisoire des dossiers                      <\/p>\n                 \n        <\/div>  \n        <span class=\"document-item__date\">\n                  <\/span>\n    \n                  <div class=\"document-item__button btn btn--outline\"><span><i class=\"icon icon-download\" aria-hidden=\"true\"><\/i>Consult<\/span><\/div>\n               \n      <\/a>\n      <\/section>\n\n\n\n<h2 class=\"wp-block-heading is-style-small has-primary-color has-text-color\"><strong>Des questions?<\/strong><\/h2>\n\n\n\n<ul class=\"wp-block-list\">\n<li><a href=\"mailto:tableau@odq.qc.ca\">tableau@odq.qc.ca<\/a><\/li>\n\n\n\n<li><strong>514 875-8511, poste 2263<\/strong><\/li>\n<\/ul>\n","protected":false},"excerpt":{"rendered":"<p>Conform\u00e9ment au Code des professions, vous devez faire conna\u00eetre \u00e0 l\u2019Ordre tous les lieux o\u00f9 vous exercez la profession, et ce, sans \u00e9gard \u00e0 la fr\u00e9quence et \u00e0 la dur\u00e9e des activit\u00e9s que vous y exercez. \u00c0 d\u00e9faut d\u2019inscrire un domicile professionnel, l\u2019adresse de votre domicile personnel sera utilis\u00e9e. Rappelons que cette adresse est affich\u00e9e&hellip;<\/p>\n","protected":false},"author":4,"featured_media":0,"parent":255,"menu_order":4,"comment_status":"closed","ping_status":"closed","template":"template-page-with-sidebar.php","meta":{"_acf_changed":false,"_relevanssi_hide_post":"","_relevanssi_hide_content":"","_relevanssi_pin_for_all":"","_relevanssi_pin_keywords":"","_relevanssi_unpin_keywords":"","_relevanssi_related_keywords":"","_relevanssi_related_include_ids":"","_relevanssi_related_exclude_ids":"","_relevanssi_related_no_append":"","_relevanssi_related_not_related":"","_relevanssi_related_posts":"37,1","_relevanssi_noindex_reason":"","wpo365_audiences":[],"wpo365_private":false,"footnotes":""},"class_list":["post-263","page","type-page","status-publish","hentry"],"acf":[],"_links":{"self":[{"href":"https:\/\/www.odq.wp.vortexdev.com\/en\/wp-json\/wp\/v2\/pages\/263","targetHints":{"allow":["GET"]}}],"collection":[{"href":"https:\/\/www.odq.wp.vortexdev.com\/en\/wp-json\/wp\/v2\/pages"}],"about":[{"href":"https:\/\/www.odq.wp.vortexdev.com\/en\/wp-json\/wp\/v2\/types\/page"}],"author":[{"embeddable":true,"href":"https:\/\/www.odq.wp.vortexdev.com\/en\/wp-json\/wp\/v2\/users\/4"}],"replies":[{"embeddable":true,"href":"https:\/\/www.odq.wp.vortexdev.com\/en\/wp-json\/wp\/v2\/comments?post=263"}],"version-history":[{"count":7,"href":"https:\/\/www.odq.wp.vortexdev.com\/en\/wp-json\/wp\/v2\/pages\/263\/revisions"}],"predecessor-version":[{"id":11131,"href":"https:\/\/www.odq.wp.vortexdev.com\/en\/wp-json\/wp\/v2\/pages\/263\/revisions\/11131"}],"up":[{"embeddable":true,"href":"https:\/\/www.odq.wp.vortexdev.com\/en\/wp-json\/wp\/v2\/pages\/255"}],"wp:attachment":[{"href":"https:\/\/www.odq.wp.vortexdev.com\/en\/wp-json\/wp\/v2\/media?parent=263"}],"curies":[{"name":"wp","href":"https:\/\/api.w.org\/{rel}","templated":true}]}}