{"id":259,"date":"2022-08-02T15:24:18","date_gmt":"2022-08-02T19:24:18","guid":{"rendered":"https:\/\/www.odq.wp.vortexdev.com\/?page_id=259"},"modified":"2024-04-08T15:49:23","modified_gmt":"2024-04-08T19:49:23","slug":"carte-de-membre-et-recus","status":"publish","type":"page","link":"https:\/\/www.odq.wp.vortexdev.com\/en\/dentiste\/gestion-de-ma-pratique\/gestion-de-mon-dossier\/carte-de-membre-et-recus\/","title":{"rendered":"Carte de membre et re\u00e7us"},"content":{"rendered":"\n<p>La carte de membre et les re\u00e7us de paiement ne sont plus transmis par l\u2019Ordre; ils se trouvent dor\u00e9navant dans votre dossier en ligne.<\/p>\n\n\n\n<p>Pour obtenir une copie de ces documents, acc\u00e9dez \u00e0 <a href=\"https:\/\/portail.odq.qc.ca\/home\" target=\"_blank\" rel=\"noopener\">Mon dossier<\/a>.<\/p>\n\n\n\n<h4 class=\"wp-block-heading\">Carte de membre<\/h4>\n\n\n\n<ul class=\"wp-block-list\">\n<li>Cliquez sur l\u2019onglet Carte de membre.<\/li>\n\n\n\n<li>Cliquez sur T\u00e9l\u00e9charger une version imprimable (PDF).<\/li>\n\n\n\n<li>Vous pouvez imprimer la carte de membre ou la prendre en photo afin de la sauvegarder dans votre t\u00e9l\u00e9phone intelligent aux fins d\u2019identification, lorsque requis.<\/li>\n<\/ul>\n\n\n\n<h4 class=\"wp-block-heading\" id=\"recusfiscaux\">Re\u00e7us de paiement (fiscaux)<\/h4>\n\n\n<section class=\"message theme-block theme-block--innerblock aligndefault notice--information\">\n<span class=\"theme-block__label\">Message<\/span>\n  <div class=\"message__content\">\n\n  \n    \n\n<p>Veuillez prendre note que les re\u00e7us fiscaux <strong>ne sont plus transmis par la poste<\/strong> et sont d\u00e9sormais disponibles sur le <a href=\"https:\/\/portail.odq.qc.ca\/home\" target=\"_blank\" rel=\"noreferrer noopener\">portail des membres<\/a> de l\u2019Ordre.<\/p>\n\n\n  <\/div>\n\n<\/section>\n\n\n\n<p>Voici les \u00e9tapes \u00e0 suivre pour y acc\u00e9der&nbsp;:<\/p>\n\n\n\n<ul class=\"wp-block-list\">\n<li>Rendez-vous sur le site Web de l\u2019Ordre et cliquez sur le bouton \u00ab\u00a0<a href=\"https:\/\/portail.odq.qc.ca\/home\" target=\"_blank\" rel=\"noreferrer noopener\"><mark style=\"background-color:rgba(0, 0, 0, 0)\" class=\"has-inline-color has-primary-color\"><strong>Mon dossier<\/strong><\/mark><\/a>\u00a0\u00bb pour \u00eatre dirig\u00e9 vers le portail des membres.<\/li>\n\n\n\n<li>\u00c0 partir du portail, connectez-vous \u00e0 votre dossier en cliquant sur l\u2019ic\u00f4ne personnalis\u00e9e, au haut de la page \u00e0 droite, puis authentifiez-vous en utilisant votre num\u00e9ro de permis et votre mot de passe.<\/li>\n\n\n\n<li>Pour acc\u00e9der aux re\u00e7us correspondant au paiement de la cotisation de l\u2019ann\u00e9e\u00a0en cours ou des ann\u00e9es pr\u00e9c\u00e9dentes; ou encore au don effectu\u00e9 au b\u00e9n\u00e9fice de la Fondation de l\u2019Ordre des dentistes, cliquez sur l&#8217;onglet \u00ab\u00a0<strong>Re\u00e7us<\/strong>\u00a0\u00bb.<\/li>\n\n\n\n<li>Patientez quelques secondes pour que s\u2019affiche la liste des re\u00e7us. S\u00e9lectionnez ensuite le re\u00e7u recherch\u00e9 et cliquez sur les trois petits points situ\u00e9s \u00e0 l&#8217;extr\u00e9mit\u00e9 droite de la ligne s\u00e9lectionn\u00e9e pour afficher le re\u00e7u.<\/li>\n\n\n\n<li>Patientez quelques secondes pour que s\u2019affiche le re\u00e7u s\u00e9lectionn\u00e9, lequel peut \u00eatre imprim\u00e9 ou sauvegard\u00e9 dans un r\u00e9pertoire personnel de votre choix.<\/li>\n<\/ul>\n\n\n\n<p><strong>N.B. Le format de nos re\u00e7us est conforme \u00e0 ceux exig\u00e9s par les autorit\u00e9s fiscales du Qu\u00e9bec et du Canada.<\/strong><\/p>\n","protected":false},"excerpt":{"rendered":"<p>La carte de membre et les re\u00e7us de paiement ne sont plus transmis par l\u2019Ordre; ils se trouvent dor\u00e9navant dans votre dossier en ligne. Pour obtenir une copie de ces documents, acc\u00e9dez \u00e0 Mon dossier. Carte de membre Re\u00e7us de paiement (fiscaux) Voici les \u00e9tapes \u00e0 suivre pour y acc\u00e9der&nbsp;: N.B. Le format de nos&hellip;<\/p>\n","protected":false},"author":4,"featured_media":0,"parent":255,"menu_order":2,"comment_status":"closed","ping_status":"closed","template":"template-page-with-sidebar.php","meta":{"_acf_changed":false,"_relevanssi_hide_post":"","_relevanssi_hide_content":"","_relevanssi_pin_for_all":"","_relevanssi_pin_keywords":"","_relevanssi_unpin_keywords":"","_relevanssi_related_keywords":"","_relevanssi_related_include_ids":"","_relevanssi_related_exclude_ids":"","_relevanssi_related_no_append":"","_relevanssi_related_not_related":"","_relevanssi_related_posts":"37,1","_relevanssi_noindex_reason":"","wpo365_audiences":[],"wpo365_private":false,"footnotes":""},"class_list":["post-259","page","type-page","status-publish","hentry"],"acf":[],"_links":{"self":[{"href":"https:\/\/www.odq.wp.vortexdev.com\/en\/wp-json\/wp\/v2\/pages\/259","targetHints":{"allow":["GET"]}}],"collection":[{"href":"https:\/\/www.odq.wp.vortexdev.com\/en\/wp-json\/wp\/v2\/pages"}],"about":[{"href":"https:\/\/www.odq.wp.vortexdev.com\/en\/wp-json\/wp\/v2\/types\/page"}],"author":[{"embeddable":true,"href":"https:\/\/www.odq.wp.vortexdev.com\/en\/wp-json\/wp\/v2\/users\/4"}],"replies":[{"embeddable":true,"href":"https:\/\/www.odq.wp.vortexdev.com\/en\/wp-json\/wp\/v2\/comments?post=259"}],"version-history":[{"count":7,"href":"https:\/\/www.odq.wp.vortexdev.com\/en\/wp-json\/wp\/v2\/pages\/259\/revisions"}],"predecessor-version":[{"id":6480,"href":"https:\/\/www.odq.wp.vortexdev.com\/en\/wp-json\/wp\/v2\/pages\/259\/revisions\/6480"}],"up":[{"embeddable":true,"href":"https:\/\/www.odq.wp.vortexdev.com\/en\/wp-json\/wp\/v2\/pages\/255"}],"wp:attachment":[{"href":"https:\/\/www.odq.wp.vortexdev.com\/en\/wp-json\/wp\/v2\/media?parent=259"}],"curies":[{"name":"wp","href":"https:\/\/api.w.org\/{rel}","templated":true}]}}