{"id":198,"date":"2022-07-21T15:31:19","date_gmt":"2022-07-21T19:31:19","guid":{"rendered":"https:\/\/www.odq.wp.vortexdev.com\/?page_id=198"},"modified":"2024-11-28T16:24:13","modified_gmt":"2024-11-28T20:24:13","slug":"journal-de-lordre","status":"publish","type":"page","link":"https:\/\/www.odq.wp.vortexdev.com\/en\/documentation\/publications\/journal-de-lordre\/","title":{"rendered":"Journal de l&#8217;Ordre"},"content":{"rendered":"\n<p class=\"has-text-align-center has-large-font-size\">Le Journal de l&#8217;Ordre des dentistes du Qu\u00e9bec est disponible en version mobile pour votre tablette ou t\u00e9l\u00e9phone intelligent.<\/p>\n\n\n<section class=\"message theme-block theme-block--innerblock aligndefault notice--information\">\n<span class=\"theme-block__label\">Message<\/span>\n  <div class=\"message__content\">\n\n  \n    \n\n<p><strong>Droit d&#8217;auteur : <\/strong><br>Tous les articles, textes, illustrations et photographies publi\u00e9s dans le Journal sont la propri\u00e9t\u00e9 de l\u2019Ordre des dentistes du Qu\u00e9bec. Les articles accept\u00e9s aux fins de publication incluent un transfert du droit d\u2019auteur au Journal de l\u2019Ordre des dentistes du Qu\u00e9bec, qui peut par la suite autoriser la reproduction partielle ou totale des travaux publi\u00e9s. <\/p>\n\n\n\n<p>Les auteurs qui souhaitent publier un article dans le Journal de l\u2019Ordre des dentistes du Qu\u00e9bec doivent soumettre leurs textes, documents photographiques et autres \u00e0 la r\u00e9daction du Journal par courrier \u00e9lectronique, \u00e0 <a href=\"mailto:journal@odq.qc.ca\">journal@odq.qc.ca<\/a>.<\/p>\n\n\n\n<p>Pour plus d\u2019information sur notre offre publicitaire, veuillez consulter la <a href=\"https:\/\/www.odq.wp.vortexdev.com\/wp-content\/uploads\/2024\/11\/2655_ODQ_Kit_Media_2025_FR.pdf\" data-type=\"attachment\" data-id=\"8347\">trousse m\u00e9dia 2025 du Journal de l\u2019Ordre des dentistes du Qu\u00e9bec<\/a>.<\/p>\n\n\n  <\/div>\n\n<\/section>\n\n\n\n<div class=\"wp-block-buttons is-content-justification-center is-layout-flex wp-container-core-buttons-is-layout-a89b3969 wp-block-buttons-is-layout-flex\">\n<div class=\"wp-block-button is-style-outline is-style-outline--1\"><a class=\"wp-block-button__link wp-element-button\" href=\"https:\/\/www.odq.wp.vortexdev.com\/wp-content\/uploads\/2024\/11\/2655_ODQ_Kit_Media_2025_FR.pdf\">Trousse m\u00e9dia 2025<\/a><\/div>\n\n\n\n<div class=\"wp-block-button is-style-outline is-style-outline--2\"><a class=\"wp-block-button__link wp-element-button\" href=\"https:\/\/www.odq.wp.vortexdev.com\/wp-content\/uploads\/2024\/11\/2655_ODQ_Kit_Media_2025_EN.pdf\">2025 Media kit<\/a><\/div>\n<\/div>\n\n\n\n<p><\/p>\n","protected":false},"excerpt":{"rendered":"<p>Le Journal de l&#8217;Ordre des dentistes du Qu\u00e9bec est disponible en version mobile pour votre tablette ou t\u00e9l\u00e9phone intelligent.<\/p>\n","protected":false},"author":1,"featured_media":0,"parent":383,"menu_order":1,"comment_status":"closed","ping_status":"closed","template":"template-journal.php","meta":{"_acf_changed":false,"_relevanssi_hide_post":"","_relevanssi_hide_content":"","_relevanssi_pin_for_all":"","_relevanssi_pin_keywords":"","_relevanssi_unpin_keywords":"","_relevanssi_related_keywords":"","_relevanssi_related_include_ids":"","_relevanssi_related_exclude_ids":"","_relevanssi_related_no_append":"","_relevanssi_related_not_related":"","_relevanssi_related_posts":"1,37","_relevanssi_noindex_reason":"","wpo365_audiences":[],"wpo365_private":false,"footnotes":""},"class_list":["post-198","page","type-page","status-publish","hentry"],"acf":[],"_links":{"self":[{"href":"https:\/\/www.odq.wp.vortexdev.com\/en\/wp-json\/wp\/v2\/pages\/198","targetHints":{"allow":["GET"]}}],"collection":[{"href":"https:\/\/www.odq.wp.vortexdev.com\/en\/wp-json\/wp\/v2\/pages"}],"about":[{"href":"https:\/\/www.odq.wp.vortexdev.com\/en\/wp-json\/wp\/v2\/types\/page"}],"author":[{"embeddable":true,"href":"https:\/\/www.odq.wp.vortexdev.com\/en\/wp-json\/wp\/v2\/users\/1"}],"replies":[{"embeddable":true,"href":"https:\/\/www.odq.wp.vortexdev.com\/en\/wp-json\/wp\/v2\/comments?post=198"}],"version-history":[{"count":8,"href":"https:\/\/www.odq.wp.vortexdev.com\/en\/wp-json\/wp\/v2\/pages\/198\/revisions"}],"predecessor-version":[{"id":8664,"href":"https:\/\/www.odq.wp.vortexdev.com\/en\/wp-json\/wp\/v2\/pages\/198\/revisions\/8664"}],"up":[{"embeddable":true,"href":"https:\/\/www.odq.wp.vortexdev.com\/en\/wp-json\/wp\/v2\/pages\/383"}],"wp:attachment":[{"href":"https:\/\/www.odq.wp.vortexdev.com\/en\/wp-json\/wp\/v2\/media?parent=198"}],"curies":[{"name":"wp","href":"https:\/\/api.w.org\/{rel}","templated":true}]}}