{"id":123,"date":"2022-07-14T14:06:30","date_gmt":"2022-07-14T18:06:30","guid":{"rendered":"https:\/\/www.odq.wp.vortexdev.com\/?page_id=123"},"modified":"2023-10-19T14:47:53","modified_gmt":"2023-10-19T18:47:53","slug":"carrieres-a-lodq","status":"publish","type":"page","link":"https:\/\/www.odq.wp.vortexdev.com\/en\/lordre\/carrieres-a-lodq\/","title":{"rendered":"Carri\u00e8res \u00e0 l&#8217;ODQ"},"content":{"rendered":"\n<p class=\"has-large-font-size\"><strong>Vous avez envie de faire partie d\u2019une \u00e9quipe dynamique, professionnelle et d\u00e9vou\u00e9e?<\/strong><br>Nous sommes \u00e0 la recherche de personnes proactives et qualifi\u00e9es pour pourvoir des postes au sein de notre \u00e9quipe. En plus d\u2019offrir un environnement de travail stimulant, l\u2019Ordre propose une r\u00e9mun\u00e9ration et des avantages sociaux concurrentiels.<br><br>Joignez-vous \u00e0 notre \u00e9quipe!<\/p>\n\n\n\n<div class=\"wp-block-buttons is-layout-flex wp-block-buttons-is-layout-flex\">\n<div class=\"wp-block-button\"><a class=\"wp-block-button__link wp-element-button\" href=\"#candidature\">Postuler maintenant<\/a><\/div>\n<\/div>\n\n\n<section id=\"block_1a2b9ec1a3e338d04bf808631df6c2c4\" class=\"spacer theme-block aligndefault spacer--small\">\n \n<\/section>\n\n\n\n<h2 class=\"wp-block-heading is-style-small\"><strong>Pourquoi travailler \u00e0 l\u2019ODQ ?<\/strong><\/h2>\n\n\n<div class=\"simple-slider theme-block theme-block--innerblock aligndefault\">\n    <span class=\"theme-block__label\">Simple slider container<\/span>\n  \n    \n<div class=\"simple-slider__slide theme-block theme-block--innerblock aligndefault\">\n    <span class=\"theme-block__label\">Single slide<\/span>\n  \n    \n\n<div class=\"wp-block-media-text alignwide is-stacked-on-mobile\"><figure class=\"wp-block-media-text__media\"><img decoding=\"async\" width=\"1024\" height=\"640\" src=\"https:\/\/www.odq.wp.vortexdev.com\/wp-content\/uploads\/2023\/10\/iStock-1430324118-1-1024x640.jpg\" alt=\"\" class=\"wp-image-5510 size-full\" srcset=\"https:\/\/www.odq.wp.vortexdev.com\/wp-content\/uploads\/2023\/10\/iStock-1430324118-1-1024x640.jpg 1024w, https:\/\/www.odq.wp.vortexdev.com\/wp-content\/uploads\/2023\/10\/iStock-1430324118-1-300x188.jpg 300w, https:\/\/www.odq.wp.vortexdev.com\/wp-content\/uploads\/2023\/10\/iStock-1430324118-1-768x480.jpg 768w, https:\/\/www.odq.wp.vortexdev.com\/wp-content\/uploads\/2023\/10\/iStock-1430324118-1-1536x960.jpg 1536w, https:\/\/www.odq.wp.vortexdev.com\/wp-content\/uploads\/2023\/10\/iStock-1430324118-1.jpg 1920w\" sizes=\"(max-width: 1024px) 100vw, 1024px\" \/><\/figure><div class=\"wp-block-media-text__content\">\n<h3 class=\"wp-block-heading\">Un milieu de vie professionnel, dynamique et humain<\/h3>\n\n\n\n<p>Nous offrons un milieu professionnel, dynamique et humain. Travailler \u00e0 l\u2019Ordre, c\u2019est faire partie d\u2019une \u00e9quipe qui cherche constamment \u00e0 se d\u00e9passer et o\u00f9 chaque personne donne le meilleur d\u2019elle-m\u00eame afin de contribuer \u00e0 notre mission de protection du public.<\/p>\n<\/div><\/div>\n\n\n<\/div>\n\n                    \n\n\n<div class=\"simple-slider__slide theme-block theme-block--innerblock aligndefault\">\n    <span class=\"theme-block__label\">Single slide<\/span>\n  \n    \n\n<div class=\"wp-block-media-text alignwide has-media-on-the-right is-stacked-on-mobile\"><div class=\"wp-block-media-text__content\">\n<h3 class=\"wp-block-heading\">Un milieu de vie professionnel, dynamique et humain<\/h3>\n\n\n\n<p>L\u2019Ordre offre les conditions et les avantages suivants :<\/p>\n\n\n\n<ul class=\"wp-block-list\">\n<li>Conciliation travail-vie personnelle : t\u00e9l\u00e9travail, horaire flexible, semaine de 35 heures et horaire d\u2019\u00e9t\u00e9<\/li>\n\n\n\n<li>Vacances avantageuses et cong\u00e9s r\u00e9mun\u00e9r\u00e9s pour la p\u00e9riode des F\u00eates<\/li>\n\n\n\n<li>Programme d\u2019aide aux employ\u00e9s d\u00e8s l\u2019embauche<\/li>\n\n\n\n<li>R\u00e9gime d\u2019assurance collective enti\u00e8rement pris en charge par l\u2019employeur<\/li>\n\n\n\n<li>Remboursement de la cotisation professionnelle, le cas \u00e9ch\u00e9ant<\/li>\n<\/ul>\n<\/div><figure class=\"wp-block-media-text__media\"><img decoding=\"async\" width=\"1024\" height=\"614\" src=\"https:\/\/www.odq.wp.vortexdev.com\/wp-content\/uploads\/2023\/10\/iStock-1430327588-1-1024x614.jpg\" alt=\"\" class=\"wp-image-5512 size-full\" srcset=\"https:\/\/www.odq.wp.vortexdev.com\/wp-content\/uploads\/2023\/10\/iStock-1430327588-1-1024x614.jpg 1024w, https:\/\/www.odq.wp.vortexdev.com\/wp-content\/uploads\/2023\/10\/iStock-1430327588-1-300x180.jpg 300w, https:\/\/www.odq.wp.vortexdev.com\/wp-content\/uploads\/2023\/10\/iStock-1430327588-1-768x461.jpg 768w, https:\/\/www.odq.wp.vortexdev.com\/wp-content\/uploads\/2023\/10\/iStock-1430327588-1-1536x922.jpg 1536w, https:\/\/www.odq.wp.vortexdev.com\/wp-content\/uploads\/2023\/10\/iStock-1430327588-1.jpg 1920w\" sizes=\"(max-width: 1024px) 100vw, 1024px\" \/><\/figure><\/div>\n\n\n<\/div>\n\n                    \n\n\n<\/div>\n\n                    \n\n\n<div class=\" block-background theme-block theme-block--innerblock alignfull wave wave--grey\"  \n  >\n    <span class=\"theme-block__label\">Section with background<\/span>\n  \n    \n\n<h2 class=\"wp-block-heading is-style-small\"><strong>Nos postes \u00e0 pourvoir<\/strong><\/h2>\n\n\n<section id=block_96fa6ff32c397e5ad7cabe5d7e6e15a6 class=\"job-listing__block theme-block aligndefault\">\n  \n\n<section  class=\"jobs__listing\">\n  <div class=\"jobs__listing__inner\">\n        <p class=\"jobs__listing__no-job\">\n      There are currently no jobs available.    <\/p>\n  \n  <\/div>\n\n<\/section>\n<\/section>\n\n\n\n<\/div>\n\n                    \n\n\n<section id=\"candidature\" class=\"spacer theme-block aligndefault spacer--big\">\n \n<\/section>\n\n\n\n<h2 class=\"wp-block-heading is-style-small\"><strong>Candidature spontan\u00e9e<\/strong><\/h2>\n\n\n\n<p>Nous acceptons les candidatures spontan\u00e9es. L\u2019Ordre assure le respect et la promotion du droit \u00e0 l\u2019\u00e9galit\u00e9, de la diversit\u00e9 et de l\u2019inclusion pour ses employ\u00e9s et ses instances.<br><br>N\u2019h\u00e9sitez pas \u00e0 nous faire parvenir votre candidature pour que nous l\u2019ajoutions \u00e0 notre banque. Pour postuler, veuillez remplir le formulaire ci-dessous et y joindre votre CV accompagn\u00e9 d\u2019une lettre de pr\u00e9sentation.<\/p>\n\n\n<script type=\"text\/javascript\">var gform;gform||(document.addEventListener(\"gform_main_scripts_loaded\",function(){gform.scriptsLoaded=!0}),window.addEventListener(\"DOMContentLoaded\",function(){gform.domLoaded=!0}),gform={domLoaded:!1,scriptsLoaded:!1,initializeOnLoaded:function(o){gform.domLoaded&&gform.scriptsLoaded?o():!gform.domLoaded&&gform.scriptsLoaded?window.addEventListener(\"DOMContentLoaded\",o):document.addEventListener(\"gform_main_scripts_loaded\",o)},hooks:{action:{},filter:{}},addAction:function(o,n,r,t){gform.addHook(\"action\",o,n,r,t)},addFilter:function(o,n,r,t){gform.addHook(\"filter\",o,n,r,t)},doAction:function(o){gform.doHook(\"action\",o,arguments)},applyFilters:function(o){return gform.doHook(\"filter\",o,arguments)},removeAction:function(o,n){gform.removeHook(\"action\",o,n)},removeFilter:function(o,n,r){gform.removeHook(\"filter\",o,n,r)},addHook:function(o,n,r,t,i){null==gform.hooks[o][n]&&(gform.hooks[o][n]=[]);var e=gform.hooks[o][n];null==i&&(i=n+\"_\"+e.length),gform.hooks[o][n].push({tag:i,callable:r,priority:t=null==t?10:t})},doHook:function(n,o,r){var t;if(r=Array.prototype.slice.call(r,1),null!=gform.hooks[n][o]&&((o=gform.hooks[n][o]).sort(function(o,n){return o.priority-n.priority}),o.forEach(function(o){\"function\"!=typeof(t=o.callable)&&(t=window[t]),\"action\"==n?t.apply(null,r):r[0]=t.apply(null,r)})),\"filter\"==n)return r[0]},removeHook:function(o,n,t,i){var r;null!=gform.hooks[o][n]&&(r=(r=gform.hooks[o][n]).filter(function(o,n,r){return!!(null!=i&&i!=o.tag||null!=t&&t!=o.priority)}),gform.hooks[o][n]=r)}});<\/script>\n                <div class='gf_browser_gecko gform_wrapper gravity-theme' id='gform_wrapper_2' style='display:none'><div id='gf_2' class='gform_anchor' tabindex='-1'><\/div>\n                        <div class='gform_heading'>\n                            <span class='gform_description'><\/span>\n\t\t\t\t\t\t\t<p class='gform_required_legend'>&quot;<span class=\"gfield_required gfield_required_asterisk\">*<\/span>&quot; indicates required fields<\/p>\n                        <\/div><form method='post' enctype='multipart\/form-data' target='gform_ajax_frame_2' id='gform_2'  action='\/en\/wp-json\/wp\/v2\/pages\/123#gf_2' novalidate>\n                        <div class='gform_body gform-body'><div id='gform_fields_2' class='gform_fields top_label form_sublabel_below description_below'><div id=\"field_2_1\"  class=\"gfield gfield--width-half gfield_contains_required field_sublabel_below field_description_below gfield_visibility_visible gfield--text\"  data-field-class=\"gfield--text\" data-js-reload=\"field_2_1\"><label class='gfield_label' for='input_2_1' >Pr\u00e9nom<span class=\"gfield_required\"><span class=\"gfield_required gfield_required_asterisk\">*<\/span><\/span><\/label><div class='ginput_container ginput_container_text'><input name='input_1' id='input_2_1' type='text' value='' class='large'     aria-required=\"true\" aria-invalid=\"false\"   \/> <\/div><\/div><div id=\"field_2_3\"  class=\"gfield gfield--width-half gfield_contains_required field_sublabel_below field_description_below gfield_visibility_visible gfield--text\"  data-field-class=\"gfield--text\" data-js-reload=\"field_2_3\"><label class='gfield_label' for='input_2_3' >Nom<span class=\"gfield_required\"><span class=\"gfield_required gfield_required_asterisk\">*<\/span><\/span><\/label><div class='ginput_container ginput_container_text'><input name='input_3' id='input_2_3' type='text' value='' class='large'     aria-required=\"true\" aria-invalid=\"false\"   \/> <\/div><\/div><div id=\"field_2_4\"  class=\"gfield gfield--width-half gfield_contains_required field_sublabel_below field_description_below gfield_visibility_visible gfield--email\"  data-field-class=\"gfield--email\" data-js-reload=\"field_2_4\"><label class='gfield_label' for='input_2_4' >Adresse courriel<span class=\"gfield_required\"><span class=\"gfield_required gfield_required_asterisk\">*<\/span><\/span><\/label><div class='ginput_container ginput_container_email'>\n                            <input name='input_4' id='input_2_4' type='email' value='' class='large'    aria-required=\"true\" aria-invalid=\"false\"  \/>\n                        <\/div><\/div><div id=\"field_2_5\"  class=\"gfield gfield--width-half gfield_contains_required field_sublabel_below field_description_below gfield_visibility_visible gfield--phone\"  data-field-class=\"gfield--phone\" data-js-reload=\"field_2_5\"><label class='gfield_label' for='input_2_5' >T\u00e9l\u00e9phone<span class=\"gfield_required\"><span class=\"gfield_required gfield_required_asterisk\">*<\/span><\/span><\/label><div class='ginput_container ginput_container_phone'><input name='input_5' id='input_2_5' type='tel' value='' class='large'   aria-required=\"true\" aria-invalid=\"false\"   \/><\/div><\/div><div id=\"field_2_6\"  class=\"gfield gfield--width-half field_sublabel_below field_description_below gfield_visibility_visible gfield--select\"  data-field-class=\"gfield--select\" data-js-reload=\"field_2_6\"><label class='gfield_label' for='input_2_6' >Domaine de comp\u00e9tence<\/label><div class='ginput_container ginput_container_select'><select name='input_6' id='input_2_6' class='large gfield_select'     aria-invalid=\"false\" ><option value='' selected='selected' class='gf_placeholder'>Veuillez choisir<\/option><option value='Administration' >Administration<\/option><option value='Gestion de projet' >Gestion de projet<\/option><option value='Technologies de l&#039;information (TI)' >Technologies de l&#039;information (TI)<\/option><\/select><\/div><\/div><div id=\"field_2_7\"  class=\"gfield gfield--width-half field_sublabel_below field_description_below gfield_visibility_visible gfield--text\"  data-field-class=\"gfield--text\" data-js-reload=\"field_2_7\"><label class='gfield_label' for='input_2_7' >Nom du poste<\/label><div class='ginput_container ginput_container_text'><input name='input_7' id='input_2_7' type='text' value='' class='large'      aria-invalid=\"false\"   \/> <\/div><\/div><fieldset id=\"field_2_8\"  class=\"gfield gfield--width-third gfield_inline-boxes field_sublabel_below field_description_below gfield_visibility_visible gfield--radio\"  data-field-class=\"gfield--radio\" data-js-reload=\"field_2_8\"><legend class='gfield_label'  >Avez-vous d\u00e9j\u00e0 travaill\u00e9 \u00e0 l&#039;ODQ ?<\/legend><div class='ginput_container ginput_container_radio'><div class='gfield_radio' id='input_2_8'>\n\t\t\t<div class='gchoice gchoice_2_8_0'>\n\t\t\t\t\t<input class='gfield-choice-input' name='input_8' type='radio' value='Oui'  id='choice_2_8_0' onchange='gformToggleRadioOther( this )'    \/>\n\t\t\t\t\t<label for='choice_2_8_0' id='label_2_8_0'>Oui<\/label>\n\t\t\t<\/div>\n\t\t\t<div class='gchoice gchoice_2_8_1'>\n\t\t\t\t\t<input class='gfield-choice-input' name='input_8' type='radio' value='Non'  id='choice_2_8_1' onchange='gformToggleRadioOther( this )'    \/>\n\t\t\t\t\t<label for='choice_2_8_1' id='label_2_8_1'>Non<\/label>\n\t\t\t<\/div><\/div><\/div><\/fieldset><fieldset id=\"field_2_9\"  class=\"gfield gfield--width-third gfield_inline-boxes field_sublabel_below field_description_below gfield_visibility_visible gfield--radio\"  data-field-class=\"gfield--radio\" data-js-reload=\"field_2_9\"><legend class='gfield_label'  >Avez-vous d\u00e9j\u00e0 postul\u00e9 \u00e0 l&#039;ODQ?<\/legend><div class='ginput_container ginput_container_radio'><div class='gfield_radio' id='input_2_9'>\n\t\t\t<div class='gchoice gchoice_2_9_0'>\n\t\t\t\t\t<input class='gfield-choice-input' name='input_9' type='radio' value='Oui'  id='choice_2_9_0' onchange='gformToggleRadioOther( this )'    \/>\n\t\t\t\t\t<label for='choice_2_9_0' id='label_2_9_0'>Oui<\/label>\n\t\t\t<\/div>\n\t\t\t<div class='gchoice gchoice_2_9_1'>\n\t\t\t\t\t<input class='gfield-choice-input' name='input_9' type='radio' value='Non'  id='choice_2_9_1' onchange='gformToggleRadioOther( this )'    \/>\n\t\t\t\t\t<label for='choice_2_9_1' id='label_2_9_1'>Non<\/label>\n\t\t\t<\/div><\/div><\/div><\/fieldset><div id=\"field_2_12\"  class=\"gfield gfield--width-third gfield_contains_required field_sublabel_below field_description_below gfield_visibility_visible gfield--text\"  data-field-class=\"gfield--text\" data-js-reload=\"field_2_12\"><label class='gfield_label' for='input_2_12' >Veuillez pr\u00e9ciser le titre du poste<span class=\"gfield_required\"><span class=\"gfield_required gfield_required_asterisk\">*<\/span><\/span><\/label><div class='ginput_container ginput_container_text'><input name='input_12' id='input_2_12' type='text' value='' class='large'     aria-required=\"true\" aria-invalid=\"false\"   \/> <\/div><\/div><div id=\"field_2_10\"  class=\"gfield field_sublabel_below field_description_below gfield_visibility_visible gfield--textarea\"  data-field-class=\"gfield--textarea\" data-js-reload=\"field_2_10\"><label class='gfield_label' for='input_2_10' >Message<\/label><div class='ginput_container ginput_container_textarea'><textarea name='input_10' id='input_2_10' class='textarea large'      aria-invalid=\"false\"   rows='10' cols='50'><\/textarea><\/div><\/div><div id=\"field_2_11\"  class=\"gfield gfield_contains_required field_sublabel_below field_description_below gfield_visibility_visible gfield--fileupload\"  data-field-class=\"gfield--fileupload\" data-js-reload=\"field_2_11\"><label class='gfield_label' for='gform_browse_button_2_11' >Curriculum vitae et lettre de motivation<span class=\"gfield_required\"><span class=\"gfield_required gfield_required_asterisk\">*<\/span><\/span><\/label><div class='ginput_container ginput_container_fileupload'><div id='gform_multifile_upload_2_11' data-settings='{&quot;runtimes&quot;:&quot;html5,flash,html4&quot;,&quot;browse_button&quot;:&quot;gform_browse_button_2_11&quot;,&quot;container&quot;:&quot;gform_multifile_upload_2_11&quot;,&quot;drop_element&quot;:&quot;gform_drag_drop_area_2_11&quot;,&quot;filelist&quot;:&quot;gform_preview_2_11&quot;,&quot;unique_names&quot;:true,&quot;file_data_name&quot;:&quot;file&quot;,&quot;url&quot;:&quot;https:\\\/\\\/www.odq.wp.vortexdev.com\\\/?gf_page=761728d9fd6347a&quot;,&quot;flash_swf_url&quot;:&quot;https:\\\/\\\/www.odq.wp.vortexdev.com\\\/wp-includes\\\/js\\\/plupload\\\/plupload.flash.swf&quot;,&quot;silverlight_xap_url&quot;:&quot;https:\\\/\\\/www.odq.wp.vortexdev.com\\\/wp-includes\\\/js\\\/plupload\\\/plupload.silverlight.xap&quot;,&quot;filters&quot;:{&quot;mime_types&quot;:[{&quot;title&quot;:&quot;Allowed Files&quot;,&quot;extensions&quot;:&quot;*&quot;}],&quot;max_file_size&quot;:&quot;33554432b&quot;},&quot;multipart&quot;:true,&quot;urlstream_upload&quot;:false,&quot;multipart_params&quot;:{&quot;form_id&quot;:2,&quot;field_id&quot;:11},&quot;gf_vars&quot;:{&quot;max_files&quot;:0,&quot;message_id&quot;:&quot;gform_multifile_messages_2_11&quot;,&quot;disallowed_extensions&quot;:[&quot;php&quot;,&quot;asp&quot;,&quot;aspx&quot;,&quot;cmd&quot;,&quot;csh&quot;,&quot;bat&quot;,&quot;html&quot;,&quot;htm&quot;,&quot;hta&quot;,&quot;jar&quot;,&quot;exe&quot;,&quot;com&quot;,&quot;js&quot;,&quot;lnk&quot;,&quot;htaccess&quot;,&quot;phtml&quot;,&quot;ps1&quot;,&quot;ps2&quot;,&quot;php3&quot;,&quot;php4&quot;,&quot;php5&quot;,&quot;php6&quot;,&quot;py&quot;,&quot;rb&quot;,&quot;tmp&quot;]}}' class='gform_fileupload_multifile'>\n\t\t\t\t\t\t\t\t\t\t<div id='gform_drag_drop_area_2_11' class='gform_drop_area'>\n\t\t\t\t\t\t\t\t\t\t\t<span class='gform_drop_instructions'>Drop files here or <\/span>\n\t\t\t\t\t\t\t\t\t\t\t<button type='button' id='gform_browse_button_2_11' class='button gform_button_select_files' aria-describedby=\"gfield_upload_rules_2_11\"  >Select files<\/button>\n\t\t\t\t\t\t\t\t\t\t<\/div>\n\t\t\t\t\t\t\t\t\t<\/div><span class='gform_fileupload_rules' id='gfield_upload_rules_2_11'>Max. file size: 32 MB.<\/span><ul class='validation_message validation_message--hidden-on-empty gfield_validation_message gform-ul-reset' id='gform_multifile_messages_2_11'><\/ul> <!-- Leave <ul> empty to support CSS :empty selector. --><\/div><div id='gform_preview_2_11'><\/div><\/div><div id=\"field_2_13\"  class=\"gfield field_sublabel_below field_description_below gfield_visibility_visible gfield--captcha\"  data-field-class=\"gfield--captcha\" data-js-reload=\"field_2_13\"><label class='gfield_label' for='input_2_13' >Validation captcha<\/label><div id='input_2_13' class='ginput_container ginput_recaptcha' data-sitekey='6LcwKrsUAAAAAFgVKSdwrIgWlevt1kY87dgH8mBr'  data-theme='light' data-tabindex='0'  data-badge=''><\/div><\/div><\/div><\/div>\n        <div class='gform_footer top_label'> <button type='submit' id='gform_submit_button_2' class='btn gform_button button' value='Soumettre'  onclick='if(window[\"gf_submitting_2\"]){return false;}  if( !jQuery(\"#gform_2\")[0].checkValidity || jQuery(\"#gform_2\")[0].checkValidity()){window[\"gf_submitting_2\"]=true;}  ' onkeypress='if( event.keyCode == 13 ){ if(window[\"gf_submitting_2\"]){return false;} if( !jQuery(\"#gform_2\")[0].checkValidity || jQuery(\"#gform_2\")[0].checkValidity()){window[\"gf_submitting_2\"]=true;}  jQuery(\"#gform_2\").trigger(\"submit\",[true]); }' ><span>Soumettre<\/span><\/button> <input type='hidden' name='gform_ajax' value='form_id=2&amp;title=&amp;description=1&amp;tabindex=0' \/>\n            <input type='hidden' class='gform_hidden' name='is_submit_2' value='1' \/>\n            <input type='hidden' class='gform_hidden' name='gform_submit' value='2' \/>\n            \n            <input type='hidden' class='gform_hidden' name='gform_unique_id' value='' \/>\n            <input type='hidden' class='gform_hidden' name='state_2' value='WyJ7XCI4XCI6W1wiNzNjMmE4YTUyZGZhNTNjYTBlMzA2MTA5ZGZkMjc2ZDFcIixcIjExOTM4NmI3YTcwOGFhNjZlZjQxY2NiNDA3ODYzNWUxXCJdLFwiOVwiOltcIjczYzJhOGE1MmRmYTUzY2EwZTMwNjEwOWRmZDI3NmQxXCIsXCIxMTkzODZiN2E3MDhhYTY2ZWY0MWNjYjQwNzg2MzVlMVwiXX0iLCI1ZjNmNmM0NjJhNjkxZjNmMmU3YzRiZmEyOGE2YjFjMyJd' \/>\n            <input type='hidden' class='gform_hidden' name='gform_target_page_number_2' id='gform_target_page_number_2' value='0' \/>\n            <input type='hidden' class='gform_hidden' name='gform_source_page_number_2' id='gform_source_page_number_2' value='1' \/>\n            <input type='hidden' name='gform_field_values' value='' \/>\n            <input type='hidden' name='gform_uploaded_files' id='gform_uploaded_files_2' value='' \/>\n        <\/div>\n                        <p style=\"display: none !important;\" class=\"akismet-fields-container\" data-prefix=\"ak_\"><label>&#916;<textarea name=\"ak_hp_textarea\" cols=\"45\" rows=\"8\" maxlength=\"100\"><\/textarea><\/label><input type=\"hidden\" id=\"ak_js_1\" name=\"ak_js\" value=\"126\"\/><script>document.getElementById( \"ak_js_1\" ).setAttribute( \"value\", ( new Date() ).getTime() );<\/script><\/p><\/form>\n                        <\/div>\n                <iframe style='display:none;width:0px;height:0px;' src='about:blank' name='gform_ajax_frame_2' id='gform_ajax_frame_2' title='This iframe contains the logic required to handle Ajax powered Gravity Forms.'><\/iframe>\n                <script type=\"text\/javascript\">\n\/* <![CDATA[ *\/\ndocument.addEventListener( \"DOMContentLoaded\", function() {  gform.initializeOnLoaded( function() {gformInitSpinner( 2, 'https:\/\/www.odq.wp.vortexdev.com\/wp-content\/plugins\/gravityforms\/images\/spinner.svg' );jQuery('#gform_ajax_frame_2').on('load',function(){var contents = jQuery(this).contents().find('*').html();var is_postback = contents.indexOf('GF_AJAX_POSTBACK') >= 0;if(!is_postback){return;}var form_content = jQuery(this).contents().find('#gform_wrapper_2');var is_confirmation = jQuery(this).contents().find('#gform_confirmation_wrapper_2').length > 0;var is_redirect = contents.indexOf('gformRedirect(){') >= 0;var is_form = form_content.length > 0 && ! is_redirect && ! is_confirmation;var mt = parseInt(jQuery('html').css('margin-top'), 10) + parseInt(jQuery('body').css('margin-top'), 10) + 100;if(is_form){jQuery('#gform_wrapper_2').html(form_content.html());if(form_content.hasClass('gform_validation_error')){jQuery('#gform_wrapper_2').addClass('gform_validation_error');} else {jQuery('#gform_wrapper_2').removeClass('gform_validation_error');}setTimeout( function() { \/* delay the scroll by 50 milliseconds to fix a bug in chrome *\/ jQuery(document).scrollTop(jQuery('#gform_wrapper_2').offset().top - mt); }, 50 );if(window['gformInitDatepicker']) {gformInitDatepicker();}if(window['gformInitPriceFields']) {gformInitPriceFields();}var current_page = jQuery('#gform_source_page_number_2').val();gformInitSpinner( 2, 'https:\/\/www.odq.wp.vortexdev.com\/wp-content\/plugins\/gravityforms\/images\/spinner.svg' );jQuery(document).trigger('gform_page_loaded', [2, current_page]);window['gf_submitting_2'] = false;}else if(!is_redirect){var confirmation_content = jQuery(this).contents().find('.GF_AJAX_POSTBACK').html();if(!confirmation_content){confirmation_content = contents;}setTimeout(function(){jQuery('#gform_wrapper_2').replaceWith(confirmation_content);jQuery(document).scrollTop(jQuery('#gf_2').offset().top - mt);jQuery(document).trigger('gform_confirmation_loaded', [2]);window['gf_submitting_2'] = false;wp.a11y.speak(jQuery('#gform_confirmation_message_2').text());}, 50);}else{jQuery('#gform_2').append(contents);if(window['gformRedirect']) {gformRedirect();}}jQuery(document).trigger('gform_post_render', [2, current_page]);} );} );  }, false );\n\/* ]]> *\/\n<\/script>\n\n\n<section id=\"block_7069d245cfafe767b76723bbaafbdc7a\" class=\"spacer theme-block aligndefault spacer--big\">\n \n<\/section>\n","protected":false},"excerpt":{"rendered":"<p>Vous avez envie de faire partie d\u2019une \u00e9quipe dynamique, professionnelle et d\u00e9vou\u00e9e?Nous sommes \u00e0 la recherche de personnes proactives et qualifi\u00e9es pour pourvoir des postes au sein de notre \u00e9quipe. En plus d\u2019offrir un environnement de travail stimulant, l\u2019Ordre propose une r\u00e9mun\u00e9ration et des avantages sociaux concurrentiels. Joignez-vous \u00e0 notre \u00e9quipe! Pourquoi travailler \u00e0 l\u2019ODQ&hellip;<\/p>\n","protected":false},"author":1,"featured_media":0,"parent":324,"menu_order":3,"comment_status":"closed","ping_status":"closed","template":"","meta":{"_acf_changed":false,"_relevanssi_hide_post":"","_relevanssi_hide_content":"","_relevanssi_pin_for_all":"","_relevanssi_pin_keywords":"","_relevanssi_unpin_keywords":"","_relevanssi_related_keywords":"","_relevanssi_related_include_ids":"","_relevanssi_related_exclude_ids":"","_relevanssi_related_no_append":"","_relevanssi_related_not_related":"","_relevanssi_related_posts":"37,1","_relevanssi_noindex_reason":"","wpo365_audiences":[],"wpo365_private":false,"footnotes":""},"class_list":["post-123","page","type-page","status-publish","hentry"],"acf":[],"_links":{"self":[{"href":"https:\/\/www.odq.wp.vortexdev.com\/en\/wp-json\/wp\/v2\/pages\/123","targetHints":{"allow":["GET"]}}],"collection":[{"href":"https:\/\/www.odq.wp.vortexdev.com\/en\/wp-json\/wp\/v2\/pages"}],"about":[{"href":"https:\/\/www.odq.wp.vortexdev.com\/en\/wp-json\/wp\/v2\/types\/page"}],"author":[{"embeddable":true,"href":"https:\/\/www.odq.wp.vortexdev.com\/en\/wp-json\/wp\/v2\/users\/1"}],"replies":[{"embeddable":true,"href":"https:\/\/www.odq.wp.vortexdev.com\/en\/wp-json\/wp\/v2\/comments?post=123"}],"version-history":[{"count":8,"href":"https:\/\/www.odq.wp.vortexdev.com\/en\/wp-json\/wp\/v2\/pages\/123\/revisions"}],"predecessor-version":[{"id":5513,"href":"https:\/\/www.odq.wp.vortexdev.com\/en\/wp-json\/wp\/v2\/pages\/123\/revisions\/5513"}],"up":[{"embeddable":true,"href":"https:\/\/www.odq.wp.vortexdev.com\/en\/wp-json\/wp\/v2\/pages\/324"}],"wp:attachment":[{"href":"https:\/\/www.odq.wp.vortexdev.com\/en\/wp-json\/wp\/v2\/media?parent=123"}],"curies":[{"name":"wp","href":"https:\/\/api.w.org\/{rel}","templated":true}]}}