{"id":10570,"date":"2025-07-10T11:05:51","date_gmt":"2025-07-10T15:05:51","guid":{"rendered":"https:\/\/www.odq.wp.vortexdev.com\/?page_id=10570"},"modified":"2025-10-07T17:12:52","modified_gmt":"2025-10-07T21:12:52","slug":"inspection-professionnelle","status":"publish","type":"page","link":"https:\/\/www.odq.wp.vortexdev.com\/en\/dentiste\/pratique-professionnelle\/inspection-professionnelle\/","title":{"rendered":"Inspection professionnelle"},"content":{"rendered":"\n<h2 class=\"wp-block-heading is-style-small\"><strong>Modernisation du programme d\u2019inspection professionnelle : plus efficace et adapt\u00e9 \u00e0 votre r\u00e9alit\u00e9<\/strong><\/h2>\n\n\n\n<p>Depuis septembre 2025, l\u2019Ordre des dentistes du Qu\u00e9bec (ODQ) applique un programme d\u2019inspection professionnelle modernis\u00e9 afin d\u2019offrir un meilleur accompagnement aux dentistes et de contribuer \u00e0 l\u2019am\u00e9lioration de la qualit\u00e9 de leurs services.<\/p>\n\n\n\n<p>Cette approche fait suite \u00e0 une r\u00e9vision compl\u00e8te du programme actuel et permet notamment de concentrer les efforts aux bons endroits.<\/p>\n\n\n\n<h2 class=\"wp-block-heading is-style-small\"><strong>Ce qui change concr\u00e8tement<\/strong><\/h2>\n\n\n\n<h4 class=\"wp-block-heading has-primary-color has-text-color has-link-color wp-elements-954279422e039f76bcb4fc00296c7bff\"><strong>Des inspections en deux volets<\/strong><\/h4>\n\n\n\n<p>La tenue de cabinet et l\u2019\u00e9valuation de la comp\u00e9tence clinique sont d\u00e9sormais inspect\u00e9es s\u00e9par\u00e9ment et \u00e0 des moments diff\u00e9rents.<\/p>\n\n\n\n<ul class=\"wp-block-list\">\n<li><strong>Visite d\u2019inspection en tenue de cabinet<\/strong>\n<ul class=\"wp-block-list\">\n<li><strong>\u200b\u200b\u200b\u200b\u200b\u200b<\/strong>Celle-ci touche tous les dentistes exer\u00e7ant\u00a0\u00e0 la m\u00eame adresse professionnelle.<\/li>\n\n\n\n<li>Un rapport d\u2019inspection unique est achemin\u00e9 \u00e0 tous les dentistes du cabinet (propri\u00e9taires et dentistes invit\u00e9s), puisqu\u2019ils partagent les m\u00eames responsabilit\u00e9s \u00e0 cet \u00e9gard.<\/li>\n\n\n\n<li>Cela\u00a0\u00e9limine les visites r\u00e9p\u00e9t\u00e9es au sein du m\u00eame cabinet sur une courte p\u00e9riode, lorsque des dentistes diff\u00e9rents sont inspect\u00e9s \u00e0 tour de r\u00f4le, comme c\u2019\u00e9tait le cas dans le cadre de l&#8217;ancien programme.<\/li>\n\n\n\n<li>L\u2019Ordre diminue ainsi les inconv\u00e9nients pour les dentistes,\u00a0tout en am\u00e9liorant son efficacit\u00e9.<\/li>\n<\/ul>\n<\/li>\n\n\n\n<li><strong>\u00c9valuation de la comp\u00e9tence clinique<\/strong>\n<ul class=\"wp-block-list\">\n<li>Le volet portant sur l\u2019\u00e9valuation des comp\u00e9tences professionnelles cliniques (p. ex. l\u2019appr\u00e9ciation du profil de pratique, la mise \u00e0 jour des connaissances cliniques et scientifiques en fonction des domaines d\u2019exercice, la tenue de dossiers, les r\u00e9sultats cliniques et radiologiques, etc.) se d\u00e9roule par visioconf\u00e9rence.<\/li>\n\n\n\n<li>Cette approche favorise une rencontre individuelle collaborative entre un inspecteur et un coll\u00e8gue dentiste, peu importe leur localisation g\u00e9ographique respective dans la province.<\/li>\n<\/ul>\n<\/li>\n<\/ul>\n\n\n\n<h4 class=\"wp-block-heading has-primary-color has-text-color has-link-color wp-elements-e2550593ffa91159aca373a9634664b2\"><strong>Des inspections plus cibl\u00e9es<\/strong><\/h4>\n\n\n\n<ul class=\"wp-block-list\">\n<li>Les dentistes sont s\u00e9lectionn\u00e9s en fonction d\u2019une \u00e9valuation des facteurs de risques li\u00e9s \u00e0 leur pratique, permettant \u00e0 l\u2019Ordre de concentrer ses inspections l\u00e0 o\u00f9 les b\u00e9n\u00e9fices sont les plus importants.<\/li>\n\n\n\n<li>Environ 75% des inspections r\u00e9alis\u00e9es annuellement le sont en fonction de facteurs de risque, tandis qu&#8217;environ 25% sont s\u00e9lectionn\u00e9es de fa\u00e7on al\u00e9atoire.<\/li>\n<\/ul>\n\n\n\n<h4 class=\"wp-block-heading has-primary-color has-text-color has-link-color wp-elements-08b9bf05003d33d3e2328f710b91c3e9\"><strong><strong>Un accompagnement am\u00e9lior\u00e9 pour les nouveaux d\u00e9tenteurs de permis<\/strong><\/strong><\/h4>\n\n\n\n<ul class=\"wp-block-list\">\n<li>Les dentistes\u00a0nouvellement inscrits \u00e0 l\u2019Ordre font l\u2019objet d\u2019un programme particulier afin d&#8217;\u00e9valuer les comp\u00e9tences attendues en fonction de leur domaine d\u2019exercice et\u00a0de les sensibiliser, en d\u00e9but de carri\u00e8re, sur diff\u00e9rents aspects d\u00e9ontologiques et \u00e9thiques li\u00e9s \u00e0 la profession.<\/li>\n<\/ul>\n\n\n\n<h2 class=\"wp-block-heading is-style-small\"><strong>\u00c0 partir de quand?<\/strong><\/h2>\n\n\n\n<p>Le nouveau programme d\u2019inspection est entr\u00e9 en vigueur le <strong>1<sup>er<\/sup> septembre 2025 <\/strong>et est effectif pour les inspections pr\u00e9vues \u00e0 compter de cette date.<\/p>\n\n\n\n<h2 class=\"wp-block-heading is-style-small\"><strong>Pour en savoir plus<\/strong><\/h2>\n\n\n\n<p>Visionnez notre vid\u00e9o explicative et consultez le programme complet.<\/p>\n\n\n\n<figure class=\"wp-block-image size-large is-resized\"><a href=\"https:\/\/youtu.be\/MBzcqmCboxQ\" target=\"_blank\" rel=\" noreferrer noopener\"><img decoding=\"async\" width=\"1024\" height=\"576\" src=\"https:\/\/www.odq.wp.vortexdev.com\/wp-content\/uploads\/2025\/07\/Vignette-programme-inspection-video-introduction-1024x576.png\" alt=\"\" class=\"wp-image-10616\" style=\"width:455px;height:auto\" srcset=\"https:\/\/www.odq.wp.vortexdev.com\/wp-content\/uploads\/2025\/07\/Vignette-programme-inspection-video-introduction-1024x576.png 1024w, https:\/\/www.odq.wp.vortexdev.com\/wp-content\/uploads\/2025\/07\/Vignette-programme-inspection-video-introduction-300x169.png 300w, https:\/\/www.odq.wp.vortexdev.com\/wp-content\/uploads\/2025\/07\/Vignette-programme-inspection-video-introduction-768x432.png 768w, https:\/\/www.odq.wp.vortexdev.com\/wp-content\/uploads\/2025\/07\/Vignette-programme-inspection-video-introduction-1536x864.png 1536w, https:\/\/www.odq.wp.vortexdev.com\/wp-content\/uploads\/2025\/07\/Vignette-programme-inspection-video-introduction.png 1920w\" sizes=\"(max-width: 1024px) 100vw, 1024px\" \/><\/a><\/figure>\n\n\n\n<div class=\"wp-block-buttons is-layout-flex wp-block-buttons-is-layout-flex\">\n<div class=\"wp-block-button\"><a class=\"wp-block-button__link wp-element-button\" href=\"https:\/\/console.vpaper.ca\/ordre-des-dentistes-du-quebec\/programme-dinspection-2025\/page\/1\/#1\/\" target=\"_blank\" rel=\"noreferrer noopener\">Consulter le programme<\/a><\/div>\n<\/div>\n\n\n\n<hr class=\"wp-block-separator has-alpha-channel-opacity\"\/>\n\n\n<section id=block_265685a00127c267c8058520984f3909 class=\"useful-links theme-block aligndefault\">\n      <h5 class=\"useful-links__title\">Grilles d&#039;auto\u00e9valuation<\/h5>\n    <div class=\"useful-links__container\">\n          <a href=\"https:\/\/www.odq.wp.vortexdev.com\/dentiste\/pratique-professionnelle\/lignes-directrices-et-guides\/aide-a-la-pratique#tenuecabinet\" target=\"_blank\" class=\"useful-link arrow-link\" rel=\"noopener noreferrer\">Grille d\u2019auto\u00e9valuation en tenue de cabinet (pour dentistes seulement)<\/a>          <a href=\"https:\/\/www.odq.wp.vortexdev.com\/dentiste\/pratique-professionnelle\/lignes-directrices-et-guides\/aide-a-la-pratique#tenuedossiers\" class=\"useful-link arrow-link\">Grille d\u2019auto\u00e9valuation en tenue de dossiers (pour dentistes seulement)<\/a>      <\/div>\n<\/section>\n","protected":false},"excerpt":{"rendered":"<p>Modernisation du programme d\u2019inspection professionnelle : plus efficace et adapt\u00e9 \u00e0 votre r\u00e9alit\u00e9 Depuis septembre 2025, l\u2019Ordre des dentistes du Qu\u00e9bec (ODQ) applique un programme d\u2019inspection professionnelle modernis\u00e9 afin d\u2019offrir un meilleur accompagnement aux dentistes et de contribuer \u00e0 l\u2019am\u00e9lioration de la qualit\u00e9 de leurs services. Cette approche fait suite \u00e0 une r\u00e9vision compl\u00e8te du&hellip;<\/p>\n","protected":false},"author":4,"featured_media":0,"parent":283,"menu_order":2,"comment_status":"closed","ping_status":"closed","template":"template-page-with-sidebar.php","meta":{"_acf_changed":false,"_relevanssi_hide_post":"","_relevanssi_hide_content":"","_relevanssi_pin_for_all":"","_relevanssi_pin_keywords":"","_relevanssi_unpin_keywords":"","_relevanssi_related_keywords":"","_relevanssi_related_include_ids":"","_relevanssi_related_exclude_ids":"","_relevanssi_related_no_append":"","_relevanssi_related_not_related":"","_relevanssi_related_posts":"1,37","_relevanssi_noindex_reason":"","wpo365_audiences":[],"wpo365_private":false,"footnotes":""},"class_list":["post-10570","page","type-page","status-publish","hentry"],"acf":[],"_links":{"self":[{"href":"https:\/\/www.odq.wp.vortexdev.com\/en\/wp-json\/wp\/v2\/pages\/10570","targetHints":{"allow":["GET"]}}],"collection":[{"href":"https:\/\/www.odq.wp.vortexdev.com\/en\/wp-json\/wp\/v2\/pages"}],"about":[{"href":"https:\/\/www.odq.wp.vortexdev.com\/en\/wp-json\/wp\/v2\/types\/page"}],"author":[{"embeddable":true,"href":"https:\/\/www.odq.wp.vortexdev.com\/en\/wp-json\/wp\/v2\/users\/4"}],"replies":[{"embeddable":true,"href":"https:\/\/www.odq.wp.vortexdev.com\/en\/wp-json\/wp\/v2\/comments?post=10570"}],"version-history":[{"count":7,"href":"https:\/\/www.odq.wp.vortexdev.com\/en\/wp-json\/wp\/v2\/pages\/10570\/revisions"}],"predecessor-version":[{"id":11472,"href":"https:\/\/www.odq.wp.vortexdev.com\/en\/wp-json\/wp\/v2\/pages\/10570\/revisions\/11472"}],"up":[{"embeddable":true,"href":"https:\/\/www.odq.wp.vortexdev.com\/en\/wp-json\/wp\/v2\/pages\/283"}],"wp:attachment":[{"href":"https:\/\/www.odq.wp.vortexdev.com\/en\/wp-json\/wp\/v2\/media?parent=10570"}],"curies":[{"name":"wp","href":"https:\/\/api.w.org\/{rel}","templated":true}]}}